{"id":251285,"date":"2025-06-05T11:02:18","date_gmt":"2025-06-05T09:02:18","guid":{"rendered":"https:\/\/www.educaborras.com\/product\/20083\/"},"modified":"2026-04-29T03:46:20","modified_gmt":"2026-04-29T01:46:20","slug":"20083-fr","status":"publish","type":"product","link":"https:\/\/www.educaborras.com\/fr\/produit\/20083-fr\/","title":{"rendered":"1,2,3 Nuts!"},"content":{"rendered":"<p>Regardez, comptez, collectez et gagnez ! Choisissez le chemin avec le plus de noisettes et soyez le premier \u00e0 remplir votre panier. Contenu : \u00b7 1 plateau \u00b7 1 personnage (\u00e9cureuil) \u00b7 1 d\u00e9 (faces sp\u00e9ciales : noisettes +1 et main perdent le tour \u00b7 r\u00e8gle du jeu.<\/p>\n","protected":false},"excerpt":{"rendered":"<p>Regardez, comptez, collectez et gagnez ! Choisissez le chemin avec le plus de noisettes et soyez le premier \u00e0 remplir votre panier.<\/p>\n","protected":false},"featured_media":161050,"template":"","meta":{"_acf_changed":false},"product_brand":[],"product_cat":[73254,73253],"product_tag":[103464,78297,75936,103465,84472,103466,103467,75458,103468,98224,103469,75765,80669,78062,103470,103471,103472,82133,103473,103101,103474,103475,103476,92772],"class_list":{"0":"post-251285","1":"product","2":"type-product","3":"status-publish","4":"has-post-thumbnail","6":"product_cat-enfants-et-famille","7":"product_cat-jeux-de-societe","8":"product_tag-20083-fr","9":"product_tag-arbol-fr","10":"product_tag-ardilla-fr","11":"product_tag-ardillas-fr","12":"product_tag-camino-fr","13":"product_tag-caminos-fr","14":"product_tag-canastos-fr","15":"product_tag-colores-fr","16":"product_tag-coordinacion-fr","17":"product_tag-dado-fr","18":"product_tag-educa-think-fr","19":"product_tag-educativo-fr","20":"product_tag-juego-de-mesa-fr","21":"product_tag-juego-familiar-fr","22":"product_tag-nueces-fr","23":"product_tag-nuez-fr","24":"product_tag-nuts-fr","25":"product_tag-observacion-fr","26":"product_tag-ojo-mano-fr","27":"product_tag-percepcion-visual-fr","28":"product_tag-razonamiento-logico-fr","29":"product_tag-recoleccion-fr","30":"product_tag-recolectar-fr","31":"product_tag-tablero-fr","33":"first","34":"instock","35":"shipping-taxable","36":"product-type-simple"},"acf":[],"yoast_head":"<!-- This site is optimized with the Yoast SEO plugin v27.1.1 - https:\/\/yoast.com\/product\/yoast-seo-wordpress\/ -->\n<title>1,2,3 Nuts! - Educa Borras<\/title>\n<meta name=\"description\" content=\"Observa y escoge el camino con el mayor n\u00famero de nueces, y ser\u00e1s el primero en rellenar tu canasto, pero cuidado puedes encontrar con gusanos que te har\u00e1n perder nueces. Es un juego de conteo y observaci\u00f3n.\" \/>\n<meta name=\"robots\" content=\"index, follow, max-snippet:-1, max-image-preview:large, max-video-preview:-1\" \/>\n<link rel=\"canonical\" href=\"https:\/\/www.educaborras.com\/fr\/produit\/20083-fr\/\" \/>\n<script type=\"application\/ld+json\" class=\"yoast-schema-graph\">{\"@context\":\"https:\/\/schema.org\",\"@graph\":[{\"@type\":\"WebPage\",\"@id\":\"https:\/\/www.educaborras.com\/fr\/produit\/20083-fr\/\",\"url\":\"https:\/\/www.educaborras.com\/fr\/produit\/20083-fr\/\",\"name\":\"1,2,3 Nuts! - Educa Borras\",\"isPartOf\":{\"@id\":\"https:\/\/www.educaborras.com\/fr\/#website\"},\"primaryImageOfPage\":{\"@id\":\"https:\/\/www.educaborras.com\/fr\/produit\/20083-fr\/#primaryimage\"},\"image\":{\"@id\":\"https:\/\/www.educaborras.com\/fr\/produit\/20083-fr\/#primaryimage\"},\"thumbnailUrl\":\"https:\/\/www.educaborras.com\/wp-content\/uploads\/20083_01_high-8.jpg\",\"datePublished\":\"2025-06-05T09:02:18+00:00\",\"dateModified\":\"2026-04-29T01:46:20+00:00\",\"description\":\"Observa y escoge el camino con el mayor n\u00famero de nueces, y ser\u00e1s el primero en rellenar tu canasto, pero cuidado puedes encontrar con gusanos que te har\u00e1n perder nueces. Es un juego de conteo y observaci\u00f3n.\",\"breadcrumb\":{\"@id\":\"https:\/\/www.educaborras.com\/fr\/produit\/20083-fr\/#breadcrumb\"},\"inLanguage\":\"fr-FR\",\"potentialAction\":[{\"@type\":\"ReadAction\",\"target\":[\"https:\/\/www.educaborras.com\/fr\/produit\/20083-fr\/\"]}]},{\"@type\":\"ImageObject\",\"inLanguage\":\"fr-FR\",\"@id\":\"https:\/\/www.educaborras.com\/fr\/produit\/20083-fr\/#primaryimage\",\"url\":\"https:\/\/www.educaborras.com\/wp-content\/uploads\/20083_01_high-8.jpg\",\"contentUrl\":\"https:\/\/www.educaborras.com\/wp-content\/uploads\/20083_01_high-8.jpg\"},{\"@type\":\"BreadcrumbList\",\"@id\":\"https:\/\/www.educaborras.com\/fr\/produit\/20083-fr\/#breadcrumb\",\"itemListElement\":[{\"@type\":\"ListItem\",\"position\":1,\"name\":\"Portada\",\"item\":\"https:\/\/www.educaborras.com\/fr\/\"},{\"@type\":\"ListItem\",\"position\":2,\"name\":\"Produits\",\"item\":\"https:\/\/www.educaborras.com\/fr\/shop\/\"},{\"@type\":\"ListItem\",\"position\":3,\"name\":\"1,2,3 Nuts!\"}]},{\"@type\":\"WebSite\",\"@id\":\"https:\/\/www.educaborras.com\/fr\/#website\",\"url\":\"https:\/\/www.educaborras.com\/fr\/\",\"name\":\"Educa Borras\",\"description\":\"\",\"publisher\":{\"@id\":\"https:\/\/www.educaborras.com\/fr\/#organization\"},\"potentialAction\":[{\"@type\":\"SearchAction\",\"target\":{\"@type\":\"EntryPoint\",\"urlTemplate\":\"https:\/\/www.educaborras.com\/fr\/?s={search_term_string}\"},\"query-input\":{\"@type\":\"PropertyValueSpecification\",\"valueRequired\":true,\"valueName\":\"search_term_string\"}}],\"inLanguage\":\"fr-FR\"},{\"@type\":\"Organization\",\"@id\":\"https:\/\/www.educaborras.com\/fr\/#organization\",\"name\":\"Educa Borras\",\"url\":\"https:\/\/www.educaborras.com\/fr\/\",\"logo\":{\"@type\":\"ImageObject\",\"inLanguage\":\"fr-FR\",\"@id\":\"https:\/\/www.educaborras.com\/fr\/#\/schema\/logo\/image\/\",\"url\":\"https:\/\/www.educaborras.com\/wp-content\/uploads\/cropped-LOGOS-EDUCA-BORRAS_retina.png\",\"contentUrl\":\"https:\/\/www.educaborras.com\/wp-content\/uploads\/cropped-LOGOS-EDUCA-BORRAS_retina.png\",\"caption\":\"Educa Borras\"},\"image\":{\"@id\":\"https:\/\/www.educaborras.com\/fr\/#\/schema\/logo\/image\/\"}}]}<\/script>\n<!-- \/ Yoast SEO plugin. -->","yoast_head_json":{"title":"1,2,3 Nuts! - Educa Borras","description":"Observa y escoge el camino con el mayor n\u00famero de nueces, y ser\u00e1s el primero en rellenar tu canasto, pero cuidado puedes encontrar con gusanos que te har\u00e1n perder nueces. Es un juego de conteo y observaci\u00f3n.","robots":{"index":"index","follow":"follow","max-snippet":"max-snippet:-1","max-image-preview":"max-image-preview:large","max-video-preview":"max-video-preview:-1"},"canonical":"https:\/\/www.educaborras.com\/fr\/produit\/20083-fr\/","schema":{"@context":"https:\/\/schema.org","@graph":[{"@type":"WebPage","@id":"https:\/\/www.educaborras.com\/fr\/produit\/20083-fr\/","url":"https:\/\/www.educaborras.com\/fr\/produit\/20083-fr\/","name":"1,2,3 Nuts! - Educa Borras","isPartOf":{"@id":"https:\/\/www.educaborras.com\/fr\/#website"},"primaryImageOfPage":{"@id":"https:\/\/www.educaborras.com\/fr\/produit\/20083-fr\/#primaryimage"},"image":{"@id":"https:\/\/www.educaborras.com\/fr\/produit\/20083-fr\/#primaryimage"},"thumbnailUrl":"https:\/\/www.educaborras.com\/wp-content\/uploads\/20083_01_high-8.jpg","datePublished":"2025-06-05T09:02:18+00:00","dateModified":"2026-04-29T01:46:20+00:00","description":"Observa y escoge el camino con el mayor n\u00famero de nueces, y ser\u00e1s el primero en rellenar tu canasto, pero cuidado puedes encontrar con gusanos que te har\u00e1n perder nueces. Es un juego de conteo y observaci\u00f3n.","breadcrumb":{"@id":"https:\/\/www.educaborras.com\/fr\/produit\/20083-fr\/#breadcrumb"},"inLanguage":"fr-FR","potentialAction":[{"@type":"ReadAction","target":["https:\/\/www.educaborras.com\/fr\/produit\/20083-fr\/"]}]},{"@type":"ImageObject","inLanguage":"fr-FR","@id":"https:\/\/www.educaborras.com\/fr\/produit\/20083-fr\/#primaryimage","url":"https:\/\/www.educaborras.com\/wp-content\/uploads\/20083_01_high-8.jpg","contentUrl":"https:\/\/www.educaborras.com\/wp-content\/uploads\/20083_01_high-8.jpg"},{"@type":"BreadcrumbList","@id":"https:\/\/www.educaborras.com\/fr\/produit\/20083-fr\/#breadcrumb","itemListElement":[{"@type":"ListItem","position":1,"name":"Portada","item":"https:\/\/www.educaborras.com\/fr\/"},{"@type":"ListItem","position":2,"name":"Produits","item":"https:\/\/www.educaborras.com\/fr\/shop\/"},{"@type":"ListItem","position":3,"name":"1,2,3 Nuts!"}]},{"@type":"WebSite","@id":"https:\/\/www.educaborras.com\/fr\/#website","url":"https:\/\/www.educaborras.com\/fr\/","name":"Educa Borras","description":"","publisher":{"@id":"https:\/\/www.educaborras.com\/fr\/#organization"},"potentialAction":[{"@type":"SearchAction","target":{"@type":"EntryPoint","urlTemplate":"https:\/\/www.educaborras.com\/fr\/?s={search_term_string}"},"query-input":{"@type":"PropertyValueSpecification","valueRequired":true,"valueName":"search_term_string"}}],"inLanguage":"fr-FR"},{"@type":"Organization","@id":"https:\/\/www.educaborras.com\/fr\/#organization","name":"Educa Borras","url":"https:\/\/www.educaborras.com\/fr\/","logo":{"@type":"ImageObject","inLanguage":"fr-FR","@id":"https:\/\/www.educaborras.com\/fr\/#\/schema\/logo\/image\/","url":"https:\/\/www.educaborras.com\/wp-content\/uploads\/cropped-LOGOS-EDUCA-BORRAS_retina.png","contentUrl":"https:\/\/www.educaborras.com\/wp-content\/uploads\/cropped-LOGOS-EDUCA-BORRAS_retina.png","caption":"Educa Borras"},"image":{"@id":"https:\/\/www.educaborras.com\/fr\/#\/schema\/logo\/image\/"}}]}},"_links":{"self":[{"href":"https:\/\/www.educaborras.com\/fr\/wp-json\/wp\/v2\/product\/251285","targetHints":{"allow":["GET"]}}],"collection":[{"href":"https:\/\/www.educaborras.com\/fr\/wp-json\/wp\/v2\/product"}],"about":[{"href":"https:\/\/www.educaborras.com\/fr\/wp-json\/wp\/v2\/types\/product"}],"wp:featuredmedia":[{"embeddable":true,"href":"https:\/\/www.educaborras.com\/fr\/wp-json\/wp\/v2\/media\/161050"}],"wp:attachment":[{"href":"https:\/\/www.educaborras.com\/fr\/wp-json\/wp\/v2\/media?parent=251285"}],"wp:term":[{"taxonomy":"product_brand","embeddable":true,"href":"https:\/\/www.educaborras.com\/fr\/wp-json\/wp\/v2\/product_brand?post=251285"},{"taxonomy":"product_cat","embeddable":true,"href":"https:\/\/www.educaborras.com\/fr\/wp-json\/wp\/v2\/product_cat?post=251285"},{"taxonomy":"product_tag","embeddable":true,"href":"https:\/\/www.educaborras.com\/fr\/wp-json\/wp\/v2\/product_tag?post=251285"}],"curies":[{"name":"wp","href":"https:\/\/api.w.org\/{rel}","templated":true}]}}