{"id":251277,"date":"2025-06-05T11:02:23","date_gmt":"2025-06-05T09:02:23","guid":{"rendered":"https:\/\/www.educaborras.com\/product\/20089\/"},"modified":"2026-04-29T03:46:26","modified_gmt":"2026-04-29T01:46:26","slug":"20089-fr","status":"publish","type":"product","link":"https:\/\/www.educaborras.com\/fr\/produit\/20089-fr\/","title":{"rendered":"Crazy Blocks"},"content":{"rendered":"<p>Soit tu es rapide pour placer les blocs, soit ils vont exploser ! Contenu : &#8211; 15 blocs color\u00e9s &#8211; Plateau de jeu &#8211; Mode d&#8217;emploi. https:\/\/youtu.be\/kAWNevUhS4Y<\/p>\n","protected":false},"excerpt":{"rendered":"<p>Crazy Blocks, le jeu le plus explosif inspir\u00e9 du jeu traditionnel Tetris, est un jeu de construction interactif qui d\u00e9veloppe la vivacit\u00e9 et l&rsquo;habilet\u00e9.<\/p>\n","protected":false},"featured_media":117988,"template":"","meta":{"_acf_changed":false},"product_brand":[],"product_cat":[73254,73253],"product_tag":[74331,74344,87407,97224,84820,96247,97225,87408,75458,73962,97226,85564,87409,97227,87410,97228,97229,87412,87688,73928,80994,94411,73933,76347,80669,78869,97230,87411],"class_list":{"0":"post-251277","1":"product","2":"type-product","3":"status-publish","4":"has-post-thumbnail","6":"product_cat-enfants-et-famille","7":"product_cat-jeux-de-societe","8":"product_tag-piezas","9":"product_tag-piezas-fr","10":"product_tag-87407","11":"product_tag-20089-fr","12":"product_tag-agilidad","13":"product_tag-agilidad-fr","14":"product_tag-bloques-fr","15":"product_tag-bloques","16":"product_tag-colores-fr","17":"product_tag-colores","18":"product_tag-competicion-fr","19":"product_tag-competicion","20":"product_tag-construcciones","21":"product_tag-construcciones-fr","22":"product_tag-crazy-blocks","23":"product_tag-crazy-blocks-fr","24":"product_tag-cuenta-atras-fr","25":"product_tag-cuenta-atras","26":"product_tag-diversion-fr","27":"product_tag-diversion","28":"product_tag-familiar","29":"product_tag-familiar-fr","30":"product_tag-juego","31":"product_tag-juego-fr","32":"product_tag-juego-de-mesa-fr","33":"product_tag-juego-de-mesa","34":"product_tag-tetris-fr","35":"product_tag-tetris","37":"first","38":"instock","39":"shipping-taxable","40":"product-type-simple"},"acf":[],"yoast_head":"<!-- This site is optimized with the Yoast SEO plugin v27.1.1 - https:\/\/yoast.com\/product\/yoast-seo-wordpress\/ -->\n<title>Crazy Blocks - Educa Borras<\/title>\n<meta name=\"description\" content=\"\u00a1El juego m\u00e1s explosivo! \u00a1O eres r\u00e1pido colocando bloques o saltar\u00e1n por los aires! Contenido: - 15 bloques de colores - Base de juego - Instrucciones.\" \/>\n<meta name=\"robots\" content=\"index, follow, max-snippet:-1, max-image-preview:large, max-video-preview:-1\" \/>\n<link rel=\"canonical\" href=\"https:\/\/www.educaborras.com\/fr\/produit\/20089-fr\/\" \/>\n<script type=\"application\/ld+json\" class=\"yoast-schema-graph\">{\"@context\":\"https:\/\/schema.org\",\"@graph\":[{\"@type\":\"WebPage\",\"@id\":\"https:\/\/www.educaborras.com\/fr\/produit\/20089-fr\/\",\"url\":\"https:\/\/www.educaborras.com\/fr\/produit\/20089-fr\/\",\"name\":\"Crazy Blocks - Educa Borras\",\"isPartOf\":{\"@id\":\"https:\/\/www.educaborras.com\/fr\/#website\"},\"primaryImageOfPage\":{\"@id\":\"https:\/\/www.educaborras.com\/fr\/produit\/20089-fr\/#primaryimage\"},\"image\":{\"@id\":\"https:\/\/www.educaborras.com\/fr\/produit\/20089-fr\/#primaryimage\"},\"thumbnailUrl\":\"https:\/\/www.educaborras.com\/wp-content\/uploads\/20089_01_high.jpg\",\"datePublished\":\"2025-06-05T09:02:23+00:00\",\"dateModified\":\"2026-04-29T01:46:26+00:00\",\"description\":\"\u00a1El juego m\u00e1s explosivo! \u00a1O eres r\u00e1pido colocando bloques o saltar\u00e1n por los aires! Contenido: - 15 bloques de colores - Base de juego - Instrucciones.\",\"breadcrumb\":{\"@id\":\"https:\/\/www.educaborras.com\/fr\/produit\/20089-fr\/#breadcrumb\"},\"inLanguage\":\"fr-FR\",\"potentialAction\":[{\"@type\":\"ReadAction\",\"target\":[\"https:\/\/www.educaborras.com\/fr\/produit\/20089-fr\/\"]}]},{\"@type\":\"ImageObject\",\"inLanguage\":\"fr-FR\",\"@id\":\"https:\/\/www.educaborras.com\/fr\/produit\/20089-fr\/#primaryimage\",\"url\":\"https:\/\/www.educaborras.com\/wp-content\/uploads\/20089_01_high.jpg\",\"contentUrl\":\"https:\/\/www.educaborras.com\/wp-content\/uploads\/20089_01_high.jpg\",\"width\":2400,\"height\":2400},{\"@type\":\"BreadcrumbList\",\"@id\":\"https:\/\/www.educaborras.com\/fr\/produit\/20089-fr\/#breadcrumb\",\"itemListElement\":[{\"@type\":\"ListItem\",\"position\":1,\"name\":\"Portada\",\"item\":\"https:\/\/www.educaborras.com\/fr\/\"},{\"@type\":\"ListItem\",\"position\":2,\"name\":\"Produits\",\"item\":\"https:\/\/www.educaborras.com\/fr\/shop\/\"},{\"@type\":\"ListItem\",\"position\":3,\"name\":\"Crazy Blocks\"}]},{\"@type\":\"WebSite\",\"@id\":\"https:\/\/www.educaborras.com\/fr\/#website\",\"url\":\"https:\/\/www.educaborras.com\/fr\/\",\"name\":\"Educa Borras\",\"description\":\"\",\"publisher\":{\"@id\":\"https:\/\/www.educaborras.com\/fr\/#organization\"},\"potentialAction\":[{\"@type\":\"SearchAction\",\"target\":{\"@type\":\"EntryPoint\",\"urlTemplate\":\"https:\/\/www.educaborras.com\/fr\/?s={search_term_string}\"},\"query-input\":{\"@type\":\"PropertyValueSpecification\",\"valueRequired\":true,\"valueName\":\"search_term_string\"}}],\"inLanguage\":\"fr-FR\"},{\"@type\":\"Organization\",\"@id\":\"https:\/\/www.educaborras.com\/fr\/#organization\",\"name\":\"Educa Borras\",\"url\":\"https:\/\/www.educaborras.com\/fr\/\",\"logo\":{\"@type\":\"ImageObject\",\"inLanguage\":\"fr-FR\",\"@id\":\"https:\/\/www.educaborras.com\/fr\/#\/schema\/logo\/image\/\",\"url\":\"https:\/\/www.educaborras.com\/wp-content\/uploads\/cropped-LOGOS-EDUCA-BORRAS_retina.png\",\"contentUrl\":\"https:\/\/www.educaborras.com\/wp-content\/uploads\/cropped-LOGOS-EDUCA-BORRAS_retina.png\",\"caption\":\"Educa Borras\"},\"image\":{\"@id\":\"https:\/\/www.educaborras.com\/fr\/#\/schema\/logo\/image\/\"}}]}<\/script>\n<!-- \/ Yoast SEO plugin. -->","yoast_head_json":{"title":"Crazy Blocks - Educa Borras","description":"\u00a1El juego m\u00e1s explosivo! \u00a1O eres r\u00e1pido colocando bloques o saltar\u00e1n por los aires! Contenido: - 15 bloques de colores - Base de juego - Instrucciones.","robots":{"index":"index","follow":"follow","max-snippet":"max-snippet:-1","max-image-preview":"max-image-preview:large","max-video-preview":"max-video-preview:-1"},"canonical":"https:\/\/www.educaborras.com\/fr\/produit\/20089-fr\/","schema":{"@context":"https:\/\/schema.org","@graph":[{"@type":"WebPage","@id":"https:\/\/www.educaborras.com\/fr\/produit\/20089-fr\/","url":"https:\/\/www.educaborras.com\/fr\/produit\/20089-fr\/","name":"Crazy Blocks - Educa Borras","isPartOf":{"@id":"https:\/\/www.educaborras.com\/fr\/#website"},"primaryImageOfPage":{"@id":"https:\/\/www.educaborras.com\/fr\/produit\/20089-fr\/#primaryimage"},"image":{"@id":"https:\/\/www.educaborras.com\/fr\/produit\/20089-fr\/#primaryimage"},"thumbnailUrl":"https:\/\/www.educaborras.com\/wp-content\/uploads\/20089_01_high.jpg","datePublished":"2025-06-05T09:02:23+00:00","dateModified":"2026-04-29T01:46:26+00:00","description":"\u00a1El juego m\u00e1s explosivo! \u00a1O eres r\u00e1pido colocando bloques o saltar\u00e1n por los aires! Contenido: - 15 bloques de colores - Base de juego - Instrucciones.","breadcrumb":{"@id":"https:\/\/www.educaborras.com\/fr\/produit\/20089-fr\/#breadcrumb"},"inLanguage":"fr-FR","potentialAction":[{"@type":"ReadAction","target":["https:\/\/www.educaborras.com\/fr\/produit\/20089-fr\/"]}]},{"@type":"ImageObject","inLanguage":"fr-FR","@id":"https:\/\/www.educaborras.com\/fr\/produit\/20089-fr\/#primaryimage","url":"https:\/\/www.educaborras.com\/wp-content\/uploads\/20089_01_high.jpg","contentUrl":"https:\/\/www.educaborras.com\/wp-content\/uploads\/20089_01_high.jpg","width":2400,"height":2400},{"@type":"BreadcrumbList","@id":"https:\/\/www.educaborras.com\/fr\/produit\/20089-fr\/#breadcrumb","itemListElement":[{"@type":"ListItem","position":1,"name":"Portada","item":"https:\/\/www.educaborras.com\/fr\/"},{"@type":"ListItem","position":2,"name":"Produits","item":"https:\/\/www.educaborras.com\/fr\/shop\/"},{"@type":"ListItem","position":3,"name":"Crazy Blocks"}]},{"@type":"WebSite","@id":"https:\/\/www.educaborras.com\/fr\/#website","url":"https:\/\/www.educaborras.com\/fr\/","name":"Educa Borras","description":"","publisher":{"@id":"https:\/\/www.educaborras.com\/fr\/#organization"},"potentialAction":[{"@type":"SearchAction","target":{"@type":"EntryPoint","urlTemplate":"https:\/\/www.educaborras.com\/fr\/?s={search_term_string}"},"query-input":{"@type":"PropertyValueSpecification","valueRequired":true,"valueName":"search_term_string"}}],"inLanguage":"fr-FR"},{"@type":"Organization","@id":"https:\/\/www.educaborras.com\/fr\/#organization","name":"Educa Borras","url":"https:\/\/www.educaborras.com\/fr\/","logo":{"@type":"ImageObject","inLanguage":"fr-FR","@id":"https:\/\/www.educaborras.com\/fr\/#\/schema\/logo\/image\/","url":"https:\/\/www.educaborras.com\/wp-content\/uploads\/cropped-LOGOS-EDUCA-BORRAS_retina.png","contentUrl":"https:\/\/www.educaborras.com\/wp-content\/uploads\/cropped-LOGOS-EDUCA-BORRAS_retina.png","caption":"Educa Borras"},"image":{"@id":"https:\/\/www.educaborras.com\/fr\/#\/schema\/logo\/image\/"}}]}},"_links":{"self":[{"href":"https:\/\/www.educaborras.com\/fr\/wp-json\/wp\/v2\/product\/251277","targetHints":{"allow":["GET"]}}],"collection":[{"href":"https:\/\/www.educaborras.com\/fr\/wp-json\/wp\/v2\/product"}],"about":[{"href":"https:\/\/www.educaborras.com\/fr\/wp-json\/wp\/v2\/types\/product"}],"wp:featuredmedia":[{"embeddable":true,"href":"https:\/\/www.educaborras.com\/fr\/wp-json\/wp\/v2\/media\/117988"}],"wp:attachment":[{"href":"https:\/\/www.educaborras.com\/fr\/wp-json\/wp\/v2\/media?parent=251277"}],"wp:term":[{"taxonomy":"product_brand","embeddable":true,"href":"https:\/\/www.educaborras.com\/fr\/wp-json\/wp\/v2\/product_brand?post=251277"},{"taxonomy":"product_cat","embeddable":true,"href":"https:\/\/www.educaborras.com\/fr\/wp-json\/wp\/v2\/product_cat?post=251277"},{"taxonomy":"product_tag","embeddable":true,"href":"https:\/\/www.educaborras.com\/fr\/wp-json\/wp\/v2\/product_tag?post=251277"}],"curies":[{"name":"wp","href":"https:\/\/api.w.org\/{rel}","templated":true}]}}