{"id":251213,"date":"2025-06-05T11:03:03","date_gmt":"2025-06-05T09:03:03","guid":{"rendered":"https:\/\/www.educaborras.com\/product\/20138\/"},"modified":"2026-04-05T03:41:14","modified_gmt":"2026-04-05T01:41:14","slug":"20138-fr","status":"publish","type":"product","link":"https:\/\/www.educaborras.com\/fr\/produit\/20138-fr\/","title":{"rendered":"Outfit Game"},"content":{"rendered":"<p>Le but du jeu est d&rsquo;\u00eatre le premier \u00e0 rassembler tous les v\u00eatements qui correspondent \u00e0 vos cartes de joueur. Lancez les d\u00e9s, d\u00e9placez et retirez les v\u00eatements du cintre et des autres joueurs, et r\u00e9cup\u00e9rez votre manteau ! C&rsquo;est un jeu de strat\u00e9gie et d&rsquo;observation.<\/p>\n","protected":false},"excerpt":{"rendered":"<p>Le but du jeu est d&rsquo;\u00eatre le premier \u00e0 rassembler tous les v\u00eatements qui correspondent \u00e0 vos cartes de joueur. Lancez les d\u00e9s, d\u00e9placez et retirez les v\u00eatements du cintre et des autres joueurs, et r\u00e9cup\u00e9rez votre manteau ! C&rsquo;est un jeu de strat\u00e9gie et d&rsquo;observation.<\/p>\n","protected":false},"featured_media":118488,"template":"","meta":{"_acf_changed":false},"product_brand":[],"product_cat":[73256,73259],"product_tag":[102679,97995,94203,75765,92989,94204,94205,94206,92998,94207,102680,93001,102681,94208],"class_list":{"0":"post-251213","1":"product","2":"type-product","3":"status-publish","4":"has-post-thumbnail","6":"product_cat-jeux-educatifs","7":"product_cat-jeux-educatifs-basiques","8":"product_tag-20138-fr","9":"product_tag-2024-fr","10":"product_tag-cordones-fr","11":"product_tag-educativo-fr","12":"product_tag-educativos-fr","13":"product_tag-juego-de-ropa-fr","14":"product_tag-juego-educa-vestir-fr","15":"product_tag-juegos-de-vestir-a-personajes-fr","16":"product_tag-juegos-educativos-fr","17":"product_tag-juegos-infantiles-de-vestir-fr","18":"product_tag-motricidad-fr","19":"product_tag-motricidad-fina-fr","20":"product_tag-outfit-game-fr","21":"product_tag-visteme-fr","23":"first","24":"instock","25":"shipping-taxable","26":"product-type-simple"},"acf":[],"yoast_head":"<!-- This site is optimized with the Yoast SEO plugin v27.1.1 - https:\/\/yoast.com\/product\/yoast-seo-wordpress\/ -->\n<title>Outfit Game - Educa Borras<\/title>\n<meta name=\"description\" content=\"Ser el primero en recoger todas las prendas de ropa que coincidan con tus cartas de jugador. Tira los dados, mueve y quita prendas de la percha y de otros jugadores, \u00a1y consigue tu abrigo!\" \/>\n<meta name=\"robots\" content=\"index, follow, max-snippet:-1, max-image-preview:large, max-video-preview:-1\" \/>\n<link rel=\"canonical\" href=\"https:\/\/www.educaborras.com\/fr\/produit\/20138-fr\/\" \/>\n<script type=\"application\/ld+json\" class=\"yoast-schema-graph\">{\"@context\":\"https:\/\/schema.org\",\"@graph\":[{\"@type\":\"WebPage\",\"@id\":\"https:\/\/www.educaborras.com\/fr\/produit\/20138-fr\/\",\"url\":\"https:\/\/www.educaborras.com\/fr\/produit\/20138-fr\/\",\"name\":\"Outfit Game - Educa Borras\",\"isPartOf\":{\"@id\":\"https:\/\/www.educaborras.com\/fr\/#website\"},\"primaryImageOfPage\":{\"@id\":\"https:\/\/www.educaborras.com\/fr\/produit\/20138-fr\/#primaryimage\"},\"image\":{\"@id\":\"https:\/\/www.educaborras.com\/fr\/produit\/20138-fr\/#primaryimage\"},\"thumbnailUrl\":\"https:\/\/www.educaborras.com\/wp-content\/uploads\/20138_01_high.jpg\",\"datePublished\":\"2025-06-05T09:03:03+00:00\",\"dateModified\":\"2026-04-05T01:41:14+00:00\",\"description\":\"Ser el primero en recoger todas las prendas de ropa que coincidan con tus cartas de jugador. Tira los dados, mueve y quita prendas de la percha y de otros jugadores, \u00a1y consigue tu abrigo!\",\"breadcrumb\":{\"@id\":\"https:\/\/www.educaborras.com\/fr\/produit\/20138-fr\/#breadcrumb\"},\"inLanguage\":\"fr-FR\",\"potentialAction\":[{\"@type\":\"ReadAction\",\"target\":[\"https:\/\/www.educaborras.com\/fr\/produit\/20138-fr\/\"]}]},{\"@type\":\"ImageObject\",\"inLanguage\":\"fr-FR\",\"@id\":\"https:\/\/www.educaborras.com\/fr\/produit\/20138-fr\/#primaryimage\",\"url\":\"https:\/\/www.educaborras.com\/wp-content\/uploads\/20138_01_high.jpg\",\"contentUrl\":\"https:\/\/www.educaborras.com\/wp-content\/uploads\/20138_01_high.jpg\",\"width\":3000,\"height\":3000,\"caption\":\"Outfit Game\"},{\"@type\":\"BreadcrumbList\",\"@id\":\"https:\/\/www.educaborras.com\/fr\/produit\/20138-fr\/#breadcrumb\",\"itemListElement\":[{\"@type\":\"ListItem\",\"position\":1,\"name\":\"Portada\",\"item\":\"https:\/\/www.educaborras.com\/fr\/\"},{\"@type\":\"ListItem\",\"position\":2,\"name\":\"Produits\",\"item\":\"https:\/\/www.educaborras.com\/fr\/shop\/\"},{\"@type\":\"ListItem\",\"position\":3,\"name\":\"Outfit Game\"}]},{\"@type\":\"WebSite\",\"@id\":\"https:\/\/www.educaborras.com\/fr\/#website\",\"url\":\"https:\/\/www.educaborras.com\/fr\/\",\"name\":\"Educa Borras\",\"description\":\"\",\"publisher\":{\"@id\":\"https:\/\/www.educaborras.com\/fr\/#organization\"},\"potentialAction\":[{\"@type\":\"SearchAction\",\"target\":{\"@type\":\"EntryPoint\",\"urlTemplate\":\"https:\/\/www.educaborras.com\/fr\/?s={search_term_string}\"},\"query-input\":{\"@type\":\"PropertyValueSpecification\",\"valueRequired\":true,\"valueName\":\"search_term_string\"}}],\"inLanguage\":\"fr-FR\"},{\"@type\":\"Organization\",\"@id\":\"https:\/\/www.educaborras.com\/fr\/#organization\",\"name\":\"Educa Borras\",\"url\":\"https:\/\/www.educaborras.com\/fr\/\",\"logo\":{\"@type\":\"ImageObject\",\"inLanguage\":\"fr-FR\",\"@id\":\"https:\/\/www.educaborras.com\/fr\/#\/schema\/logo\/image\/\",\"url\":\"https:\/\/www.educaborras.com\/wp-content\/uploads\/cropped-LOGOS-EDUCA-BORRAS_retina.png\",\"contentUrl\":\"https:\/\/www.educaborras.com\/wp-content\/uploads\/cropped-LOGOS-EDUCA-BORRAS_retina.png\",\"caption\":\"Educa Borras\"},\"image\":{\"@id\":\"https:\/\/www.educaborras.com\/fr\/#\/schema\/logo\/image\/\"}}]}<\/script>\n<!-- \/ Yoast SEO plugin. -->","yoast_head_json":{"title":"Outfit Game - Educa Borras","description":"Ser el primero en recoger todas las prendas de ropa que coincidan con tus cartas de jugador. Tira los dados, mueve y quita prendas de la percha y de otros jugadores, \u00a1y consigue tu abrigo!","robots":{"index":"index","follow":"follow","max-snippet":"max-snippet:-1","max-image-preview":"max-image-preview:large","max-video-preview":"max-video-preview:-1"},"canonical":"https:\/\/www.educaborras.com\/fr\/produit\/20138-fr\/","schema":{"@context":"https:\/\/schema.org","@graph":[{"@type":"WebPage","@id":"https:\/\/www.educaborras.com\/fr\/produit\/20138-fr\/","url":"https:\/\/www.educaborras.com\/fr\/produit\/20138-fr\/","name":"Outfit Game - Educa Borras","isPartOf":{"@id":"https:\/\/www.educaborras.com\/fr\/#website"},"primaryImageOfPage":{"@id":"https:\/\/www.educaborras.com\/fr\/produit\/20138-fr\/#primaryimage"},"image":{"@id":"https:\/\/www.educaborras.com\/fr\/produit\/20138-fr\/#primaryimage"},"thumbnailUrl":"https:\/\/www.educaborras.com\/wp-content\/uploads\/20138_01_high.jpg","datePublished":"2025-06-05T09:03:03+00:00","dateModified":"2026-04-05T01:41:14+00:00","description":"Ser el primero en recoger todas las prendas de ropa que coincidan con tus cartas de jugador. Tira los dados, mueve y quita prendas de la percha y de otros jugadores, \u00a1y consigue tu abrigo!","breadcrumb":{"@id":"https:\/\/www.educaborras.com\/fr\/produit\/20138-fr\/#breadcrumb"},"inLanguage":"fr-FR","potentialAction":[{"@type":"ReadAction","target":["https:\/\/www.educaborras.com\/fr\/produit\/20138-fr\/"]}]},{"@type":"ImageObject","inLanguage":"fr-FR","@id":"https:\/\/www.educaborras.com\/fr\/produit\/20138-fr\/#primaryimage","url":"https:\/\/www.educaborras.com\/wp-content\/uploads\/20138_01_high.jpg","contentUrl":"https:\/\/www.educaborras.com\/wp-content\/uploads\/20138_01_high.jpg","width":3000,"height":3000,"caption":"Outfit Game"},{"@type":"BreadcrumbList","@id":"https:\/\/www.educaborras.com\/fr\/produit\/20138-fr\/#breadcrumb","itemListElement":[{"@type":"ListItem","position":1,"name":"Portada","item":"https:\/\/www.educaborras.com\/fr\/"},{"@type":"ListItem","position":2,"name":"Produits","item":"https:\/\/www.educaborras.com\/fr\/shop\/"},{"@type":"ListItem","position":3,"name":"Outfit Game"}]},{"@type":"WebSite","@id":"https:\/\/www.educaborras.com\/fr\/#website","url":"https:\/\/www.educaborras.com\/fr\/","name":"Educa Borras","description":"","publisher":{"@id":"https:\/\/www.educaborras.com\/fr\/#organization"},"potentialAction":[{"@type":"SearchAction","target":{"@type":"EntryPoint","urlTemplate":"https:\/\/www.educaborras.com\/fr\/?s={search_term_string}"},"query-input":{"@type":"PropertyValueSpecification","valueRequired":true,"valueName":"search_term_string"}}],"inLanguage":"fr-FR"},{"@type":"Organization","@id":"https:\/\/www.educaborras.com\/fr\/#organization","name":"Educa Borras","url":"https:\/\/www.educaborras.com\/fr\/","logo":{"@type":"ImageObject","inLanguage":"fr-FR","@id":"https:\/\/www.educaborras.com\/fr\/#\/schema\/logo\/image\/","url":"https:\/\/www.educaborras.com\/wp-content\/uploads\/cropped-LOGOS-EDUCA-BORRAS_retina.png","contentUrl":"https:\/\/www.educaborras.com\/wp-content\/uploads\/cropped-LOGOS-EDUCA-BORRAS_retina.png","caption":"Educa Borras"},"image":{"@id":"https:\/\/www.educaborras.com\/fr\/#\/schema\/logo\/image\/"}}]}},"_links":{"self":[{"href":"https:\/\/www.educaborras.com\/fr\/wp-json\/wp\/v2\/product\/251213","targetHints":{"allow":["GET"]}}],"collection":[{"href":"https:\/\/www.educaborras.com\/fr\/wp-json\/wp\/v2\/product"}],"about":[{"href":"https:\/\/www.educaborras.com\/fr\/wp-json\/wp\/v2\/types\/product"}],"wp:featuredmedia":[{"embeddable":true,"href":"https:\/\/www.educaborras.com\/fr\/wp-json\/wp\/v2\/media\/118488"}],"wp:attachment":[{"href":"https:\/\/www.educaborras.com\/fr\/wp-json\/wp\/v2\/media?parent=251213"}],"wp:term":[{"taxonomy":"product_brand","embeddable":true,"href":"https:\/\/www.educaborras.com\/fr\/wp-json\/wp\/v2\/product_brand?post=251213"},{"taxonomy":"product_cat","embeddable":true,"href":"https:\/\/www.educaborras.com\/fr\/wp-json\/wp\/v2\/product_cat?post=251213"},{"taxonomy":"product_tag","embeddable":true,"href":"https:\/\/www.educaborras.com\/fr\/wp-json\/wp\/v2\/product_tag?post=251213"}],"curies":[{"name":"wp","href":"https:\/\/api.w.org\/{rel}","templated":true}]}}