{"id":251201,"date":"2025-06-05T11:03:08","date_gmt":"2025-06-05T09:03:08","guid":{"rendered":"https:\/\/www.educaborras.com\/product\/16037\/"},"modified":"2026-04-18T03:26:34","modified_gmt":"2026-04-18T01:26:34","slug":"16037-fr","status":"publish","type":"product","link":"https:\/\/www.educaborras.com\/fr\/produit\/16037-fr\/","title":{"rendered":"Domino en bois Minnie + Mickey"},"content":{"rendered":"<p>Un vaste choix pour s\u2019amuser et apprendre. Les personnages Disney favoris des enfants. Nombres, lettres, couleurs, formes\u2026 pour apprendre en jouant. Pour progresser dans l\u2019apprentissage de base. \u00a9Disney<\/p>\n","protected":false},"excerpt":{"rendered":"<p>Traditionnel jeu compos\u00e9 de grandes pi\u00e8ces en bois et illustr\u00e9 d\u2019amusants personnages pour les plus petits. \u00a9Disney<\/p>\n","protected":false},"featured_media":161375,"template":"","meta":{"_acf_changed":false},"product_brand":[],"product_cat":[73257,73256],"product_tag":[76973,74423,76974,76975,84631,76977,76978,76979,76980,76981,74606,74607,76982],"class_list":{"0":"post-251201","1":"product","2":"type-product","3":"status-publish","4":"has-post-thumbnail","6":"product_cat-educatifs-avec-personnages","7":"product_cat-jeux-educatifs","8":"product_tag-16037-fr","9":"product_tag-disney-fr","10":"product_tag-disney-wooden-domino-mickey-minnie-fr","11":"product_tag-domino-fr","12":"product_tag-domino-en-bois-fr","13":"product_tag-domino-fusta-minnie-mickey-fr","14":"product_tag-domino-madeira-mickey-minnie-fr","15":"product_tag-fusta-fr","16":"product_tag-madeiradomino-madera-minnie-mickey-fr","17":"product_tag-madera-fr","18":"product_tag-mickey-fr","19":"product_tag-minnie-fr","20":"product_tag-minnie-mickey-fr","22":"first","23":"instock","24":"shipping-taxable","25":"product-type-simple"},"acf":[],"yoast_head":"<!-- This site is optimized with the Yoast SEO plugin v27.1.1 - https:\/\/yoast.com\/product\/yoast-seo-wordpress\/ -->\n<title>Domino en bois Minnie + Mickey - Educa Borras<\/title>\n<meta name=\"description\" content=\"El Domin\u00f3 es un juego que ayuda a estimular en los m\u00e1s peque\u00f1os su capacidad de atenci\u00f3n y de pensamiento l\u00f3gico. Educa ha adaptado el tradicional juego de mesa a los peques.\" \/>\n<meta name=\"robots\" content=\"index, follow, max-snippet:-1, max-image-preview:large, max-video-preview:-1\" \/>\n<link rel=\"canonical\" href=\"https:\/\/www.educaborras.com\/fr\/produit\/16037-fr\/\" \/>\n<script type=\"application\/ld+json\" class=\"yoast-schema-graph\">{\"@context\":\"https:\/\/schema.org\",\"@graph\":[{\"@type\":\"WebPage\",\"@id\":\"https:\/\/www.educaborras.com\/fr\/produit\/16037-fr\/\",\"url\":\"https:\/\/www.educaborras.com\/fr\/produit\/16037-fr\/\",\"name\":\"Domino en bois Minnie + Mickey - Educa Borras\",\"isPartOf\":{\"@id\":\"https:\/\/www.educaborras.com\/fr\/#website\"},\"primaryImageOfPage\":{\"@id\":\"https:\/\/www.educaborras.com\/fr\/produit\/16037-fr\/#primaryimage\"},\"image\":{\"@id\":\"https:\/\/www.educaborras.com\/fr\/produit\/16037-fr\/#primaryimage\"},\"thumbnailUrl\":\"https:\/\/www.educaborras.com\/wp-content\/uploads\/16037_01_med-16.jpg\",\"datePublished\":\"2025-06-05T09:03:08+00:00\",\"dateModified\":\"2026-04-18T01:26:34+00:00\",\"description\":\"El Domin\u00f3 es un juego que ayuda a estimular en los m\u00e1s peque\u00f1os su capacidad de atenci\u00f3n y de pensamiento l\u00f3gico. Educa ha adaptado el tradicional juego de mesa a los peques.\",\"breadcrumb\":{\"@id\":\"https:\/\/www.educaborras.com\/fr\/produit\/16037-fr\/#breadcrumb\"},\"inLanguage\":\"fr-FR\",\"potentialAction\":[{\"@type\":\"ReadAction\",\"target\":[\"https:\/\/www.educaborras.com\/fr\/produit\/16037-fr\/\"]}]},{\"@type\":\"ImageObject\",\"inLanguage\":\"fr-FR\",\"@id\":\"https:\/\/www.educaborras.com\/fr\/produit\/16037-fr\/#primaryimage\",\"url\":\"https:\/\/www.educaborras.com\/wp-content\/uploads\/16037_01_med-16.jpg\",\"contentUrl\":\"https:\/\/www.educaborras.com\/wp-content\/uploads\/16037_01_med-16.jpg\"},{\"@type\":\"BreadcrumbList\",\"@id\":\"https:\/\/www.educaborras.com\/fr\/produit\/16037-fr\/#breadcrumb\",\"itemListElement\":[{\"@type\":\"ListItem\",\"position\":1,\"name\":\"Portada\",\"item\":\"https:\/\/www.educaborras.com\/fr\/\"},{\"@type\":\"ListItem\",\"position\":2,\"name\":\"Produits\",\"item\":\"https:\/\/www.educaborras.com\/fr\/shop\/\"},{\"@type\":\"ListItem\",\"position\":3,\"name\":\"Domino en bois Minnie + Mickey\"}]},{\"@type\":\"WebSite\",\"@id\":\"https:\/\/www.educaborras.com\/fr\/#website\",\"url\":\"https:\/\/www.educaborras.com\/fr\/\",\"name\":\"Educa Borras\",\"description\":\"\",\"publisher\":{\"@id\":\"https:\/\/www.educaborras.com\/fr\/#organization\"},\"potentialAction\":[{\"@type\":\"SearchAction\",\"target\":{\"@type\":\"EntryPoint\",\"urlTemplate\":\"https:\/\/www.educaborras.com\/fr\/?s={search_term_string}\"},\"query-input\":{\"@type\":\"PropertyValueSpecification\",\"valueRequired\":true,\"valueName\":\"search_term_string\"}}],\"inLanguage\":\"fr-FR\"},{\"@type\":\"Organization\",\"@id\":\"https:\/\/www.educaborras.com\/fr\/#organization\",\"name\":\"Educa Borras\",\"url\":\"https:\/\/www.educaborras.com\/fr\/\",\"logo\":{\"@type\":\"ImageObject\",\"inLanguage\":\"fr-FR\",\"@id\":\"https:\/\/www.educaborras.com\/fr\/#\/schema\/logo\/image\/\",\"url\":\"https:\/\/www.educaborras.com\/wp-content\/uploads\/cropped-LOGOS-EDUCA-BORRAS_retina.png\",\"contentUrl\":\"https:\/\/www.educaborras.com\/wp-content\/uploads\/cropped-LOGOS-EDUCA-BORRAS_retina.png\",\"caption\":\"Educa Borras\"},\"image\":{\"@id\":\"https:\/\/www.educaborras.com\/fr\/#\/schema\/logo\/image\/\"}}]}<\/script>\n<!-- \/ Yoast SEO plugin. -->","yoast_head_json":{"title":"Domino en bois Minnie + Mickey - Educa Borras","description":"El Domin\u00f3 es un juego que ayuda a estimular en los m\u00e1s peque\u00f1os su capacidad de atenci\u00f3n y de pensamiento l\u00f3gico. Educa ha adaptado el tradicional juego de mesa a los peques.","robots":{"index":"index","follow":"follow","max-snippet":"max-snippet:-1","max-image-preview":"max-image-preview:large","max-video-preview":"max-video-preview:-1"},"canonical":"https:\/\/www.educaborras.com\/fr\/produit\/16037-fr\/","schema":{"@context":"https:\/\/schema.org","@graph":[{"@type":"WebPage","@id":"https:\/\/www.educaborras.com\/fr\/produit\/16037-fr\/","url":"https:\/\/www.educaborras.com\/fr\/produit\/16037-fr\/","name":"Domino en bois Minnie + Mickey - Educa Borras","isPartOf":{"@id":"https:\/\/www.educaborras.com\/fr\/#website"},"primaryImageOfPage":{"@id":"https:\/\/www.educaborras.com\/fr\/produit\/16037-fr\/#primaryimage"},"image":{"@id":"https:\/\/www.educaborras.com\/fr\/produit\/16037-fr\/#primaryimage"},"thumbnailUrl":"https:\/\/www.educaborras.com\/wp-content\/uploads\/16037_01_med-16.jpg","datePublished":"2025-06-05T09:03:08+00:00","dateModified":"2026-04-18T01:26:34+00:00","description":"El Domin\u00f3 es un juego que ayuda a estimular en los m\u00e1s peque\u00f1os su capacidad de atenci\u00f3n y de pensamiento l\u00f3gico. Educa ha adaptado el tradicional juego de mesa a los peques.","breadcrumb":{"@id":"https:\/\/www.educaborras.com\/fr\/produit\/16037-fr\/#breadcrumb"},"inLanguage":"fr-FR","potentialAction":[{"@type":"ReadAction","target":["https:\/\/www.educaborras.com\/fr\/produit\/16037-fr\/"]}]},{"@type":"ImageObject","inLanguage":"fr-FR","@id":"https:\/\/www.educaborras.com\/fr\/produit\/16037-fr\/#primaryimage","url":"https:\/\/www.educaborras.com\/wp-content\/uploads\/16037_01_med-16.jpg","contentUrl":"https:\/\/www.educaborras.com\/wp-content\/uploads\/16037_01_med-16.jpg"},{"@type":"BreadcrumbList","@id":"https:\/\/www.educaborras.com\/fr\/produit\/16037-fr\/#breadcrumb","itemListElement":[{"@type":"ListItem","position":1,"name":"Portada","item":"https:\/\/www.educaborras.com\/fr\/"},{"@type":"ListItem","position":2,"name":"Produits","item":"https:\/\/www.educaborras.com\/fr\/shop\/"},{"@type":"ListItem","position":3,"name":"Domino en bois Minnie + Mickey"}]},{"@type":"WebSite","@id":"https:\/\/www.educaborras.com\/fr\/#website","url":"https:\/\/www.educaborras.com\/fr\/","name":"Educa Borras","description":"","publisher":{"@id":"https:\/\/www.educaborras.com\/fr\/#organization"},"potentialAction":[{"@type":"SearchAction","target":{"@type":"EntryPoint","urlTemplate":"https:\/\/www.educaborras.com\/fr\/?s={search_term_string}"},"query-input":{"@type":"PropertyValueSpecification","valueRequired":true,"valueName":"search_term_string"}}],"inLanguage":"fr-FR"},{"@type":"Organization","@id":"https:\/\/www.educaborras.com\/fr\/#organization","name":"Educa Borras","url":"https:\/\/www.educaborras.com\/fr\/","logo":{"@type":"ImageObject","inLanguage":"fr-FR","@id":"https:\/\/www.educaborras.com\/fr\/#\/schema\/logo\/image\/","url":"https:\/\/www.educaborras.com\/wp-content\/uploads\/cropped-LOGOS-EDUCA-BORRAS_retina.png","contentUrl":"https:\/\/www.educaborras.com\/wp-content\/uploads\/cropped-LOGOS-EDUCA-BORRAS_retina.png","caption":"Educa Borras"},"image":{"@id":"https:\/\/www.educaborras.com\/fr\/#\/schema\/logo\/image\/"}}]}},"_links":{"self":[{"href":"https:\/\/www.educaborras.com\/fr\/wp-json\/wp\/v2\/product\/251201","targetHints":{"allow":["GET"]}}],"collection":[{"href":"https:\/\/www.educaborras.com\/fr\/wp-json\/wp\/v2\/product"}],"about":[{"href":"https:\/\/www.educaborras.com\/fr\/wp-json\/wp\/v2\/types\/product"}],"wp:featuredmedia":[{"embeddable":true,"href":"https:\/\/www.educaborras.com\/fr\/wp-json\/wp\/v2\/media\/161375"}],"wp:attachment":[{"href":"https:\/\/www.educaborras.com\/fr\/wp-json\/wp\/v2\/media?parent=251201"}],"wp:term":[{"taxonomy":"product_brand","embeddable":true,"href":"https:\/\/www.educaborras.com\/fr\/wp-json\/wp\/v2\/product_brand?post=251201"},{"taxonomy":"product_cat","embeddable":true,"href":"https:\/\/www.educaborras.com\/fr\/wp-json\/wp\/v2\/product_cat?post=251201"},{"taxonomy":"product_tag","embeddable":true,"href":"https:\/\/www.educaborras.com\/fr\/wp-json\/wp\/v2\/product_tag?post=251201"}],"curies":[{"name":"wp","href":"https:\/\/api.w.org\/{rel}","templated":true}]}}