{"id":251165,"date":"2025-06-05T11:03:28","date_gmt":"2025-06-05T09:03:28","guid":{"rendered":"https:\/\/www.educaborras.com\/product\/19682\/"},"modified":"2026-04-18T03:30:13","modified_gmt":"2026-04-18T01:30:13","slug":"19682-fr","status":"publish","type":"product","link":"https:\/\/www.educaborras.com\/fr\/produit\/19682-fr\/","title":{"rendered":"Superpack 4 in 1 Spidey and His Amazing Friends"},"content":{"rendered":"<p>2 jeux \u00e9ducatifs basiques et 2 puzzles aux couleurs de Spidey dans un seul coffret Contient : 1 puzzle de 25 pi\u00e8ces, 1 puzzle de 50 pi\u00e8ces, 1 jeu de memo avec 28 jetons, 1 jeu de domino avec 28 jetons.<\/p>\n","protected":false},"excerpt":{"rendered":"<p>2 jeux \u00e9ducatifs basiques et 2 puzzles aux couleurs de Spidey dans un seul coffret. D\u00e8s 3 ans<\/p>\n","protected":false},"featured_media":252223,"template":"","meta":{"_acf_changed":false},"product_brand":[],"product_cat":[73257,73256],"product_tag":[105012,94145,74319,74204,74205,77236,89966,94770,89967,89968,105013,76142,77237,75657,74054,77239,74348,86446,75710,75711,85972,105014,77240,77241,77242,105015,105016,105017],"class_list":{"0":"post-251165","1":"product","2":"type-product","3":"status-publish","4":"has-post-thumbnail","6":"product_cat-educatifs-avec-personnages","7":"product_cat-jeux-educatifs","8":"product_tag-19682-fr","9":"product_tag-arana-fr","10":"product_tag-borras-fr","11":"product_tag-educa-fr","12":"product_tag-educa-borras-fr","13":"product_tag-educaborras-fr","14":"product_tag-games-fr","15":"product_tag-hombre-arana-fr","16":"product_tag-jeu-fr","17":"product_tag-jeux-fr","18":"product_tag-man-fr","19":"product_tag-marvel-fr","20":"product_tag-pack-fr","21":"product_tag-puzle-fr","22":"product_tag-puzzle-fr","23":"product_tag-puzzles-fr","24":"product_tag-rompecabezas-fr","25":"product_tag-spider-fr","26":"product_tag-spider-man-fr","27":"product_tag-spiderman-fr","28":"product_tag-spidey-fr","29":"product_tag-spideyfriends-fr","30":"product_tag-super-fr","31":"product_tag-super-pack-fr","32":"product_tag-superpack-fr","33":"product_tag-superpack-spider-man-fr","34":"product_tag-superpack-spidey-fr","35":"product_tag-superpack-spideyfriends-fr","37":"first","38":"instock","39":"shipping-taxable","40":"product-type-simple"},"acf":[],"yoast_head":"<!-- This site is optimized with the Yoast SEO plugin v27.1.1 - https:\/\/yoast.com\/product\/yoast-seo-wordpress\/ -->\n<title>Superpack 4 in 1 Spidey and His Amazing Friends - Educa Borras<\/title>\n<meta name=\"robots\" content=\"index, follow, max-snippet:-1, max-image-preview:large, max-video-preview:-1\" \/>\n<link rel=\"canonical\" href=\"https:\/\/www.educaborras.com\/fr\/produit\/19682-fr\/\" \/>\n<script type=\"application\/ld+json\" class=\"yoast-schema-graph\">{\"@context\":\"https:\/\/schema.org\",\"@graph\":[{\"@type\":\"WebPage\",\"@id\":\"https:\/\/www.educaborras.com\/fr\/produit\/19682-fr\/\",\"url\":\"https:\/\/www.educaborras.com\/fr\/produit\/19682-fr\/\",\"name\":\"Superpack 4 in 1 Spidey and His Amazing Friends - Educa Borras\",\"isPartOf\":{\"@id\":\"https:\/\/www.educaborras.com\/fr\/#website\"},\"primaryImageOfPage\":{\"@id\":\"https:\/\/www.educaborras.com\/fr\/produit\/19682-fr\/#primaryimage\"},\"image\":{\"@id\":\"https:\/\/www.educaborras.com\/fr\/produit\/19682-fr\/#primaryimage\"},\"thumbnailUrl\":\"https:\/\/www.educaborras.com\/wp-content\/uploads\/19682_01_high-2-scaled.jpg\",\"datePublished\":\"2025-06-05T09:03:28+00:00\",\"dateModified\":\"2026-04-18T01:30:13+00:00\",\"breadcrumb\":{\"@id\":\"https:\/\/www.educaborras.com\/fr\/produit\/19682-fr\/#breadcrumb\"},\"inLanguage\":\"fr-FR\",\"potentialAction\":[{\"@type\":\"ReadAction\",\"target\":[\"https:\/\/www.educaborras.com\/fr\/produit\/19682-fr\/\"]}]},{\"@type\":\"ImageObject\",\"inLanguage\":\"fr-FR\",\"@id\":\"https:\/\/www.educaborras.com\/fr\/produit\/19682-fr\/#primaryimage\",\"url\":\"https:\/\/www.educaborras.com\/wp-content\/uploads\/19682_01_high-2-scaled.jpg\",\"contentUrl\":\"https:\/\/www.educaborras.com\/wp-content\/uploads\/19682_01_high-2-scaled.jpg\",\"width\":2560,\"height\":2560},{\"@type\":\"BreadcrumbList\",\"@id\":\"https:\/\/www.educaborras.com\/fr\/produit\/19682-fr\/#breadcrumb\",\"itemListElement\":[{\"@type\":\"ListItem\",\"position\":1,\"name\":\"Portada\",\"item\":\"https:\/\/www.educaborras.com\/fr\/\"},{\"@type\":\"ListItem\",\"position\":2,\"name\":\"Produits\",\"item\":\"https:\/\/www.educaborras.com\/fr\/shop\/\"},{\"@type\":\"ListItem\",\"position\":3,\"name\":\"Superpack 4 in 1 Spidey and His Amazing Friends\"}]},{\"@type\":\"WebSite\",\"@id\":\"https:\/\/www.educaborras.com\/fr\/#website\",\"url\":\"https:\/\/www.educaborras.com\/fr\/\",\"name\":\"Educa Borras\",\"description\":\"\",\"publisher\":{\"@id\":\"https:\/\/www.educaborras.com\/fr\/#organization\"},\"potentialAction\":[{\"@type\":\"SearchAction\",\"target\":{\"@type\":\"EntryPoint\",\"urlTemplate\":\"https:\/\/www.educaborras.com\/fr\/?s={search_term_string}\"},\"query-input\":{\"@type\":\"PropertyValueSpecification\",\"valueRequired\":true,\"valueName\":\"search_term_string\"}}],\"inLanguage\":\"fr-FR\"},{\"@type\":\"Organization\",\"@id\":\"https:\/\/www.educaborras.com\/fr\/#organization\",\"name\":\"Educa Borras\",\"url\":\"https:\/\/www.educaborras.com\/fr\/\",\"logo\":{\"@type\":\"ImageObject\",\"inLanguage\":\"fr-FR\",\"@id\":\"https:\/\/www.educaborras.com\/fr\/#\/schema\/logo\/image\/\",\"url\":\"https:\/\/www.educaborras.com\/wp-content\/uploads\/cropped-LOGOS-EDUCA-BORRAS_retina.png\",\"contentUrl\":\"https:\/\/www.educaborras.com\/wp-content\/uploads\/cropped-LOGOS-EDUCA-BORRAS_retina.png\",\"caption\":\"Educa Borras\"},\"image\":{\"@id\":\"https:\/\/www.educaborras.com\/fr\/#\/schema\/logo\/image\/\"}}]}<\/script>\n<!-- \/ Yoast SEO plugin. -->","yoast_head_json":{"title":"Superpack 4 in 1 Spidey and His Amazing Friends - Educa Borras","robots":{"index":"index","follow":"follow","max-snippet":"max-snippet:-1","max-image-preview":"max-image-preview:large","max-video-preview":"max-video-preview:-1"},"canonical":"https:\/\/www.educaborras.com\/fr\/produit\/19682-fr\/","schema":{"@context":"https:\/\/schema.org","@graph":[{"@type":"WebPage","@id":"https:\/\/www.educaborras.com\/fr\/produit\/19682-fr\/","url":"https:\/\/www.educaborras.com\/fr\/produit\/19682-fr\/","name":"Superpack 4 in 1 Spidey and His Amazing Friends - Educa Borras","isPartOf":{"@id":"https:\/\/www.educaborras.com\/fr\/#website"},"primaryImageOfPage":{"@id":"https:\/\/www.educaborras.com\/fr\/produit\/19682-fr\/#primaryimage"},"image":{"@id":"https:\/\/www.educaborras.com\/fr\/produit\/19682-fr\/#primaryimage"},"thumbnailUrl":"https:\/\/www.educaborras.com\/wp-content\/uploads\/19682_01_high-2-scaled.jpg","datePublished":"2025-06-05T09:03:28+00:00","dateModified":"2026-04-18T01:30:13+00:00","breadcrumb":{"@id":"https:\/\/www.educaborras.com\/fr\/produit\/19682-fr\/#breadcrumb"},"inLanguage":"fr-FR","potentialAction":[{"@type":"ReadAction","target":["https:\/\/www.educaborras.com\/fr\/produit\/19682-fr\/"]}]},{"@type":"ImageObject","inLanguage":"fr-FR","@id":"https:\/\/www.educaborras.com\/fr\/produit\/19682-fr\/#primaryimage","url":"https:\/\/www.educaborras.com\/wp-content\/uploads\/19682_01_high-2-scaled.jpg","contentUrl":"https:\/\/www.educaborras.com\/wp-content\/uploads\/19682_01_high-2-scaled.jpg","width":2560,"height":2560},{"@type":"BreadcrumbList","@id":"https:\/\/www.educaborras.com\/fr\/produit\/19682-fr\/#breadcrumb","itemListElement":[{"@type":"ListItem","position":1,"name":"Portada","item":"https:\/\/www.educaborras.com\/fr\/"},{"@type":"ListItem","position":2,"name":"Produits","item":"https:\/\/www.educaborras.com\/fr\/shop\/"},{"@type":"ListItem","position":3,"name":"Superpack 4 in 1 Spidey and His Amazing Friends"}]},{"@type":"WebSite","@id":"https:\/\/www.educaborras.com\/fr\/#website","url":"https:\/\/www.educaborras.com\/fr\/","name":"Educa Borras","description":"","publisher":{"@id":"https:\/\/www.educaborras.com\/fr\/#organization"},"potentialAction":[{"@type":"SearchAction","target":{"@type":"EntryPoint","urlTemplate":"https:\/\/www.educaborras.com\/fr\/?s={search_term_string}"},"query-input":{"@type":"PropertyValueSpecification","valueRequired":true,"valueName":"search_term_string"}}],"inLanguage":"fr-FR"},{"@type":"Organization","@id":"https:\/\/www.educaborras.com\/fr\/#organization","name":"Educa Borras","url":"https:\/\/www.educaborras.com\/fr\/","logo":{"@type":"ImageObject","inLanguage":"fr-FR","@id":"https:\/\/www.educaborras.com\/fr\/#\/schema\/logo\/image\/","url":"https:\/\/www.educaborras.com\/wp-content\/uploads\/cropped-LOGOS-EDUCA-BORRAS_retina.png","contentUrl":"https:\/\/www.educaborras.com\/wp-content\/uploads\/cropped-LOGOS-EDUCA-BORRAS_retina.png","caption":"Educa Borras"},"image":{"@id":"https:\/\/www.educaborras.com\/fr\/#\/schema\/logo\/image\/"}}]}},"_links":{"self":[{"href":"https:\/\/www.educaborras.com\/fr\/wp-json\/wp\/v2\/product\/251165","targetHints":{"allow":["GET"]}}],"collection":[{"href":"https:\/\/www.educaborras.com\/fr\/wp-json\/wp\/v2\/product"}],"about":[{"href":"https:\/\/www.educaborras.com\/fr\/wp-json\/wp\/v2\/types\/product"}],"wp:featuredmedia":[{"embeddable":true,"href":"https:\/\/www.educaborras.com\/fr\/wp-json\/wp\/v2\/media\/252223"}],"wp:attachment":[{"href":"https:\/\/www.educaborras.com\/fr\/wp-json\/wp\/v2\/media?parent=251165"}],"wp:term":[{"taxonomy":"product_brand","embeddable":true,"href":"https:\/\/www.educaborras.com\/fr\/wp-json\/wp\/v2\/product_brand?post=251165"},{"taxonomy":"product_cat","embeddable":true,"href":"https:\/\/www.educaborras.com\/fr\/wp-json\/wp\/v2\/product_cat?post=251165"},{"taxonomy":"product_tag","embeddable":true,"href":"https:\/\/www.educaborras.com\/fr\/wp-json\/wp\/v2\/product_tag?post=251165"}],"curies":[{"name":"wp","href":"https:\/\/api.w.org\/{rel}","templated":true}]}}