{"id":251161,"date":"2025-06-05T11:03:29","date_gmt":"2025-06-05T09:03:29","guid":{"rendered":"https:\/\/www.educaborras.com\/product\/19683\/"},"modified":"2026-04-18T03:30:16","modified_gmt":"2026-04-18T01:30:16","slug":"19683-fr","status":"publish","type":"product","link":"https:\/\/www.educaborras.com\/fr\/produit\/19683-fr\/","title":{"rendered":"Superpack 4 in 1 Disney Princess"},"content":{"rendered":"<p>2 jeux \u00e9ducatifs basiques et 2 puzzles aux couleurs de Disney Princess dans un seul coffret Contient : 1 puzzle de 25 pi\u00e8ces, 1 puzzle de 50 pi\u00e8ces, 1 jeu de memo avec 28 jetons, 1 jeu de domino avec 28 jetons. \u00a9Disney<\/p>\n","protected":false},"excerpt":{"rendered":"<p>2 jeux \u00e9ducatifs basiques et 2 puzzles aux couleurs de Disney Princess dans un seul coffret. D\u00e8s 3 ans. \u00a9Disney<\/p>\n","protected":false},"featured_media":253058,"template":"","meta":{"_acf_changed":false},"product_brand":[],"product_cat":[73257,73256],"product_tag":[104876,78139,74319,74423,74204,74205,77236,89966,89967,89968,77237,77610,80195,77611,104877,80196,75657,74054,77239,74348,77240,77241,77242,104878,104879,104880,104881],"class_list":{"0":"post-251161","1":"product","2":"type-product","3":"status-publish","4":"has-post-thumbnail","6":"product_cat-educatifs-avec-personnages","7":"product_cat-jeux-educatifs","8":"product_tag-19683-fr","9":"product_tag-2017-fr","10":"product_tag-borras-fr","11":"product_tag-disney-fr","12":"product_tag-educa-fr","13":"product_tag-educa-borras-fr","14":"product_tag-educaborras-fr","15":"product_tag-games-fr","16":"product_tag-jeu-fr","17":"product_tag-jeux-fr","18":"product_tag-pack-fr","19":"product_tag-princesas-fr","20":"product_tag-princeses-fr","21":"product_tag-princess-fr","22":"product_tag-princesse-fr","23":"product_tag-princesses-fr","24":"product_tag-puzle-fr","25":"product_tag-puzzle-fr","26":"product_tag-puzzles-fr","27":"product_tag-rompecabezas-fr","28":"product_tag-super-fr","29":"product_tag-super-pack-fr","30":"product_tag-superpack-fr","31":"product_tag-superpack-disney-princess-fr","32":"product_tag-superpack-disney-princesses-fr","33":"product_tag-superpack-princesas-disney-fr","34":"product_tag-superpack-princeses-disney-fr","36":"first","37":"instock","38":"shipping-taxable","39":"product-type-simple"},"acf":[],"yoast_head":"<!-- This site is optimized with the Yoast SEO plugin v27.1.1 - https:\/\/yoast.com\/product\/yoast-seo-wordpress\/ -->\n<title>Superpack 4 in 1 Disney Princess - Educa Borras<\/title>\n<meta name=\"robots\" content=\"index, follow, max-snippet:-1, max-image-preview:large, max-video-preview:-1\" \/>\n<link rel=\"canonical\" href=\"https:\/\/www.educaborras.com\/fr\/produit\/19683-fr\/\" \/>\n<script type=\"application\/ld+json\" class=\"yoast-schema-graph\">{\"@context\":\"https:\/\/schema.org\",\"@graph\":[{\"@type\":\"WebPage\",\"@id\":\"https:\/\/www.educaborras.com\/fr\/produit\/19683-fr\/\",\"url\":\"https:\/\/www.educaborras.com\/fr\/produit\/19683-fr\/\",\"name\":\"Superpack 4 in 1 Disney Princess - Educa Borras\",\"isPartOf\":{\"@id\":\"https:\/\/www.educaborras.com\/fr\/#website\"},\"primaryImageOfPage\":{\"@id\":\"https:\/\/www.educaborras.com\/fr\/produit\/19683-fr\/#primaryimage\"},\"image\":{\"@id\":\"https:\/\/www.educaborras.com\/fr\/produit\/19683-fr\/#primaryimage\"},\"thumbnailUrl\":\"https:\/\/www.educaborras.com\/wp-content\/uploads\/19683_04-5-scaled.jpg\",\"datePublished\":\"2025-06-05T09:03:29+00:00\",\"dateModified\":\"2026-04-18T01:30:16+00:00\",\"breadcrumb\":{\"@id\":\"https:\/\/www.educaborras.com\/fr\/produit\/19683-fr\/#breadcrumb\"},\"inLanguage\":\"fr-FR\",\"potentialAction\":[{\"@type\":\"ReadAction\",\"target\":[\"https:\/\/www.educaborras.com\/fr\/produit\/19683-fr\/\"]}]},{\"@type\":\"ImageObject\",\"inLanguage\":\"fr-FR\",\"@id\":\"https:\/\/www.educaborras.com\/fr\/produit\/19683-fr\/#primaryimage\",\"url\":\"https:\/\/www.educaborras.com\/wp-content\/uploads\/19683_04-5-scaled.jpg\",\"contentUrl\":\"https:\/\/www.educaborras.com\/wp-content\/uploads\/19683_04-5-scaled.jpg\",\"width\":2560,\"height\":2560},{\"@type\":\"BreadcrumbList\",\"@id\":\"https:\/\/www.educaborras.com\/fr\/produit\/19683-fr\/#breadcrumb\",\"itemListElement\":[{\"@type\":\"ListItem\",\"position\":1,\"name\":\"Portada\",\"item\":\"https:\/\/www.educaborras.com\/fr\/\"},{\"@type\":\"ListItem\",\"position\":2,\"name\":\"Produits\",\"item\":\"https:\/\/www.educaborras.com\/fr\/shop\/\"},{\"@type\":\"ListItem\",\"position\":3,\"name\":\"Superpack 4 in 1 Disney Princess\"}]},{\"@type\":\"WebSite\",\"@id\":\"https:\/\/www.educaborras.com\/fr\/#website\",\"url\":\"https:\/\/www.educaborras.com\/fr\/\",\"name\":\"Educa Borras\",\"description\":\"\",\"publisher\":{\"@id\":\"https:\/\/www.educaborras.com\/fr\/#organization\"},\"potentialAction\":[{\"@type\":\"SearchAction\",\"target\":{\"@type\":\"EntryPoint\",\"urlTemplate\":\"https:\/\/www.educaborras.com\/fr\/?s={search_term_string}\"},\"query-input\":{\"@type\":\"PropertyValueSpecification\",\"valueRequired\":true,\"valueName\":\"search_term_string\"}}],\"inLanguage\":\"fr-FR\"},{\"@type\":\"Organization\",\"@id\":\"https:\/\/www.educaborras.com\/fr\/#organization\",\"name\":\"Educa Borras\",\"url\":\"https:\/\/www.educaborras.com\/fr\/\",\"logo\":{\"@type\":\"ImageObject\",\"inLanguage\":\"fr-FR\",\"@id\":\"https:\/\/www.educaborras.com\/fr\/#\/schema\/logo\/image\/\",\"url\":\"https:\/\/www.educaborras.com\/wp-content\/uploads\/cropped-LOGOS-EDUCA-BORRAS_retina.png\",\"contentUrl\":\"https:\/\/www.educaborras.com\/wp-content\/uploads\/cropped-LOGOS-EDUCA-BORRAS_retina.png\",\"caption\":\"Educa Borras\"},\"image\":{\"@id\":\"https:\/\/www.educaborras.com\/fr\/#\/schema\/logo\/image\/\"}}]}<\/script>\n<!-- \/ Yoast SEO plugin. -->","yoast_head_json":{"title":"Superpack 4 in 1 Disney Princess - Educa Borras","robots":{"index":"index","follow":"follow","max-snippet":"max-snippet:-1","max-image-preview":"max-image-preview:large","max-video-preview":"max-video-preview:-1"},"canonical":"https:\/\/www.educaborras.com\/fr\/produit\/19683-fr\/","schema":{"@context":"https:\/\/schema.org","@graph":[{"@type":"WebPage","@id":"https:\/\/www.educaborras.com\/fr\/produit\/19683-fr\/","url":"https:\/\/www.educaborras.com\/fr\/produit\/19683-fr\/","name":"Superpack 4 in 1 Disney Princess - Educa Borras","isPartOf":{"@id":"https:\/\/www.educaborras.com\/fr\/#website"},"primaryImageOfPage":{"@id":"https:\/\/www.educaborras.com\/fr\/produit\/19683-fr\/#primaryimage"},"image":{"@id":"https:\/\/www.educaborras.com\/fr\/produit\/19683-fr\/#primaryimage"},"thumbnailUrl":"https:\/\/www.educaborras.com\/wp-content\/uploads\/19683_04-5-scaled.jpg","datePublished":"2025-06-05T09:03:29+00:00","dateModified":"2026-04-18T01:30:16+00:00","breadcrumb":{"@id":"https:\/\/www.educaborras.com\/fr\/produit\/19683-fr\/#breadcrumb"},"inLanguage":"fr-FR","potentialAction":[{"@type":"ReadAction","target":["https:\/\/www.educaborras.com\/fr\/produit\/19683-fr\/"]}]},{"@type":"ImageObject","inLanguage":"fr-FR","@id":"https:\/\/www.educaborras.com\/fr\/produit\/19683-fr\/#primaryimage","url":"https:\/\/www.educaborras.com\/wp-content\/uploads\/19683_04-5-scaled.jpg","contentUrl":"https:\/\/www.educaborras.com\/wp-content\/uploads\/19683_04-5-scaled.jpg","width":2560,"height":2560},{"@type":"BreadcrumbList","@id":"https:\/\/www.educaborras.com\/fr\/produit\/19683-fr\/#breadcrumb","itemListElement":[{"@type":"ListItem","position":1,"name":"Portada","item":"https:\/\/www.educaborras.com\/fr\/"},{"@type":"ListItem","position":2,"name":"Produits","item":"https:\/\/www.educaborras.com\/fr\/shop\/"},{"@type":"ListItem","position":3,"name":"Superpack 4 in 1 Disney Princess"}]},{"@type":"WebSite","@id":"https:\/\/www.educaborras.com\/fr\/#website","url":"https:\/\/www.educaborras.com\/fr\/","name":"Educa Borras","description":"","publisher":{"@id":"https:\/\/www.educaborras.com\/fr\/#organization"},"potentialAction":[{"@type":"SearchAction","target":{"@type":"EntryPoint","urlTemplate":"https:\/\/www.educaborras.com\/fr\/?s={search_term_string}"},"query-input":{"@type":"PropertyValueSpecification","valueRequired":true,"valueName":"search_term_string"}}],"inLanguage":"fr-FR"},{"@type":"Organization","@id":"https:\/\/www.educaborras.com\/fr\/#organization","name":"Educa Borras","url":"https:\/\/www.educaborras.com\/fr\/","logo":{"@type":"ImageObject","inLanguage":"fr-FR","@id":"https:\/\/www.educaborras.com\/fr\/#\/schema\/logo\/image\/","url":"https:\/\/www.educaborras.com\/wp-content\/uploads\/cropped-LOGOS-EDUCA-BORRAS_retina.png","contentUrl":"https:\/\/www.educaborras.com\/wp-content\/uploads\/cropped-LOGOS-EDUCA-BORRAS_retina.png","caption":"Educa Borras"},"image":{"@id":"https:\/\/www.educaborras.com\/fr\/#\/schema\/logo\/image\/"}}]}},"_links":{"self":[{"href":"https:\/\/www.educaborras.com\/fr\/wp-json\/wp\/v2\/product\/251161","targetHints":{"allow":["GET"]}}],"collection":[{"href":"https:\/\/www.educaborras.com\/fr\/wp-json\/wp\/v2\/product"}],"about":[{"href":"https:\/\/www.educaborras.com\/fr\/wp-json\/wp\/v2\/types\/product"}],"wp:featuredmedia":[{"embeddable":true,"href":"https:\/\/www.educaborras.com\/fr\/wp-json\/wp\/v2\/media\/253058"}],"wp:attachment":[{"href":"https:\/\/www.educaborras.com\/fr\/wp-json\/wp\/v2\/media?parent=251161"}],"wp:term":[{"taxonomy":"product_brand","embeddable":true,"href":"https:\/\/www.educaborras.com\/fr\/wp-json\/wp\/v2\/product_brand?post=251161"},{"taxonomy":"product_cat","embeddable":true,"href":"https:\/\/www.educaborras.com\/fr\/wp-json\/wp\/v2\/product_cat?post=251161"},{"taxonomy":"product_tag","embeddable":true,"href":"https:\/\/www.educaborras.com\/fr\/wp-json\/wp\/v2\/product_tag?post=251161"}],"curies":[{"name":"wp","href":"https:\/\/api.w.org\/{rel}","templated":true}]}}