{"id":251101,"date":"2025-06-05T11:04:02","date_gmt":"2025-06-05T09:04:02","guid":{"rendered":"https:\/\/www.educaborras.com\/product\/19886\/"},"modified":"2026-04-19T02:56:44","modified_gmt":"2026-04-19T00:56:44","slug":"19886-fr","status":"publish","type":"product","link":"https:\/\/www.educaborras.com\/fr\/produit\/19886-fr\/","title":{"rendered":"Figures Bluey \u00ab\u00a0Creative Activity Set\u00a0\u00bb"},"content":{"rendered":"<p>Set cr\u00e9atif pour commencer \u00e0 dessiner des personnages, des animaux ou des objets sur du carton avec des crayons, des crayons de couleur ou des marqueurs, en utilisant les mod\u00e8les pr\u00e9d\u00e9coup\u00e9s. Avantages du jeu : D\u00e9veloppement de la motricit\u00e9 fine :Avoir de la dext\u00e9rit\u00e9, de l&rsquo;attention et de la concentration pour suivre correctement les mod\u00e8les. Apprentissage \u00e0 travers le jeu en encourageant : L&rsquo;imagination en coloriant des personnages, des animaux ou des objets et des sc\u00e9narios possibles. Contenu: 9 panneaux en carton avec des personnages, des feuilles pour colorier et 6 crayons de cire de couleur.<\/p>\n","protected":false},"excerpt":{"rendered":"<p>Set cr\u00e9atif pour commencer \u00e0 dessiner des personnages, des animaux ou des objets sur du carton avec des crayons, des crayons de couleur ou des marqueurs, en utilisant les mod\u00e8les pr\u00e9d\u00e9coup\u00e9s.<\/p>\n","protected":false},"featured_media":120308,"template":"","meta":{"_acf_changed":false},"product_brand":[],"product_cat":[73246,73544],"product_tag":[98564,98565,98566,98567,90537,98568,89874,98569,98570,75458,98571,98572,98573,82029,82030,98574,98575,98576,98577,98578,98579,98580,75589,98581,98582,96733,98583,98584,76208],"class_list":{"0":"post-251101","1":"product","2":"type-product","3":"status-publish","4":"has-post-thumbnail","6":"product_cat-activites-creatives","7":"product_cat-artistiques","8":"product_tag-19886-fr","9":"product_tag-activity-fr","10":"product_tag-bandit-fr","11":"product_tag-bingo-fr","12":"product_tag-bluey-fr","13":"product_tag-cardboard-fr","14":"product_tag-carton-fr","15":"product_tag-ceras-fr","16":"product_tag-chilli-fr","17":"product_tag-colores-fr","18":"product_tag-colorier-fr","19":"product_tag-colouring-fr","20":"product_tag-creatieve-fr","21":"product_tag-creative-fr","22":"product_tag-creatividad-fr","23":"product_tag-gomets-fr","24":"product_tag-honey-fr","25":"product_tag-laminas-fr","26":"product_tag-lapiz-fr","27":"product_tag-lucky-fr","28":"product_tag-mackenzie-fr","29":"product_tag-pegatinas-fr","30":"product_tag-personajes-fr","31":"product_tag-personnages-fr","32":"product_tag-rusty-fr","33":"product_tag-serie-fr","34":"product_tag-set-fr","35":"product_tag-templates-fr","36":"product_tag-tv-fr","38":"first","39":"instock","40":"shipping-taxable","41":"product-type-simple"},"acf":[],"yoast_head":"<!-- This site is optimized with the Yoast SEO plugin v27.1.1 - https:\/\/yoast.com\/product\/yoast-seo-wordpress\/ -->\n<title>Figures Bluey &quot;Creative Activity Set&quot; - Educa Borras<\/title>\n<meta name=\"description\" content=\"Set creativo para empezar a dibujar personajes de Bluey gracias a la ayuda de las plantillas en cart\u00f3n. Usando las ceras de colores, podr\u00e1n colorear infinitas veces a sus personajes favoritos.\" \/>\n<meta name=\"robots\" content=\"index, follow, max-snippet:-1, max-image-preview:large, max-video-preview:-1\" \/>\n<link rel=\"canonical\" href=\"https:\/\/www.educaborras.com\/fr\/produit\/19886-fr\/\" \/>\n<script type=\"application\/ld+json\" class=\"yoast-schema-graph\">{\"@context\":\"https:\/\/schema.org\",\"@graph\":[{\"@type\":\"WebPage\",\"@id\":\"https:\/\/www.educaborras.com\/fr\/produit\/19886-fr\/\",\"url\":\"https:\/\/www.educaborras.com\/fr\/produit\/19886-fr\/\",\"name\":\"Figures Bluey \\\"Creative Activity Set\\\" - Educa Borras\",\"isPartOf\":{\"@id\":\"https:\/\/www.educaborras.com\/fr\/#website\"},\"primaryImageOfPage\":{\"@id\":\"https:\/\/www.educaborras.com\/fr\/produit\/19886-fr\/#primaryimage\"},\"image\":{\"@id\":\"https:\/\/www.educaborras.com\/fr\/produit\/19886-fr\/#primaryimage\"},\"thumbnailUrl\":\"https:\/\/www.educaborras.com\/wp-content\/uploads\/19886_01_high.jpg\",\"datePublished\":\"2025-06-05T09:04:02+00:00\",\"dateModified\":\"2026-04-19T00:56:44+00:00\",\"description\":\"Set creativo para empezar a dibujar personajes de Bluey gracias a la ayuda de las plantillas en cart\u00f3n. Usando las ceras de colores, podr\u00e1n colorear infinitas veces a sus personajes favoritos.\",\"breadcrumb\":{\"@id\":\"https:\/\/www.educaborras.com\/fr\/produit\/19886-fr\/#breadcrumb\"},\"inLanguage\":\"fr-FR\",\"potentialAction\":[{\"@type\":\"ReadAction\",\"target\":[\"https:\/\/www.educaborras.com\/fr\/produit\/19886-fr\/\"]}]},{\"@type\":\"ImageObject\",\"inLanguage\":\"fr-FR\",\"@id\":\"https:\/\/www.educaborras.com\/fr\/produit\/19886-fr\/#primaryimage\",\"url\":\"https:\/\/www.educaborras.com\/wp-content\/uploads\/19886_01_high.jpg\",\"contentUrl\":\"https:\/\/www.educaborras.com\/wp-content\/uploads\/19886_01_high.jpg\",\"width\":2400,\"height\":2400},{\"@type\":\"BreadcrumbList\",\"@id\":\"https:\/\/www.educaborras.com\/fr\/produit\/19886-fr\/#breadcrumb\",\"itemListElement\":[{\"@type\":\"ListItem\",\"position\":1,\"name\":\"Portada\",\"item\":\"https:\/\/www.educaborras.com\/fr\/\"},{\"@type\":\"ListItem\",\"position\":2,\"name\":\"Produits\",\"item\":\"https:\/\/www.educaborras.com\/fr\/shop\/\"},{\"@type\":\"ListItem\",\"position\":3,\"name\":\"Figures Bluey &#8220;Creative Activity Set&#8221;\"}]},{\"@type\":\"WebSite\",\"@id\":\"https:\/\/www.educaborras.com\/fr\/#website\",\"url\":\"https:\/\/www.educaborras.com\/fr\/\",\"name\":\"Educa Borras\",\"description\":\"\",\"publisher\":{\"@id\":\"https:\/\/www.educaborras.com\/fr\/#organization\"},\"potentialAction\":[{\"@type\":\"SearchAction\",\"target\":{\"@type\":\"EntryPoint\",\"urlTemplate\":\"https:\/\/www.educaborras.com\/fr\/?s={search_term_string}\"},\"query-input\":{\"@type\":\"PropertyValueSpecification\",\"valueRequired\":true,\"valueName\":\"search_term_string\"}}],\"inLanguage\":\"fr-FR\"},{\"@type\":\"Organization\",\"@id\":\"https:\/\/www.educaborras.com\/fr\/#organization\",\"name\":\"Educa Borras\",\"url\":\"https:\/\/www.educaborras.com\/fr\/\",\"logo\":{\"@type\":\"ImageObject\",\"inLanguage\":\"fr-FR\",\"@id\":\"https:\/\/www.educaborras.com\/fr\/#\/schema\/logo\/image\/\",\"url\":\"https:\/\/www.educaborras.com\/wp-content\/uploads\/cropped-LOGOS-EDUCA-BORRAS_retina.png\",\"contentUrl\":\"https:\/\/www.educaborras.com\/wp-content\/uploads\/cropped-LOGOS-EDUCA-BORRAS_retina.png\",\"caption\":\"Educa Borras\"},\"image\":{\"@id\":\"https:\/\/www.educaborras.com\/fr\/#\/schema\/logo\/image\/\"}}]}<\/script>\n<!-- \/ Yoast SEO plugin. -->","yoast_head_json":{"title":"Figures Bluey \"Creative Activity Set\" - Educa Borras","description":"Set creativo para empezar a dibujar personajes de Bluey gracias a la ayuda de las plantillas en cart\u00f3n. Usando las ceras de colores, podr\u00e1n colorear infinitas veces a sus personajes favoritos.","robots":{"index":"index","follow":"follow","max-snippet":"max-snippet:-1","max-image-preview":"max-image-preview:large","max-video-preview":"max-video-preview:-1"},"canonical":"https:\/\/www.educaborras.com\/fr\/produit\/19886-fr\/","schema":{"@context":"https:\/\/schema.org","@graph":[{"@type":"WebPage","@id":"https:\/\/www.educaborras.com\/fr\/produit\/19886-fr\/","url":"https:\/\/www.educaborras.com\/fr\/produit\/19886-fr\/","name":"Figures Bluey \"Creative Activity Set\" - Educa Borras","isPartOf":{"@id":"https:\/\/www.educaborras.com\/fr\/#website"},"primaryImageOfPage":{"@id":"https:\/\/www.educaborras.com\/fr\/produit\/19886-fr\/#primaryimage"},"image":{"@id":"https:\/\/www.educaborras.com\/fr\/produit\/19886-fr\/#primaryimage"},"thumbnailUrl":"https:\/\/www.educaborras.com\/wp-content\/uploads\/19886_01_high.jpg","datePublished":"2025-06-05T09:04:02+00:00","dateModified":"2026-04-19T00:56:44+00:00","description":"Set creativo para empezar a dibujar personajes de Bluey gracias a la ayuda de las plantillas en cart\u00f3n. Usando las ceras de colores, podr\u00e1n colorear infinitas veces a sus personajes favoritos.","breadcrumb":{"@id":"https:\/\/www.educaborras.com\/fr\/produit\/19886-fr\/#breadcrumb"},"inLanguage":"fr-FR","potentialAction":[{"@type":"ReadAction","target":["https:\/\/www.educaborras.com\/fr\/produit\/19886-fr\/"]}]},{"@type":"ImageObject","inLanguage":"fr-FR","@id":"https:\/\/www.educaborras.com\/fr\/produit\/19886-fr\/#primaryimage","url":"https:\/\/www.educaborras.com\/wp-content\/uploads\/19886_01_high.jpg","contentUrl":"https:\/\/www.educaborras.com\/wp-content\/uploads\/19886_01_high.jpg","width":2400,"height":2400},{"@type":"BreadcrumbList","@id":"https:\/\/www.educaborras.com\/fr\/produit\/19886-fr\/#breadcrumb","itemListElement":[{"@type":"ListItem","position":1,"name":"Portada","item":"https:\/\/www.educaborras.com\/fr\/"},{"@type":"ListItem","position":2,"name":"Produits","item":"https:\/\/www.educaborras.com\/fr\/shop\/"},{"@type":"ListItem","position":3,"name":"Figures Bluey &#8220;Creative Activity Set&#8221;"}]},{"@type":"WebSite","@id":"https:\/\/www.educaborras.com\/fr\/#website","url":"https:\/\/www.educaborras.com\/fr\/","name":"Educa Borras","description":"","publisher":{"@id":"https:\/\/www.educaborras.com\/fr\/#organization"},"potentialAction":[{"@type":"SearchAction","target":{"@type":"EntryPoint","urlTemplate":"https:\/\/www.educaborras.com\/fr\/?s={search_term_string}"},"query-input":{"@type":"PropertyValueSpecification","valueRequired":true,"valueName":"search_term_string"}}],"inLanguage":"fr-FR"},{"@type":"Organization","@id":"https:\/\/www.educaborras.com\/fr\/#organization","name":"Educa Borras","url":"https:\/\/www.educaborras.com\/fr\/","logo":{"@type":"ImageObject","inLanguage":"fr-FR","@id":"https:\/\/www.educaborras.com\/fr\/#\/schema\/logo\/image\/","url":"https:\/\/www.educaborras.com\/wp-content\/uploads\/cropped-LOGOS-EDUCA-BORRAS_retina.png","contentUrl":"https:\/\/www.educaborras.com\/wp-content\/uploads\/cropped-LOGOS-EDUCA-BORRAS_retina.png","caption":"Educa Borras"},"image":{"@id":"https:\/\/www.educaborras.com\/fr\/#\/schema\/logo\/image\/"}}]}},"_links":{"self":[{"href":"https:\/\/www.educaborras.com\/fr\/wp-json\/wp\/v2\/product\/251101","targetHints":{"allow":["GET"]}}],"collection":[{"href":"https:\/\/www.educaborras.com\/fr\/wp-json\/wp\/v2\/product"}],"about":[{"href":"https:\/\/www.educaborras.com\/fr\/wp-json\/wp\/v2\/types\/product"}],"wp:featuredmedia":[{"embeddable":true,"href":"https:\/\/www.educaborras.com\/fr\/wp-json\/wp\/v2\/media\/120308"}],"wp:attachment":[{"href":"https:\/\/www.educaborras.com\/fr\/wp-json\/wp\/v2\/media?parent=251101"}],"wp:term":[{"taxonomy":"product_brand","embeddable":true,"href":"https:\/\/www.educaborras.com\/fr\/wp-json\/wp\/v2\/product_brand?post=251101"},{"taxonomy":"product_cat","embeddable":true,"href":"https:\/\/www.educaborras.com\/fr\/wp-json\/wp\/v2\/product_cat?post=251101"},{"taxonomy":"product_tag","embeddable":true,"href":"https:\/\/www.educaborras.com\/fr\/wp-json\/wp\/v2\/product_tag?post=251101"}],"curies":[{"name":"wp","href":"https:\/\/api.w.org\/{rel}","templated":true}]}}