{"id":251097,"date":"2025-06-05T11:04:06","date_gmt":"2025-06-05T09:04:06","guid":{"rendered":"https:\/\/www.educaborras.com\/product\/19885\/"},"modified":"2026-04-20T02:31:58","modified_gmt":"2026-04-20T00:31:58","slug":"19885-fr","status":"publish","type":"product","link":"https:\/\/www.educaborras.com\/fr\/produit\/19885-fr\/","title":{"rendered":"Templates Bluey \u00ab\u00a0Creative Activity Set\u00a0\u00bb"},"content":{"rendered":"<p>Set cr\u00e9atif pour d\u00e9corer les personnages ou objets en carton avec les autocollants color\u00e9s, et pour jouer avec eux une fois qu&rsquo;ils ont \u00e9t\u00e9 assembl\u00e9s et transform\u00e9s en personnages 3D. Avantages du jeu : D\u00e9veloppement de la motricit\u00e9 fine : Dext\u00e9rit\u00e9, attention et concentration pour coller et d\u00e9coller les autocollants. Et pour assembler les personnages\/objets en 3D. Apprentissage \u00e0 travers le jeu en encourageant : La r\u00e9solution de probl\u00e8mes et le jeu imaginatif. Contenu : 6 panneaux en carton pour assembler les 6 personnages sous licence et plus de 100 autocollants de diff\u00e9rentes couleurs.<\/p>\n","protected":false},"excerpt":{"rendered":"<p>Set cr\u00e9atif pour d\u00e9corer les personnages ou objets en carton avec les autocollants color\u00e9s, et pour jouer avec eux une fois qu&rsquo;ils ont \u00e9t\u00e9 assembl\u00e9s et transform\u00e9s en personnages 3D.<\/p>\n","protected":false},"featured_media":120288,"template":"","meta":{"_acf_changed":false},"product_brand":[],"product_cat":[73246,73544],"product_tag":[105263,82193,98565,98566,98567,90537,98570,75458,83600,105264,82029,82030,105265,97392,105266,105267,98574,98575,98578,98579,80327,98580,75589,98582,96733,98583,76208],"class_list":{"0":"post-251097","1":"product","2":"type-product","3":"status-publish","4":"has-post-thumbnail","6":"product_cat-activites-creatives","7":"product_cat-artistiques","8":"product_tag-19885-fr","9":"product_tag-3d-fr","10":"product_tag-activity-fr","11":"product_tag-bandit-fr","12":"product_tag-bingo-fr","13":"product_tag-bluey-fr","14":"product_tag-chilli-fr","15":"product_tag-colores-fr","16":"product_tag-construir-fr","17":"product_tag-construye-fr","18":"product_tag-creative-fr","19":"product_tag-creatividad-fr","20":"product_tag-decorar-fr","21":"product_tag-figura-fr","22":"product_tag-figuras-fr","23":"product_tag-figures-fr","24":"product_tag-gomets-fr","25":"product_tag-honey-fr","26":"product_tag-lucky-fr","27":"product_tag-mackenzie-fr","28":"product_tag-montar-fr","29":"product_tag-pegatinas-fr","30":"product_tag-personajes-fr","31":"product_tag-rusty-fr","32":"product_tag-serie-fr","33":"product_tag-set-fr","34":"product_tag-tv-fr","36":"first","37":"instock","38":"shipping-taxable","39":"product-type-simple"},"acf":[],"yoast_head":"<!-- This site is optimized with the Yoast SEO plugin v27.1.1 - https:\/\/yoast.com\/product\/yoast-seo-wordpress\/ -->\n<title>Templates Bluey &quot;Creative Activity Set&quot; - Educa Borras<\/title>\n<meta name=\"description\" content=\"Set creativo para decorar personajes u objetos de cart\u00f3n con pegatinas de colores y jugar con ellos una vez montados y transformados en personajes 3D.\" \/>\n<meta name=\"robots\" content=\"index, follow, max-snippet:-1, max-image-preview:large, max-video-preview:-1\" \/>\n<link rel=\"canonical\" href=\"https:\/\/www.educaborras.com\/fr\/produit\/19885-fr\/\" \/>\n<script type=\"application\/ld+json\" class=\"yoast-schema-graph\">{\"@context\":\"https:\/\/schema.org\",\"@graph\":[{\"@type\":\"WebPage\",\"@id\":\"https:\/\/www.educaborras.com\/fr\/produit\/19885-fr\/\",\"url\":\"https:\/\/www.educaborras.com\/fr\/produit\/19885-fr\/\",\"name\":\"Templates Bluey \\\"Creative Activity Set\\\" - Educa Borras\",\"isPartOf\":{\"@id\":\"https:\/\/www.educaborras.com\/fr\/#website\"},\"primaryImageOfPage\":{\"@id\":\"https:\/\/www.educaborras.com\/fr\/produit\/19885-fr\/#primaryimage\"},\"image\":{\"@id\":\"https:\/\/www.educaborras.com\/fr\/produit\/19885-fr\/#primaryimage\"},\"thumbnailUrl\":\"https:\/\/www.educaborras.com\/wp-content\/uploads\/19885_01_high.jpg\",\"datePublished\":\"2025-06-05T09:04:06+00:00\",\"dateModified\":\"2026-04-20T00:31:58+00:00\",\"description\":\"Set creativo para decorar personajes u objetos de cart\u00f3n con pegatinas de colores y jugar con ellos una vez montados y transformados en personajes 3D.\",\"breadcrumb\":{\"@id\":\"https:\/\/www.educaborras.com\/fr\/produit\/19885-fr\/#breadcrumb\"},\"inLanguage\":\"fr-FR\",\"potentialAction\":[{\"@type\":\"ReadAction\",\"target\":[\"https:\/\/www.educaborras.com\/fr\/produit\/19885-fr\/\"]}]},{\"@type\":\"ImageObject\",\"inLanguage\":\"fr-FR\",\"@id\":\"https:\/\/www.educaborras.com\/fr\/produit\/19885-fr\/#primaryimage\",\"url\":\"https:\/\/www.educaborras.com\/wp-content\/uploads\/19885_01_high.jpg\",\"contentUrl\":\"https:\/\/www.educaborras.com\/wp-content\/uploads\/19885_01_high.jpg\",\"width\":2400,\"height\":2400},{\"@type\":\"BreadcrumbList\",\"@id\":\"https:\/\/www.educaborras.com\/fr\/produit\/19885-fr\/#breadcrumb\",\"itemListElement\":[{\"@type\":\"ListItem\",\"position\":1,\"name\":\"Portada\",\"item\":\"https:\/\/www.educaborras.com\/fr\/\"},{\"@type\":\"ListItem\",\"position\":2,\"name\":\"Produits\",\"item\":\"https:\/\/www.educaborras.com\/fr\/shop\/\"},{\"@type\":\"ListItem\",\"position\":3,\"name\":\"Templates Bluey &#8220;Creative Activity Set&#8221;\"}]},{\"@type\":\"WebSite\",\"@id\":\"https:\/\/www.educaborras.com\/fr\/#website\",\"url\":\"https:\/\/www.educaborras.com\/fr\/\",\"name\":\"Educa Borras\",\"description\":\"\",\"publisher\":{\"@id\":\"https:\/\/www.educaborras.com\/fr\/#organization\"},\"potentialAction\":[{\"@type\":\"SearchAction\",\"target\":{\"@type\":\"EntryPoint\",\"urlTemplate\":\"https:\/\/www.educaborras.com\/fr\/?s={search_term_string}\"},\"query-input\":{\"@type\":\"PropertyValueSpecification\",\"valueRequired\":true,\"valueName\":\"search_term_string\"}}],\"inLanguage\":\"fr-FR\"},{\"@type\":\"Organization\",\"@id\":\"https:\/\/www.educaborras.com\/fr\/#organization\",\"name\":\"Educa Borras\",\"url\":\"https:\/\/www.educaborras.com\/fr\/\",\"logo\":{\"@type\":\"ImageObject\",\"inLanguage\":\"fr-FR\",\"@id\":\"https:\/\/www.educaborras.com\/fr\/#\/schema\/logo\/image\/\",\"url\":\"https:\/\/www.educaborras.com\/wp-content\/uploads\/cropped-LOGOS-EDUCA-BORRAS_retina.png\",\"contentUrl\":\"https:\/\/www.educaborras.com\/wp-content\/uploads\/cropped-LOGOS-EDUCA-BORRAS_retina.png\",\"caption\":\"Educa Borras\"},\"image\":{\"@id\":\"https:\/\/www.educaborras.com\/fr\/#\/schema\/logo\/image\/\"}}]}<\/script>\n<!-- \/ Yoast SEO plugin. -->","yoast_head_json":{"title":"Templates Bluey \"Creative Activity Set\" - Educa Borras","description":"Set creativo para decorar personajes u objetos de cart\u00f3n con pegatinas de colores y jugar con ellos una vez montados y transformados en personajes 3D.","robots":{"index":"index","follow":"follow","max-snippet":"max-snippet:-1","max-image-preview":"max-image-preview:large","max-video-preview":"max-video-preview:-1"},"canonical":"https:\/\/www.educaborras.com\/fr\/produit\/19885-fr\/","schema":{"@context":"https:\/\/schema.org","@graph":[{"@type":"WebPage","@id":"https:\/\/www.educaborras.com\/fr\/produit\/19885-fr\/","url":"https:\/\/www.educaborras.com\/fr\/produit\/19885-fr\/","name":"Templates Bluey \"Creative Activity Set\" - Educa Borras","isPartOf":{"@id":"https:\/\/www.educaborras.com\/fr\/#website"},"primaryImageOfPage":{"@id":"https:\/\/www.educaborras.com\/fr\/produit\/19885-fr\/#primaryimage"},"image":{"@id":"https:\/\/www.educaborras.com\/fr\/produit\/19885-fr\/#primaryimage"},"thumbnailUrl":"https:\/\/www.educaborras.com\/wp-content\/uploads\/19885_01_high.jpg","datePublished":"2025-06-05T09:04:06+00:00","dateModified":"2026-04-20T00:31:58+00:00","description":"Set creativo para decorar personajes u objetos de cart\u00f3n con pegatinas de colores y jugar con ellos una vez montados y transformados en personajes 3D.","breadcrumb":{"@id":"https:\/\/www.educaborras.com\/fr\/produit\/19885-fr\/#breadcrumb"},"inLanguage":"fr-FR","potentialAction":[{"@type":"ReadAction","target":["https:\/\/www.educaborras.com\/fr\/produit\/19885-fr\/"]}]},{"@type":"ImageObject","inLanguage":"fr-FR","@id":"https:\/\/www.educaborras.com\/fr\/produit\/19885-fr\/#primaryimage","url":"https:\/\/www.educaborras.com\/wp-content\/uploads\/19885_01_high.jpg","contentUrl":"https:\/\/www.educaborras.com\/wp-content\/uploads\/19885_01_high.jpg","width":2400,"height":2400},{"@type":"BreadcrumbList","@id":"https:\/\/www.educaborras.com\/fr\/produit\/19885-fr\/#breadcrumb","itemListElement":[{"@type":"ListItem","position":1,"name":"Portada","item":"https:\/\/www.educaborras.com\/fr\/"},{"@type":"ListItem","position":2,"name":"Produits","item":"https:\/\/www.educaborras.com\/fr\/shop\/"},{"@type":"ListItem","position":3,"name":"Templates Bluey &#8220;Creative Activity Set&#8221;"}]},{"@type":"WebSite","@id":"https:\/\/www.educaborras.com\/fr\/#website","url":"https:\/\/www.educaborras.com\/fr\/","name":"Educa Borras","description":"","publisher":{"@id":"https:\/\/www.educaborras.com\/fr\/#organization"},"potentialAction":[{"@type":"SearchAction","target":{"@type":"EntryPoint","urlTemplate":"https:\/\/www.educaborras.com\/fr\/?s={search_term_string}"},"query-input":{"@type":"PropertyValueSpecification","valueRequired":true,"valueName":"search_term_string"}}],"inLanguage":"fr-FR"},{"@type":"Organization","@id":"https:\/\/www.educaborras.com\/fr\/#organization","name":"Educa Borras","url":"https:\/\/www.educaborras.com\/fr\/","logo":{"@type":"ImageObject","inLanguage":"fr-FR","@id":"https:\/\/www.educaborras.com\/fr\/#\/schema\/logo\/image\/","url":"https:\/\/www.educaborras.com\/wp-content\/uploads\/cropped-LOGOS-EDUCA-BORRAS_retina.png","contentUrl":"https:\/\/www.educaborras.com\/wp-content\/uploads\/cropped-LOGOS-EDUCA-BORRAS_retina.png","caption":"Educa Borras"},"image":{"@id":"https:\/\/www.educaborras.com\/fr\/#\/schema\/logo\/image\/"}}]}},"_links":{"self":[{"href":"https:\/\/www.educaborras.com\/fr\/wp-json\/wp\/v2\/product\/251097","targetHints":{"allow":["GET"]}}],"collection":[{"href":"https:\/\/www.educaborras.com\/fr\/wp-json\/wp\/v2\/product"}],"about":[{"href":"https:\/\/www.educaborras.com\/fr\/wp-json\/wp\/v2\/types\/product"}],"wp:featuredmedia":[{"embeddable":true,"href":"https:\/\/www.educaborras.com\/fr\/wp-json\/wp\/v2\/media\/120288"}],"wp:attachment":[{"href":"https:\/\/www.educaborras.com\/fr\/wp-json\/wp\/v2\/media?parent=251097"}],"wp:term":[{"taxonomy":"product_brand","embeddable":true,"href":"https:\/\/www.educaborras.com\/fr\/wp-json\/wp\/v2\/product_brand?post=251097"},{"taxonomy":"product_cat","embeddable":true,"href":"https:\/\/www.educaborras.com\/fr\/wp-json\/wp\/v2\/product_cat?post=251097"},{"taxonomy":"product_tag","embeddable":true,"href":"https:\/\/www.educaborras.com\/fr\/wp-json\/wp\/v2\/product_tag?post=251097"}],"curies":[{"name":"wp","href":"https:\/\/api.w.org\/{rel}","templated":true}]}}