{"id":251089,"date":"2025-06-05T11:04:12","date_gmt":"2025-06-05T09:04:12","guid":{"rendered":"https:\/\/www.educaborras.com\/product\/20139\/"},"modified":"2026-04-20T02:41:18","modified_gmt":"2026-04-20T00:41:18","slug":"20139-fr","status":"publish","type":"product","link":"https:\/\/www.educaborras.com\/fr\/produit\/20139-fr\/","title":{"rendered":"Bouquet de Roses Floral Art"},"content":{"rendered":"<p>La bo\u00eete comprend tous les \u00e9l\u00e9ments n\u00e9cessaires pour cr\u00e9er votre bouquet de roses de notre nouvelle s\u00e9rie florale. Contenu : &#8211; Carton d\u00e9coup\u00e9, feuilles de papier pr\u00e9d\u00e9coup\u00e9es et imprim\u00e9es des deux c\u00f4t\u00e9s, tube en plastique d\u00e9coup\u00e9 en diff\u00e9rentes tailles, grille en plastique verte, grille en plastique jaune.<\/p>\n","protected":false},"excerpt":{"rendered":"<p>La bo\u00eete contient tous les \u00e9l\u00e9ments n\u00e9cessaires pour cr\u00e9er votre bouquet de roses de notre nouvelle s\u00e9rie Floral Art.<\/p>\n","protected":false},"featured_media":118508,"template":"","meta":{"_acf_changed":false},"product_brand":[],"product_cat":[73248],"product_tag":[104368,82025,98633,104369,82026,82027,82028,82029,82030,82031,82032,104370,82034,82035,98635,78313,98636,98637,91267,82041,82042,104371,104372,104373,98641,98642,98643],"class_list":{"0":"post-251089","1":"product","2":"type-product","3":"status-publish","4":"has-post-thumbnail","6":"product_cat-floral-art-fr","7":"product_tag-20139-fr","8":"product_tag-accessoires-fr","9":"product_tag-artisticos-serie-floral-fr","10":"product_tag-bouquet-of-roses-fr","11":"product_tag-crear-fr","12":"product_tag-creatif-fr","13":"product_tag-creativa-fr","14":"product_tag-creative-fr","15":"product_tag-creatividad-fr","16":"product_tag-creer-fr","17":"product_tag-design-fr","18":"product_tag-design-your-bouquet-of-roses-fr","19":"product_tag-designer-fr","20":"product_tag-diseno-fr","21":"product_tag-fantastique-fr","22":"product_tag-fantasy-fr","23":"product_tag-floral-fr","24":"product_tag-floral-art-fr","25":"product_tag-flower-fr","26":"product_tag-manualidad-fr","27":"product_tag-manualidades-fr","28":"product_tag-rosa-fr","29":"product_tag-rosas-fr","30":"product_tag-roses-fr","31":"product_tag-tendance-fr","32":"product_tag-tendancia-fr","33":"product_tag-trendy-fr","35":"first","36":"instock","37":"shipping-taxable","38":"product-type-simple"},"acf":[],"yoast_head":"<!-- This site is optimized with the Yoast SEO plugin v27.1.1 - https:\/\/yoast.com\/product\/yoast-seo-wordpress\/ -->\n<title>Bouquet de Roses Floral Art - Educa Borras<\/title>\n<meta name=\"description\" content=\"Un kit de manualidades para crear un precioso ramo de rosas de papel troquelado, sin necesidad de pegamento, ni tijeras. Ideal para adultos y ni\u00f1os.\" \/>\n<meta name=\"robots\" content=\"index, follow, max-snippet:-1, max-image-preview:large, max-video-preview:-1\" \/>\n<link rel=\"canonical\" href=\"https:\/\/www.educaborras.com\/fr\/produit\/20139-fr\/\" \/>\n<script type=\"application\/ld+json\" class=\"yoast-schema-graph\">{\"@context\":\"https:\/\/schema.org\",\"@graph\":[{\"@type\":\"WebPage\",\"@id\":\"https:\/\/www.educaborras.com\/fr\/produit\/20139-fr\/\",\"url\":\"https:\/\/www.educaborras.com\/fr\/produit\/20139-fr\/\",\"name\":\"Bouquet de Roses Floral Art - Educa Borras\",\"isPartOf\":{\"@id\":\"https:\/\/www.educaborras.com\/fr\/#website\"},\"primaryImageOfPage\":{\"@id\":\"https:\/\/www.educaborras.com\/fr\/produit\/20139-fr\/#primaryimage\"},\"image\":{\"@id\":\"https:\/\/www.educaborras.com\/fr\/produit\/20139-fr\/#primaryimage\"},\"thumbnailUrl\":\"https:\/\/www.educaborras.com\/wp-content\/uploads\/20139_01_high.jpg\",\"datePublished\":\"2025-06-05T09:04:12+00:00\",\"dateModified\":\"2026-04-20T00:41:18+00:00\",\"description\":\"Un kit de manualidades para crear un precioso ramo de rosas de papel troquelado, sin necesidad de pegamento, ni tijeras. Ideal para adultos y ni\u00f1os.\",\"breadcrumb\":{\"@id\":\"https:\/\/www.educaborras.com\/fr\/produit\/20139-fr\/#breadcrumb\"},\"inLanguage\":\"fr-FR\",\"potentialAction\":[{\"@type\":\"ReadAction\",\"target\":[\"https:\/\/www.educaborras.com\/fr\/produit\/20139-fr\/\"]}]},{\"@type\":\"ImageObject\",\"inLanguage\":\"fr-FR\",\"@id\":\"https:\/\/www.educaborras.com\/fr\/produit\/20139-fr\/#primaryimage\",\"url\":\"https:\/\/www.educaborras.com\/wp-content\/uploads\/20139_01_high.jpg\",\"contentUrl\":\"https:\/\/www.educaborras.com\/wp-content\/uploads\/20139_01_high.jpg\",\"width\":3000,\"height\":3000},{\"@type\":\"BreadcrumbList\",\"@id\":\"https:\/\/www.educaborras.com\/fr\/produit\/20139-fr\/#breadcrumb\",\"itemListElement\":[{\"@type\":\"ListItem\",\"position\":1,\"name\":\"Portada\",\"item\":\"https:\/\/www.educaborras.com\/fr\/\"},{\"@type\":\"ListItem\",\"position\":2,\"name\":\"Produits\",\"item\":\"https:\/\/www.educaborras.com\/fr\/shop\/\"},{\"@type\":\"ListItem\",\"position\":3,\"name\":\"Bouquet de Roses Floral Art\"}]},{\"@type\":\"WebSite\",\"@id\":\"https:\/\/www.educaborras.com\/fr\/#website\",\"url\":\"https:\/\/www.educaborras.com\/fr\/\",\"name\":\"Educa Borras\",\"description\":\"\",\"publisher\":{\"@id\":\"https:\/\/www.educaborras.com\/fr\/#organization\"},\"potentialAction\":[{\"@type\":\"SearchAction\",\"target\":{\"@type\":\"EntryPoint\",\"urlTemplate\":\"https:\/\/www.educaborras.com\/fr\/?s={search_term_string}\"},\"query-input\":{\"@type\":\"PropertyValueSpecification\",\"valueRequired\":true,\"valueName\":\"search_term_string\"}}],\"inLanguage\":\"fr-FR\"},{\"@type\":\"Organization\",\"@id\":\"https:\/\/www.educaborras.com\/fr\/#organization\",\"name\":\"Educa Borras\",\"url\":\"https:\/\/www.educaborras.com\/fr\/\",\"logo\":{\"@type\":\"ImageObject\",\"inLanguage\":\"fr-FR\",\"@id\":\"https:\/\/www.educaborras.com\/fr\/#\/schema\/logo\/image\/\",\"url\":\"https:\/\/www.educaborras.com\/wp-content\/uploads\/cropped-LOGOS-EDUCA-BORRAS_retina.png\",\"contentUrl\":\"https:\/\/www.educaborras.com\/wp-content\/uploads\/cropped-LOGOS-EDUCA-BORRAS_retina.png\",\"caption\":\"Educa Borras\"},\"image\":{\"@id\":\"https:\/\/www.educaborras.com\/fr\/#\/schema\/logo\/image\/\"}}]}<\/script>\n<!-- \/ Yoast SEO plugin. -->","yoast_head_json":{"title":"Bouquet de Roses Floral Art - Educa Borras","description":"Un kit de manualidades para crear un precioso ramo de rosas de papel troquelado, sin necesidad de pegamento, ni tijeras. Ideal para adultos y ni\u00f1os.","robots":{"index":"index","follow":"follow","max-snippet":"max-snippet:-1","max-image-preview":"max-image-preview:large","max-video-preview":"max-video-preview:-1"},"canonical":"https:\/\/www.educaborras.com\/fr\/produit\/20139-fr\/","schema":{"@context":"https:\/\/schema.org","@graph":[{"@type":"WebPage","@id":"https:\/\/www.educaborras.com\/fr\/produit\/20139-fr\/","url":"https:\/\/www.educaborras.com\/fr\/produit\/20139-fr\/","name":"Bouquet de Roses Floral Art - Educa Borras","isPartOf":{"@id":"https:\/\/www.educaborras.com\/fr\/#website"},"primaryImageOfPage":{"@id":"https:\/\/www.educaborras.com\/fr\/produit\/20139-fr\/#primaryimage"},"image":{"@id":"https:\/\/www.educaborras.com\/fr\/produit\/20139-fr\/#primaryimage"},"thumbnailUrl":"https:\/\/www.educaborras.com\/wp-content\/uploads\/20139_01_high.jpg","datePublished":"2025-06-05T09:04:12+00:00","dateModified":"2026-04-20T00:41:18+00:00","description":"Un kit de manualidades para crear un precioso ramo de rosas de papel troquelado, sin necesidad de pegamento, ni tijeras. Ideal para adultos y ni\u00f1os.","breadcrumb":{"@id":"https:\/\/www.educaborras.com\/fr\/produit\/20139-fr\/#breadcrumb"},"inLanguage":"fr-FR","potentialAction":[{"@type":"ReadAction","target":["https:\/\/www.educaborras.com\/fr\/produit\/20139-fr\/"]}]},{"@type":"ImageObject","inLanguage":"fr-FR","@id":"https:\/\/www.educaborras.com\/fr\/produit\/20139-fr\/#primaryimage","url":"https:\/\/www.educaborras.com\/wp-content\/uploads\/20139_01_high.jpg","contentUrl":"https:\/\/www.educaborras.com\/wp-content\/uploads\/20139_01_high.jpg","width":3000,"height":3000},{"@type":"BreadcrumbList","@id":"https:\/\/www.educaborras.com\/fr\/produit\/20139-fr\/#breadcrumb","itemListElement":[{"@type":"ListItem","position":1,"name":"Portada","item":"https:\/\/www.educaborras.com\/fr\/"},{"@type":"ListItem","position":2,"name":"Produits","item":"https:\/\/www.educaborras.com\/fr\/shop\/"},{"@type":"ListItem","position":3,"name":"Bouquet de Roses Floral Art"}]},{"@type":"WebSite","@id":"https:\/\/www.educaborras.com\/fr\/#website","url":"https:\/\/www.educaborras.com\/fr\/","name":"Educa Borras","description":"","publisher":{"@id":"https:\/\/www.educaborras.com\/fr\/#organization"},"potentialAction":[{"@type":"SearchAction","target":{"@type":"EntryPoint","urlTemplate":"https:\/\/www.educaborras.com\/fr\/?s={search_term_string}"},"query-input":{"@type":"PropertyValueSpecification","valueRequired":true,"valueName":"search_term_string"}}],"inLanguage":"fr-FR"},{"@type":"Organization","@id":"https:\/\/www.educaborras.com\/fr\/#organization","name":"Educa Borras","url":"https:\/\/www.educaborras.com\/fr\/","logo":{"@type":"ImageObject","inLanguage":"fr-FR","@id":"https:\/\/www.educaborras.com\/fr\/#\/schema\/logo\/image\/","url":"https:\/\/www.educaborras.com\/wp-content\/uploads\/cropped-LOGOS-EDUCA-BORRAS_retina.png","contentUrl":"https:\/\/www.educaborras.com\/wp-content\/uploads\/cropped-LOGOS-EDUCA-BORRAS_retina.png","caption":"Educa Borras"},"image":{"@id":"https:\/\/www.educaborras.com\/fr\/#\/schema\/logo\/image\/"}}]}},"_links":{"self":[{"href":"https:\/\/www.educaborras.com\/fr\/wp-json\/wp\/v2\/product\/251089","targetHints":{"allow":["GET"]}}],"collection":[{"href":"https:\/\/www.educaborras.com\/fr\/wp-json\/wp\/v2\/product"}],"about":[{"href":"https:\/\/www.educaborras.com\/fr\/wp-json\/wp\/v2\/types\/product"}],"wp:featuredmedia":[{"embeddable":true,"href":"https:\/\/www.educaborras.com\/fr\/wp-json\/wp\/v2\/media\/118508"}],"wp:attachment":[{"href":"https:\/\/www.educaborras.com\/fr\/wp-json\/wp\/v2\/media?parent=251089"}],"wp:term":[{"taxonomy":"product_brand","embeddable":true,"href":"https:\/\/www.educaborras.com\/fr\/wp-json\/wp\/v2\/product_brand?post=251089"},{"taxonomy":"product_cat","embeddable":true,"href":"https:\/\/www.educaborras.com\/fr\/wp-json\/wp\/v2\/product_cat?post=251089"},{"taxonomy":"product_tag","embeddable":true,"href":"https:\/\/www.educaborras.com\/fr\/wp-json\/wp\/v2\/product_tag?post=251089"}],"curies":[{"name":"wp","href":"https:\/\/api.w.org\/{rel}","templated":true}]}}