{"id":251069,"date":"2025-06-05T11:04:21","date_gmt":"2025-06-05T09:04:21","guid":{"rendered":"https:\/\/www.educaborras.com\/product\/20099\/"},"modified":"2026-05-03T03:50:23","modified_gmt":"2026-05-03T01:50:23","slug":"20099-fr","status":"publish","type":"product","link":"https:\/\/www.educaborras.com\/fr\/produit\/20099-fr\/","title":{"rendered":"My Model Doll Gala Night"},"content":{"rendered":"<p>Avec ce coffret de cr\u00e9ation, deviens styliste de mode en cr\u00e9ant des looks de gala incroyables pour ta poup\u00e9e ! La bo\u00eete comprend tous les \u00e9l\u00e9ments n\u00e9cessaires pour cr\u00e9er plus de 200 tenues avec les motifs imprim\u00e9s ainsi que les motifs en noir et blanc \u00e0 personnaliser. Il comprend un mannequin pour pr\u00e9senter les v\u00eatements con\u00e7us, 1 photocall pour prendre en photos vos cr\u00e9ations et un porte manteau pour ranger les tenues et accessoires de My Model. Contenu : &#8211; 1 poup\u00e9e articul\u00e9e \u00e0 assembler &#8211; Tissu avec motifs pr\u00e9-imprim\u00e9s &#8211; Tissu avec motifs non imprim\u00e9s &#8211; Accessoires de mode &#8211; Pinces \u00e0 v\u00eatements &#8211; 2 sacs de laine pour les cheveux &#8211; 1 outil de perforation &#8211; mannequin &#8211; armoire &#8211; autocollants &#8211; Instructions et instructions vid\u00e9o.<\/p>\n","protected":false},"excerpt":{"rendered":"<p>Avec ce coffret de cr\u00e9ation, deviens styliste de mode en cr\u00e9ant des looks de gala incroyables pour ta poup\u00e9e ! La bo\u00eete comprend tous les \u00e9l\u00e9ments n\u00e9cessaires pour cr\u00e9er plus de 200 tenues avec les motifs imprim\u00e9s ainsi que les motifs en noir et blanc \u00e0 personnaliser.<\/p>\n","protected":false},"featured_media":161825,"template":"","meta":{"_acf_changed":false},"product_brand":[],"product_cat":[73250],"product_tag":[87467,82025,87468,87469,82026,82027,82028,82029,82030,82031,82032,82033,82034,87470,82035,82036,87471,82037,87472,82038,82039,82040,82041,82042,82043,82044,82045,82046,87473,82047,87474,87475,82048,87476,82051,82052,82053,82054,87477,82055,82056,82057],"class_list":{"0":"post-251069","1":"product","2":"type-product","3":"status-publish","4":"has-post-thumbnail","6":"product_cat-my-model-fr","7":"product_tag-20099-fr","8":"product_tag-accessoires-fr","9":"product_tag-armario-para-montar-fr","10":"product_tag-clips-para-ropa-fr","11":"product_tag-crear-fr","12":"product_tag-creatif-fr","13":"product_tag-creativa-fr","14":"product_tag-creative-fr","15":"product_tag-creatividad-fr","16":"product_tag-creer-fr","17":"product_tag-design-fr","18":"product_tag-design-your-doll-fr","19":"product_tag-designer-fr","20":"product_tag-designers-kit-fr","21":"product_tag-diseno-fr","22":"product_tag-doll-fr","23":"product_tag-estampado-fr","24":"product_tag-fee-fr","25":"product_tag-gala-night-fr","26":"product_tag-look-fr","27":"product_tag-looks-fr","28":"product_tag-mannequin-fr","29":"product_tag-manualidad-fr","30":"product_tag-manualidades-fr","31":"product_tag-moda-fr","32":"product_tag-mode-fr","33":"product_tag-model-fr","34":"product_tag-muneca-fr","35":"product_tag-muneca-articulada-fr","36":"product_tag-my-model-fr","37":"product_tag-my-model-noche-de-gala-fr","38":"product_tag-noche-de-gala-fr","39":"product_tag-outfits-fr","40":"product_tag-patrones-fr","41":"product_tag-poupee-fr","42":"product_tag-sirene-fr","43":"product_tag-stylisme-fr","44":"product_tag-styliste-fr","45":"product_tag-tela-fr","46":"product_tag-tenues-fr","47":"product_tag-vetements-fr","48":"product_tag-your-fr","50":"first","51":"instock","52":"shipping-taxable","53":"product-type-simple"},"acf":[],"yoast_head":"<!-- This site is optimized with the Yoast SEO plugin v27.1.1 - https:\/\/yoast.com\/product\/yoast-seo-wordpress\/ -->\n<title>My Model Doll Gala Night - Educa Borras<\/title>\n<meta name=\"description\" content=\"Podr\u00e1s crear m\u00e1s de 300 looks diferentes, guardarlos en el armario o exponerlos en el maniqu\u00ed. Incorpora una tela con patrones estampados y otra con los patrones serigrafiados para poder dibujar y crear tus propios dise\u00f1os.\" \/>\n<meta name=\"robots\" content=\"index, follow, max-snippet:-1, max-image-preview:large, max-video-preview:-1\" \/>\n<link rel=\"canonical\" href=\"https:\/\/www.educaborras.com\/fr\/produit\/20099-fr\/\" \/>\n<meta name=\"twitter:label1\" content=\"Dur\u00e9e de lecture estim\u00e9e\" \/>\n\t<meta name=\"twitter:data1\" content=\"1 minute\" \/>\n<script type=\"application\/ld+json\" class=\"yoast-schema-graph\">{\"@context\":\"https:\/\/schema.org\",\"@graph\":[{\"@type\":\"WebPage\",\"@id\":\"https:\/\/www.educaborras.com\/fr\/produit\/20099-fr\/\",\"url\":\"https:\/\/www.educaborras.com\/fr\/produit\/20099-fr\/\",\"name\":\"My Model Doll Gala Night - Educa Borras\",\"isPartOf\":{\"@id\":\"https:\/\/www.educaborras.com\/fr\/#website\"},\"primaryImageOfPage\":{\"@id\":\"https:\/\/www.educaborras.com\/fr\/produit\/20099-fr\/#primaryimage\"},\"image\":{\"@id\":\"https:\/\/www.educaborras.com\/fr\/produit\/20099-fr\/#primaryimage\"},\"thumbnailUrl\":\"https:\/\/www.educaborras.com\/wp-content\/uploads\/20099_01_high-11.jpg\",\"datePublished\":\"2025-06-05T09:04:21+00:00\",\"dateModified\":\"2026-05-03T01:50:23+00:00\",\"description\":\"Podr\u00e1s crear m\u00e1s de 300 looks diferentes, guardarlos en el armario o exponerlos en el maniqu\u00ed. Incorpora una tela con patrones estampados y otra con los patrones serigrafiados para poder dibujar y crear tus propios dise\u00f1os.\",\"breadcrumb\":{\"@id\":\"https:\/\/www.educaborras.com\/fr\/produit\/20099-fr\/#breadcrumb\"},\"inLanguage\":\"fr-FR\",\"potentialAction\":[{\"@type\":\"ReadAction\",\"target\":[\"https:\/\/www.educaborras.com\/fr\/produit\/20099-fr\/\"]}]},{\"@type\":\"ImageObject\",\"inLanguage\":\"fr-FR\",\"@id\":\"https:\/\/www.educaborras.com\/fr\/produit\/20099-fr\/#primaryimage\",\"url\":\"https:\/\/www.educaborras.com\/wp-content\/uploads\/20099_01_high-11.jpg\",\"contentUrl\":\"https:\/\/www.educaborras.com\/wp-content\/uploads\/20099_01_high-11.jpg\"},{\"@type\":\"BreadcrumbList\",\"@id\":\"https:\/\/www.educaborras.com\/fr\/produit\/20099-fr\/#breadcrumb\",\"itemListElement\":[{\"@type\":\"ListItem\",\"position\":1,\"name\":\"Portada\",\"item\":\"https:\/\/www.educaborras.com\/fr\/\"},{\"@type\":\"ListItem\",\"position\":2,\"name\":\"Produits\",\"item\":\"https:\/\/www.educaborras.com\/fr\/shop\/\"},{\"@type\":\"ListItem\",\"position\":3,\"name\":\"My Model Doll Gala Night\"}]},{\"@type\":\"WebSite\",\"@id\":\"https:\/\/www.educaborras.com\/fr\/#website\",\"url\":\"https:\/\/www.educaborras.com\/fr\/\",\"name\":\"Educa Borras\",\"description\":\"\",\"publisher\":{\"@id\":\"https:\/\/www.educaborras.com\/fr\/#organization\"},\"potentialAction\":[{\"@type\":\"SearchAction\",\"target\":{\"@type\":\"EntryPoint\",\"urlTemplate\":\"https:\/\/www.educaborras.com\/fr\/?s={search_term_string}\"},\"query-input\":{\"@type\":\"PropertyValueSpecification\",\"valueRequired\":true,\"valueName\":\"search_term_string\"}}],\"inLanguage\":\"fr-FR\"},{\"@type\":\"Organization\",\"@id\":\"https:\/\/www.educaborras.com\/fr\/#organization\",\"name\":\"Educa Borras\",\"url\":\"https:\/\/www.educaborras.com\/fr\/\",\"logo\":{\"@type\":\"ImageObject\",\"inLanguage\":\"fr-FR\",\"@id\":\"https:\/\/www.educaborras.com\/fr\/#\/schema\/logo\/image\/\",\"url\":\"https:\/\/www.educaborras.com\/wp-content\/uploads\/cropped-LOGOS-EDUCA-BORRAS_retina.png\",\"contentUrl\":\"https:\/\/www.educaborras.com\/wp-content\/uploads\/cropped-LOGOS-EDUCA-BORRAS_retina.png\",\"caption\":\"Educa Borras\"},\"image\":{\"@id\":\"https:\/\/www.educaborras.com\/fr\/#\/schema\/logo\/image\/\"}}]}<\/script>\n<!-- \/ Yoast SEO plugin. -->","yoast_head_json":{"title":"My Model Doll Gala Night - Educa Borras","description":"Podr\u00e1s crear m\u00e1s de 300 looks diferentes, guardarlos en el armario o exponerlos en el maniqu\u00ed. Incorpora una tela con patrones estampados y otra con los patrones serigrafiados para poder dibujar y crear tus propios dise\u00f1os.","robots":{"index":"index","follow":"follow","max-snippet":"max-snippet:-1","max-image-preview":"max-image-preview:large","max-video-preview":"max-video-preview:-1"},"canonical":"https:\/\/www.educaborras.com\/fr\/produit\/20099-fr\/","twitter_misc":{"Dur\u00e9e de lecture estim\u00e9e":"1 minute"},"schema":{"@context":"https:\/\/schema.org","@graph":[{"@type":"WebPage","@id":"https:\/\/www.educaborras.com\/fr\/produit\/20099-fr\/","url":"https:\/\/www.educaborras.com\/fr\/produit\/20099-fr\/","name":"My Model Doll Gala Night - Educa Borras","isPartOf":{"@id":"https:\/\/www.educaborras.com\/fr\/#website"},"primaryImageOfPage":{"@id":"https:\/\/www.educaborras.com\/fr\/produit\/20099-fr\/#primaryimage"},"image":{"@id":"https:\/\/www.educaborras.com\/fr\/produit\/20099-fr\/#primaryimage"},"thumbnailUrl":"https:\/\/www.educaborras.com\/wp-content\/uploads\/20099_01_high-11.jpg","datePublished":"2025-06-05T09:04:21+00:00","dateModified":"2026-05-03T01:50:23+00:00","description":"Podr\u00e1s crear m\u00e1s de 300 looks diferentes, guardarlos en el armario o exponerlos en el maniqu\u00ed. Incorpora una tela con patrones estampados y otra con los patrones serigrafiados para poder dibujar y crear tus propios dise\u00f1os.","breadcrumb":{"@id":"https:\/\/www.educaborras.com\/fr\/produit\/20099-fr\/#breadcrumb"},"inLanguage":"fr-FR","potentialAction":[{"@type":"ReadAction","target":["https:\/\/www.educaborras.com\/fr\/produit\/20099-fr\/"]}]},{"@type":"ImageObject","inLanguage":"fr-FR","@id":"https:\/\/www.educaborras.com\/fr\/produit\/20099-fr\/#primaryimage","url":"https:\/\/www.educaborras.com\/wp-content\/uploads\/20099_01_high-11.jpg","contentUrl":"https:\/\/www.educaborras.com\/wp-content\/uploads\/20099_01_high-11.jpg"},{"@type":"BreadcrumbList","@id":"https:\/\/www.educaborras.com\/fr\/produit\/20099-fr\/#breadcrumb","itemListElement":[{"@type":"ListItem","position":1,"name":"Portada","item":"https:\/\/www.educaborras.com\/fr\/"},{"@type":"ListItem","position":2,"name":"Produits","item":"https:\/\/www.educaborras.com\/fr\/shop\/"},{"@type":"ListItem","position":3,"name":"My Model Doll Gala Night"}]},{"@type":"WebSite","@id":"https:\/\/www.educaborras.com\/fr\/#website","url":"https:\/\/www.educaborras.com\/fr\/","name":"Educa Borras","description":"","publisher":{"@id":"https:\/\/www.educaborras.com\/fr\/#organization"},"potentialAction":[{"@type":"SearchAction","target":{"@type":"EntryPoint","urlTemplate":"https:\/\/www.educaborras.com\/fr\/?s={search_term_string}"},"query-input":{"@type":"PropertyValueSpecification","valueRequired":true,"valueName":"search_term_string"}}],"inLanguage":"fr-FR"},{"@type":"Organization","@id":"https:\/\/www.educaborras.com\/fr\/#organization","name":"Educa Borras","url":"https:\/\/www.educaborras.com\/fr\/","logo":{"@type":"ImageObject","inLanguage":"fr-FR","@id":"https:\/\/www.educaborras.com\/fr\/#\/schema\/logo\/image\/","url":"https:\/\/www.educaborras.com\/wp-content\/uploads\/cropped-LOGOS-EDUCA-BORRAS_retina.png","contentUrl":"https:\/\/www.educaborras.com\/wp-content\/uploads\/cropped-LOGOS-EDUCA-BORRAS_retina.png","caption":"Educa Borras"},"image":{"@id":"https:\/\/www.educaborras.com\/fr\/#\/schema\/logo\/image\/"}}]}},"_links":{"self":[{"href":"https:\/\/www.educaborras.com\/fr\/wp-json\/wp\/v2\/product\/251069","targetHints":{"allow":["GET"]}}],"collection":[{"href":"https:\/\/www.educaborras.com\/fr\/wp-json\/wp\/v2\/product"}],"about":[{"href":"https:\/\/www.educaborras.com\/fr\/wp-json\/wp\/v2\/types\/product"}],"wp:featuredmedia":[{"embeddable":true,"href":"https:\/\/www.educaborras.com\/fr\/wp-json\/wp\/v2\/media\/161825"}],"wp:attachment":[{"href":"https:\/\/www.educaborras.com\/fr\/wp-json\/wp\/v2\/media?parent=251069"}],"wp:term":[{"taxonomy":"product_brand","embeddable":true,"href":"https:\/\/www.educaborras.com\/fr\/wp-json\/wp\/v2\/product_brand?post=251069"},{"taxonomy":"product_cat","embeddable":true,"href":"https:\/\/www.educaborras.com\/fr\/wp-json\/wp\/v2\/product_cat?post=251069"},{"taxonomy":"product_tag","embeddable":true,"href":"https:\/\/www.educaborras.com\/fr\/wp-json\/wp\/v2\/product_tag?post=251069"}],"curies":[{"name":"wp","href":"https:\/\/api.w.org\/{rel}","templated":true}]}}