{"id":251061,"date":"2025-06-05T11:04:26","date_gmt":"2025-06-05T09:04:26","guid":{"rendered":"https:\/\/www.educaborras.com\/product\/20098\/"},"modified":"2026-04-30T03:30:24","modified_gmt":"2026-04-30T01:30:24","slug":"20098-fr","status":"publish","type":"product","link":"https:\/\/www.educaborras.com\/fr\/produit\/20098-fr\/","title":{"rendered":"My Model Doll Animal Print"},"content":{"rendered":"<p>My Model, ta poup\u00e9e, ton style ! Avec My Model, deviens styliste et cr\u00e9e des looks et coiffures incroyables pour ta poup\u00e9e. Dans ce coffret tu as tout ce qu\u2019il faut pour cr\u00e9er de superbes tenues Animal Print hyper tendance. D\u00e9coupe le tissu en suivant les trac\u00e9s imprim\u00e9s. Tu peux meme dessiner tes propres motifs sur certaines pi\u00e8ces de tissu. Facile ! Pas de fil ni d\u2019aiguille, les vetements se clippent sur la poup\u00e9e. Utilise ensuite les fils de laine pour cr\u00e9er sa chevelure et cr\u00e9er des coiffures extraordinaires. En associant les vetements, cheveux et accessoires de diff\u00e9rentes manicres tu peux cr\u00e9er plus de 150 looks diff\u00e9rents ! Avec les nombreux accessoires inclus personnalise encore plus ton mannequin : chaussures, sacs, bijoux, lunettes&#8230; Ca y est ta poup\u00e9e est habill\u00e9e, tu peux maintenant jouer avec elle et lui faire prendre des poses car elle est articul\u00e9e ! Contient : 1 poup\u00e9e articul\u00e9e \u00e0 assembler, 1 bande de tissu pr\u00e9-imprim\u00e9, 23 accessoires de mode, 26 autocollants, des clips pour vetements, 8 \u00e9cheveaux de laine, 1 outil de perforation du tissu, instructions.<\/p>\n","protected":false},"excerpt":{"rendered":"<p>My Model, ta poup\u00e9e, ton style ! Avec My Model, deviens styliste et cr\u00e9e des looks et coiffures incroyables pour ta poup\u00e9e. Dans ce coffret tu as tout ce qu\u2019il faut pour cr\u00e9er des tenues Animal Print hyper tendance.<\/p>\n","protected":false},"featured_media":161855,"template":"","meta":{"_acf_changed":false},"product_brand":[],"product_cat":[73250],"product_tag":[101697,82025,101698,82026,82027,82028,82029,82030,82031,82032,82033,82034,82035,82036,101699,98635,78313,82037,82038,82039,82040,82041,82042,82043,82044,82045,101700,82046,82047,82048,82051,82052,82053,82054,98641,98642,82055,98643,82056,101701,82057],"class_list":{"0":"post-251061","1":"product","2":"type-product","3":"status-publish","4":"has-post-thumbnail","6":"product_cat-my-model-fr","7":"product_tag-20098-fr","8":"product_tag-accessoires-fr","9":"product_tag-casual-fr","10":"product_tag-crear-fr","11":"product_tag-creatif-fr","12":"product_tag-creativa-fr","13":"product_tag-creative-fr","14":"product_tag-creatividad-fr","15":"product_tag-creer-fr","16":"product_tag-design-fr","17":"product_tag-design-your-doll-fr","18":"product_tag-designer-fr","19":"product_tag-diseno-fr","20":"product_tag-doll-fr","21":"product_tag-fantaisie-fr","22":"product_tag-fantastique-fr","23":"product_tag-fantasy-fr","24":"product_tag-fee-fr","25":"product_tag-look-fr","26":"product_tag-looks-fr","27":"product_tag-mannequin-fr","28":"product_tag-manualidad-fr","29":"product_tag-manualidades-fr","30":"product_tag-moda-fr","31":"product_tag-mode-fr","32":"product_tag-model-fr","33":"product_tag-model-wild-print-fr","34":"product_tag-muneca-fr","35":"product_tag-my-model-fr","36":"product_tag-outfits-fr","37":"product_tag-poupee-fr","38":"product_tag-sirene-fr","39":"product_tag-stylisme-fr","40":"product_tag-styliste-fr","41":"product_tag-tendance-fr","42":"product_tag-tendancia-fr","43":"product_tag-tenues-fr","44":"product_tag-trendy-fr","45":"product_tag-vetements-fr","46":"product_tag-wild-print-fr","47":"product_tag-your-fr","49":"first","50":"instock","51":"shipping-taxable","52":"product-type-simple"},"acf":[],"yoast_head":"<!-- This site is optimized with the Yoast SEO plugin v27.1.1 - https:\/\/yoast.com\/product\/yoast-seo-wordpress\/ -->\n<title>My Model Doll Animal Print - Educa Borras<\/title>\n<meta name=\"description\" content=\"La caja incluye todos los elementos necesarios para crear conjuntos de moda \u201cAnimal Print\u201d: ropa de calle, deportiva, para el d\u00eda a d\u00eda.\" \/>\n<meta name=\"robots\" content=\"index, follow, max-snippet:-1, max-image-preview:large, max-video-preview:-1\" \/>\n<link rel=\"canonical\" href=\"https:\/\/www.educaborras.com\/fr\/produit\/20098-fr\/\" \/>\n<meta name=\"twitter:label1\" content=\"Dur\u00e9e de lecture estim\u00e9e\" \/>\n\t<meta name=\"twitter:data1\" content=\"1 minute\" \/>\n<script type=\"application\/ld+json\" class=\"yoast-schema-graph\">{\"@context\":\"https:\/\/schema.org\",\"@graph\":[{\"@type\":\"WebPage\",\"@id\":\"https:\/\/www.educaborras.com\/fr\/produit\/20098-fr\/\",\"url\":\"https:\/\/www.educaborras.com\/fr\/produit\/20098-fr\/\",\"name\":\"My Model Doll Animal Print - Educa Borras\",\"isPartOf\":{\"@id\":\"https:\/\/www.educaborras.com\/fr\/#website\"},\"primaryImageOfPage\":{\"@id\":\"https:\/\/www.educaborras.com\/fr\/produit\/20098-fr\/#primaryimage\"},\"image\":{\"@id\":\"https:\/\/www.educaborras.com\/fr\/produit\/20098-fr\/#primaryimage\"},\"thumbnailUrl\":\"https:\/\/www.educaborras.com\/wp-content\/uploads\/20098_01_high-11.jpg\",\"datePublished\":\"2025-06-05T09:04:26+00:00\",\"dateModified\":\"2026-04-30T01:30:24+00:00\",\"description\":\"La caja incluye todos los elementos necesarios para crear conjuntos de moda \u201cAnimal Print\u201d: ropa de calle, deportiva, para el d\u00eda a d\u00eda.\",\"breadcrumb\":{\"@id\":\"https:\/\/www.educaborras.com\/fr\/produit\/20098-fr\/#breadcrumb\"},\"inLanguage\":\"fr-FR\",\"potentialAction\":[{\"@type\":\"ReadAction\",\"target\":[\"https:\/\/www.educaborras.com\/fr\/produit\/20098-fr\/\"]}]},{\"@type\":\"ImageObject\",\"inLanguage\":\"fr-FR\",\"@id\":\"https:\/\/www.educaborras.com\/fr\/produit\/20098-fr\/#primaryimage\",\"url\":\"https:\/\/www.educaborras.com\/wp-content\/uploads\/20098_01_high-11.jpg\",\"contentUrl\":\"https:\/\/www.educaborras.com\/wp-content\/uploads\/20098_01_high-11.jpg\"},{\"@type\":\"BreadcrumbList\",\"@id\":\"https:\/\/www.educaborras.com\/fr\/produit\/20098-fr\/#breadcrumb\",\"itemListElement\":[{\"@type\":\"ListItem\",\"position\":1,\"name\":\"Portada\",\"item\":\"https:\/\/www.educaborras.com\/fr\/\"},{\"@type\":\"ListItem\",\"position\":2,\"name\":\"Produits\",\"item\":\"https:\/\/www.educaborras.com\/fr\/shop\/\"},{\"@type\":\"ListItem\",\"position\":3,\"name\":\"My Model Doll Animal Print\"}]},{\"@type\":\"WebSite\",\"@id\":\"https:\/\/www.educaborras.com\/fr\/#website\",\"url\":\"https:\/\/www.educaborras.com\/fr\/\",\"name\":\"Educa Borras\",\"description\":\"\",\"publisher\":{\"@id\":\"https:\/\/www.educaborras.com\/fr\/#organization\"},\"potentialAction\":[{\"@type\":\"SearchAction\",\"target\":{\"@type\":\"EntryPoint\",\"urlTemplate\":\"https:\/\/www.educaborras.com\/fr\/?s={search_term_string}\"},\"query-input\":{\"@type\":\"PropertyValueSpecification\",\"valueRequired\":true,\"valueName\":\"search_term_string\"}}],\"inLanguage\":\"fr-FR\"},{\"@type\":\"Organization\",\"@id\":\"https:\/\/www.educaborras.com\/fr\/#organization\",\"name\":\"Educa Borras\",\"url\":\"https:\/\/www.educaborras.com\/fr\/\",\"logo\":{\"@type\":\"ImageObject\",\"inLanguage\":\"fr-FR\",\"@id\":\"https:\/\/www.educaborras.com\/fr\/#\/schema\/logo\/image\/\",\"url\":\"https:\/\/www.educaborras.com\/wp-content\/uploads\/cropped-LOGOS-EDUCA-BORRAS_retina.png\",\"contentUrl\":\"https:\/\/www.educaborras.com\/wp-content\/uploads\/cropped-LOGOS-EDUCA-BORRAS_retina.png\",\"caption\":\"Educa Borras\"},\"image\":{\"@id\":\"https:\/\/www.educaborras.com\/fr\/#\/schema\/logo\/image\/\"}}]}<\/script>\n<!-- \/ Yoast SEO plugin. -->","yoast_head_json":{"title":"My Model Doll Animal Print - Educa Borras","description":"La caja incluye todos los elementos necesarios para crear conjuntos de moda \u201cAnimal Print\u201d: ropa de calle, deportiva, para el d\u00eda a d\u00eda.","robots":{"index":"index","follow":"follow","max-snippet":"max-snippet:-1","max-image-preview":"max-image-preview:large","max-video-preview":"max-video-preview:-1"},"canonical":"https:\/\/www.educaborras.com\/fr\/produit\/20098-fr\/","twitter_misc":{"Dur\u00e9e de lecture estim\u00e9e":"1 minute"},"schema":{"@context":"https:\/\/schema.org","@graph":[{"@type":"WebPage","@id":"https:\/\/www.educaborras.com\/fr\/produit\/20098-fr\/","url":"https:\/\/www.educaborras.com\/fr\/produit\/20098-fr\/","name":"My Model Doll Animal Print - Educa Borras","isPartOf":{"@id":"https:\/\/www.educaborras.com\/fr\/#website"},"primaryImageOfPage":{"@id":"https:\/\/www.educaborras.com\/fr\/produit\/20098-fr\/#primaryimage"},"image":{"@id":"https:\/\/www.educaborras.com\/fr\/produit\/20098-fr\/#primaryimage"},"thumbnailUrl":"https:\/\/www.educaborras.com\/wp-content\/uploads\/20098_01_high-11.jpg","datePublished":"2025-06-05T09:04:26+00:00","dateModified":"2026-04-30T01:30:24+00:00","description":"La caja incluye todos los elementos necesarios para crear conjuntos de moda \u201cAnimal Print\u201d: ropa de calle, deportiva, para el d\u00eda a d\u00eda.","breadcrumb":{"@id":"https:\/\/www.educaborras.com\/fr\/produit\/20098-fr\/#breadcrumb"},"inLanguage":"fr-FR","potentialAction":[{"@type":"ReadAction","target":["https:\/\/www.educaborras.com\/fr\/produit\/20098-fr\/"]}]},{"@type":"ImageObject","inLanguage":"fr-FR","@id":"https:\/\/www.educaborras.com\/fr\/produit\/20098-fr\/#primaryimage","url":"https:\/\/www.educaborras.com\/wp-content\/uploads\/20098_01_high-11.jpg","contentUrl":"https:\/\/www.educaborras.com\/wp-content\/uploads\/20098_01_high-11.jpg"},{"@type":"BreadcrumbList","@id":"https:\/\/www.educaborras.com\/fr\/produit\/20098-fr\/#breadcrumb","itemListElement":[{"@type":"ListItem","position":1,"name":"Portada","item":"https:\/\/www.educaborras.com\/fr\/"},{"@type":"ListItem","position":2,"name":"Produits","item":"https:\/\/www.educaborras.com\/fr\/shop\/"},{"@type":"ListItem","position":3,"name":"My Model Doll Animal Print"}]},{"@type":"WebSite","@id":"https:\/\/www.educaborras.com\/fr\/#website","url":"https:\/\/www.educaborras.com\/fr\/","name":"Educa Borras","description":"","publisher":{"@id":"https:\/\/www.educaborras.com\/fr\/#organization"},"potentialAction":[{"@type":"SearchAction","target":{"@type":"EntryPoint","urlTemplate":"https:\/\/www.educaborras.com\/fr\/?s={search_term_string}"},"query-input":{"@type":"PropertyValueSpecification","valueRequired":true,"valueName":"search_term_string"}}],"inLanguage":"fr-FR"},{"@type":"Organization","@id":"https:\/\/www.educaborras.com\/fr\/#organization","name":"Educa Borras","url":"https:\/\/www.educaborras.com\/fr\/","logo":{"@type":"ImageObject","inLanguage":"fr-FR","@id":"https:\/\/www.educaborras.com\/fr\/#\/schema\/logo\/image\/","url":"https:\/\/www.educaborras.com\/wp-content\/uploads\/cropped-LOGOS-EDUCA-BORRAS_retina.png","contentUrl":"https:\/\/www.educaborras.com\/wp-content\/uploads\/cropped-LOGOS-EDUCA-BORRAS_retina.png","caption":"Educa Borras"},"image":{"@id":"https:\/\/www.educaborras.com\/fr\/#\/schema\/logo\/image\/"}}]}},"_links":{"self":[{"href":"https:\/\/www.educaborras.com\/fr\/wp-json\/wp\/v2\/product\/251061","targetHints":{"allow":["GET"]}}],"collection":[{"href":"https:\/\/www.educaborras.com\/fr\/wp-json\/wp\/v2\/product"}],"about":[{"href":"https:\/\/www.educaborras.com\/fr\/wp-json\/wp\/v2\/types\/product"}],"wp:featuredmedia":[{"embeddable":true,"href":"https:\/\/www.educaborras.com\/fr\/wp-json\/wp\/v2\/media\/161855"}],"wp:attachment":[{"href":"https:\/\/www.educaborras.com\/fr\/wp-json\/wp\/v2\/media?parent=251061"}],"wp:term":[{"taxonomy":"product_brand","embeddable":true,"href":"https:\/\/www.educaborras.com\/fr\/wp-json\/wp\/v2\/product_brand?post=251061"},{"taxonomy":"product_cat","embeddable":true,"href":"https:\/\/www.educaborras.com\/fr\/wp-json\/wp\/v2\/product_cat?post=251061"},{"taxonomy":"product_tag","embeddable":true,"href":"https:\/\/www.educaborras.com\/fr\/wp-json\/wp\/v2\/product_tag?post=251061"}],"curies":[{"name":"wp","href":"https:\/\/api.w.org\/{rel}","templated":true}]}}