{"id":251045,"date":"2025-06-05T11:04:33","date_gmt":"2025-06-05T09:04:33","guid":{"rendered":"https:\/\/www.educaborras.com\/product\/18479\/"},"modified":"2026-05-01T03:10:51","modified_gmt":"2026-05-01T01:10:51","slug":"18479-fr","status":"publish","type":"product","link":"https:\/\/www.educaborras.com\/fr\/produit\/18479-fr\/","title":{"rendered":"500 Biblioth\u00e8que &lsquo;Enigmatic Puzzle&rsquo;"},"content":{"rendered":"<p>Une \u00e9nigme dans chaque recoin de l&rsquo;image. Nbr de pi\u00e8ces: 500. Dimension approximative du puzzle assembl\u00e9: 48 x 34 cm. Contient \u00e9galement un sachet de colle sp\u00e9ciale FIX PUZZLE pour fixer le puzzle une fois assembl\u00e9.<\/p>\n","protected":false},"excerpt":{"rendered":"<p>Une \u00e9nigme dans chaque recoin de l&rsquo;image. Nbr de pi\u00e8ces: 500.<\/p>\n","protected":false},"featured_media":161900,"template":"","meta":{"_acf_changed":false},"product_brand":[],"product_cat":[73263],"product_tag":[74344,94705,82355,82309,94706,94707,94708,74204,74206,94709,94710,94711,94712,80324,94713,82310,82311,94714,94715,94716,94717,94718,94719,74347,74495,82357,74496,74497,75657,74054,82312,94720,94721,94722,82313,74216,94723,82314,82315,74348,82318],"class_list":{"0":"post-251045","1":"product","2":"type-product","3":"status-publish","4":"has-post-thumbnail","6":"product_cat-produit-discontinue","7":"product_tag-piezas-fr","8":"product_tag-18479-fr","9":"product_tag-2020-fr","10":"product_tag-500-fr","11":"product_tag-antique-library-fr","12":"product_tag-biblioteca-fr","13":"product_tag-biblioteca-antigua-fr","14":"product_tag-educa-fr","15":"product_tag-educa-borras-puzzle-fr","16":"product_tag-enigma-fr","17":"product_tag-enigma-puzzle-fr","18":"product_tag-enigmatic-fr","19":"product_tag-enigmatic-puzzle-fr","20":"product_tag-fix-puzzle-fr","21":"product_tag-hidden-objects-fr","22":"product_tag-jigsaw-fr","23":"product_tag-jigsaw-puzzle-fr","24":"product_tag-library-fr","25":"product_tag-misteri-fr","26":"product_tag-misterio-fr","27":"product_tag-mystery-fr","28":"product_tag-objectes-amagats-fr","29":"product_tag-objetos-escondidos-fr","30":"product_tag-peca-fr","31":"product_tag-peces-fr","32":"product_tag-picce-fr","33":"product_tag-piece-fr","34":"product_tag-pieces-fr","35":"product_tag-puzle-fr","36":"product_tag-puzzle-fr","37":"product_tag-puzzle-500-fr","38":"product_tag-puzzle-con-librito-fr","39":"product_tag-puzzle-enigma-biblioteca-fr","40":"product_tag-puzzle-misterio-fr","41":"product_tag-puzzle-pasion-fr","42":"product_tag-puzzle-passion-fr","43":"product_tag-puzzle-with-leaflet-fr","44":"product_tag-puzzlemania-fr","45":"product_tag-puzzlepassion-fr","46":"product_tag-rompecabezas-fr","47":"product_tag-trencaclosques-fr","49":"first","50":"instock","51":"shipping-taxable","52":"product-type-simple"},"acf":[],"yoast_head":"<!-- This site is optimized with the Yoast SEO plugin v27.1.1 - https:\/\/yoast.com\/product\/yoast-seo-wordpress\/ -->\n<title>500 Biblioth\u00e8que &#039;Enigmatic Puzzle&#039; - Educa Borras<\/title>\n<meta name=\"robots\" content=\"index, follow, max-snippet:-1, max-image-preview:large, max-video-preview:-1\" \/>\n<link rel=\"canonical\" href=\"https:\/\/www.educaborras.com\/fr\/produit\/18479-fr\/\" \/>\n<script type=\"application\/ld+json\" class=\"yoast-schema-graph\">{\"@context\":\"https:\/\/schema.org\",\"@graph\":[{\"@type\":\"WebPage\",\"@id\":\"https:\/\/www.educaborras.com\/fr\/produit\/18479-fr\/\",\"url\":\"https:\/\/www.educaborras.com\/fr\/produit\/18479-fr\/\",\"name\":\"500 Biblioth\u00e8que 'Enigmatic Puzzle' - Educa Borras\",\"isPartOf\":{\"@id\":\"https:\/\/www.educaborras.com\/fr\/#website\"},\"primaryImageOfPage\":{\"@id\":\"https:\/\/www.educaborras.com\/fr\/produit\/18479-fr\/#primaryimage\"},\"image\":{\"@id\":\"https:\/\/www.educaborras.com\/fr\/produit\/18479-fr\/#primaryimage\"},\"thumbnailUrl\":\"https:\/\/www.educaborras.com\/wp-content\/uploads\/18479_01_med-16.jpg\",\"datePublished\":\"2025-06-05T09:04:33+00:00\",\"dateModified\":\"2026-05-01T01:10:51+00:00\",\"breadcrumb\":{\"@id\":\"https:\/\/www.educaborras.com\/fr\/produit\/18479-fr\/#breadcrumb\"},\"inLanguage\":\"fr-FR\",\"potentialAction\":[{\"@type\":\"ReadAction\",\"target\":[\"https:\/\/www.educaborras.com\/fr\/produit\/18479-fr\/\"]}]},{\"@type\":\"ImageObject\",\"inLanguage\":\"fr-FR\",\"@id\":\"https:\/\/www.educaborras.com\/fr\/produit\/18479-fr\/#primaryimage\",\"url\":\"https:\/\/www.educaborras.com\/wp-content\/uploads\/18479_01_med-16.jpg\",\"contentUrl\":\"https:\/\/www.educaborras.com\/wp-content\/uploads\/18479_01_med-16.jpg\"},{\"@type\":\"BreadcrumbList\",\"@id\":\"https:\/\/www.educaborras.com\/fr\/produit\/18479-fr\/#breadcrumb\",\"itemListElement\":[{\"@type\":\"ListItem\",\"position\":1,\"name\":\"Portada\",\"item\":\"https:\/\/www.educaborras.com\/fr\/\"},{\"@type\":\"ListItem\",\"position\":2,\"name\":\"Produits\",\"item\":\"https:\/\/www.educaborras.com\/fr\/shop\/\"},{\"@type\":\"ListItem\",\"position\":3,\"name\":\"500 Biblioth\u00e8que &#8216;Enigmatic Puzzle&#8217;\"}]},{\"@type\":\"WebSite\",\"@id\":\"https:\/\/www.educaborras.com\/fr\/#website\",\"url\":\"https:\/\/www.educaborras.com\/fr\/\",\"name\":\"Educa Borras\",\"description\":\"\",\"publisher\":{\"@id\":\"https:\/\/www.educaborras.com\/fr\/#organization\"},\"potentialAction\":[{\"@type\":\"SearchAction\",\"target\":{\"@type\":\"EntryPoint\",\"urlTemplate\":\"https:\/\/www.educaborras.com\/fr\/?s={search_term_string}\"},\"query-input\":{\"@type\":\"PropertyValueSpecification\",\"valueRequired\":true,\"valueName\":\"search_term_string\"}}],\"inLanguage\":\"fr-FR\"},{\"@type\":\"Organization\",\"@id\":\"https:\/\/www.educaborras.com\/fr\/#organization\",\"name\":\"Educa Borras\",\"url\":\"https:\/\/www.educaborras.com\/fr\/\",\"logo\":{\"@type\":\"ImageObject\",\"inLanguage\":\"fr-FR\",\"@id\":\"https:\/\/www.educaborras.com\/fr\/#\/schema\/logo\/image\/\",\"url\":\"https:\/\/www.educaborras.com\/wp-content\/uploads\/cropped-LOGOS-EDUCA-BORRAS_retina.png\",\"contentUrl\":\"https:\/\/www.educaborras.com\/wp-content\/uploads\/cropped-LOGOS-EDUCA-BORRAS_retina.png\",\"caption\":\"Educa Borras\"},\"image\":{\"@id\":\"https:\/\/www.educaborras.com\/fr\/#\/schema\/logo\/image\/\"}}]}<\/script>\n<!-- \/ Yoast SEO plugin. -->","yoast_head_json":{"title":"500 Biblioth\u00e8que 'Enigmatic Puzzle' - Educa Borras","robots":{"index":"index","follow":"follow","max-snippet":"max-snippet:-1","max-image-preview":"max-image-preview:large","max-video-preview":"max-video-preview:-1"},"canonical":"https:\/\/www.educaborras.com\/fr\/produit\/18479-fr\/","schema":{"@context":"https:\/\/schema.org","@graph":[{"@type":"WebPage","@id":"https:\/\/www.educaborras.com\/fr\/produit\/18479-fr\/","url":"https:\/\/www.educaborras.com\/fr\/produit\/18479-fr\/","name":"500 Biblioth\u00e8que 'Enigmatic Puzzle' - Educa Borras","isPartOf":{"@id":"https:\/\/www.educaborras.com\/fr\/#website"},"primaryImageOfPage":{"@id":"https:\/\/www.educaborras.com\/fr\/produit\/18479-fr\/#primaryimage"},"image":{"@id":"https:\/\/www.educaborras.com\/fr\/produit\/18479-fr\/#primaryimage"},"thumbnailUrl":"https:\/\/www.educaborras.com\/wp-content\/uploads\/18479_01_med-16.jpg","datePublished":"2025-06-05T09:04:33+00:00","dateModified":"2026-05-01T01:10:51+00:00","breadcrumb":{"@id":"https:\/\/www.educaborras.com\/fr\/produit\/18479-fr\/#breadcrumb"},"inLanguage":"fr-FR","potentialAction":[{"@type":"ReadAction","target":["https:\/\/www.educaborras.com\/fr\/produit\/18479-fr\/"]}]},{"@type":"ImageObject","inLanguage":"fr-FR","@id":"https:\/\/www.educaborras.com\/fr\/produit\/18479-fr\/#primaryimage","url":"https:\/\/www.educaborras.com\/wp-content\/uploads\/18479_01_med-16.jpg","contentUrl":"https:\/\/www.educaborras.com\/wp-content\/uploads\/18479_01_med-16.jpg"},{"@type":"BreadcrumbList","@id":"https:\/\/www.educaborras.com\/fr\/produit\/18479-fr\/#breadcrumb","itemListElement":[{"@type":"ListItem","position":1,"name":"Portada","item":"https:\/\/www.educaborras.com\/fr\/"},{"@type":"ListItem","position":2,"name":"Produits","item":"https:\/\/www.educaborras.com\/fr\/shop\/"},{"@type":"ListItem","position":3,"name":"500 Biblioth\u00e8que &#8216;Enigmatic Puzzle&#8217;"}]},{"@type":"WebSite","@id":"https:\/\/www.educaborras.com\/fr\/#website","url":"https:\/\/www.educaborras.com\/fr\/","name":"Educa Borras","description":"","publisher":{"@id":"https:\/\/www.educaborras.com\/fr\/#organization"},"potentialAction":[{"@type":"SearchAction","target":{"@type":"EntryPoint","urlTemplate":"https:\/\/www.educaborras.com\/fr\/?s={search_term_string}"},"query-input":{"@type":"PropertyValueSpecification","valueRequired":true,"valueName":"search_term_string"}}],"inLanguage":"fr-FR"},{"@type":"Organization","@id":"https:\/\/www.educaborras.com\/fr\/#organization","name":"Educa Borras","url":"https:\/\/www.educaborras.com\/fr\/","logo":{"@type":"ImageObject","inLanguage":"fr-FR","@id":"https:\/\/www.educaborras.com\/fr\/#\/schema\/logo\/image\/","url":"https:\/\/www.educaborras.com\/wp-content\/uploads\/cropped-LOGOS-EDUCA-BORRAS_retina.png","contentUrl":"https:\/\/www.educaborras.com\/wp-content\/uploads\/cropped-LOGOS-EDUCA-BORRAS_retina.png","caption":"Educa Borras"},"image":{"@id":"https:\/\/www.educaborras.com\/fr\/#\/schema\/logo\/image\/"}}]}},"_links":{"self":[{"href":"https:\/\/www.educaborras.com\/fr\/wp-json\/wp\/v2\/product\/251045","targetHints":{"allow":["GET"]}}],"collection":[{"href":"https:\/\/www.educaborras.com\/fr\/wp-json\/wp\/v2\/product"}],"about":[{"href":"https:\/\/www.educaborras.com\/fr\/wp-json\/wp\/v2\/types\/product"}],"wp:featuredmedia":[{"embeddable":true,"href":"https:\/\/www.educaborras.com\/fr\/wp-json\/wp\/v2\/media\/161900"}],"wp:attachment":[{"href":"https:\/\/www.educaborras.com\/fr\/wp-json\/wp\/v2\/media?parent=251045"}],"wp:term":[{"taxonomy":"product_brand","embeddable":true,"href":"https:\/\/www.educaborras.com\/fr\/wp-json\/wp\/v2\/product_brand?post=251045"},{"taxonomy":"product_cat","embeddable":true,"href":"https:\/\/www.educaborras.com\/fr\/wp-json\/wp\/v2\/product_cat?post=251045"},{"taxonomy":"product_tag","embeddable":true,"href":"https:\/\/www.educaborras.com\/fr\/wp-json\/wp\/v2\/product_tag?post=251045"}],"curies":[{"name":"wp","href":"https:\/\/api.w.org\/{rel}","templated":true}]}}