{"id":250993,"date":"2025-06-05T11:04:59","date_gmt":"2025-06-05T09:04:59","guid":{"rendered":"https:\/\/www.educaborras.com\/product\/18612\/"},"modified":"2026-04-30T02:02:13","modified_gmt":"2026-04-30T00:02:13","slug":"18612-fr","status":"publish","type":"product","link":"https:\/\/www.educaborras.com\/fr\/produit\/18612-fr\/","title":{"rendered":"200 For\u00eat Enchant\u00e9e &#8211; Mysterious Puzzle"},"content":{"rendered":"<p>Assemblez le puzzle et retrouvez les \u00e9l\u00e9ments cach\u00e9s gr\u00e2ce \u00e0 la lanterne magique \u00e0 ultraviolets. Vous pourrez \u00e9galement dessiner vos propres objets myst\u00e9rieux avec le feutre \u00e0 encre invisible. Contenu : puzzle de 200 pi\u00e8ces, feutre \u00e0 encre invisible avec lampe UV, brochure avec les images des \u00e9l\u00e9ments cach\u00e9s. Dimensions du puzzle assembl\u00e9: 40 x 28 cm.<\/p>\n","protected":false},"excerpt":{"rendered":"<p>Assemblez le puzzle et retrouvez les \u00e9l\u00e9ments cach\u00e9s gr\u00e2ce \u00e0 la lanterne magique \u00e0 ultraviolets.<\/p>\n","protected":false},"featured_media":162050,"template":"","meta":{"_acf_changed":false},"product_brand":[],"product_cat":[73263],"product_tag":[74344,80226,95886,95887,82355,74204,74206,94711,95846,82310,82311,95888,95889,94715,94716,95847,94717,74347,74495,82357,74496,74497,75657,95890,95848,74054,95849,95891,94720,95892,95893,95894,94722,95895,95852,95853,82313,74216,95896,94723,82314,82315,74348,82318],"class_list":{"0":"post-250993","1":"product","2":"type-product","3":"status-publish","4":"has-post-thumbnail","6":"product_cat-produit-discontinue","7":"product_tag-piezas-fr","8":"product_tag-100-fr","9":"product_tag-18612-fr","10":"product_tag-200-magic-forest-mysterious-puzzle-fr","11":"product_tag-2020-fr","12":"product_tag-educa-fr","13":"product_tag-educa-borras-puzzle-fr","14":"product_tag-enigmatic-fr","15":"product_tag-hidden-objects-puzzle-fr","16":"product_tag-jigsaw-fr","17":"product_tag-jigsaw-puzzle-fr","18":"product_tag-magic-forest-puzzle-fr","19":"product_tag-magischer-wald-puzzle-fr","20":"product_tag-misteri-fr","21":"product_tag-misterio-fr","22":"product_tag-mysterious-puzzle-fr","23":"product_tag-mystery-fr","24":"product_tag-peca-fr","25":"product_tag-peces-fr","26":"product_tag-picce-fr","27":"product_tag-piece-fr","28":"product_tag-pieces-fr","29":"product_tag-puzle-fr","30":"product_tag-puzle-bosc-magic-fr","31":"product_tag-puzle-objectes-amagats-fr","32":"product_tag-puzzle-fr","33":"product_tag-puzzle-100-fr","34":"product_tag-puzzle-bosque-magico-fr","35":"product_tag-puzzle-con-librito-fr","36":"product_tag-puzzle-con-linterna-fr","37":"product_tag-puzzle-con-rotulador-magico-fr","38":"product_tag-puzzle-foret-enchantee-fr","39":"product_tag-puzzle-misterio-fr","40":"product_tag-puzzle-misterio-bosque-magico-fr","41":"product_tag-puzzle-misterioso-fr","42":"product_tag-puzzle-objetos-escondidos-fr","43":"product_tag-puzzle-pasion-fr","44":"product_tag-puzzle-passion-fr","45":"product_tag-puzzle-rotulador-tinta-transparente-fr","46":"product_tag-puzzle-with-leaflet-fr","47":"product_tag-puzzlemania-fr","48":"product_tag-puzzlepassion-fr","49":"product_tag-rompecabezas-fr","50":"product_tag-trencaclosques-fr","52":"first","53":"instock","54":"shipping-taxable","55":"product-type-simple"},"acf":[],"yoast_head":"<!-- This site is optimized with the Yoast SEO plugin v27.1.1 - https:\/\/yoast.com\/product\/yoast-seo-wordpress\/ -->\n<title>200 For\u00eat Enchant\u00e9e - Mysterious Puzzle - Educa Borras<\/title>\n<meta name=\"robots\" content=\"index, follow, max-snippet:-1, max-image-preview:large, max-video-preview:-1\" \/>\n<link rel=\"canonical\" href=\"https:\/\/www.educaborras.com\/fr\/produit\/18612-fr\/\" \/>\n<script type=\"application\/ld+json\" class=\"yoast-schema-graph\">{\"@context\":\"https:\/\/schema.org\",\"@graph\":[{\"@type\":\"WebPage\",\"@id\":\"https:\/\/www.educaborras.com\/fr\/produit\/18612-fr\/\",\"url\":\"https:\/\/www.educaborras.com\/fr\/produit\/18612-fr\/\",\"name\":\"200 For\u00eat Enchant\u00e9e - Mysterious Puzzle - Educa Borras\",\"isPartOf\":{\"@id\":\"https:\/\/www.educaborras.com\/fr\/#website\"},\"primaryImageOfPage\":{\"@id\":\"https:\/\/www.educaborras.com\/fr\/produit\/18612-fr\/#primaryimage\"},\"image\":{\"@id\":\"https:\/\/www.educaborras.com\/fr\/produit\/18612-fr\/#primaryimage\"},\"thumbnailUrl\":\"https:\/\/www.educaborras.com\/wp-content\/uploads\/18612_01_med-16.jpg\",\"datePublished\":\"2025-06-05T09:04:59+00:00\",\"dateModified\":\"2026-04-30T00:02:13+00:00\",\"breadcrumb\":{\"@id\":\"https:\/\/www.educaborras.com\/fr\/produit\/18612-fr\/#breadcrumb\"},\"inLanguage\":\"fr-FR\",\"potentialAction\":[{\"@type\":\"ReadAction\",\"target\":[\"https:\/\/www.educaborras.com\/fr\/produit\/18612-fr\/\"]}]},{\"@type\":\"ImageObject\",\"inLanguage\":\"fr-FR\",\"@id\":\"https:\/\/www.educaborras.com\/fr\/produit\/18612-fr\/#primaryimage\",\"url\":\"https:\/\/www.educaborras.com\/wp-content\/uploads\/18612_01_med-16.jpg\",\"contentUrl\":\"https:\/\/www.educaborras.com\/wp-content\/uploads\/18612_01_med-16.jpg\"},{\"@type\":\"BreadcrumbList\",\"@id\":\"https:\/\/www.educaborras.com\/fr\/produit\/18612-fr\/#breadcrumb\",\"itemListElement\":[{\"@type\":\"ListItem\",\"position\":1,\"name\":\"Portada\",\"item\":\"https:\/\/www.educaborras.com\/fr\/\"},{\"@type\":\"ListItem\",\"position\":2,\"name\":\"Produits\",\"item\":\"https:\/\/www.educaborras.com\/fr\/shop\/\"},{\"@type\":\"ListItem\",\"position\":3,\"name\":\"200 For\u00eat Enchant\u00e9e &#8211; Mysterious Puzzle\"}]},{\"@type\":\"WebSite\",\"@id\":\"https:\/\/www.educaborras.com\/fr\/#website\",\"url\":\"https:\/\/www.educaborras.com\/fr\/\",\"name\":\"Educa Borras\",\"description\":\"\",\"publisher\":{\"@id\":\"https:\/\/www.educaborras.com\/fr\/#organization\"},\"potentialAction\":[{\"@type\":\"SearchAction\",\"target\":{\"@type\":\"EntryPoint\",\"urlTemplate\":\"https:\/\/www.educaborras.com\/fr\/?s={search_term_string}\"},\"query-input\":{\"@type\":\"PropertyValueSpecification\",\"valueRequired\":true,\"valueName\":\"search_term_string\"}}],\"inLanguage\":\"fr-FR\"},{\"@type\":\"Organization\",\"@id\":\"https:\/\/www.educaborras.com\/fr\/#organization\",\"name\":\"Educa Borras\",\"url\":\"https:\/\/www.educaborras.com\/fr\/\",\"logo\":{\"@type\":\"ImageObject\",\"inLanguage\":\"fr-FR\",\"@id\":\"https:\/\/www.educaborras.com\/fr\/#\/schema\/logo\/image\/\",\"url\":\"https:\/\/www.educaborras.com\/wp-content\/uploads\/cropped-LOGOS-EDUCA-BORRAS_retina.png\",\"contentUrl\":\"https:\/\/www.educaborras.com\/wp-content\/uploads\/cropped-LOGOS-EDUCA-BORRAS_retina.png\",\"caption\":\"Educa Borras\"},\"image\":{\"@id\":\"https:\/\/www.educaborras.com\/fr\/#\/schema\/logo\/image\/\"}}]}<\/script>\n<!-- \/ Yoast SEO plugin. -->","yoast_head_json":{"title":"200 For\u00eat Enchant\u00e9e - Mysterious Puzzle - Educa Borras","robots":{"index":"index","follow":"follow","max-snippet":"max-snippet:-1","max-image-preview":"max-image-preview:large","max-video-preview":"max-video-preview:-1"},"canonical":"https:\/\/www.educaborras.com\/fr\/produit\/18612-fr\/","schema":{"@context":"https:\/\/schema.org","@graph":[{"@type":"WebPage","@id":"https:\/\/www.educaborras.com\/fr\/produit\/18612-fr\/","url":"https:\/\/www.educaborras.com\/fr\/produit\/18612-fr\/","name":"200 For\u00eat Enchant\u00e9e - Mysterious Puzzle - Educa Borras","isPartOf":{"@id":"https:\/\/www.educaborras.com\/fr\/#website"},"primaryImageOfPage":{"@id":"https:\/\/www.educaborras.com\/fr\/produit\/18612-fr\/#primaryimage"},"image":{"@id":"https:\/\/www.educaborras.com\/fr\/produit\/18612-fr\/#primaryimage"},"thumbnailUrl":"https:\/\/www.educaborras.com\/wp-content\/uploads\/18612_01_med-16.jpg","datePublished":"2025-06-05T09:04:59+00:00","dateModified":"2026-04-30T00:02:13+00:00","breadcrumb":{"@id":"https:\/\/www.educaborras.com\/fr\/produit\/18612-fr\/#breadcrumb"},"inLanguage":"fr-FR","potentialAction":[{"@type":"ReadAction","target":["https:\/\/www.educaborras.com\/fr\/produit\/18612-fr\/"]}]},{"@type":"ImageObject","inLanguage":"fr-FR","@id":"https:\/\/www.educaborras.com\/fr\/produit\/18612-fr\/#primaryimage","url":"https:\/\/www.educaborras.com\/wp-content\/uploads\/18612_01_med-16.jpg","contentUrl":"https:\/\/www.educaborras.com\/wp-content\/uploads\/18612_01_med-16.jpg"},{"@type":"BreadcrumbList","@id":"https:\/\/www.educaborras.com\/fr\/produit\/18612-fr\/#breadcrumb","itemListElement":[{"@type":"ListItem","position":1,"name":"Portada","item":"https:\/\/www.educaborras.com\/fr\/"},{"@type":"ListItem","position":2,"name":"Produits","item":"https:\/\/www.educaborras.com\/fr\/shop\/"},{"@type":"ListItem","position":3,"name":"200 For\u00eat Enchant\u00e9e &#8211; Mysterious Puzzle"}]},{"@type":"WebSite","@id":"https:\/\/www.educaborras.com\/fr\/#website","url":"https:\/\/www.educaborras.com\/fr\/","name":"Educa Borras","description":"","publisher":{"@id":"https:\/\/www.educaborras.com\/fr\/#organization"},"potentialAction":[{"@type":"SearchAction","target":{"@type":"EntryPoint","urlTemplate":"https:\/\/www.educaborras.com\/fr\/?s={search_term_string}"},"query-input":{"@type":"PropertyValueSpecification","valueRequired":true,"valueName":"search_term_string"}}],"inLanguage":"fr-FR"},{"@type":"Organization","@id":"https:\/\/www.educaborras.com\/fr\/#organization","name":"Educa Borras","url":"https:\/\/www.educaborras.com\/fr\/","logo":{"@type":"ImageObject","inLanguage":"fr-FR","@id":"https:\/\/www.educaborras.com\/fr\/#\/schema\/logo\/image\/","url":"https:\/\/www.educaborras.com\/wp-content\/uploads\/cropped-LOGOS-EDUCA-BORRAS_retina.png","contentUrl":"https:\/\/www.educaborras.com\/wp-content\/uploads\/cropped-LOGOS-EDUCA-BORRAS_retina.png","caption":"Educa Borras"},"image":{"@id":"https:\/\/www.educaborras.com\/fr\/#\/schema\/logo\/image\/"}}]}},"_links":{"self":[{"href":"https:\/\/www.educaborras.com\/fr\/wp-json\/wp\/v2\/product\/250993","targetHints":{"allow":["GET"]}}],"collection":[{"href":"https:\/\/www.educaborras.com\/fr\/wp-json\/wp\/v2\/product"}],"about":[{"href":"https:\/\/www.educaborras.com\/fr\/wp-json\/wp\/v2\/types\/product"}],"wp:featuredmedia":[{"embeddable":true,"href":"https:\/\/www.educaborras.com\/fr\/wp-json\/wp\/v2\/media\/162050"}],"wp:attachment":[{"href":"https:\/\/www.educaborras.com\/fr\/wp-json\/wp\/v2\/media?parent=250993"}],"wp:term":[{"taxonomy":"product_brand","embeddable":true,"href":"https:\/\/www.educaborras.com\/fr\/wp-json\/wp\/v2\/product_brand?post=250993"},{"taxonomy":"product_cat","embeddable":true,"href":"https:\/\/www.educaborras.com\/fr\/wp-json\/wp\/v2\/product_cat?post=250993"},{"taxonomy":"product_tag","embeddable":true,"href":"https:\/\/www.educaborras.com\/fr\/wp-json\/wp\/v2\/product_tag?post=250993"}],"curies":[{"name":"wp","href":"https:\/\/api.w.org\/{rel}","templated":true}]}}