{"id":250961,"date":"2025-06-05T11:05:22","date_gmt":"2025-06-05T09:05:22","guid":{"rendered":"https:\/\/www.educaborras.com\/product\/18928\/"},"modified":"2026-04-30T03:42:51","modified_gmt":"2026-04-30T01:42:51","slug":"18928-fr","status":"publish","type":"product","link":"https:\/\/www.educaborras.com\/fr\/produit\/18928-fr\/","title":{"rendered":"Tableaux a Pailleter Miraculous Ladybug"},"content":{"rendered":"<p>Cr\u00e9e des chefs-d\u2019\u0153uvres \u00e9tincelants avec Miraculous Ladybug ! D\u00e9core tes 5 tableaux avec le papier m\u00e9tallique et les paillettes. Soul\u00e8ve les parties autocollantes pr\u00e9d\u00e9coup\u00e9es avec la petite spatule et saupoudre de paillettes color\u00e9es. Applique les feuilles de papier m\u00e9tallis\u00e9 pour un rendu brillant. Contient : 5 tableaux autocollants pr\u00eats \u00e0 d\u00e9corer, 10 feuilles de papier m\u00e9tallis\u00e9, 3 tubes de paillettes en poudre, 1 outil de transfert, instructions.<\/p>\n","protected":false},"excerpt":{"rendered":"<p>Cr\u00e9e des chefs-d\u2019\u0153uvres \u00e9tincelants avec Miraculous Ladybug ! D\u00e9core tes 5 tableaux avec le papier m\u00e9tallique et les paillettes. Soul\u00e8ve les parties autocollantes pr\u00e9d\u00e9coup\u00e9es avec la petite spatule et saupoudre de paillettes color\u00e9es.<\/p>\n","protected":false},"featured_media":162160,"template":"","meta":{"_acf_changed":false},"product_brand":[],"product_cat":[73263],"product_tag":[97268,82025,92835,92836,92838,82674,74108,92841,92842,92843,97269,97270,92845,81712,82027,92846,92847,82029,92848,82031,90726,97271,92849,92853,97272,92854,92855,97273,97274,97275,97276,97277,97278],"class_list":{"0":"post-250961","1":"product","2":"type-product","3":"status-publish","4":"has-post-thumbnail","6":"product_cat-produit-discontinue","7":"product_tag-18928-fr","8":"product_tag-accessoires-fr","9":"product_tag-actividad-fr","10":"product_tag-activite-fr","11":"product_tag-adrien-fr","12":"product_tag-art-fr","13":"product_tag-arte-fr","14":"product_tag-artistic-fr","15":"product_tag-artistico-fr","16":"product_tag-artistique-fr","17":"product_tag-book-fr","18":"product_tag-chambre-fr","19":"product_tag-chat-noir-fr","20":"product_tag-creacion-fr","21":"product_tag-creatif-fr","22":"product_tag-creation-fr","23":"product_tag-creatiu-fr","24":"product_tag-creative-fr","25":"product_tag-creativo-fr","26":"product_tag-creer-fr","27":"product_tag-deco-fr","28":"product_tag-decoration-fr","29":"product_tag-ladybug-fr","30":"product_tag-marinette-fr","31":"product_tag-metalizado-fr","32":"product_tag-miraculous-fr","33":"product_tag-miraculous-ladybug-fr","34":"product_tag-papel-metalizado-fr","35":"product_tag-paper-metalitzat-fr","36":"product_tag-purpurina-fr","37":"product_tag-scrap-fr","38":"product_tag-scrapbook-fr","39":"product_tag-scrapbooking-fr","41":"first","42":"instock","43":"shipping-taxable","44":"product-type-simple"},"acf":[],"yoast_head":"<!-- This site is optimized with the Yoast SEO plugin v27.1.1 - https:\/\/yoast.com\/product\/yoast-seo-wordpress\/ -->\n<title>Tableaux a Pailleter Miraculous Ladybug - Educa Borras<\/title>\n<meta name=\"robots\" content=\"index, follow, max-snippet:-1, max-image-preview:large, max-video-preview:-1\" \/>\n<link rel=\"canonical\" href=\"https:\/\/www.educaborras.com\/fr\/produit\/18928-fr\/\" \/>\n<script type=\"application\/ld+json\" class=\"yoast-schema-graph\">{\"@context\":\"https:\/\/schema.org\",\"@graph\":[{\"@type\":\"WebPage\",\"@id\":\"https:\/\/www.educaborras.com\/fr\/produit\/18928-fr\/\",\"url\":\"https:\/\/www.educaborras.com\/fr\/produit\/18928-fr\/\",\"name\":\"Tableaux a Pailleter Miraculous Ladybug - Educa Borras\",\"isPartOf\":{\"@id\":\"https:\/\/www.educaborras.com\/fr\/#website\"},\"primaryImageOfPage\":{\"@id\":\"https:\/\/www.educaborras.com\/fr\/produit\/18928-fr\/#primaryimage\"},\"image\":{\"@id\":\"https:\/\/www.educaborras.com\/fr\/produit\/18928-fr\/#primaryimage\"},\"thumbnailUrl\":\"https:\/\/www.educaborras.com\/wp-content\/uploads\/18928_01_med-11.jpg\",\"datePublished\":\"2025-06-05T09:05:22+00:00\",\"dateModified\":\"2026-04-30T01:42:51+00:00\",\"breadcrumb\":{\"@id\":\"https:\/\/www.educaborras.com\/fr\/produit\/18928-fr\/#breadcrumb\"},\"inLanguage\":\"fr-FR\",\"potentialAction\":[{\"@type\":\"ReadAction\",\"target\":[\"https:\/\/www.educaborras.com\/fr\/produit\/18928-fr\/\"]}]},{\"@type\":\"ImageObject\",\"inLanguage\":\"fr-FR\",\"@id\":\"https:\/\/www.educaborras.com\/fr\/produit\/18928-fr\/#primaryimage\",\"url\":\"https:\/\/www.educaborras.com\/wp-content\/uploads\/18928_01_med-11.jpg\",\"contentUrl\":\"https:\/\/www.educaborras.com\/wp-content\/uploads\/18928_01_med-11.jpg\"},{\"@type\":\"BreadcrumbList\",\"@id\":\"https:\/\/www.educaborras.com\/fr\/produit\/18928-fr\/#breadcrumb\",\"itemListElement\":[{\"@type\":\"ListItem\",\"position\":1,\"name\":\"Portada\",\"item\":\"https:\/\/www.educaborras.com\/fr\/\"},{\"@type\":\"ListItem\",\"position\":2,\"name\":\"Produits\",\"item\":\"https:\/\/www.educaborras.com\/fr\/shop\/\"},{\"@type\":\"ListItem\",\"position\":3,\"name\":\"Tableaux a Pailleter Miraculous Ladybug\"}]},{\"@type\":\"WebSite\",\"@id\":\"https:\/\/www.educaborras.com\/fr\/#website\",\"url\":\"https:\/\/www.educaborras.com\/fr\/\",\"name\":\"Educa Borras\",\"description\":\"\",\"publisher\":{\"@id\":\"https:\/\/www.educaborras.com\/fr\/#organization\"},\"potentialAction\":[{\"@type\":\"SearchAction\",\"target\":{\"@type\":\"EntryPoint\",\"urlTemplate\":\"https:\/\/www.educaborras.com\/fr\/?s={search_term_string}\"},\"query-input\":{\"@type\":\"PropertyValueSpecification\",\"valueRequired\":true,\"valueName\":\"search_term_string\"}}],\"inLanguage\":\"fr-FR\"},{\"@type\":\"Organization\",\"@id\":\"https:\/\/www.educaborras.com\/fr\/#organization\",\"name\":\"Educa Borras\",\"url\":\"https:\/\/www.educaborras.com\/fr\/\",\"logo\":{\"@type\":\"ImageObject\",\"inLanguage\":\"fr-FR\",\"@id\":\"https:\/\/www.educaborras.com\/fr\/#\/schema\/logo\/image\/\",\"url\":\"https:\/\/www.educaborras.com\/wp-content\/uploads\/cropped-LOGOS-EDUCA-BORRAS_retina.png\",\"contentUrl\":\"https:\/\/www.educaborras.com\/wp-content\/uploads\/cropped-LOGOS-EDUCA-BORRAS_retina.png\",\"caption\":\"Educa Borras\"},\"image\":{\"@id\":\"https:\/\/www.educaborras.com\/fr\/#\/schema\/logo\/image\/\"}}]}<\/script>\n<!-- \/ Yoast SEO plugin. -->","yoast_head_json":{"title":"Tableaux a Pailleter Miraculous Ladybug - Educa Borras","robots":{"index":"index","follow":"follow","max-snippet":"max-snippet:-1","max-image-preview":"max-image-preview:large","max-video-preview":"max-video-preview:-1"},"canonical":"https:\/\/www.educaborras.com\/fr\/produit\/18928-fr\/","schema":{"@context":"https:\/\/schema.org","@graph":[{"@type":"WebPage","@id":"https:\/\/www.educaborras.com\/fr\/produit\/18928-fr\/","url":"https:\/\/www.educaborras.com\/fr\/produit\/18928-fr\/","name":"Tableaux a Pailleter Miraculous Ladybug - Educa Borras","isPartOf":{"@id":"https:\/\/www.educaborras.com\/fr\/#website"},"primaryImageOfPage":{"@id":"https:\/\/www.educaborras.com\/fr\/produit\/18928-fr\/#primaryimage"},"image":{"@id":"https:\/\/www.educaborras.com\/fr\/produit\/18928-fr\/#primaryimage"},"thumbnailUrl":"https:\/\/www.educaborras.com\/wp-content\/uploads\/18928_01_med-11.jpg","datePublished":"2025-06-05T09:05:22+00:00","dateModified":"2026-04-30T01:42:51+00:00","breadcrumb":{"@id":"https:\/\/www.educaborras.com\/fr\/produit\/18928-fr\/#breadcrumb"},"inLanguage":"fr-FR","potentialAction":[{"@type":"ReadAction","target":["https:\/\/www.educaborras.com\/fr\/produit\/18928-fr\/"]}]},{"@type":"ImageObject","inLanguage":"fr-FR","@id":"https:\/\/www.educaborras.com\/fr\/produit\/18928-fr\/#primaryimage","url":"https:\/\/www.educaborras.com\/wp-content\/uploads\/18928_01_med-11.jpg","contentUrl":"https:\/\/www.educaborras.com\/wp-content\/uploads\/18928_01_med-11.jpg"},{"@type":"BreadcrumbList","@id":"https:\/\/www.educaborras.com\/fr\/produit\/18928-fr\/#breadcrumb","itemListElement":[{"@type":"ListItem","position":1,"name":"Portada","item":"https:\/\/www.educaborras.com\/fr\/"},{"@type":"ListItem","position":2,"name":"Produits","item":"https:\/\/www.educaborras.com\/fr\/shop\/"},{"@type":"ListItem","position":3,"name":"Tableaux a Pailleter Miraculous Ladybug"}]},{"@type":"WebSite","@id":"https:\/\/www.educaborras.com\/fr\/#website","url":"https:\/\/www.educaborras.com\/fr\/","name":"Educa Borras","description":"","publisher":{"@id":"https:\/\/www.educaborras.com\/fr\/#organization"},"potentialAction":[{"@type":"SearchAction","target":{"@type":"EntryPoint","urlTemplate":"https:\/\/www.educaborras.com\/fr\/?s={search_term_string}"},"query-input":{"@type":"PropertyValueSpecification","valueRequired":true,"valueName":"search_term_string"}}],"inLanguage":"fr-FR"},{"@type":"Organization","@id":"https:\/\/www.educaborras.com\/fr\/#organization","name":"Educa Borras","url":"https:\/\/www.educaborras.com\/fr\/","logo":{"@type":"ImageObject","inLanguage":"fr-FR","@id":"https:\/\/www.educaborras.com\/fr\/#\/schema\/logo\/image\/","url":"https:\/\/www.educaborras.com\/wp-content\/uploads\/cropped-LOGOS-EDUCA-BORRAS_retina.png","contentUrl":"https:\/\/www.educaborras.com\/wp-content\/uploads\/cropped-LOGOS-EDUCA-BORRAS_retina.png","caption":"Educa Borras"},"image":{"@id":"https:\/\/www.educaborras.com\/fr\/#\/schema\/logo\/image\/"}}]}},"_links":{"self":[{"href":"https:\/\/www.educaborras.com\/fr\/wp-json\/wp\/v2\/product\/250961","targetHints":{"allow":["GET"]}}],"collection":[{"href":"https:\/\/www.educaborras.com\/fr\/wp-json\/wp\/v2\/product"}],"about":[{"href":"https:\/\/www.educaborras.com\/fr\/wp-json\/wp\/v2\/types\/product"}],"wp:featuredmedia":[{"embeddable":true,"href":"https:\/\/www.educaborras.com\/fr\/wp-json\/wp\/v2\/media\/162160"}],"wp:attachment":[{"href":"https:\/\/www.educaborras.com\/fr\/wp-json\/wp\/v2\/media?parent=250961"}],"wp:term":[{"taxonomy":"product_brand","embeddable":true,"href":"https:\/\/www.educaborras.com\/fr\/wp-json\/wp\/v2\/product_brand?post=250961"},{"taxonomy":"product_cat","embeddable":true,"href":"https:\/\/www.educaborras.com\/fr\/wp-json\/wp\/v2\/product_cat?post=250961"},{"taxonomy":"product_tag","embeddable":true,"href":"https:\/\/www.educaborras.com\/fr\/wp-json\/wp\/v2\/product_tag?post=250961"}],"curies":[{"name":"wp","href":"https:\/\/api.w.org\/{rel}","templated":true}]}}