{"id":250957,"date":"2025-06-05T11:05:23","date_gmt":"2025-06-05T09:05:23","guid":{"rendered":"https:\/\/www.educaborras.com\/product\/18930\/"},"modified":"2026-04-30T03:42:55","modified_gmt":"2026-04-30T01:42:55","slug":"18930-fr","status":"publish","type":"product","link":"https:\/\/www.educaborras.com\/fr\/produit\/18930-fr\/","title":{"rendered":"Aquarelle Magique Miraculous Ladybug"},"content":{"rendered":"<p>5 tableaux d&rsquo;aquarelle magique \u00e0 peindre aux couleurs de l&rsquo;univers de Miraculous Ladybug. Mets en couleur ces 5 tableaux avec de la peinture aquarelle. Gr\u00e2ce \u00e0 leurs trac\u00e9s pr\u00e9-vernis, c\u2019est facile, la peinture aquarelle ne se d\u00e9pose que s\u00fbr les zones \u00e0 peindre et laisse appara\u00eetre des motifs blancs du plus bel effet. Contient : 5 tableaux aquarelle magique, une palette d&rsquo;aquarelle 12 couleurs, 2 pinceaux, instructions.<\/p>\n","protected":false},"excerpt":{"rendered":"<p>5 tableaux d&rsquo;aquarelle magique \u00e0 peindre aux couleurs de l&rsquo;univers de Miraculous Ladybug. Mets en couleur ces 5 tableaux avec de la peinture aquarelle.<\/p>\n","protected":false},"featured_media":162165,"template":"","meta":{"_acf_changed":false},"product_brand":[],"product_cat":[73263],"product_tag":[92834,92835,92836,92837,92838,92839,92840,82674,74108,92841,92842,92843,92844,92845,81712,82027,92846,92847,82029,92848,82031,92849,92850,92851,92852,92853,92854,92855,92856,92857,83688,92858,92859],"class_list":{"0":"post-250957","1":"product","2":"type-product","3":"status-publish","4":"has-post-thumbnail","6":"product_cat-produit-discontinue","7":"product_tag-18930-fr","8":"product_tag-actividad-fr","9":"product_tag-activite-fr","10":"product_tag-acuarela-fr","11":"product_tag-adrien-fr","12":"product_tag-aquarella-fr","13":"product_tag-aquarelle-fr","14":"product_tag-art-fr","15":"product_tag-arte-fr","16":"product_tag-artistic-fr","17":"product_tag-artistico-fr","18":"product_tag-artistique-fr","19":"product_tag-auguarela-fr","20":"product_tag-chat-noir-fr","21":"product_tag-creacion-fr","22":"product_tag-creatif-fr","23":"product_tag-creation-fr","24":"product_tag-creatiu-fr","25":"product_tag-creative-fr","26":"product_tag-creativo-fr","27":"product_tag-creer-fr","28":"product_tag-ladybug-fr","29":"product_tag-magic-watercolor-fr","30":"product_tag-magica-fr","31":"product_tag-magique-fr","32":"product_tag-marinette-fr","33":"product_tag-miraculous-fr","34":"product_tag-miraculous-ladybug-fr","35":"product_tag-peindre-fr","36":"product_tag-peinture-fr","37":"product_tag-pintar-fr","38":"product_tag-tableau-fr","39":"product_tag-tableaux-fr","41":"first","42":"instock","43":"shipping-taxable","44":"product-type-simple"},"acf":[],"yoast_head":"<!-- This site is optimized with the Yoast SEO plugin v27.1.1 - https:\/\/yoast.com\/product\/yoast-seo-wordpress\/ -->\n<title>Aquarelle Magique Miraculous Ladybug - Educa Borras<\/title>\n<meta name=\"robots\" content=\"index, follow, max-snippet:-1, max-image-preview:large, max-video-preview:-1\" \/>\n<link rel=\"canonical\" href=\"https:\/\/www.educaborras.com\/fr\/produit\/18930-fr\/\" \/>\n<script type=\"application\/ld+json\" class=\"yoast-schema-graph\">{\"@context\":\"https:\/\/schema.org\",\"@graph\":[{\"@type\":\"WebPage\",\"@id\":\"https:\/\/www.educaborras.com\/fr\/produit\/18930-fr\/\",\"url\":\"https:\/\/www.educaborras.com\/fr\/produit\/18930-fr\/\",\"name\":\"Aquarelle Magique Miraculous Ladybug - Educa Borras\",\"isPartOf\":{\"@id\":\"https:\/\/www.educaborras.com\/fr\/#website\"},\"primaryImageOfPage\":{\"@id\":\"https:\/\/www.educaborras.com\/fr\/produit\/18930-fr\/#primaryimage\"},\"image\":{\"@id\":\"https:\/\/www.educaborras.com\/fr\/produit\/18930-fr\/#primaryimage\"},\"thumbnailUrl\":\"https:\/\/www.educaborras.com\/wp-content\/uploads\/18930_01_med-11.jpg\",\"datePublished\":\"2025-06-05T09:05:23+00:00\",\"dateModified\":\"2026-04-30T01:42:55+00:00\",\"breadcrumb\":{\"@id\":\"https:\/\/www.educaborras.com\/fr\/produit\/18930-fr\/#breadcrumb\"},\"inLanguage\":\"fr-FR\",\"potentialAction\":[{\"@type\":\"ReadAction\",\"target\":[\"https:\/\/www.educaborras.com\/fr\/produit\/18930-fr\/\"]}]},{\"@type\":\"ImageObject\",\"inLanguage\":\"fr-FR\",\"@id\":\"https:\/\/www.educaborras.com\/fr\/produit\/18930-fr\/#primaryimage\",\"url\":\"https:\/\/www.educaborras.com\/wp-content\/uploads\/18930_01_med-11.jpg\",\"contentUrl\":\"https:\/\/www.educaborras.com\/wp-content\/uploads\/18930_01_med-11.jpg\"},{\"@type\":\"BreadcrumbList\",\"@id\":\"https:\/\/www.educaborras.com\/fr\/produit\/18930-fr\/#breadcrumb\",\"itemListElement\":[{\"@type\":\"ListItem\",\"position\":1,\"name\":\"Portada\",\"item\":\"https:\/\/www.educaborras.com\/fr\/\"},{\"@type\":\"ListItem\",\"position\":2,\"name\":\"Produits\",\"item\":\"https:\/\/www.educaborras.com\/fr\/shop\/\"},{\"@type\":\"ListItem\",\"position\":3,\"name\":\"Aquarelle Magique Miraculous Ladybug\"}]},{\"@type\":\"WebSite\",\"@id\":\"https:\/\/www.educaborras.com\/fr\/#website\",\"url\":\"https:\/\/www.educaborras.com\/fr\/\",\"name\":\"Educa Borras\",\"description\":\"\",\"publisher\":{\"@id\":\"https:\/\/www.educaborras.com\/fr\/#organization\"},\"potentialAction\":[{\"@type\":\"SearchAction\",\"target\":{\"@type\":\"EntryPoint\",\"urlTemplate\":\"https:\/\/www.educaborras.com\/fr\/?s={search_term_string}\"},\"query-input\":{\"@type\":\"PropertyValueSpecification\",\"valueRequired\":true,\"valueName\":\"search_term_string\"}}],\"inLanguage\":\"fr-FR\"},{\"@type\":\"Organization\",\"@id\":\"https:\/\/www.educaborras.com\/fr\/#organization\",\"name\":\"Educa Borras\",\"url\":\"https:\/\/www.educaborras.com\/fr\/\",\"logo\":{\"@type\":\"ImageObject\",\"inLanguage\":\"fr-FR\",\"@id\":\"https:\/\/www.educaborras.com\/fr\/#\/schema\/logo\/image\/\",\"url\":\"https:\/\/www.educaborras.com\/wp-content\/uploads\/cropped-LOGOS-EDUCA-BORRAS_retina.png\",\"contentUrl\":\"https:\/\/www.educaborras.com\/wp-content\/uploads\/cropped-LOGOS-EDUCA-BORRAS_retina.png\",\"caption\":\"Educa Borras\"},\"image\":{\"@id\":\"https:\/\/www.educaborras.com\/fr\/#\/schema\/logo\/image\/\"}}]}<\/script>\n<!-- \/ Yoast SEO plugin. -->","yoast_head_json":{"title":"Aquarelle Magique Miraculous Ladybug - Educa Borras","robots":{"index":"index","follow":"follow","max-snippet":"max-snippet:-1","max-image-preview":"max-image-preview:large","max-video-preview":"max-video-preview:-1"},"canonical":"https:\/\/www.educaborras.com\/fr\/produit\/18930-fr\/","schema":{"@context":"https:\/\/schema.org","@graph":[{"@type":"WebPage","@id":"https:\/\/www.educaborras.com\/fr\/produit\/18930-fr\/","url":"https:\/\/www.educaborras.com\/fr\/produit\/18930-fr\/","name":"Aquarelle Magique Miraculous Ladybug - Educa Borras","isPartOf":{"@id":"https:\/\/www.educaborras.com\/fr\/#website"},"primaryImageOfPage":{"@id":"https:\/\/www.educaborras.com\/fr\/produit\/18930-fr\/#primaryimage"},"image":{"@id":"https:\/\/www.educaborras.com\/fr\/produit\/18930-fr\/#primaryimage"},"thumbnailUrl":"https:\/\/www.educaborras.com\/wp-content\/uploads\/18930_01_med-11.jpg","datePublished":"2025-06-05T09:05:23+00:00","dateModified":"2026-04-30T01:42:55+00:00","breadcrumb":{"@id":"https:\/\/www.educaborras.com\/fr\/produit\/18930-fr\/#breadcrumb"},"inLanguage":"fr-FR","potentialAction":[{"@type":"ReadAction","target":["https:\/\/www.educaborras.com\/fr\/produit\/18930-fr\/"]}]},{"@type":"ImageObject","inLanguage":"fr-FR","@id":"https:\/\/www.educaborras.com\/fr\/produit\/18930-fr\/#primaryimage","url":"https:\/\/www.educaborras.com\/wp-content\/uploads\/18930_01_med-11.jpg","contentUrl":"https:\/\/www.educaborras.com\/wp-content\/uploads\/18930_01_med-11.jpg"},{"@type":"BreadcrumbList","@id":"https:\/\/www.educaborras.com\/fr\/produit\/18930-fr\/#breadcrumb","itemListElement":[{"@type":"ListItem","position":1,"name":"Portada","item":"https:\/\/www.educaborras.com\/fr\/"},{"@type":"ListItem","position":2,"name":"Produits","item":"https:\/\/www.educaborras.com\/fr\/shop\/"},{"@type":"ListItem","position":3,"name":"Aquarelle Magique Miraculous Ladybug"}]},{"@type":"WebSite","@id":"https:\/\/www.educaborras.com\/fr\/#website","url":"https:\/\/www.educaborras.com\/fr\/","name":"Educa Borras","description":"","publisher":{"@id":"https:\/\/www.educaborras.com\/fr\/#organization"},"potentialAction":[{"@type":"SearchAction","target":{"@type":"EntryPoint","urlTemplate":"https:\/\/www.educaborras.com\/fr\/?s={search_term_string}"},"query-input":{"@type":"PropertyValueSpecification","valueRequired":true,"valueName":"search_term_string"}}],"inLanguage":"fr-FR"},{"@type":"Organization","@id":"https:\/\/www.educaborras.com\/fr\/#organization","name":"Educa Borras","url":"https:\/\/www.educaborras.com\/fr\/","logo":{"@type":"ImageObject","inLanguage":"fr-FR","@id":"https:\/\/www.educaborras.com\/fr\/#\/schema\/logo\/image\/","url":"https:\/\/www.educaborras.com\/wp-content\/uploads\/cropped-LOGOS-EDUCA-BORRAS_retina.png","contentUrl":"https:\/\/www.educaborras.com\/wp-content\/uploads\/cropped-LOGOS-EDUCA-BORRAS_retina.png","caption":"Educa Borras"},"image":{"@id":"https:\/\/www.educaborras.com\/fr\/#\/schema\/logo\/image\/"}}]}},"_links":{"self":[{"href":"https:\/\/www.educaborras.com\/fr\/wp-json\/wp\/v2\/product\/250957","targetHints":{"allow":["GET"]}}],"collection":[{"href":"https:\/\/www.educaborras.com\/fr\/wp-json\/wp\/v2\/product"}],"about":[{"href":"https:\/\/www.educaborras.com\/fr\/wp-json\/wp\/v2\/types\/product"}],"wp:featuredmedia":[{"embeddable":true,"href":"https:\/\/www.educaborras.com\/fr\/wp-json\/wp\/v2\/media\/162165"}],"wp:attachment":[{"href":"https:\/\/www.educaborras.com\/fr\/wp-json\/wp\/v2\/media?parent=250957"}],"wp:term":[{"taxonomy":"product_brand","embeddable":true,"href":"https:\/\/www.educaborras.com\/fr\/wp-json\/wp\/v2\/product_brand?post=250957"},{"taxonomy":"product_cat","embeddable":true,"href":"https:\/\/www.educaborras.com\/fr\/wp-json\/wp\/v2\/product_cat?post=250957"},{"taxonomy":"product_tag","embeddable":true,"href":"https:\/\/www.educaborras.com\/fr\/wp-json\/wp\/v2\/product_tag?post=250957"}],"curies":[{"name":"wp","href":"https:\/\/api.w.org\/{rel}","templated":true}]}}