{"id":250901,"date":"2025-06-05T11:05:56","date_gmt":"2025-06-05T09:05:56","guid":{"rendered":"https:\/\/www.educaborras.com\/product\/16018\/"},"modified":"2026-04-29T03:56:09","modified_gmt":"2026-04-29T01:56:09","slug":"16018-fr","status":"publish","type":"product","link":"https:\/\/www.educaborras.com\/fr\/produit\/16018-fr\/","title":{"rendered":"3000 Amsterdam"},"content":{"rendered":"<p>Educa\u00ae vous propose la collection de puzzles pour adultes la plus compl\u00e8te du march\u00e9. De 500 \u00e0 42000 pi\u00e8ces, ils regroupent les plus belles images et les personnages les plus amusants. Taille approximative du puzzle assembl\u00e9 : 120 x 85 cm<\/p>\n","protected":false},"excerpt":{"rendered":"<p>Educa\u00ae vous propose la collection de puzzles pour adultes la plus compl\u00e8te du march\u00e9. De 500 \u00e0 42000 pi\u00e8ces, ils regroupent les plus belles images et les personnages les plus amusants.<\/p>\n","protected":false},"featured_media":162305,"template":"","meta":{"_acf_changed":false},"product_brand":[],"product_cat":[73263],"product_tag":[76905,76906,74106,76907,76908,76909,76910,76911,76912,76913,76914,75205,75206,76915,76916,76917,76918,75657,74054,76919,76920,76921,76922,74348,76923],"class_list":{"0":"post-250901","1":"product","2":"type-product","3":"status-publish","4":"has-post-thumbnail","6":"product_cat-produit-discontinue","7":"product_tag-16018-fr","8":"product_tag-3-000-fr","9":"product_tag-3000-fr","10":"product_tag-3000-amsterdam-fr","11":"product_tag-3000-amsterdao-fr","12":"product_tag-amsterdam-fr","13":"product_tag-bn3000-amsterdam-fr","14":"product_tag-bici-fr","15":"product_tag-bicicleta-fr","16":"product_tag-black-white-fr","17":"product_tag-blanco-y-negro-fr","18":"product_tag-city-fr","19":"product_tag-ciudad-fr","20":"product_tag-couloured-fr","21":"product_tag-holanda-fr","22":"product_tag-holland-fr","23":"product_tag-puente-fr","24":"product_tag-puzle-fr","25":"product_tag-puzzle-fr","26":"product_tag-reflejo-fr","27":"product_tag-rio-fr","28":"product_tag-river-fr","29":"product_tag-rojo-fr","30":"product_tag-rompecabezas-fr","31":"product_tag-schwarz-weiss-koloriert-fr","33":"first","34":"instock","35":"shipping-taxable","36":"product-type-simple"},"acf":[],"yoast_head":"<!-- This site is optimized with the Yoast SEO plugin v27.1.1 - https:\/\/yoast.com\/product\/yoast-seo-wordpress\/ -->\n<title>3000 Amsterdam - Educa Borras<\/title>\n<meta name=\"robots\" content=\"index, follow, max-snippet:-1, max-image-preview:large, max-video-preview:-1\" \/>\n<link rel=\"canonical\" href=\"https:\/\/www.educaborras.com\/fr\/produit\/16018-fr\/\" \/>\n<script type=\"application\/ld+json\" class=\"yoast-schema-graph\">{\"@context\":\"https:\/\/schema.org\",\"@graph\":[{\"@type\":\"WebPage\",\"@id\":\"https:\/\/www.educaborras.com\/fr\/produit\/16018-fr\/\",\"url\":\"https:\/\/www.educaborras.com\/fr\/produit\/16018-fr\/\",\"name\":\"3000 Amsterdam - Educa Borras\",\"isPartOf\":{\"@id\":\"https:\/\/www.educaborras.com\/fr\/#website\"},\"primaryImageOfPage\":{\"@id\":\"https:\/\/www.educaborras.com\/fr\/produit\/16018-fr\/#primaryimage\"},\"image\":{\"@id\":\"https:\/\/www.educaborras.com\/fr\/produit\/16018-fr\/#primaryimage\"},\"thumbnailUrl\":\"https:\/\/www.educaborras.com\/wp-content\/uploads\/16018_01_med-8.jpg\",\"datePublished\":\"2025-06-05T09:05:56+00:00\",\"dateModified\":\"2026-04-29T01:56:09+00:00\",\"breadcrumb\":{\"@id\":\"https:\/\/www.educaborras.com\/fr\/produit\/16018-fr\/#breadcrumb\"},\"inLanguage\":\"fr-FR\",\"potentialAction\":[{\"@type\":\"ReadAction\",\"target\":[\"https:\/\/www.educaborras.com\/fr\/produit\/16018-fr\/\"]}]},{\"@type\":\"ImageObject\",\"inLanguage\":\"fr-FR\",\"@id\":\"https:\/\/www.educaborras.com\/fr\/produit\/16018-fr\/#primaryimage\",\"url\":\"https:\/\/www.educaborras.com\/wp-content\/uploads\/16018_01_med-8.jpg\",\"contentUrl\":\"https:\/\/www.educaborras.com\/wp-content\/uploads\/16018_01_med-8.jpg\"},{\"@type\":\"BreadcrumbList\",\"@id\":\"https:\/\/www.educaborras.com\/fr\/produit\/16018-fr\/#breadcrumb\",\"itemListElement\":[{\"@type\":\"ListItem\",\"position\":1,\"name\":\"Portada\",\"item\":\"https:\/\/www.educaborras.com\/fr\/\"},{\"@type\":\"ListItem\",\"position\":2,\"name\":\"Produits\",\"item\":\"https:\/\/www.educaborras.com\/fr\/shop\/\"},{\"@type\":\"ListItem\",\"position\":3,\"name\":\"3000 Amsterdam\"}]},{\"@type\":\"WebSite\",\"@id\":\"https:\/\/www.educaborras.com\/fr\/#website\",\"url\":\"https:\/\/www.educaborras.com\/fr\/\",\"name\":\"Educa Borras\",\"description\":\"\",\"publisher\":{\"@id\":\"https:\/\/www.educaborras.com\/fr\/#organization\"},\"potentialAction\":[{\"@type\":\"SearchAction\",\"target\":{\"@type\":\"EntryPoint\",\"urlTemplate\":\"https:\/\/www.educaborras.com\/fr\/?s={search_term_string}\"},\"query-input\":{\"@type\":\"PropertyValueSpecification\",\"valueRequired\":true,\"valueName\":\"search_term_string\"}}],\"inLanguage\":\"fr-FR\"},{\"@type\":\"Organization\",\"@id\":\"https:\/\/www.educaborras.com\/fr\/#organization\",\"name\":\"Educa Borras\",\"url\":\"https:\/\/www.educaborras.com\/fr\/\",\"logo\":{\"@type\":\"ImageObject\",\"inLanguage\":\"fr-FR\",\"@id\":\"https:\/\/www.educaborras.com\/fr\/#\/schema\/logo\/image\/\",\"url\":\"https:\/\/www.educaborras.com\/wp-content\/uploads\/cropped-LOGOS-EDUCA-BORRAS_retina.png\",\"contentUrl\":\"https:\/\/www.educaborras.com\/wp-content\/uploads\/cropped-LOGOS-EDUCA-BORRAS_retina.png\",\"caption\":\"Educa Borras\"},\"image\":{\"@id\":\"https:\/\/www.educaborras.com\/fr\/#\/schema\/logo\/image\/\"}}]}<\/script>\n<!-- \/ Yoast SEO plugin. -->","yoast_head_json":{"title":"3000 Amsterdam - Educa Borras","robots":{"index":"index","follow":"follow","max-snippet":"max-snippet:-1","max-image-preview":"max-image-preview:large","max-video-preview":"max-video-preview:-1"},"canonical":"https:\/\/www.educaborras.com\/fr\/produit\/16018-fr\/","schema":{"@context":"https:\/\/schema.org","@graph":[{"@type":"WebPage","@id":"https:\/\/www.educaborras.com\/fr\/produit\/16018-fr\/","url":"https:\/\/www.educaborras.com\/fr\/produit\/16018-fr\/","name":"3000 Amsterdam - Educa Borras","isPartOf":{"@id":"https:\/\/www.educaborras.com\/fr\/#website"},"primaryImageOfPage":{"@id":"https:\/\/www.educaborras.com\/fr\/produit\/16018-fr\/#primaryimage"},"image":{"@id":"https:\/\/www.educaborras.com\/fr\/produit\/16018-fr\/#primaryimage"},"thumbnailUrl":"https:\/\/www.educaborras.com\/wp-content\/uploads\/16018_01_med-8.jpg","datePublished":"2025-06-05T09:05:56+00:00","dateModified":"2026-04-29T01:56:09+00:00","breadcrumb":{"@id":"https:\/\/www.educaborras.com\/fr\/produit\/16018-fr\/#breadcrumb"},"inLanguage":"fr-FR","potentialAction":[{"@type":"ReadAction","target":["https:\/\/www.educaborras.com\/fr\/produit\/16018-fr\/"]}]},{"@type":"ImageObject","inLanguage":"fr-FR","@id":"https:\/\/www.educaborras.com\/fr\/produit\/16018-fr\/#primaryimage","url":"https:\/\/www.educaborras.com\/wp-content\/uploads\/16018_01_med-8.jpg","contentUrl":"https:\/\/www.educaborras.com\/wp-content\/uploads\/16018_01_med-8.jpg"},{"@type":"BreadcrumbList","@id":"https:\/\/www.educaborras.com\/fr\/produit\/16018-fr\/#breadcrumb","itemListElement":[{"@type":"ListItem","position":1,"name":"Portada","item":"https:\/\/www.educaborras.com\/fr\/"},{"@type":"ListItem","position":2,"name":"Produits","item":"https:\/\/www.educaborras.com\/fr\/shop\/"},{"@type":"ListItem","position":3,"name":"3000 Amsterdam"}]},{"@type":"WebSite","@id":"https:\/\/www.educaborras.com\/fr\/#website","url":"https:\/\/www.educaborras.com\/fr\/","name":"Educa Borras","description":"","publisher":{"@id":"https:\/\/www.educaborras.com\/fr\/#organization"},"potentialAction":[{"@type":"SearchAction","target":{"@type":"EntryPoint","urlTemplate":"https:\/\/www.educaborras.com\/fr\/?s={search_term_string}"},"query-input":{"@type":"PropertyValueSpecification","valueRequired":true,"valueName":"search_term_string"}}],"inLanguage":"fr-FR"},{"@type":"Organization","@id":"https:\/\/www.educaborras.com\/fr\/#organization","name":"Educa Borras","url":"https:\/\/www.educaborras.com\/fr\/","logo":{"@type":"ImageObject","inLanguage":"fr-FR","@id":"https:\/\/www.educaborras.com\/fr\/#\/schema\/logo\/image\/","url":"https:\/\/www.educaborras.com\/wp-content\/uploads\/cropped-LOGOS-EDUCA-BORRAS_retina.png","contentUrl":"https:\/\/www.educaborras.com\/wp-content\/uploads\/cropped-LOGOS-EDUCA-BORRAS_retina.png","caption":"Educa Borras"},"image":{"@id":"https:\/\/www.educaborras.com\/fr\/#\/schema\/logo\/image\/"}}]}},"_links":{"self":[{"href":"https:\/\/www.educaborras.com\/fr\/wp-json\/wp\/v2\/product\/250901","targetHints":{"allow":["GET"]}}],"collection":[{"href":"https:\/\/www.educaborras.com\/fr\/wp-json\/wp\/v2\/product"}],"about":[{"href":"https:\/\/www.educaborras.com\/fr\/wp-json\/wp\/v2\/types\/product"}],"wp:featuredmedia":[{"embeddable":true,"href":"https:\/\/www.educaborras.com\/fr\/wp-json\/wp\/v2\/media\/162305"}],"wp:attachment":[{"href":"https:\/\/www.educaborras.com\/fr\/wp-json\/wp\/v2\/media?parent=250901"}],"wp:term":[{"taxonomy":"product_brand","embeddable":true,"href":"https:\/\/www.educaborras.com\/fr\/wp-json\/wp\/v2\/product_brand?post=250901"},{"taxonomy":"product_cat","embeddable":true,"href":"https:\/\/www.educaborras.com\/fr\/wp-json\/wp\/v2\/product_cat?post=250901"},{"taxonomy":"product_tag","embeddable":true,"href":"https:\/\/www.educaborras.com\/fr\/wp-json\/wp\/v2\/product_tag?post=250901"}],"curies":[{"name":"wp","href":"https:\/\/api.w.org\/{rel}","templated":true}]}}