{"id":250733,"date":"2025-06-05T11:07:02","date_gmt":"2025-06-05T09:07:02","guid":{"rendered":"https:\/\/www.educaborras.com\/product\/18900\/"},"modified":"2026-04-30T02:03:21","modified_gmt":"2026-04-30T00:03:21","slug":"18900-fr","status":"publish","type":"product","link":"https:\/\/www.educaborras.com\/fr\/produit\/18900-fr\/","title":{"rendered":"26 La Ferme Story Puzzle"},"content":{"rendered":"<p>Puzzle panoramique de 26 pi\u00e8ces. Contient des parties s\u00e9parables de 1 \u00e0 4 pi\u00e8ces pour apprendre les chiffres de 1 \u00e0 4. La quantit\u00e9 de pi\u00e8ces est li\u00e9e au nombre de figures qui y sont incluses. Dimensions approximatives du puzzle assembl\u00e9 : 96 x 16 cm.<\/p>\n","protected":false},"excerpt":{"rendered":"<p>Puzzle panoramique de 26 pi\u00e8ces. Contient des parties s\u00e9parables de 1 \u00e0 4 pi\u00e8ces pour apprendre les chiffres de 1 \u00e0 4. Dimensions des puzzles assembl\u00e9s : 96 x 16 cm.<\/p>\n","protected":false},"featured_media":162605,"template":"","meta":{"_acf_changed":false},"product_brand":[],"product_cat":[73263],"product_tag":[96546,96547,96548,96549,96550,96551,74204,74205,74206,90779,74208,74210,74211,96552,74496,74497,74054,96553,90780,96554,90781,96555,90784,90785,76547,90786,96556,96557,90787,74216,90791,83641,96558],"class_list":{"0":"post-250733","1":"product","2":"type-product","3":"status-publish","4":"has-post-thumbnail","6":"product_cat-produit-discontinue","7":"product_tag-18900-fr","8":"product_tag-26-a-quinta-story-puzzle-fr","9":"product_tag-26-der-bauernhof-story-puzzle-fr","10":"product_tag-26-la-ferme-story-puzzle-fr","11":"product_tag-26-la-granja-story-puzzle-fr","12":"product_tag-26-the-farm-story-puzzle-fr","13":"product_tag-educa-fr","14":"product_tag-educa-borras-fr","15":"product_tag-educa-borras-puzzle-fr","16":"product_tag-educa-junior-fr","17":"product_tag-educa-puzzle-fr","18":"product_tag-educa-puzzle-passion-fr","19":"product_tag-educa-puzzles-fr","20":"product_tag-educa-story-puzzle-fr","21":"product_tag-piece-fr","22":"product_tag-pieces-fr","23":"product_tag-puzzle-fr","24":"product_tag-puzzle-animales-granja-fr","25":"product_tag-puzzle-educa-ninos-fr","26":"product_tag-puzzle-granja-fr","27":"product_tag-puzzle-infantil-fr","28":"product_tag-puzzle-infantil-ganja-fr","29":"product_tag-puzzle-infantil-nina-fr","30":"product_tag-puzzle-infantil-nino-fr","31":"product_tag-puzzle-junior-fr","32":"product_tag-puzzle-ninos-fr","33":"product_tag-puzzle-panorama-infantil-fr","34":"product_tag-puzzle-panoramico-infantil-fr","35":"product_tag-puzzle-para-ninos-fr","36":"product_tag-puzzle-passion-fr","37":"product_tag-puzzles-infantiles-fr","38":"product_tag-rompecabezas-educa-fr","39":"product_tag-story-puzzle-fr","41":"first","42":"instock","43":"shipping-taxable","44":"product-type-simple"},"acf":[],"yoast_head":"<!-- This site is optimized with the Yoast SEO plugin v27.1.1 - https:\/\/yoast.com\/product\/yoast-seo-wordpress\/ -->\n<title>26 La Ferme Story Puzzle - Educa Borras<\/title>\n<meta name=\"robots\" content=\"index, follow, max-snippet:-1, max-image-preview:large, max-video-preview:-1\" \/>\n<link rel=\"canonical\" href=\"https:\/\/www.educaborras.com\/fr\/produit\/18900-fr\/\" \/>\n<script type=\"application\/ld+json\" class=\"yoast-schema-graph\">{\"@context\":\"https:\/\/schema.org\",\"@graph\":[{\"@type\":\"WebPage\",\"@id\":\"https:\/\/www.educaborras.com\/fr\/produit\/18900-fr\/\",\"url\":\"https:\/\/www.educaborras.com\/fr\/produit\/18900-fr\/\",\"name\":\"26 La Ferme Story Puzzle - Educa Borras\",\"isPartOf\":{\"@id\":\"https:\/\/www.educaborras.com\/fr\/#website\"},\"primaryImageOfPage\":{\"@id\":\"https:\/\/www.educaborras.com\/fr\/produit\/18900-fr\/#primaryimage\"},\"image\":{\"@id\":\"https:\/\/www.educaborras.com\/fr\/produit\/18900-fr\/#primaryimage\"},\"thumbnailUrl\":\"https:\/\/www.educaborras.com\/wp-content\/uploads\/18900_01_high-13.jpg\",\"datePublished\":\"2025-06-05T09:07:02+00:00\",\"dateModified\":\"2026-04-30T00:03:21+00:00\",\"breadcrumb\":{\"@id\":\"https:\/\/www.educaborras.com\/fr\/produit\/18900-fr\/#breadcrumb\"},\"inLanguage\":\"fr-FR\",\"potentialAction\":[{\"@type\":\"ReadAction\",\"target\":[\"https:\/\/www.educaborras.com\/fr\/produit\/18900-fr\/\"]}]},{\"@type\":\"ImageObject\",\"inLanguage\":\"fr-FR\",\"@id\":\"https:\/\/www.educaborras.com\/fr\/produit\/18900-fr\/#primaryimage\",\"url\":\"https:\/\/www.educaborras.com\/wp-content\/uploads\/18900_01_high-13.jpg\",\"contentUrl\":\"https:\/\/www.educaborras.com\/wp-content\/uploads\/18900_01_high-13.jpg\"},{\"@type\":\"BreadcrumbList\",\"@id\":\"https:\/\/www.educaborras.com\/fr\/produit\/18900-fr\/#breadcrumb\",\"itemListElement\":[{\"@type\":\"ListItem\",\"position\":1,\"name\":\"Portada\",\"item\":\"https:\/\/www.educaborras.com\/fr\/\"},{\"@type\":\"ListItem\",\"position\":2,\"name\":\"Produits\",\"item\":\"https:\/\/www.educaborras.com\/fr\/shop\/\"},{\"@type\":\"ListItem\",\"position\":3,\"name\":\"26 La Ferme Story Puzzle\"}]},{\"@type\":\"WebSite\",\"@id\":\"https:\/\/www.educaborras.com\/fr\/#website\",\"url\":\"https:\/\/www.educaborras.com\/fr\/\",\"name\":\"Educa Borras\",\"description\":\"\",\"publisher\":{\"@id\":\"https:\/\/www.educaborras.com\/fr\/#organization\"},\"potentialAction\":[{\"@type\":\"SearchAction\",\"target\":{\"@type\":\"EntryPoint\",\"urlTemplate\":\"https:\/\/www.educaborras.com\/fr\/?s={search_term_string}\"},\"query-input\":{\"@type\":\"PropertyValueSpecification\",\"valueRequired\":true,\"valueName\":\"search_term_string\"}}],\"inLanguage\":\"fr-FR\"},{\"@type\":\"Organization\",\"@id\":\"https:\/\/www.educaborras.com\/fr\/#organization\",\"name\":\"Educa Borras\",\"url\":\"https:\/\/www.educaborras.com\/fr\/\",\"logo\":{\"@type\":\"ImageObject\",\"inLanguage\":\"fr-FR\",\"@id\":\"https:\/\/www.educaborras.com\/fr\/#\/schema\/logo\/image\/\",\"url\":\"https:\/\/www.educaborras.com\/wp-content\/uploads\/cropped-LOGOS-EDUCA-BORRAS_retina.png\",\"contentUrl\":\"https:\/\/www.educaborras.com\/wp-content\/uploads\/cropped-LOGOS-EDUCA-BORRAS_retina.png\",\"caption\":\"Educa Borras\"},\"image\":{\"@id\":\"https:\/\/www.educaborras.com\/fr\/#\/schema\/logo\/image\/\"}}]}<\/script>\n<!-- \/ Yoast SEO plugin. -->","yoast_head_json":{"title":"26 La Ferme Story Puzzle - Educa Borras","robots":{"index":"index","follow":"follow","max-snippet":"max-snippet:-1","max-image-preview":"max-image-preview:large","max-video-preview":"max-video-preview:-1"},"canonical":"https:\/\/www.educaborras.com\/fr\/produit\/18900-fr\/","schema":{"@context":"https:\/\/schema.org","@graph":[{"@type":"WebPage","@id":"https:\/\/www.educaborras.com\/fr\/produit\/18900-fr\/","url":"https:\/\/www.educaborras.com\/fr\/produit\/18900-fr\/","name":"26 La Ferme Story Puzzle - Educa Borras","isPartOf":{"@id":"https:\/\/www.educaborras.com\/fr\/#website"},"primaryImageOfPage":{"@id":"https:\/\/www.educaborras.com\/fr\/produit\/18900-fr\/#primaryimage"},"image":{"@id":"https:\/\/www.educaborras.com\/fr\/produit\/18900-fr\/#primaryimage"},"thumbnailUrl":"https:\/\/www.educaborras.com\/wp-content\/uploads\/18900_01_high-13.jpg","datePublished":"2025-06-05T09:07:02+00:00","dateModified":"2026-04-30T00:03:21+00:00","breadcrumb":{"@id":"https:\/\/www.educaborras.com\/fr\/produit\/18900-fr\/#breadcrumb"},"inLanguage":"fr-FR","potentialAction":[{"@type":"ReadAction","target":["https:\/\/www.educaborras.com\/fr\/produit\/18900-fr\/"]}]},{"@type":"ImageObject","inLanguage":"fr-FR","@id":"https:\/\/www.educaborras.com\/fr\/produit\/18900-fr\/#primaryimage","url":"https:\/\/www.educaborras.com\/wp-content\/uploads\/18900_01_high-13.jpg","contentUrl":"https:\/\/www.educaborras.com\/wp-content\/uploads\/18900_01_high-13.jpg"},{"@type":"BreadcrumbList","@id":"https:\/\/www.educaborras.com\/fr\/produit\/18900-fr\/#breadcrumb","itemListElement":[{"@type":"ListItem","position":1,"name":"Portada","item":"https:\/\/www.educaborras.com\/fr\/"},{"@type":"ListItem","position":2,"name":"Produits","item":"https:\/\/www.educaborras.com\/fr\/shop\/"},{"@type":"ListItem","position":3,"name":"26 La Ferme Story Puzzle"}]},{"@type":"WebSite","@id":"https:\/\/www.educaborras.com\/fr\/#website","url":"https:\/\/www.educaborras.com\/fr\/","name":"Educa Borras","description":"","publisher":{"@id":"https:\/\/www.educaborras.com\/fr\/#organization"},"potentialAction":[{"@type":"SearchAction","target":{"@type":"EntryPoint","urlTemplate":"https:\/\/www.educaborras.com\/fr\/?s={search_term_string}"},"query-input":{"@type":"PropertyValueSpecification","valueRequired":true,"valueName":"search_term_string"}}],"inLanguage":"fr-FR"},{"@type":"Organization","@id":"https:\/\/www.educaborras.com\/fr\/#organization","name":"Educa Borras","url":"https:\/\/www.educaborras.com\/fr\/","logo":{"@type":"ImageObject","inLanguage":"fr-FR","@id":"https:\/\/www.educaborras.com\/fr\/#\/schema\/logo\/image\/","url":"https:\/\/www.educaborras.com\/wp-content\/uploads\/cropped-LOGOS-EDUCA-BORRAS_retina.png","contentUrl":"https:\/\/www.educaborras.com\/wp-content\/uploads\/cropped-LOGOS-EDUCA-BORRAS_retina.png","caption":"Educa Borras"},"image":{"@id":"https:\/\/www.educaborras.com\/fr\/#\/schema\/logo\/image\/"}}]}},"_links":{"self":[{"href":"https:\/\/www.educaborras.com\/fr\/wp-json\/wp\/v2\/product\/250733","targetHints":{"allow":["GET"]}}],"collection":[{"href":"https:\/\/www.educaborras.com\/fr\/wp-json\/wp\/v2\/product"}],"about":[{"href":"https:\/\/www.educaborras.com\/fr\/wp-json\/wp\/v2\/types\/product"}],"wp:featuredmedia":[{"embeddable":true,"href":"https:\/\/www.educaborras.com\/fr\/wp-json\/wp\/v2\/media\/162605"}],"wp:attachment":[{"href":"https:\/\/www.educaborras.com\/fr\/wp-json\/wp\/v2\/media?parent=250733"}],"wp:term":[{"taxonomy":"product_brand","embeddable":true,"href":"https:\/\/www.educaborras.com\/fr\/wp-json\/wp\/v2\/product_brand?post=250733"},{"taxonomy":"product_cat","embeddable":true,"href":"https:\/\/www.educaborras.com\/fr\/wp-json\/wp\/v2\/product_cat?post=250733"},{"taxonomy":"product_tag","embeddable":true,"href":"https:\/\/www.educaborras.com\/fr\/wp-json\/wp\/v2\/product_tag?post=250733"}],"curies":[{"name":"wp","href":"https:\/\/api.w.org\/{rel}","templated":true}]}}