{"id":250713,"date":"2025-06-05T11:07:11","date_gmt":"2025-06-05T09:07:11","guid":{"rendered":"https:\/\/www.educaborras.com\/product\/18906\/"},"modified":"2026-04-30T03:40:05","modified_gmt":"2026-04-30T01:40:05","slug":"18906-fr","status":"publish","type":"product","link":"https:\/\/www.educaborras.com\/fr\/produit\/18906-fr\/","title":{"rendered":"28 La Jungle Round Puzzle"},"content":{"rendered":"<p>Puzzle rond de 28 pi\u00e8ces et de 48 cm de diam\u00e8tre. Contient des parties s\u00e9parables de 2 \u00e0 4 pi\u00e8ces et d\u00e9coup\u00e9es selon une forme sp\u00e9ciale. Pi\u00e8ces grandes, faciles \u00e0 manipuler et embo\u00eeter. Th\u00e8me : La jungle<\/p>\n","protected":false},"excerpt":{"rendered":"<p>Puzzle rond de 28 pi\u00e8ces et de 48 cm de diam\u00e8tre. Contient des parties s\u00e9parables de 2 \u00e0 4 pi\u00e8ces et d\u00e9coup\u00e9es selon une forme sp\u00e9ciale. Pi\u00e8ces grandes, faciles \u00e0 manipuler et embo\u00eeter.<\/p>\n","protected":false},"featured_media":162655,"template":"","meta":{"_acf_changed":false},"product_brand":[],"product_cat":[73263],"product_tag":[74344,96769,96770,96771,96772,96773,96774,74204,74205,74206,90779,74208,74210,74211,82310,82311,74347,74495,74496,74497,75657,74054,96775,96776,90780,90781,90784,90785,96777,76547,90786,90787,74216,96778,96779,96780,96781,96782,96783,90791,74348,83641,96784,82318],"class_list":{"0":"post-250713","1":"product","2":"type-product","3":"status-publish","4":"has-post-thumbnail","6":"product_cat-produit-discontinue","7":"product_tag-piezas-fr","8":"product_tag-18906-fr","9":"product_tag-28-a-selva-round-puzzle-fr","10":"product_tag-28-der-dschungel-round-puzzle-fr","11":"product_tag-28-la-jungle-round-puzzle-fr","12":"product_tag-28-la-selva-round-puzzle-fr","13":"product_tag-28-the-jungle-round-puzzle-fr","14":"product_tag-educa-fr","15":"product_tag-educa-borras-fr","16":"product_tag-educa-borras-puzzle-fr","17":"product_tag-educa-junior-fr","18":"product_tag-educa-puzzle-fr","19":"product_tag-educa-puzzle-passion-fr","20":"product_tag-educa-puzzles-fr","21":"product_tag-jigsaw-fr","22":"product_tag-jigsaw-puzzle-fr","23":"product_tag-peca-fr","24":"product_tag-peces-fr","25":"product_tag-piece-fr","26":"product_tag-pieces-fr","27":"product_tag-puzle-fr","28":"product_tag-puzzle-fr","29":"product_tag-puzzle-animales-fr","30":"product_tag-puzzle-animales-selva-fr","31":"product_tag-puzzle-educa-ninos-fr","32":"product_tag-puzzle-infantil-fr","33":"product_tag-puzzle-infantil-nina-fr","34":"product_tag-puzzle-infantil-nino-fr","35":"product_tag-puzzle-infantil-selva-fr","36":"product_tag-puzzle-junior-fr","37":"product_tag-puzzle-ninos-fr","38":"product_tag-puzzle-para-ninos-fr","39":"product_tag-puzzle-passion-fr","40":"product_tag-puzzle-redondo-fr","41":"product_tag-puzzle-redondo-28-piezas-fr","42":"product_tag-puzzle-redondo-3-anos-fr","43":"product_tag-puzzle-redondo-4-anos-fr","44":"product_tag-puzzle-redondo-infantil-fr","45":"product_tag-puzzle-redondo-ninos-fr","46":"product_tag-puzzles-infantiles-fr","47":"product_tag-rompecabezas-fr","48":"product_tag-rompecabezas-educa-fr","49":"product_tag-round-puzzle-fr","50":"product_tag-trencaclosques-fr","52":"first","53":"instock","54":"shipping-taxable","55":"product-type-simple"},"acf":[],"yoast_head":"<!-- This site is optimized with the Yoast SEO plugin v27.1.1 - https:\/\/yoast.com\/product\/yoast-seo-wordpress\/ -->\n<title>28 La Jungle Round Puzzle - Educa Borras<\/title>\n<meta name=\"robots\" content=\"index, follow, max-snippet:-1, max-image-preview:large, max-video-preview:-1\" \/>\n<link rel=\"canonical\" href=\"https:\/\/www.educaborras.com\/fr\/produit\/18906-fr\/\" \/>\n<script type=\"application\/ld+json\" class=\"yoast-schema-graph\">{\"@context\":\"https:\/\/schema.org\",\"@graph\":[{\"@type\":\"WebPage\",\"@id\":\"https:\/\/www.educaborras.com\/fr\/produit\/18906-fr\/\",\"url\":\"https:\/\/www.educaborras.com\/fr\/produit\/18906-fr\/\",\"name\":\"28 La Jungle Round Puzzle - Educa Borras\",\"isPartOf\":{\"@id\":\"https:\/\/www.educaborras.com\/fr\/#website\"},\"primaryImageOfPage\":{\"@id\":\"https:\/\/www.educaborras.com\/fr\/produit\/18906-fr\/#primaryimage\"},\"image\":{\"@id\":\"https:\/\/www.educaborras.com\/fr\/produit\/18906-fr\/#primaryimage\"},\"thumbnailUrl\":\"https:\/\/www.educaborras.com\/wp-content\/uploads\/18906_01_high-13.jpg\",\"datePublished\":\"2025-06-05T09:07:11+00:00\",\"dateModified\":\"2026-04-30T01:40:05+00:00\",\"breadcrumb\":{\"@id\":\"https:\/\/www.educaborras.com\/fr\/produit\/18906-fr\/#breadcrumb\"},\"inLanguage\":\"fr-FR\",\"potentialAction\":[{\"@type\":\"ReadAction\",\"target\":[\"https:\/\/www.educaborras.com\/fr\/produit\/18906-fr\/\"]}]},{\"@type\":\"ImageObject\",\"inLanguage\":\"fr-FR\",\"@id\":\"https:\/\/www.educaborras.com\/fr\/produit\/18906-fr\/#primaryimage\",\"url\":\"https:\/\/www.educaborras.com\/wp-content\/uploads\/18906_01_high-13.jpg\",\"contentUrl\":\"https:\/\/www.educaborras.com\/wp-content\/uploads\/18906_01_high-13.jpg\"},{\"@type\":\"BreadcrumbList\",\"@id\":\"https:\/\/www.educaborras.com\/fr\/produit\/18906-fr\/#breadcrumb\",\"itemListElement\":[{\"@type\":\"ListItem\",\"position\":1,\"name\":\"Portada\",\"item\":\"https:\/\/www.educaborras.com\/fr\/\"},{\"@type\":\"ListItem\",\"position\":2,\"name\":\"Produits\",\"item\":\"https:\/\/www.educaborras.com\/fr\/shop\/\"},{\"@type\":\"ListItem\",\"position\":3,\"name\":\"28 La Jungle Round Puzzle\"}]},{\"@type\":\"WebSite\",\"@id\":\"https:\/\/www.educaborras.com\/fr\/#website\",\"url\":\"https:\/\/www.educaborras.com\/fr\/\",\"name\":\"Educa Borras\",\"description\":\"\",\"publisher\":{\"@id\":\"https:\/\/www.educaborras.com\/fr\/#organization\"},\"potentialAction\":[{\"@type\":\"SearchAction\",\"target\":{\"@type\":\"EntryPoint\",\"urlTemplate\":\"https:\/\/www.educaborras.com\/fr\/?s={search_term_string}\"},\"query-input\":{\"@type\":\"PropertyValueSpecification\",\"valueRequired\":true,\"valueName\":\"search_term_string\"}}],\"inLanguage\":\"fr-FR\"},{\"@type\":\"Organization\",\"@id\":\"https:\/\/www.educaborras.com\/fr\/#organization\",\"name\":\"Educa Borras\",\"url\":\"https:\/\/www.educaborras.com\/fr\/\",\"logo\":{\"@type\":\"ImageObject\",\"inLanguage\":\"fr-FR\",\"@id\":\"https:\/\/www.educaborras.com\/fr\/#\/schema\/logo\/image\/\",\"url\":\"https:\/\/www.educaborras.com\/wp-content\/uploads\/cropped-LOGOS-EDUCA-BORRAS_retina.png\",\"contentUrl\":\"https:\/\/www.educaborras.com\/wp-content\/uploads\/cropped-LOGOS-EDUCA-BORRAS_retina.png\",\"caption\":\"Educa Borras\"},\"image\":{\"@id\":\"https:\/\/www.educaborras.com\/fr\/#\/schema\/logo\/image\/\"}}]}<\/script>\n<!-- \/ Yoast SEO plugin. -->","yoast_head_json":{"title":"28 La Jungle Round Puzzle - Educa Borras","robots":{"index":"index","follow":"follow","max-snippet":"max-snippet:-1","max-image-preview":"max-image-preview:large","max-video-preview":"max-video-preview:-1"},"canonical":"https:\/\/www.educaborras.com\/fr\/produit\/18906-fr\/","schema":{"@context":"https:\/\/schema.org","@graph":[{"@type":"WebPage","@id":"https:\/\/www.educaborras.com\/fr\/produit\/18906-fr\/","url":"https:\/\/www.educaborras.com\/fr\/produit\/18906-fr\/","name":"28 La Jungle Round Puzzle - Educa Borras","isPartOf":{"@id":"https:\/\/www.educaborras.com\/fr\/#website"},"primaryImageOfPage":{"@id":"https:\/\/www.educaborras.com\/fr\/produit\/18906-fr\/#primaryimage"},"image":{"@id":"https:\/\/www.educaborras.com\/fr\/produit\/18906-fr\/#primaryimage"},"thumbnailUrl":"https:\/\/www.educaborras.com\/wp-content\/uploads\/18906_01_high-13.jpg","datePublished":"2025-06-05T09:07:11+00:00","dateModified":"2026-04-30T01:40:05+00:00","breadcrumb":{"@id":"https:\/\/www.educaborras.com\/fr\/produit\/18906-fr\/#breadcrumb"},"inLanguage":"fr-FR","potentialAction":[{"@type":"ReadAction","target":["https:\/\/www.educaborras.com\/fr\/produit\/18906-fr\/"]}]},{"@type":"ImageObject","inLanguage":"fr-FR","@id":"https:\/\/www.educaborras.com\/fr\/produit\/18906-fr\/#primaryimage","url":"https:\/\/www.educaborras.com\/wp-content\/uploads\/18906_01_high-13.jpg","contentUrl":"https:\/\/www.educaborras.com\/wp-content\/uploads\/18906_01_high-13.jpg"},{"@type":"BreadcrumbList","@id":"https:\/\/www.educaborras.com\/fr\/produit\/18906-fr\/#breadcrumb","itemListElement":[{"@type":"ListItem","position":1,"name":"Portada","item":"https:\/\/www.educaborras.com\/fr\/"},{"@type":"ListItem","position":2,"name":"Produits","item":"https:\/\/www.educaborras.com\/fr\/shop\/"},{"@type":"ListItem","position":3,"name":"28 La Jungle Round Puzzle"}]},{"@type":"WebSite","@id":"https:\/\/www.educaborras.com\/fr\/#website","url":"https:\/\/www.educaborras.com\/fr\/","name":"Educa Borras","description":"","publisher":{"@id":"https:\/\/www.educaborras.com\/fr\/#organization"},"potentialAction":[{"@type":"SearchAction","target":{"@type":"EntryPoint","urlTemplate":"https:\/\/www.educaborras.com\/fr\/?s={search_term_string}"},"query-input":{"@type":"PropertyValueSpecification","valueRequired":true,"valueName":"search_term_string"}}],"inLanguage":"fr-FR"},{"@type":"Organization","@id":"https:\/\/www.educaborras.com\/fr\/#organization","name":"Educa Borras","url":"https:\/\/www.educaborras.com\/fr\/","logo":{"@type":"ImageObject","inLanguage":"fr-FR","@id":"https:\/\/www.educaborras.com\/fr\/#\/schema\/logo\/image\/","url":"https:\/\/www.educaborras.com\/wp-content\/uploads\/cropped-LOGOS-EDUCA-BORRAS_retina.png","contentUrl":"https:\/\/www.educaborras.com\/wp-content\/uploads\/cropped-LOGOS-EDUCA-BORRAS_retina.png","caption":"Educa Borras"},"image":{"@id":"https:\/\/www.educaborras.com\/fr\/#\/schema\/logo\/image\/"}}]}},"_links":{"self":[{"href":"https:\/\/www.educaborras.com\/fr\/wp-json\/wp\/v2\/product\/250713","targetHints":{"allow":["GET"]}}],"collection":[{"href":"https:\/\/www.educaborras.com\/fr\/wp-json\/wp\/v2\/product"}],"about":[{"href":"https:\/\/www.educaborras.com\/fr\/wp-json\/wp\/v2\/types\/product"}],"wp:featuredmedia":[{"embeddable":true,"href":"https:\/\/www.educaborras.com\/fr\/wp-json\/wp\/v2\/media\/162655"}],"wp:attachment":[{"href":"https:\/\/www.educaborras.com\/fr\/wp-json\/wp\/v2\/media?parent=250713"}],"wp:term":[{"taxonomy":"product_brand","embeddable":true,"href":"https:\/\/www.educaborras.com\/fr\/wp-json\/wp\/v2\/product_brand?post=250713"},{"taxonomy":"product_cat","embeddable":true,"href":"https:\/\/www.educaborras.com\/fr\/wp-json\/wp\/v2\/product_cat?post=250713"},{"taxonomy":"product_tag","embeddable":true,"href":"https:\/\/www.educaborras.com\/fr\/wp-json\/wp\/v2\/product_tag?post=250713"}],"curies":[{"name":"wp","href":"https:\/\/api.w.org\/{rel}","templated":true}]}}