{"id":250657,"date":"2025-06-05T11:07:38","date_gmt":"2025-06-05T09:07:38","guid":{"rendered":"https:\/\/www.educaborras.com\/product\/19222\/"},"modified":"2026-04-29T02:30:56","modified_gmt":"2026-04-29T00:30:56","slug":"19222-fr","status":"publish","type":"product","link":"https:\/\/www.educaborras.com\/fr\/produit\/19222-fr\/","title":{"rendered":"The Kiubis. L&rsquo;\u00e9curie de l&rsquo;\u00c2ne"},"content":{"rendered":"<p>Assemble le d\u00e9cor 3D et invente une infinit\u00e9 d&rsquo;histoires avec tes Kiubis. Apprends \u00e0 assembler et \u00e0 combiner les \u00e9l\u00e9ments pour cr\u00e9er diff\u00e9rents personnages. Contenu: Un tracteur de 4 pi\u00e8ces et 6 pi\u00e8ces interchangeables et empilables avec lesquelles monter 2 personnages. Contient un d\u00e9cor 3D montable de 3 pi\u00e8ces. Ainsi, les enfants pourront cr\u00e9er et d\u00e9velopper leurs propres histoires et ils apprendront les relations spatiales. https:\/\/youtu.be\/yk6BtQTt20c<\/p>\n","protected":false},"excerpt":{"rendered":"<p>Assemble le d\u00e9cor 3D et invente une infinit\u00e9 d&rsquo;histoires avec tes Kiubis. Apprends \u00e0 assembler et \u00e0 combiner les \u00e9l\u00e9ments pour cr\u00e9er diff\u00e9rents personnages.<\/p>\n","protected":false},"featured_media":162810,"template":"","meta":{"_acf_changed":false},"product_brand":[],"product_cat":[73263],"product_tag":[82271,82248,82249,74661,82250,82251,82252,82253,82254,82255,82256,82257],"class_list":{"0":"post-250657","1":"product","2":"type-product","3":"status-publish","4":"has-post-thumbnail","6":"product_cat-produit-discontinue","7":"product_tag-19222-fr","8":"product_tag-baby-cubes-fr","9":"product_tag-cubes-fr","10":"product_tag-cubos-fr","11":"product_tag-cubos-preescolar-fr","12":"product_tag-juegos-de-cubos-fr","13":"product_tag-juegos-infantiles-fr","14":"product_tag-kiubis-fr","15":"product_tag-preescolar-fr","16":"product_tag-puericultura-fr","17":"product_tag-the-kiubis-fr","18":"product_tag-the-kiubis-cubes-fr","20":"first","21":"instock","22":"shipping-taxable","23":"product-type-simple"},"acf":[],"yoast_head":"<!-- This site is optimized with the Yoast SEO plugin v27.1.1 - https:\/\/yoast.com\/product\/yoast-seo-wordpress\/ -->\n<title>The Kiubis. L&#039;\u00e9curie de l&#039;\u00c2ne - Educa Borras<\/title>\n<meta name=\"description\" content=\"El peque\u00f1o granjero va a visitar al burrito en su tractor. \u00bfD\u00f3nde estar\u00e1? \u00a1Mira! \u00a1Aparece por la ventanita! Se hab\u00eda escondido dentro de su establo!\" \/>\n<meta name=\"robots\" content=\"index, follow, max-snippet:-1, max-image-preview:large, max-video-preview:-1\" \/>\n<link rel=\"canonical\" href=\"https:\/\/www.educaborras.com\/fr\/produit\/19222-fr\/\" \/>\n<script type=\"application\/ld+json\" class=\"yoast-schema-graph\">{\"@context\":\"https:\/\/schema.org\",\"@graph\":[{\"@type\":\"WebPage\",\"@id\":\"https:\/\/www.educaborras.com\/fr\/produit\/19222-fr\/\",\"url\":\"https:\/\/www.educaborras.com\/fr\/produit\/19222-fr\/\",\"name\":\"The Kiubis. L'\u00e9curie de l'\u00c2ne - Educa Borras\",\"isPartOf\":{\"@id\":\"https:\/\/www.educaborras.com\/fr\/#website\"},\"primaryImageOfPage\":{\"@id\":\"https:\/\/www.educaborras.com\/fr\/produit\/19222-fr\/#primaryimage\"},\"image\":{\"@id\":\"https:\/\/www.educaborras.com\/fr\/produit\/19222-fr\/#primaryimage\"},\"thumbnailUrl\":\"https:\/\/www.educaborras.com\/wp-content\/uploads\/19222_01_high-31.jpg\",\"datePublished\":\"2025-06-05T09:07:38+00:00\",\"dateModified\":\"2026-04-29T00:30:56+00:00\",\"description\":\"El peque\u00f1o granjero va a visitar al burrito en su tractor. \u00bfD\u00f3nde estar\u00e1? \u00a1Mira! \u00a1Aparece por la ventanita! Se hab\u00eda escondido dentro de su establo!\",\"breadcrumb\":{\"@id\":\"https:\/\/www.educaborras.com\/fr\/produit\/19222-fr\/#breadcrumb\"},\"inLanguage\":\"fr-FR\",\"potentialAction\":[{\"@type\":\"ReadAction\",\"target\":[\"https:\/\/www.educaborras.com\/fr\/produit\/19222-fr\/\"]}]},{\"@type\":\"ImageObject\",\"inLanguage\":\"fr-FR\",\"@id\":\"https:\/\/www.educaborras.com\/fr\/produit\/19222-fr\/#primaryimage\",\"url\":\"https:\/\/www.educaborras.com\/wp-content\/uploads\/19222_01_high-31.jpg\",\"contentUrl\":\"https:\/\/www.educaborras.com\/wp-content\/uploads\/19222_01_high-31.jpg\"},{\"@type\":\"BreadcrumbList\",\"@id\":\"https:\/\/www.educaborras.com\/fr\/produit\/19222-fr\/#breadcrumb\",\"itemListElement\":[{\"@type\":\"ListItem\",\"position\":1,\"name\":\"Portada\",\"item\":\"https:\/\/www.educaborras.com\/fr\/\"},{\"@type\":\"ListItem\",\"position\":2,\"name\":\"Produits\",\"item\":\"https:\/\/www.educaborras.com\/fr\/shop\/\"},{\"@type\":\"ListItem\",\"position\":3,\"name\":\"The Kiubis. L&#8217;\u00e9curie de l&#8217;\u00c2ne\"}]},{\"@type\":\"WebSite\",\"@id\":\"https:\/\/www.educaborras.com\/fr\/#website\",\"url\":\"https:\/\/www.educaborras.com\/fr\/\",\"name\":\"Educa Borras\",\"description\":\"\",\"publisher\":{\"@id\":\"https:\/\/www.educaborras.com\/fr\/#organization\"},\"potentialAction\":[{\"@type\":\"SearchAction\",\"target\":{\"@type\":\"EntryPoint\",\"urlTemplate\":\"https:\/\/www.educaborras.com\/fr\/?s={search_term_string}\"},\"query-input\":{\"@type\":\"PropertyValueSpecification\",\"valueRequired\":true,\"valueName\":\"search_term_string\"}}],\"inLanguage\":\"fr-FR\"},{\"@type\":\"Organization\",\"@id\":\"https:\/\/www.educaborras.com\/fr\/#organization\",\"name\":\"Educa Borras\",\"url\":\"https:\/\/www.educaborras.com\/fr\/\",\"logo\":{\"@type\":\"ImageObject\",\"inLanguage\":\"fr-FR\",\"@id\":\"https:\/\/www.educaborras.com\/fr\/#\/schema\/logo\/image\/\",\"url\":\"https:\/\/www.educaborras.com\/wp-content\/uploads\/cropped-LOGOS-EDUCA-BORRAS_retina.png\",\"contentUrl\":\"https:\/\/www.educaborras.com\/wp-content\/uploads\/cropped-LOGOS-EDUCA-BORRAS_retina.png\",\"caption\":\"Educa Borras\"},\"image\":{\"@id\":\"https:\/\/www.educaborras.com\/fr\/#\/schema\/logo\/image\/\"}}]}<\/script>\n<!-- \/ Yoast SEO plugin. -->","yoast_head_json":{"title":"The Kiubis. L'\u00e9curie de l'\u00c2ne - Educa Borras","description":"El peque\u00f1o granjero va a visitar al burrito en su tractor. \u00bfD\u00f3nde estar\u00e1? \u00a1Mira! \u00a1Aparece por la ventanita! Se hab\u00eda escondido dentro de su establo!","robots":{"index":"index","follow":"follow","max-snippet":"max-snippet:-1","max-image-preview":"max-image-preview:large","max-video-preview":"max-video-preview:-1"},"canonical":"https:\/\/www.educaborras.com\/fr\/produit\/19222-fr\/","schema":{"@context":"https:\/\/schema.org","@graph":[{"@type":"WebPage","@id":"https:\/\/www.educaborras.com\/fr\/produit\/19222-fr\/","url":"https:\/\/www.educaborras.com\/fr\/produit\/19222-fr\/","name":"The Kiubis. L'\u00e9curie de l'\u00c2ne - Educa Borras","isPartOf":{"@id":"https:\/\/www.educaborras.com\/fr\/#website"},"primaryImageOfPage":{"@id":"https:\/\/www.educaborras.com\/fr\/produit\/19222-fr\/#primaryimage"},"image":{"@id":"https:\/\/www.educaborras.com\/fr\/produit\/19222-fr\/#primaryimage"},"thumbnailUrl":"https:\/\/www.educaborras.com\/wp-content\/uploads\/19222_01_high-31.jpg","datePublished":"2025-06-05T09:07:38+00:00","dateModified":"2026-04-29T00:30:56+00:00","description":"El peque\u00f1o granjero va a visitar al burrito en su tractor. \u00bfD\u00f3nde estar\u00e1? \u00a1Mira! \u00a1Aparece por la ventanita! Se hab\u00eda escondido dentro de su establo!","breadcrumb":{"@id":"https:\/\/www.educaborras.com\/fr\/produit\/19222-fr\/#breadcrumb"},"inLanguage":"fr-FR","potentialAction":[{"@type":"ReadAction","target":["https:\/\/www.educaborras.com\/fr\/produit\/19222-fr\/"]}]},{"@type":"ImageObject","inLanguage":"fr-FR","@id":"https:\/\/www.educaborras.com\/fr\/produit\/19222-fr\/#primaryimage","url":"https:\/\/www.educaborras.com\/wp-content\/uploads\/19222_01_high-31.jpg","contentUrl":"https:\/\/www.educaborras.com\/wp-content\/uploads\/19222_01_high-31.jpg"},{"@type":"BreadcrumbList","@id":"https:\/\/www.educaborras.com\/fr\/produit\/19222-fr\/#breadcrumb","itemListElement":[{"@type":"ListItem","position":1,"name":"Portada","item":"https:\/\/www.educaborras.com\/fr\/"},{"@type":"ListItem","position":2,"name":"Produits","item":"https:\/\/www.educaborras.com\/fr\/shop\/"},{"@type":"ListItem","position":3,"name":"The Kiubis. L&#8217;\u00e9curie de l&#8217;\u00c2ne"}]},{"@type":"WebSite","@id":"https:\/\/www.educaborras.com\/fr\/#website","url":"https:\/\/www.educaborras.com\/fr\/","name":"Educa Borras","description":"","publisher":{"@id":"https:\/\/www.educaborras.com\/fr\/#organization"},"potentialAction":[{"@type":"SearchAction","target":{"@type":"EntryPoint","urlTemplate":"https:\/\/www.educaborras.com\/fr\/?s={search_term_string}"},"query-input":{"@type":"PropertyValueSpecification","valueRequired":true,"valueName":"search_term_string"}}],"inLanguage":"fr-FR"},{"@type":"Organization","@id":"https:\/\/www.educaborras.com\/fr\/#organization","name":"Educa Borras","url":"https:\/\/www.educaborras.com\/fr\/","logo":{"@type":"ImageObject","inLanguage":"fr-FR","@id":"https:\/\/www.educaborras.com\/fr\/#\/schema\/logo\/image\/","url":"https:\/\/www.educaborras.com\/wp-content\/uploads\/cropped-LOGOS-EDUCA-BORRAS_retina.png","contentUrl":"https:\/\/www.educaborras.com\/wp-content\/uploads\/cropped-LOGOS-EDUCA-BORRAS_retina.png","caption":"Educa Borras"},"image":{"@id":"https:\/\/www.educaborras.com\/fr\/#\/schema\/logo\/image\/"}}]}},"_links":{"self":[{"href":"https:\/\/www.educaborras.com\/fr\/wp-json\/wp\/v2\/product\/250657","targetHints":{"allow":["GET"]}}],"collection":[{"href":"https:\/\/www.educaborras.com\/fr\/wp-json\/wp\/v2\/product"}],"about":[{"href":"https:\/\/www.educaborras.com\/fr\/wp-json\/wp\/v2\/types\/product"}],"wp:featuredmedia":[{"embeddable":true,"href":"https:\/\/www.educaborras.com\/fr\/wp-json\/wp\/v2\/media\/162810"}],"wp:attachment":[{"href":"https:\/\/www.educaborras.com\/fr\/wp-json\/wp\/v2\/media?parent=250657"}],"wp:term":[{"taxonomy":"product_brand","embeddable":true,"href":"https:\/\/www.educaborras.com\/fr\/wp-json\/wp\/v2\/product_brand?post=250657"},{"taxonomy":"product_cat","embeddable":true,"href":"https:\/\/www.educaborras.com\/fr\/wp-json\/wp\/v2\/product_cat?post=250657"},{"taxonomy":"product_tag","embeddable":true,"href":"https:\/\/www.educaborras.com\/fr\/wp-json\/wp\/v2\/product_tag?post=250657"}],"curies":[{"name":"wp","href":"https:\/\/api.w.org\/{rel}","templated":true}]}}