{"id":250541,"date":"2025-06-05T11:09:03","date_gmt":"2025-06-05T09:09:03","guid":{"rendered":"https:\/\/www.educaborras.com\/product\/19055\/"},"modified":"2026-04-24T03:00:34","modified_gmt":"2026-04-24T01:00:34","slug":"19055-fr","status":"publish","type":"product","link":"https:\/\/www.educaborras.com\/fr\/produit\/19055-fr\/","title":{"rendered":"4000 Collage Japonais"},"content":{"rendered":"<p>Ce puzzle est compos\u00e9 de 4000 pi\u00e8ces parfaitement finies pour un assemblage simple et s\u00fbr. Educa\u00ae vous propose la collection de puzzles pour adultes la plus compl\u00e8te du march\u00e9. De 500 \u00e0 42000 pi\u00e8ces, ils regroupent les plus belles images et les personnages les plus amusants. La collection Puzzle Passion c&rsquo;est aussi des prestations de qualit\u00e9, avec un sachet de colle Fix Puzzle\u00ae fourni pour tous les puzzles de 500 \u00e0 2000 pi\u00e8ces, et un service de remplacement des pi\u00e8ces \u00e9gar\u00e9es pour les puzzles de 3000 pi\u00e8ces et + En savoir plus s\u00fbr www.puzzlepassion.com. Dimensions approximatives du puzzle assembl\u00e9 : 136 x 96 cm.<\/p>\n","protected":false},"excerpt":{"rendered":"<p>Ce puzzle est compos\u00e9 de 4000 pi\u00e8ces parfaitement finies pour un assemblage simple et s\u00fbr. Taille approximative du puzzle assembl\u00e9 : 136 x 96 cm.<\/p>\n","protected":false},"featured_media":163405,"template":"","meta":{"_acf_changed":false},"product_brand":[],"product_cat":[73263],"product_tag":[74344,90896,82355,83071,83072,75457,74204,83073,74206,82480,82481,82482,80324,83074,77797,83075,74347,74495,74496,74497,75657,83076,82490,82491,74054,82493,83077,83078,83079,83080,83081,83082,82313,74216,82314,82315,74348],"class_list":{"0":"post-250541","1":"product","2":"type-product","3":"status-publish","4":"has-post-thumbnail","6":"product_cat-produit-discontinue","7":"product_tag-piezas-fr","8":"product_tag-19055-fr","9":"product_tag-2020-fr","10":"product_tag-4000-fr","11":"product_tag-4000-japanese-collage-fr","12":"product_tag-collage-fr","13":"product_tag-educa-fr","14":"product_tag-educa-4000-piezas-fr","15":"product_tag-educa-borras-puzzle-fr","16":"product_tag-educa-borras-puzzle-educa-puzzles-puzzle-passion-puzle-passion-fr","17":"product_tag-educa-puzzle-passion-rompecabezas-educa-puzzle-adultos-puzzles-para-adultos-puzzles-adultos-rompecabezas-adultos-puzzle-dificil-puzzle-grande-puzle-adultos-fr","18":"product_tag-educa-educa-borras-educa-puzzle-educa-puzle-fr","19":"product_tag-fix-puzzle-fr","20":"product_tag-haruyo-morita-fr","21":"product_tag-japan-fr","22":"product_tag-japanese-collage-fr","23":"product_tag-peca-fr","24":"product_tag-peces-fr","25":"product_tag-piece-fr","26":"product_tag-pieces-fr","27":"product_tag-puzle-fr","28":"product_tag-puzle-4000-piezas-fr","29":"product_tag-puzle-dificil-fr","30":"product_tag-puzle-para-adultos-fr","31":"product_tag-puzzle-fr","32":"product_tag-puzzle-12-anos-fr","33":"product_tag-puzzle-4000-piezas-fr","34":"product_tag-puzzle-haruyo-morita-fr","35":"product_tag-puzzle-japon-fr","36":"product_tag-puzzle-japones-fr","37":"product_tag-puzzle-kimono-fr","38":"product_tag-puzzle-mujer-japonesa-fr","39":"product_tag-puzzle-pasion-fr","40":"product_tag-puzzle-passion-fr","41":"product_tag-puzzlemania-fr","42":"product_tag-puzzlepassion-fr","43":"product_tag-rompecabezas-fr","45":"first","46":"instock","47":"shipping-taxable","48":"product-type-simple"},"acf":[],"yoast_head":"<!-- This site is optimized with the Yoast SEO plugin v27.1.1 - https:\/\/yoast.com\/product\/yoast-seo-wordpress\/ -->\n<title>4000 Collage Japonais - Educa Borras<\/title>\n<meta name=\"robots\" content=\"index, follow, max-snippet:-1, max-image-preview:large, max-video-preview:-1\" \/>\n<link rel=\"canonical\" href=\"https:\/\/www.educaborras.com\/fr\/produit\/19055-fr\/\" \/>\n<meta name=\"twitter:label1\" content=\"Dur\u00e9e de lecture estim\u00e9e\" \/>\n\t<meta name=\"twitter:data1\" content=\"1 minute\" \/>\n<script type=\"application\/ld+json\" class=\"yoast-schema-graph\">{\"@context\":\"https:\/\/schema.org\",\"@graph\":[{\"@type\":\"WebPage\",\"@id\":\"https:\/\/www.educaborras.com\/fr\/produit\/19055-fr\/\",\"url\":\"https:\/\/www.educaborras.com\/fr\/produit\/19055-fr\/\",\"name\":\"4000 Collage Japonais - Educa Borras\",\"isPartOf\":{\"@id\":\"https:\/\/www.educaborras.com\/fr\/#website\"},\"primaryImageOfPage\":{\"@id\":\"https:\/\/www.educaborras.com\/fr\/produit\/19055-fr\/#primaryimage\"},\"image\":{\"@id\":\"https:\/\/www.educaborras.com\/fr\/produit\/19055-fr\/#primaryimage\"},\"thumbnailUrl\":\"https:\/\/www.educaborras.com\/wp-content\/uploads\/19055_01_high-13.jpg\",\"datePublished\":\"2025-06-05T09:09:03+00:00\",\"dateModified\":\"2026-04-24T01:00:34+00:00\",\"breadcrumb\":{\"@id\":\"https:\/\/www.educaborras.com\/fr\/produit\/19055-fr\/#breadcrumb\"},\"inLanguage\":\"fr-FR\",\"potentialAction\":[{\"@type\":\"ReadAction\",\"target\":[\"https:\/\/www.educaborras.com\/fr\/produit\/19055-fr\/\"]}]},{\"@type\":\"ImageObject\",\"inLanguage\":\"fr-FR\",\"@id\":\"https:\/\/www.educaborras.com\/fr\/produit\/19055-fr\/#primaryimage\",\"url\":\"https:\/\/www.educaborras.com\/wp-content\/uploads\/19055_01_high-13.jpg\",\"contentUrl\":\"https:\/\/www.educaborras.com\/wp-content\/uploads\/19055_01_high-13.jpg\"},{\"@type\":\"BreadcrumbList\",\"@id\":\"https:\/\/www.educaborras.com\/fr\/produit\/19055-fr\/#breadcrumb\",\"itemListElement\":[{\"@type\":\"ListItem\",\"position\":1,\"name\":\"Portada\",\"item\":\"https:\/\/www.educaborras.com\/fr\/\"},{\"@type\":\"ListItem\",\"position\":2,\"name\":\"Produits\",\"item\":\"https:\/\/www.educaborras.com\/fr\/shop\/\"},{\"@type\":\"ListItem\",\"position\":3,\"name\":\"4000 Collage Japonais\"}]},{\"@type\":\"WebSite\",\"@id\":\"https:\/\/www.educaborras.com\/fr\/#website\",\"url\":\"https:\/\/www.educaborras.com\/fr\/\",\"name\":\"Educa Borras\",\"description\":\"\",\"publisher\":{\"@id\":\"https:\/\/www.educaborras.com\/fr\/#organization\"},\"potentialAction\":[{\"@type\":\"SearchAction\",\"target\":{\"@type\":\"EntryPoint\",\"urlTemplate\":\"https:\/\/www.educaborras.com\/fr\/?s={search_term_string}\"},\"query-input\":{\"@type\":\"PropertyValueSpecification\",\"valueRequired\":true,\"valueName\":\"search_term_string\"}}],\"inLanguage\":\"fr-FR\"},{\"@type\":\"Organization\",\"@id\":\"https:\/\/www.educaborras.com\/fr\/#organization\",\"name\":\"Educa Borras\",\"url\":\"https:\/\/www.educaborras.com\/fr\/\",\"logo\":{\"@type\":\"ImageObject\",\"inLanguage\":\"fr-FR\",\"@id\":\"https:\/\/www.educaborras.com\/fr\/#\/schema\/logo\/image\/\",\"url\":\"https:\/\/www.educaborras.com\/wp-content\/uploads\/cropped-LOGOS-EDUCA-BORRAS_retina.png\",\"contentUrl\":\"https:\/\/www.educaborras.com\/wp-content\/uploads\/cropped-LOGOS-EDUCA-BORRAS_retina.png\",\"caption\":\"Educa Borras\"},\"image\":{\"@id\":\"https:\/\/www.educaborras.com\/fr\/#\/schema\/logo\/image\/\"}}]}<\/script>\n<!-- \/ Yoast SEO plugin. -->","yoast_head_json":{"title":"4000 Collage Japonais - Educa Borras","robots":{"index":"index","follow":"follow","max-snippet":"max-snippet:-1","max-image-preview":"max-image-preview:large","max-video-preview":"max-video-preview:-1"},"canonical":"https:\/\/www.educaborras.com\/fr\/produit\/19055-fr\/","twitter_misc":{"Dur\u00e9e de lecture estim\u00e9e":"1 minute"},"schema":{"@context":"https:\/\/schema.org","@graph":[{"@type":"WebPage","@id":"https:\/\/www.educaborras.com\/fr\/produit\/19055-fr\/","url":"https:\/\/www.educaborras.com\/fr\/produit\/19055-fr\/","name":"4000 Collage Japonais - Educa Borras","isPartOf":{"@id":"https:\/\/www.educaborras.com\/fr\/#website"},"primaryImageOfPage":{"@id":"https:\/\/www.educaborras.com\/fr\/produit\/19055-fr\/#primaryimage"},"image":{"@id":"https:\/\/www.educaborras.com\/fr\/produit\/19055-fr\/#primaryimage"},"thumbnailUrl":"https:\/\/www.educaborras.com\/wp-content\/uploads\/19055_01_high-13.jpg","datePublished":"2025-06-05T09:09:03+00:00","dateModified":"2026-04-24T01:00:34+00:00","breadcrumb":{"@id":"https:\/\/www.educaborras.com\/fr\/produit\/19055-fr\/#breadcrumb"},"inLanguage":"fr-FR","potentialAction":[{"@type":"ReadAction","target":["https:\/\/www.educaborras.com\/fr\/produit\/19055-fr\/"]}]},{"@type":"ImageObject","inLanguage":"fr-FR","@id":"https:\/\/www.educaborras.com\/fr\/produit\/19055-fr\/#primaryimage","url":"https:\/\/www.educaborras.com\/wp-content\/uploads\/19055_01_high-13.jpg","contentUrl":"https:\/\/www.educaborras.com\/wp-content\/uploads\/19055_01_high-13.jpg"},{"@type":"BreadcrumbList","@id":"https:\/\/www.educaborras.com\/fr\/produit\/19055-fr\/#breadcrumb","itemListElement":[{"@type":"ListItem","position":1,"name":"Portada","item":"https:\/\/www.educaborras.com\/fr\/"},{"@type":"ListItem","position":2,"name":"Produits","item":"https:\/\/www.educaborras.com\/fr\/shop\/"},{"@type":"ListItem","position":3,"name":"4000 Collage Japonais"}]},{"@type":"WebSite","@id":"https:\/\/www.educaborras.com\/fr\/#website","url":"https:\/\/www.educaborras.com\/fr\/","name":"Educa Borras","description":"","publisher":{"@id":"https:\/\/www.educaborras.com\/fr\/#organization"},"potentialAction":[{"@type":"SearchAction","target":{"@type":"EntryPoint","urlTemplate":"https:\/\/www.educaborras.com\/fr\/?s={search_term_string}"},"query-input":{"@type":"PropertyValueSpecification","valueRequired":true,"valueName":"search_term_string"}}],"inLanguage":"fr-FR"},{"@type":"Organization","@id":"https:\/\/www.educaborras.com\/fr\/#organization","name":"Educa Borras","url":"https:\/\/www.educaborras.com\/fr\/","logo":{"@type":"ImageObject","inLanguage":"fr-FR","@id":"https:\/\/www.educaborras.com\/fr\/#\/schema\/logo\/image\/","url":"https:\/\/www.educaborras.com\/wp-content\/uploads\/cropped-LOGOS-EDUCA-BORRAS_retina.png","contentUrl":"https:\/\/www.educaborras.com\/wp-content\/uploads\/cropped-LOGOS-EDUCA-BORRAS_retina.png","caption":"Educa Borras"},"image":{"@id":"https:\/\/www.educaborras.com\/fr\/#\/schema\/logo\/image\/"}}]}},"_links":{"self":[{"href":"https:\/\/www.educaborras.com\/fr\/wp-json\/wp\/v2\/product\/250541","targetHints":{"allow":["GET"]}}],"collection":[{"href":"https:\/\/www.educaborras.com\/fr\/wp-json\/wp\/v2\/product"}],"about":[{"href":"https:\/\/www.educaborras.com\/fr\/wp-json\/wp\/v2\/types\/product"}],"wp:featuredmedia":[{"embeddable":true,"href":"https:\/\/www.educaborras.com\/fr\/wp-json\/wp\/v2\/media\/163405"}],"wp:attachment":[{"href":"https:\/\/www.educaborras.com\/fr\/wp-json\/wp\/v2\/media?parent=250541"}],"wp:term":[{"taxonomy":"product_brand","embeddable":true,"href":"https:\/\/www.educaborras.com\/fr\/wp-json\/wp\/v2\/product_brand?post=250541"},{"taxonomy":"product_cat","embeddable":true,"href":"https:\/\/www.educaborras.com\/fr\/wp-json\/wp\/v2\/product_cat?post=250541"},{"taxonomy":"product_tag","embeddable":true,"href":"https:\/\/www.educaborras.com\/fr\/wp-json\/wp\/v2\/product_tag?post=250541"}],"curies":[{"name":"wp","href":"https:\/\/api.w.org\/{rel}","templated":true}]}}