{"id":250417,"date":"2025-06-05T11:10:40","date_gmt":"2025-06-05T09:10:40","guid":{"rendered":"https:\/\/www.educaborras.com\/product\/19498\/"},"modified":"2026-04-30T03:46:16","modified_gmt":"2026-04-30T01:46:16","slug":"19498-fr","status":"publish","type":"product","link":"https:\/\/www.educaborras.com\/fr\/produit\/19498-fr\/","title":{"rendered":"Display Puzzles Mini-Figure 3D Harry Potter"},"content":{"rendered":"<p>Cr\u00e9e un puzzle en 3D de un des personnages de Harry Potter. Il existe 6 mod\u00e8les diff\u00e9rents. Technique de puzzle en 3D compos\u00e9e de couches de carton pr\u00e9d\u00e9coup\u00e9es et en couleur. Empile-les horizontalement et tu obtiendras une fantastique figurine de 10 cm de haut. Pas besoin de colle. Chaque mod\u00e8le comprend deux pi\u00e8ces qui font partie dun puzzle exclusif de 12 pi\u00e8ces s\u00fbr Harry Potter. Collectionne les 6 personnages pour compl\u00e9ter le puzzle !<\/p>\n","protected":false},"excerpt":{"rendered":"<p>Puzzle-figure 3D \u00e0 collectionner.<\/p>\n","protected":false},"featured_media":163985,"template":"","meta":{"_acf_changed":false},"product_brand":[],"product_cat":[73263],"product_tag":[74344,97382,97383,97384,97385,97386,97387,97388,97389,97390,74204,74205,97391,97392,97393,97394,94413,97395,97396,97397,97398,97399,97400,97401,74497,97402,81721,75593,97403,82205,97404,75595,97405,97406,97407,97408,97409,97410,97411],"class_list":{"0":"post-250417","1":"product","2":"type-product","3":"status-publish","4":"has-post-thumbnail","6":"product_cat-produit-discontinue","7":"product_tag-piezas-fr","8":"product_tag-19498-fr","9":"product_tag-3d-puzzle-fr","10":"product_tag-6-modelos-fr","11":"product_tag-a-partir-de-6-anos-fr","12":"product_tag-apilable-fr","13":"product_tag-assembling-3d-puzzle-fr","14":"product_tag-coleccionable-fr","15":"product_tag-collectable-fr","16":"product_tag-collectionable-fr","17":"product_tag-educa-fr","18":"product_tag-educa-borras-fr","19":"product_tag-exclusivo-puzzle-fr","20":"product_tag-figura-fr","21":"product_tag-fsc-fr","22":"product_tag-hagrid-fr","23":"product_tag-harry-potter-fr","24":"product_tag-harry-potter-funko-fr","25":"product_tag-hermione-fr","26":"product_tag-layers-fr","27":"product_tag-lord-voldemort-fr","28":"product_tag-minerva-fr","29":"product_tag-minerva-mcgonagall-fr","30":"product_tag-no-glue-required-fr","31":"product_tag-pieces-fr","32":"product_tag-pieza-filosofal-fr","33":"product_tag-puzle-3d-fr","34":"product_tag-puzle-cartro-fr","35":"product_tag-puzle-figura-fr","36":"product_tag-puzzle-3d-fr","37":"product_tag-puzzle-apilable-fr","38":"product_tag-puzzle-carton-fr","39":"product_tag-puzzle-figura-fr","40":"product_tag-puzzle-harry-potter-fr","41":"product_tag-ron-weasley-fr","42":"product_tag-ron-weasly-fr","43":"product_tag-rubeus-fr","44":"product_tag-surtido-fr","45":"product_tag-varita-harry-potter-fr","47":"first","48":"instock","49":"shipping-taxable","50":"product-type-simple"},"acf":[],"yoast_head":"<!-- This site is optimized with the Yoast SEO plugin v27.1.1 - https:\/\/yoast.com\/product\/yoast-seo-wordpress\/ -->\n<title>Display Puzzles Mini-Figure 3D Harry Potter - Educa Borras<\/title>\n<meta name=\"robots\" content=\"index, follow, max-snippet:-1, max-image-preview:large, max-video-preview:-1\" \/>\n<link rel=\"canonical\" href=\"https:\/\/www.educaborras.com\/fr\/produit\/19498-fr\/\" \/>\n<script type=\"application\/ld+json\" class=\"yoast-schema-graph\">{\"@context\":\"https:\/\/schema.org\",\"@graph\":[{\"@type\":\"WebPage\",\"@id\":\"https:\/\/www.educaborras.com\/fr\/produit\/19498-fr\/\",\"url\":\"https:\/\/www.educaborras.com\/fr\/produit\/19498-fr\/\",\"name\":\"Display Puzzles Mini-Figure 3D Harry Potter - Educa Borras\",\"isPartOf\":{\"@id\":\"https:\/\/www.educaborras.com\/fr\/#website\"},\"primaryImageOfPage\":{\"@id\":\"https:\/\/www.educaborras.com\/fr\/produit\/19498-fr\/#primaryimage\"},\"image\":{\"@id\":\"https:\/\/www.educaborras.com\/fr\/produit\/19498-fr\/#primaryimage\"},\"thumbnailUrl\":\"https:\/\/www.educaborras.com\/wp-content\/uploads\/19498_01_high-11.jpg\",\"datePublished\":\"2025-06-05T09:10:40+00:00\",\"dateModified\":\"2026-04-30T01:46:16+00:00\",\"breadcrumb\":{\"@id\":\"https:\/\/www.educaborras.com\/fr\/produit\/19498-fr\/#breadcrumb\"},\"inLanguage\":\"fr-FR\",\"potentialAction\":[{\"@type\":\"ReadAction\",\"target\":[\"https:\/\/www.educaborras.com\/fr\/produit\/19498-fr\/\"]}]},{\"@type\":\"ImageObject\",\"inLanguage\":\"fr-FR\",\"@id\":\"https:\/\/www.educaborras.com\/fr\/produit\/19498-fr\/#primaryimage\",\"url\":\"https:\/\/www.educaborras.com\/wp-content\/uploads\/19498_01_high-11.jpg\",\"contentUrl\":\"https:\/\/www.educaborras.com\/wp-content\/uploads\/19498_01_high-11.jpg\"},{\"@type\":\"BreadcrumbList\",\"@id\":\"https:\/\/www.educaborras.com\/fr\/produit\/19498-fr\/#breadcrumb\",\"itemListElement\":[{\"@type\":\"ListItem\",\"position\":1,\"name\":\"Portada\",\"item\":\"https:\/\/www.educaborras.com\/fr\/\"},{\"@type\":\"ListItem\",\"position\":2,\"name\":\"Produits\",\"item\":\"https:\/\/www.educaborras.com\/fr\/shop\/\"},{\"@type\":\"ListItem\",\"position\":3,\"name\":\"Display Puzzles Mini-Figure 3D Harry Potter\"}]},{\"@type\":\"WebSite\",\"@id\":\"https:\/\/www.educaborras.com\/fr\/#website\",\"url\":\"https:\/\/www.educaborras.com\/fr\/\",\"name\":\"Educa Borras\",\"description\":\"\",\"publisher\":{\"@id\":\"https:\/\/www.educaborras.com\/fr\/#organization\"},\"potentialAction\":[{\"@type\":\"SearchAction\",\"target\":{\"@type\":\"EntryPoint\",\"urlTemplate\":\"https:\/\/www.educaborras.com\/fr\/?s={search_term_string}\"},\"query-input\":{\"@type\":\"PropertyValueSpecification\",\"valueRequired\":true,\"valueName\":\"search_term_string\"}}],\"inLanguage\":\"fr-FR\"},{\"@type\":\"Organization\",\"@id\":\"https:\/\/www.educaborras.com\/fr\/#organization\",\"name\":\"Educa Borras\",\"url\":\"https:\/\/www.educaborras.com\/fr\/\",\"logo\":{\"@type\":\"ImageObject\",\"inLanguage\":\"fr-FR\",\"@id\":\"https:\/\/www.educaborras.com\/fr\/#\/schema\/logo\/image\/\",\"url\":\"https:\/\/www.educaborras.com\/wp-content\/uploads\/cropped-LOGOS-EDUCA-BORRAS_retina.png\",\"contentUrl\":\"https:\/\/www.educaborras.com\/wp-content\/uploads\/cropped-LOGOS-EDUCA-BORRAS_retina.png\",\"caption\":\"Educa Borras\"},\"image\":{\"@id\":\"https:\/\/www.educaborras.com\/fr\/#\/schema\/logo\/image\/\"}}]}<\/script>\n<!-- \/ Yoast SEO plugin. -->","yoast_head_json":{"title":"Display Puzzles Mini-Figure 3D Harry Potter - Educa Borras","robots":{"index":"index","follow":"follow","max-snippet":"max-snippet:-1","max-image-preview":"max-image-preview:large","max-video-preview":"max-video-preview:-1"},"canonical":"https:\/\/www.educaborras.com\/fr\/produit\/19498-fr\/","schema":{"@context":"https:\/\/schema.org","@graph":[{"@type":"WebPage","@id":"https:\/\/www.educaborras.com\/fr\/produit\/19498-fr\/","url":"https:\/\/www.educaborras.com\/fr\/produit\/19498-fr\/","name":"Display Puzzles Mini-Figure 3D Harry Potter - Educa Borras","isPartOf":{"@id":"https:\/\/www.educaborras.com\/fr\/#website"},"primaryImageOfPage":{"@id":"https:\/\/www.educaborras.com\/fr\/produit\/19498-fr\/#primaryimage"},"image":{"@id":"https:\/\/www.educaborras.com\/fr\/produit\/19498-fr\/#primaryimage"},"thumbnailUrl":"https:\/\/www.educaborras.com\/wp-content\/uploads\/19498_01_high-11.jpg","datePublished":"2025-06-05T09:10:40+00:00","dateModified":"2026-04-30T01:46:16+00:00","breadcrumb":{"@id":"https:\/\/www.educaborras.com\/fr\/produit\/19498-fr\/#breadcrumb"},"inLanguage":"fr-FR","potentialAction":[{"@type":"ReadAction","target":["https:\/\/www.educaborras.com\/fr\/produit\/19498-fr\/"]}]},{"@type":"ImageObject","inLanguage":"fr-FR","@id":"https:\/\/www.educaborras.com\/fr\/produit\/19498-fr\/#primaryimage","url":"https:\/\/www.educaborras.com\/wp-content\/uploads\/19498_01_high-11.jpg","contentUrl":"https:\/\/www.educaborras.com\/wp-content\/uploads\/19498_01_high-11.jpg"},{"@type":"BreadcrumbList","@id":"https:\/\/www.educaborras.com\/fr\/produit\/19498-fr\/#breadcrumb","itemListElement":[{"@type":"ListItem","position":1,"name":"Portada","item":"https:\/\/www.educaborras.com\/fr\/"},{"@type":"ListItem","position":2,"name":"Produits","item":"https:\/\/www.educaborras.com\/fr\/shop\/"},{"@type":"ListItem","position":3,"name":"Display Puzzles Mini-Figure 3D Harry Potter"}]},{"@type":"WebSite","@id":"https:\/\/www.educaborras.com\/fr\/#website","url":"https:\/\/www.educaborras.com\/fr\/","name":"Educa Borras","description":"","publisher":{"@id":"https:\/\/www.educaborras.com\/fr\/#organization"},"potentialAction":[{"@type":"SearchAction","target":{"@type":"EntryPoint","urlTemplate":"https:\/\/www.educaborras.com\/fr\/?s={search_term_string}"},"query-input":{"@type":"PropertyValueSpecification","valueRequired":true,"valueName":"search_term_string"}}],"inLanguage":"fr-FR"},{"@type":"Organization","@id":"https:\/\/www.educaborras.com\/fr\/#organization","name":"Educa Borras","url":"https:\/\/www.educaborras.com\/fr\/","logo":{"@type":"ImageObject","inLanguage":"fr-FR","@id":"https:\/\/www.educaborras.com\/fr\/#\/schema\/logo\/image\/","url":"https:\/\/www.educaborras.com\/wp-content\/uploads\/cropped-LOGOS-EDUCA-BORRAS_retina.png","contentUrl":"https:\/\/www.educaborras.com\/wp-content\/uploads\/cropped-LOGOS-EDUCA-BORRAS_retina.png","caption":"Educa Borras"},"image":{"@id":"https:\/\/www.educaborras.com\/fr\/#\/schema\/logo\/image\/"}}]}},"_links":{"self":[{"href":"https:\/\/www.educaborras.com\/fr\/wp-json\/wp\/v2\/product\/250417","targetHints":{"allow":["GET"]}}],"collection":[{"href":"https:\/\/www.educaborras.com\/fr\/wp-json\/wp\/v2\/product"}],"about":[{"href":"https:\/\/www.educaborras.com\/fr\/wp-json\/wp\/v2\/types\/product"}],"wp:featuredmedia":[{"embeddable":true,"href":"https:\/\/www.educaborras.com\/fr\/wp-json\/wp\/v2\/media\/163985"}],"wp:attachment":[{"href":"https:\/\/www.educaborras.com\/fr\/wp-json\/wp\/v2\/media?parent=250417"}],"wp:term":[{"taxonomy":"product_brand","embeddable":true,"href":"https:\/\/www.educaborras.com\/fr\/wp-json\/wp\/v2\/product_brand?post=250417"},{"taxonomy":"product_cat","embeddable":true,"href":"https:\/\/www.educaborras.com\/fr\/wp-json\/wp\/v2\/product_cat?post=250417"},{"taxonomy":"product_tag","embeddable":true,"href":"https:\/\/www.educaborras.com\/fr\/wp-json\/wp\/v2\/product_tag?post=250417"}],"curies":[{"name":"wp","href":"https:\/\/api.w.org\/{rel}","templated":true}]}}