{"id":250385,"date":"2025-06-05T11:11:00","date_gmt":"2025-06-05T09:11:00","guid":{"rendered":"https:\/\/www.educaborras.com\/product\/19491\/"},"modified":"2026-04-30T03:46:06","modified_gmt":"2026-04-30T01:46:06","slug":"19491-fr","status":"publish","type":"product","link":"https:\/\/www.educaborras.com\/fr\/produit\/19491-fr\/","title":{"rendered":"1000 Harry Potter Miniature"},"content":{"rendered":"<p>Educa\u00ae vous propose la collection de puzzles pour adultes la plus compl\u00e8te du march\u00e9. De 500 \u00e0 42000 pi\u00e8ces, ils regroupent les plus belles images et les personnages les plus amusants. Taille approximative du puzzle assembl\u00e9 : 46 x 30 cm. Tous les puzzles de 500 \u00e0 2000 pi\u00e8ces (inclus) sont fournis avec la colle sp\u00e9ciale FIX PUZZLE\u00ae, que nous vous offrons a?n que vous puissiez coller et accrocher votre puzzle lorsque vous l\u2019aurez termin\u00e9.<\/p>\n","protected":false},"excerpt":{"rendered":"<p>Le plus petit puzzle de 1 000 pi\u00e8ces du monde.<\/p>\n","protected":false},"featured_media":164110,"template":"","meta":{"_acf_changed":false},"product_brand":[],"product_cat":[73263],"product_tag":[74344,75648,98420,89873,89874,90963,98335,98336,74204,82479,74205,82480,98386,74207,74208,82481,82482,98388,98337,94412,94413,98338,97396,94414,97398,97399,98339,98389,98390,74885,74347,74495,82357,74496,74497,98391,94420,75657,82489,82490,82491,74054,82374,98340,98394,82492,98395,82205,98396,74214,74216,74348,97407],"class_list":{"0":"post-250385","1":"product","2":"type-product","3":"status-publish","4":"has-post-thumbnail","6":"product_cat-produit-discontinue","7":"product_tag-piezas-fr","8":"product_tag-1000-fr","9":"product_tag-19491-fr","10":"product_tag-adulto-fr","11":"product_tag-carton-fr","12":"product_tag-carton-reciclado-fr","13":"product_tag-coleccionismo-fr","14":"product_tag-coleccionista-harry-potter-fr","15":"product_tag-educa-fr","16":"product_tag-educa-1000-piezas-fr","17":"product_tag-educa-borras-fr","18":"product_tag-educa-borras-puzzle-educa-puzzles-puzzle-passion-puzle-passion-fr","19":"product_tag-educa-miniatura-fr","20":"product_tag-educa-miniature-fr","21":"product_tag-educa-puzzle-fr","22":"product_tag-educa-puzzle-passion-rompecabezas-educa-puzzle-adultos-puzzles-para-adultos-puzzles-adultos-rompecabezas-adultos-puzzle-dificil-puzzle-grande-puzle-adultos-fr","23":"product_tag-educa-educa-borras-educa-puzzle-educa-puzle-fr","24":"product_tag-el-puzzle-mas-pequeno-fr","25":"product_tag-exclusivo-fr","26":"product_tag-harry-fr","27":"product_tag-harry-potter-fr","28":"product_tag-harry-potter-puzzle-fr","29":"product_tag-hermione-fr","30":"product_tag-hogwarts-fr","31":"product_tag-lord-voldemort-fr","32":"product_tag-minerva-fr","33":"product_tag-mini-figuras-fr","34":"product_tag-mini-peces-fr","35":"product_tag-mini-piezas-fr","36":"product_tag-miniature-fr","37":"product_tag-peca-fr","38":"product_tag-peces-fr","39":"product_tag-picce-fr","40":"product_tag-piece-fr","41":"product_tag-pieces-fr","42":"product_tag-piezas-pequenas-fr","43":"product_tag-potter-fr","44":"product_tag-puzle-fr","45":"product_tag-puzle-1000-piezas-fr","46":"product_tag-puzle-dificil-fr","47":"product_tag-puzle-para-adultos-fr","48":"product_tag-puzzle-fr","49":"product_tag-puzzle-1000-fr","50":"product_tag-puzzle-1000-harry-potter-fr","51":"product_tag-puzzle-1000-harry-potter-miniature-fr","52":"product_tag-puzzle-1000-piezas-fr","53":"product_tag-puzzle-14-anos-fr","54":"product_tag-puzzle-3d-fr","55":"product_tag-puzzle-miniatura-fr","56":"product_tag-puzzle-miniature-fr","57":"product_tag-puzzle-passion-fr","58":"product_tag-rompecabezas-fr","59":"product_tag-ron-weasley-fr","61":"first","62":"instock","63":"shipping-taxable","64":"product-type-simple"},"acf":[],"yoast_head":"<!-- This site is optimized with the Yoast SEO plugin v27.1.1 - https:\/\/yoast.com\/product\/yoast-seo-wordpress\/ -->\n<title>1000 Harry Potter Miniature - Educa Borras<\/title>\n<meta name=\"robots\" content=\"index, follow, max-snippet:-1, max-image-preview:large, max-video-preview:-1\" \/>\n<link rel=\"canonical\" href=\"https:\/\/www.educaborras.com\/fr\/produit\/19491-fr\/\" \/>\n<script type=\"application\/ld+json\" class=\"yoast-schema-graph\">{\"@context\":\"https:\/\/schema.org\",\"@graph\":[{\"@type\":\"WebPage\",\"@id\":\"https:\/\/www.educaborras.com\/fr\/produit\/19491-fr\/\",\"url\":\"https:\/\/www.educaborras.com\/fr\/produit\/19491-fr\/\",\"name\":\"1000 Harry Potter Miniature - Educa Borras\",\"isPartOf\":{\"@id\":\"https:\/\/www.educaborras.com\/fr\/#website\"},\"primaryImageOfPage\":{\"@id\":\"https:\/\/www.educaborras.com\/fr\/produit\/19491-fr\/#primaryimage\"},\"image\":{\"@id\":\"https:\/\/www.educaborras.com\/fr\/produit\/19491-fr\/#primaryimage\"},\"thumbnailUrl\":\"https:\/\/www.educaborras.com\/wp-content\/uploads\/19491_01_high-1-scaled-12.jpg\",\"datePublished\":\"2025-06-05T09:11:00+00:00\",\"dateModified\":\"2026-04-30T01:46:06+00:00\",\"breadcrumb\":{\"@id\":\"https:\/\/www.educaborras.com\/fr\/produit\/19491-fr\/#breadcrumb\"},\"inLanguage\":\"fr-FR\",\"potentialAction\":[{\"@type\":\"ReadAction\",\"target\":[\"https:\/\/www.educaborras.com\/fr\/produit\/19491-fr\/\"]}]},{\"@type\":\"ImageObject\",\"inLanguage\":\"fr-FR\",\"@id\":\"https:\/\/www.educaborras.com\/fr\/produit\/19491-fr\/#primaryimage\",\"url\":\"https:\/\/www.educaborras.com\/wp-content\/uploads\/19491_01_high-1-scaled-12.jpg\",\"contentUrl\":\"https:\/\/www.educaborras.com\/wp-content\/uploads\/19491_01_high-1-scaled-12.jpg\"},{\"@type\":\"BreadcrumbList\",\"@id\":\"https:\/\/www.educaborras.com\/fr\/produit\/19491-fr\/#breadcrumb\",\"itemListElement\":[{\"@type\":\"ListItem\",\"position\":1,\"name\":\"Portada\",\"item\":\"https:\/\/www.educaborras.com\/fr\/\"},{\"@type\":\"ListItem\",\"position\":2,\"name\":\"Produits\",\"item\":\"https:\/\/www.educaborras.com\/fr\/shop\/\"},{\"@type\":\"ListItem\",\"position\":3,\"name\":\"1000 Harry Potter Miniature\"}]},{\"@type\":\"WebSite\",\"@id\":\"https:\/\/www.educaborras.com\/fr\/#website\",\"url\":\"https:\/\/www.educaborras.com\/fr\/\",\"name\":\"Educa Borras\",\"description\":\"\",\"publisher\":{\"@id\":\"https:\/\/www.educaborras.com\/fr\/#organization\"},\"potentialAction\":[{\"@type\":\"SearchAction\",\"target\":{\"@type\":\"EntryPoint\",\"urlTemplate\":\"https:\/\/www.educaborras.com\/fr\/?s={search_term_string}\"},\"query-input\":{\"@type\":\"PropertyValueSpecification\",\"valueRequired\":true,\"valueName\":\"search_term_string\"}}],\"inLanguage\":\"fr-FR\"},{\"@type\":\"Organization\",\"@id\":\"https:\/\/www.educaborras.com\/fr\/#organization\",\"name\":\"Educa Borras\",\"url\":\"https:\/\/www.educaborras.com\/fr\/\",\"logo\":{\"@type\":\"ImageObject\",\"inLanguage\":\"fr-FR\",\"@id\":\"https:\/\/www.educaborras.com\/fr\/#\/schema\/logo\/image\/\",\"url\":\"https:\/\/www.educaborras.com\/wp-content\/uploads\/cropped-LOGOS-EDUCA-BORRAS_retina.png\",\"contentUrl\":\"https:\/\/www.educaborras.com\/wp-content\/uploads\/cropped-LOGOS-EDUCA-BORRAS_retina.png\",\"caption\":\"Educa Borras\"},\"image\":{\"@id\":\"https:\/\/www.educaborras.com\/fr\/#\/schema\/logo\/image\/\"}}]}<\/script>\n<!-- \/ Yoast SEO plugin. -->","yoast_head_json":{"title":"1000 Harry Potter Miniature - Educa Borras","robots":{"index":"index","follow":"follow","max-snippet":"max-snippet:-1","max-image-preview":"max-image-preview:large","max-video-preview":"max-video-preview:-1"},"canonical":"https:\/\/www.educaborras.com\/fr\/produit\/19491-fr\/","schema":{"@context":"https:\/\/schema.org","@graph":[{"@type":"WebPage","@id":"https:\/\/www.educaborras.com\/fr\/produit\/19491-fr\/","url":"https:\/\/www.educaborras.com\/fr\/produit\/19491-fr\/","name":"1000 Harry Potter Miniature - Educa Borras","isPartOf":{"@id":"https:\/\/www.educaborras.com\/fr\/#website"},"primaryImageOfPage":{"@id":"https:\/\/www.educaborras.com\/fr\/produit\/19491-fr\/#primaryimage"},"image":{"@id":"https:\/\/www.educaborras.com\/fr\/produit\/19491-fr\/#primaryimage"},"thumbnailUrl":"https:\/\/www.educaborras.com\/wp-content\/uploads\/19491_01_high-1-scaled-12.jpg","datePublished":"2025-06-05T09:11:00+00:00","dateModified":"2026-04-30T01:46:06+00:00","breadcrumb":{"@id":"https:\/\/www.educaborras.com\/fr\/produit\/19491-fr\/#breadcrumb"},"inLanguage":"fr-FR","potentialAction":[{"@type":"ReadAction","target":["https:\/\/www.educaborras.com\/fr\/produit\/19491-fr\/"]}]},{"@type":"ImageObject","inLanguage":"fr-FR","@id":"https:\/\/www.educaborras.com\/fr\/produit\/19491-fr\/#primaryimage","url":"https:\/\/www.educaborras.com\/wp-content\/uploads\/19491_01_high-1-scaled-12.jpg","contentUrl":"https:\/\/www.educaborras.com\/wp-content\/uploads\/19491_01_high-1-scaled-12.jpg"},{"@type":"BreadcrumbList","@id":"https:\/\/www.educaborras.com\/fr\/produit\/19491-fr\/#breadcrumb","itemListElement":[{"@type":"ListItem","position":1,"name":"Portada","item":"https:\/\/www.educaborras.com\/fr\/"},{"@type":"ListItem","position":2,"name":"Produits","item":"https:\/\/www.educaborras.com\/fr\/shop\/"},{"@type":"ListItem","position":3,"name":"1000 Harry Potter Miniature"}]},{"@type":"WebSite","@id":"https:\/\/www.educaborras.com\/fr\/#website","url":"https:\/\/www.educaborras.com\/fr\/","name":"Educa Borras","description":"","publisher":{"@id":"https:\/\/www.educaborras.com\/fr\/#organization"},"potentialAction":[{"@type":"SearchAction","target":{"@type":"EntryPoint","urlTemplate":"https:\/\/www.educaborras.com\/fr\/?s={search_term_string}"},"query-input":{"@type":"PropertyValueSpecification","valueRequired":true,"valueName":"search_term_string"}}],"inLanguage":"fr-FR"},{"@type":"Organization","@id":"https:\/\/www.educaborras.com\/fr\/#organization","name":"Educa Borras","url":"https:\/\/www.educaborras.com\/fr\/","logo":{"@type":"ImageObject","inLanguage":"fr-FR","@id":"https:\/\/www.educaborras.com\/fr\/#\/schema\/logo\/image\/","url":"https:\/\/www.educaborras.com\/wp-content\/uploads\/cropped-LOGOS-EDUCA-BORRAS_retina.png","contentUrl":"https:\/\/www.educaborras.com\/wp-content\/uploads\/cropped-LOGOS-EDUCA-BORRAS_retina.png","caption":"Educa Borras"},"image":{"@id":"https:\/\/www.educaborras.com\/fr\/#\/schema\/logo\/image\/"}}]}},"_links":{"self":[{"href":"https:\/\/www.educaborras.com\/fr\/wp-json\/wp\/v2\/product\/250385","targetHints":{"allow":["GET"]}}],"collection":[{"href":"https:\/\/www.educaborras.com\/fr\/wp-json\/wp\/v2\/product"}],"about":[{"href":"https:\/\/www.educaborras.com\/fr\/wp-json\/wp\/v2\/types\/product"}],"wp:featuredmedia":[{"embeddable":true,"href":"https:\/\/www.educaborras.com\/fr\/wp-json\/wp\/v2\/media\/164110"}],"wp:attachment":[{"href":"https:\/\/www.educaborras.com\/fr\/wp-json\/wp\/v2\/media?parent=250385"}],"wp:term":[{"taxonomy":"product_brand","embeddable":true,"href":"https:\/\/www.educaborras.com\/fr\/wp-json\/wp\/v2\/product_brand?post=250385"},{"taxonomy":"product_cat","embeddable":true,"href":"https:\/\/www.educaborras.com\/fr\/wp-json\/wp\/v2\/product_cat?post=250385"},{"taxonomy":"product_tag","embeddable":true,"href":"https:\/\/www.educaborras.com\/fr\/wp-json\/wp\/v2\/product_tag?post=250385"}],"curies":[{"name":"wp","href":"https:\/\/api.w.org\/{rel}","templated":true}]}}