{"id":250313,"date":"2025-06-05T11:11:52","date_gmt":"2025-06-05T09:11:52","guid":{"rendered":"https:\/\/www.educaborras.com\/product\/19553\/"},"modified":"2026-05-04T03:41:54","modified_gmt":"2026-05-04T01:41:54","slug":"19553-fr","status":"publish","type":"product","link":"https:\/\/www.educaborras.com\/fr\/produit\/19553-fr\/","title":{"rendered":"500 \u00c2nes"},"content":{"rendered":"<p>Ce puzzle est compos\u00e9 de 500 pi\u00e8ces parfaitement finies pour un assemblage simple et s\u00fbr. Educa\u00ae vous propose la collection de puzzles pour adultes la plus compl\u00e8te du march\u00e9. De 500 \u00e0 42000 pi\u00e8ces, ils regroupent les plus belles images et les personnages les plus amusants. La collection Puzzle Passion c&rsquo;est aussi des prestations de qualit\u00e9, avec un sachet de colle Fix Puzzle\u00ae fourni pour tous les puzzles de 500 \u00e0 2000 pi\u00e8ces, et un service de remplacement des pi\u00e8ces \u00e9gar\u00e9es pour les puzzles de 3000 pi\u00e8ces et + En savoir plus s\u00fbr www.puzzlepassion.com. Dimensions approximatives du puzzle assembl\u00e9 : 34 x 48 cm.<\/p>\n","protected":false},"excerpt":{"rendered":"<p>Ce puzzle est compos\u00e9 de 500 pi\u00e8ces parfaitement finies pour un assemblage simple et s\u00fbr. Taille approximative du puzzle assembl\u00e9 : 34 x 48 cm.<\/p>\n","protected":false},"featured_media":164455,"template":"","meta":{"_acf_changed":false},"product_brand":[],"product_cat":[73263],"product_tag":[91392,91393,91394,91395,90089,91396,89873,91397,91398,91399,74319,91400,89874,90963,88557,74204,74208,78566,78567,91401,91402,91403,91404,90975,74054,90787,74216,74348],"class_list":{"0":"post-250313","1":"product","2":"type-product","3":"status-publish","4":"has-post-thumbnail","6":"product_cat-produit-discontinue","7":"product_tag-19553-fr","8":"product_tag-500-anes-fr","9":"product_tag-500-burritos-fr","10":"product_tag-500-donkeys-fr","11":"product_tag-500-piezas-fr","12":"product_tag-500-ruquets-fr","13":"product_tag-adulto-fr","14":"product_tag-anecs-fr","15":"product_tag-asno-fr","16":"product_tag-asnos-fr","17":"product_tag-borras-fr","18":"product_tag-burrito-fr","19":"product_tag-carton-fr","20":"product_tag-carton-reciclado-fr","21":"product_tag-dificil-fr","22":"product_tag-educa-fr","23":"product_tag-educa-puzzle-fr","24":"product_tag-flores-fr","25":"product_tag-flowers-fr","26":"product_tag-ocas-fr","27":"product_tag-patos-fr","28":"product_tag-pollito-fr","29":"product_tag-pollitos-fr","30":"product_tag-puzle-carton-fr","31":"product_tag-puzzle-fr","32":"product_tag-puzzle-para-ninos-fr","33":"product_tag-puzzle-passion-fr","34":"product_tag-rompecabezas-fr","36":"first","37":"instock","38":"shipping-taxable","39":"product-type-simple"},"acf":[],"yoast_head":"<!-- This site is optimized with the Yoast SEO plugin v27.1.1 - https:\/\/yoast.com\/product\/yoast-seo-wordpress\/ -->\n<title>500 \u00c2nes - Educa Borras<\/title>\n<meta name=\"robots\" content=\"index, follow, max-snippet:-1, max-image-preview:large, max-video-preview:-1\" \/>\n<link rel=\"canonical\" href=\"https:\/\/www.educaborras.com\/fr\/produit\/19553-fr\/\" \/>\n<meta name=\"twitter:label1\" content=\"Dur\u00e9e de lecture estim\u00e9e\" \/>\n\t<meta name=\"twitter:data1\" content=\"1 minute\" \/>\n<script type=\"application\/ld+json\" class=\"yoast-schema-graph\">{\"@context\":\"https:\/\/schema.org\",\"@graph\":[{\"@type\":\"WebPage\",\"@id\":\"https:\/\/www.educaborras.com\/fr\/produit\/19553-fr\/\",\"url\":\"https:\/\/www.educaborras.com\/fr\/produit\/19553-fr\/\",\"name\":\"500 \u00c2nes - Educa Borras\",\"isPartOf\":{\"@id\":\"https:\/\/www.educaborras.com\/fr\/#website\"},\"primaryImageOfPage\":{\"@id\":\"https:\/\/www.educaborras.com\/fr\/produit\/19553-fr\/#primaryimage\"},\"image\":{\"@id\":\"https:\/\/www.educaborras.com\/fr\/produit\/19553-fr\/#primaryimage\"},\"thumbnailUrl\":\"https:\/\/www.educaborras.com\/wp-content\/uploads\/19553_01_high-scaled-12.jpg\",\"datePublished\":\"2025-06-05T09:11:52+00:00\",\"dateModified\":\"2026-05-04T01:41:54+00:00\",\"breadcrumb\":{\"@id\":\"https:\/\/www.educaborras.com\/fr\/produit\/19553-fr\/#breadcrumb\"},\"inLanguage\":\"fr-FR\",\"potentialAction\":[{\"@type\":\"ReadAction\",\"target\":[\"https:\/\/www.educaborras.com\/fr\/produit\/19553-fr\/\"]}]},{\"@type\":\"ImageObject\",\"inLanguage\":\"fr-FR\",\"@id\":\"https:\/\/www.educaborras.com\/fr\/produit\/19553-fr\/#primaryimage\",\"url\":\"https:\/\/www.educaborras.com\/wp-content\/uploads\/19553_01_high-scaled-12.jpg\",\"contentUrl\":\"https:\/\/www.educaborras.com\/wp-content\/uploads\/19553_01_high-scaled-12.jpg\"},{\"@type\":\"BreadcrumbList\",\"@id\":\"https:\/\/www.educaborras.com\/fr\/produit\/19553-fr\/#breadcrumb\",\"itemListElement\":[{\"@type\":\"ListItem\",\"position\":1,\"name\":\"Portada\",\"item\":\"https:\/\/www.educaborras.com\/fr\/\"},{\"@type\":\"ListItem\",\"position\":2,\"name\":\"Produits\",\"item\":\"https:\/\/www.educaborras.com\/fr\/shop\/\"},{\"@type\":\"ListItem\",\"position\":3,\"name\":\"500 \u00c2nes\"}]},{\"@type\":\"WebSite\",\"@id\":\"https:\/\/www.educaborras.com\/fr\/#website\",\"url\":\"https:\/\/www.educaborras.com\/fr\/\",\"name\":\"Educa Borras\",\"description\":\"\",\"publisher\":{\"@id\":\"https:\/\/www.educaborras.com\/fr\/#organization\"},\"potentialAction\":[{\"@type\":\"SearchAction\",\"target\":{\"@type\":\"EntryPoint\",\"urlTemplate\":\"https:\/\/www.educaborras.com\/fr\/?s={search_term_string}\"},\"query-input\":{\"@type\":\"PropertyValueSpecification\",\"valueRequired\":true,\"valueName\":\"search_term_string\"}}],\"inLanguage\":\"fr-FR\"},{\"@type\":\"Organization\",\"@id\":\"https:\/\/www.educaborras.com\/fr\/#organization\",\"name\":\"Educa Borras\",\"url\":\"https:\/\/www.educaborras.com\/fr\/\",\"logo\":{\"@type\":\"ImageObject\",\"inLanguage\":\"fr-FR\",\"@id\":\"https:\/\/www.educaborras.com\/fr\/#\/schema\/logo\/image\/\",\"url\":\"https:\/\/www.educaborras.com\/wp-content\/uploads\/cropped-LOGOS-EDUCA-BORRAS_retina.png\",\"contentUrl\":\"https:\/\/www.educaborras.com\/wp-content\/uploads\/cropped-LOGOS-EDUCA-BORRAS_retina.png\",\"caption\":\"Educa Borras\"},\"image\":{\"@id\":\"https:\/\/www.educaborras.com\/fr\/#\/schema\/logo\/image\/\"}}]}<\/script>\n<!-- \/ Yoast SEO plugin. -->","yoast_head_json":{"title":"500 \u00c2nes - Educa Borras","robots":{"index":"index","follow":"follow","max-snippet":"max-snippet:-1","max-image-preview":"max-image-preview:large","max-video-preview":"max-video-preview:-1"},"canonical":"https:\/\/www.educaborras.com\/fr\/produit\/19553-fr\/","twitter_misc":{"Dur\u00e9e de lecture estim\u00e9e":"1 minute"},"schema":{"@context":"https:\/\/schema.org","@graph":[{"@type":"WebPage","@id":"https:\/\/www.educaborras.com\/fr\/produit\/19553-fr\/","url":"https:\/\/www.educaborras.com\/fr\/produit\/19553-fr\/","name":"500 \u00c2nes - Educa Borras","isPartOf":{"@id":"https:\/\/www.educaborras.com\/fr\/#website"},"primaryImageOfPage":{"@id":"https:\/\/www.educaborras.com\/fr\/produit\/19553-fr\/#primaryimage"},"image":{"@id":"https:\/\/www.educaborras.com\/fr\/produit\/19553-fr\/#primaryimage"},"thumbnailUrl":"https:\/\/www.educaborras.com\/wp-content\/uploads\/19553_01_high-scaled-12.jpg","datePublished":"2025-06-05T09:11:52+00:00","dateModified":"2026-05-04T01:41:54+00:00","breadcrumb":{"@id":"https:\/\/www.educaborras.com\/fr\/produit\/19553-fr\/#breadcrumb"},"inLanguage":"fr-FR","potentialAction":[{"@type":"ReadAction","target":["https:\/\/www.educaborras.com\/fr\/produit\/19553-fr\/"]}]},{"@type":"ImageObject","inLanguage":"fr-FR","@id":"https:\/\/www.educaborras.com\/fr\/produit\/19553-fr\/#primaryimage","url":"https:\/\/www.educaborras.com\/wp-content\/uploads\/19553_01_high-scaled-12.jpg","contentUrl":"https:\/\/www.educaborras.com\/wp-content\/uploads\/19553_01_high-scaled-12.jpg"},{"@type":"BreadcrumbList","@id":"https:\/\/www.educaborras.com\/fr\/produit\/19553-fr\/#breadcrumb","itemListElement":[{"@type":"ListItem","position":1,"name":"Portada","item":"https:\/\/www.educaborras.com\/fr\/"},{"@type":"ListItem","position":2,"name":"Produits","item":"https:\/\/www.educaborras.com\/fr\/shop\/"},{"@type":"ListItem","position":3,"name":"500 \u00c2nes"}]},{"@type":"WebSite","@id":"https:\/\/www.educaborras.com\/fr\/#website","url":"https:\/\/www.educaborras.com\/fr\/","name":"Educa Borras","description":"","publisher":{"@id":"https:\/\/www.educaborras.com\/fr\/#organization"},"potentialAction":[{"@type":"SearchAction","target":{"@type":"EntryPoint","urlTemplate":"https:\/\/www.educaborras.com\/fr\/?s={search_term_string}"},"query-input":{"@type":"PropertyValueSpecification","valueRequired":true,"valueName":"search_term_string"}}],"inLanguage":"fr-FR"},{"@type":"Organization","@id":"https:\/\/www.educaborras.com\/fr\/#organization","name":"Educa Borras","url":"https:\/\/www.educaborras.com\/fr\/","logo":{"@type":"ImageObject","inLanguage":"fr-FR","@id":"https:\/\/www.educaborras.com\/fr\/#\/schema\/logo\/image\/","url":"https:\/\/www.educaborras.com\/wp-content\/uploads\/cropped-LOGOS-EDUCA-BORRAS_retina.png","contentUrl":"https:\/\/www.educaborras.com\/wp-content\/uploads\/cropped-LOGOS-EDUCA-BORRAS_retina.png","caption":"Educa Borras"},"image":{"@id":"https:\/\/www.educaborras.com\/fr\/#\/schema\/logo\/image\/"}}]}},"_links":{"self":[{"href":"https:\/\/www.educaborras.com\/fr\/wp-json\/wp\/v2\/product\/250313","targetHints":{"allow":["GET"]}}],"collection":[{"href":"https:\/\/www.educaborras.com\/fr\/wp-json\/wp\/v2\/product"}],"about":[{"href":"https:\/\/www.educaborras.com\/fr\/wp-json\/wp\/v2\/types\/product"}],"wp:featuredmedia":[{"embeddable":true,"href":"https:\/\/www.educaborras.com\/fr\/wp-json\/wp\/v2\/media\/164455"}],"wp:attachment":[{"href":"https:\/\/www.educaborras.com\/fr\/wp-json\/wp\/v2\/media?parent=250313"}],"wp:term":[{"taxonomy":"product_brand","embeddable":true,"href":"https:\/\/www.educaborras.com\/fr\/wp-json\/wp\/v2\/product_brand?post=250313"},{"taxonomy":"product_cat","embeddable":true,"href":"https:\/\/www.educaborras.com\/fr\/wp-json\/wp\/v2\/product_cat?post=250313"},{"taxonomy":"product_tag","embeddable":true,"href":"https:\/\/www.educaborras.com\/fr\/wp-json\/wp\/v2\/product_tag?post=250313"}],"curies":[{"name":"wp","href":"https:\/\/api.w.org\/{rel}","templated":true}]}}