{"id":250269,"date":"2025-06-05T11:12:26","date_gmt":"2025-06-05T09:12:26","guid":{"rendered":"https:\/\/www.educaborras.com\/product\/19673\/"},"modified":"2026-05-04T03:45:23","modified_gmt":"2026-05-04T01:45:23","slug":"19673-fr","status":"publish","type":"product","link":"https:\/\/www.educaborras.com\/fr\/produit\/19673-fr\/","title":{"rendered":"2&#215;20 Disney Pixar (Finding Nemo + Monsters Inc.)"},"content":{"rendered":"<p>Ces 2 puzzles sont compos\u00e9s de grandes pi\u00e8ces parfaitement finies pour un assemblage simple et s\u00fbr. Nombre de pi\u00e8ces par puzzle : 20. Taille approximative du puzzle assembl\u00e9 : 28 x 20 cm. \u00a9Disney\/Pixar<\/p>\n","protected":false},"excerpt":{"rendered":"<p>Educa\u00ae vous propose une vaste collection de puzzles de 2 \u00e0 400 pi\u00e8ces repr\u00e9sentant les images et les personnages les plus amusants, pour les enfants de tous les \u00e2ges. \u00a9Disney\/Pixar<\/p>\n","protected":false},"featured_media":164690,"template":"","meta":{"_acf_changed":false},"product_brand":[],"product_cat":[73263],"product_tag":[90220,77866,83455,90221,82310,83457,90222,76201,90223,83458,74496,75657,83459,83460,83000,83461,90224,81444,90225,90148,90226,90227,90228,90229,90230,90231,90232,82318],"class_list":{"0":"post-250269","1":"product","2":"type-product","3":"status-publish","4":"has-post-thumbnail","6":"product_cat-produit-discontinue","7":"product_tag-19673-fr","8":"product_tag-2x20-fr","9":"product_tag-2x20-pieces-fr","10":"product_tag-finding-nemo-fr","11":"product_tag-jigsaw-fr","12":"product_tag-mickey-puzles-fr","13":"product_tag-monsters-fr","14":"product_tag-monstruos-fr","15":"product_tag-nemo-fr","16":"product_tag-pices-fr","17":"product_tag-piece-fr","18":"product_tag-puzle-fr","19":"product_tag-puzles-2x20-fr","20":"product_tag-puzles-disney-fr","21":"product_tag-puzles-educa-fr","22":"product_tag-puzles-mickey-fr","23":"product_tag-puzzle-20-piezas-fr","24":"product_tag-puzzle-disney-fr","25":"product_tag-puzzle-disney-20-piezas-fr","26":"product_tag-puzzle-disney-pixar-fr","27":"product_tag-puzzle-disney-pixar-20-piezas-fr","28":"product_tag-puzzle-finding-nemo-fr","29":"product_tag-puzzle-monsters-fr","30":"product_tag-puzzle-monstruos-fr","31":"product_tag-puzzle-nemo-fr","32":"product_tag-puzzle-pixar-fr","33":"product_tag-puzzle-pixar-20-piezas-fr","34":"product_tag-trencaclosques-fr","36":"first","37":"instock","38":"shipping-taxable","39":"product-type-simple"},"acf":[],"yoast_head":"<!-- This site is optimized with the Yoast SEO plugin v27.1.1 - https:\/\/yoast.com\/product\/yoast-seo-wordpress\/ -->\n<title>2x20 Disney Pixar (Finding Nemo + Monsters Inc.) - Educa Borras<\/title>\n<meta name=\"robots\" content=\"index, follow, max-snippet:-1, max-image-preview:large, max-video-preview:-1\" \/>\n<link rel=\"canonical\" href=\"https:\/\/www.educaborras.com\/fr\/produit\/19673-fr\/\" \/>\n<script type=\"application\/ld+json\" class=\"yoast-schema-graph\">{\"@context\":\"https:\/\/schema.org\",\"@graph\":[{\"@type\":\"WebPage\",\"@id\":\"https:\/\/www.educaborras.com\/fr\/produit\/19673-fr\/\",\"url\":\"https:\/\/www.educaborras.com\/fr\/produit\/19673-fr\/\",\"name\":\"2x20 Disney Pixar (Finding Nemo + Monsters Inc.) - Educa Borras\",\"isPartOf\":{\"@id\":\"https:\/\/www.educaborras.com\/fr\/#website\"},\"primaryImageOfPage\":{\"@id\":\"https:\/\/www.educaborras.com\/fr\/produit\/19673-fr\/#primaryimage\"},\"image\":{\"@id\":\"https:\/\/www.educaborras.com\/fr\/produit\/19673-fr\/#primaryimage\"},\"thumbnailUrl\":\"https:\/\/www.educaborras.com\/wp-content\/uploads\/19673_01_high-scaled-12.jpg\",\"datePublished\":\"2025-06-05T09:12:26+00:00\",\"dateModified\":\"2026-05-04T01:45:23+00:00\",\"breadcrumb\":{\"@id\":\"https:\/\/www.educaborras.com\/fr\/produit\/19673-fr\/#breadcrumb\"},\"inLanguage\":\"fr-FR\",\"potentialAction\":[{\"@type\":\"ReadAction\",\"target\":[\"https:\/\/www.educaborras.com\/fr\/produit\/19673-fr\/\"]}]},{\"@type\":\"ImageObject\",\"inLanguage\":\"fr-FR\",\"@id\":\"https:\/\/www.educaborras.com\/fr\/produit\/19673-fr\/#primaryimage\",\"url\":\"https:\/\/www.educaborras.com\/wp-content\/uploads\/19673_01_high-scaled-12.jpg\",\"contentUrl\":\"https:\/\/www.educaborras.com\/wp-content\/uploads\/19673_01_high-scaled-12.jpg\"},{\"@type\":\"BreadcrumbList\",\"@id\":\"https:\/\/www.educaborras.com\/fr\/produit\/19673-fr\/#breadcrumb\",\"itemListElement\":[{\"@type\":\"ListItem\",\"position\":1,\"name\":\"Portada\",\"item\":\"https:\/\/www.educaborras.com\/fr\/\"},{\"@type\":\"ListItem\",\"position\":2,\"name\":\"Produits\",\"item\":\"https:\/\/www.educaborras.com\/fr\/shop\/\"},{\"@type\":\"ListItem\",\"position\":3,\"name\":\"2&#215;20 Disney Pixar (Finding Nemo + Monsters Inc.)\"}]},{\"@type\":\"WebSite\",\"@id\":\"https:\/\/www.educaborras.com\/fr\/#website\",\"url\":\"https:\/\/www.educaborras.com\/fr\/\",\"name\":\"Educa Borras\",\"description\":\"\",\"publisher\":{\"@id\":\"https:\/\/www.educaborras.com\/fr\/#organization\"},\"potentialAction\":[{\"@type\":\"SearchAction\",\"target\":{\"@type\":\"EntryPoint\",\"urlTemplate\":\"https:\/\/www.educaborras.com\/fr\/?s={search_term_string}\"},\"query-input\":{\"@type\":\"PropertyValueSpecification\",\"valueRequired\":true,\"valueName\":\"search_term_string\"}}],\"inLanguage\":\"fr-FR\"},{\"@type\":\"Organization\",\"@id\":\"https:\/\/www.educaborras.com\/fr\/#organization\",\"name\":\"Educa Borras\",\"url\":\"https:\/\/www.educaborras.com\/fr\/\",\"logo\":{\"@type\":\"ImageObject\",\"inLanguage\":\"fr-FR\",\"@id\":\"https:\/\/www.educaborras.com\/fr\/#\/schema\/logo\/image\/\",\"url\":\"https:\/\/www.educaborras.com\/wp-content\/uploads\/cropped-LOGOS-EDUCA-BORRAS_retina.png\",\"contentUrl\":\"https:\/\/www.educaborras.com\/wp-content\/uploads\/cropped-LOGOS-EDUCA-BORRAS_retina.png\",\"caption\":\"Educa Borras\"},\"image\":{\"@id\":\"https:\/\/www.educaborras.com\/fr\/#\/schema\/logo\/image\/\"}}]}<\/script>\n<!-- \/ Yoast SEO plugin. -->","yoast_head_json":{"title":"2x20 Disney Pixar (Finding Nemo + Monsters Inc.) - Educa Borras","robots":{"index":"index","follow":"follow","max-snippet":"max-snippet:-1","max-image-preview":"max-image-preview:large","max-video-preview":"max-video-preview:-1"},"canonical":"https:\/\/www.educaborras.com\/fr\/produit\/19673-fr\/","schema":{"@context":"https:\/\/schema.org","@graph":[{"@type":"WebPage","@id":"https:\/\/www.educaborras.com\/fr\/produit\/19673-fr\/","url":"https:\/\/www.educaborras.com\/fr\/produit\/19673-fr\/","name":"2x20 Disney Pixar (Finding Nemo + Monsters Inc.) - Educa Borras","isPartOf":{"@id":"https:\/\/www.educaborras.com\/fr\/#website"},"primaryImageOfPage":{"@id":"https:\/\/www.educaborras.com\/fr\/produit\/19673-fr\/#primaryimage"},"image":{"@id":"https:\/\/www.educaborras.com\/fr\/produit\/19673-fr\/#primaryimage"},"thumbnailUrl":"https:\/\/www.educaborras.com\/wp-content\/uploads\/19673_01_high-scaled-12.jpg","datePublished":"2025-06-05T09:12:26+00:00","dateModified":"2026-05-04T01:45:23+00:00","breadcrumb":{"@id":"https:\/\/www.educaborras.com\/fr\/produit\/19673-fr\/#breadcrumb"},"inLanguage":"fr-FR","potentialAction":[{"@type":"ReadAction","target":["https:\/\/www.educaborras.com\/fr\/produit\/19673-fr\/"]}]},{"@type":"ImageObject","inLanguage":"fr-FR","@id":"https:\/\/www.educaborras.com\/fr\/produit\/19673-fr\/#primaryimage","url":"https:\/\/www.educaborras.com\/wp-content\/uploads\/19673_01_high-scaled-12.jpg","contentUrl":"https:\/\/www.educaborras.com\/wp-content\/uploads\/19673_01_high-scaled-12.jpg"},{"@type":"BreadcrumbList","@id":"https:\/\/www.educaborras.com\/fr\/produit\/19673-fr\/#breadcrumb","itemListElement":[{"@type":"ListItem","position":1,"name":"Portada","item":"https:\/\/www.educaborras.com\/fr\/"},{"@type":"ListItem","position":2,"name":"Produits","item":"https:\/\/www.educaborras.com\/fr\/shop\/"},{"@type":"ListItem","position":3,"name":"2&#215;20 Disney Pixar (Finding Nemo + Monsters Inc.)"}]},{"@type":"WebSite","@id":"https:\/\/www.educaborras.com\/fr\/#website","url":"https:\/\/www.educaborras.com\/fr\/","name":"Educa Borras","description":"","publisher":{"@id":"https:\/\/www.educaborras.com\/fr\/#organization"},"potentialAction":[{"@type":"SearchAction","target":{"@type":"EntryPoint","urlTemplate":"https:\/\/www.educaborras.com\/fr\/?s={search_term_string}"},"query-input":{"@type":"PropertyValueSpecification","valueRequired":true,"valueName":"search_term_string"}}],"inLanguage":"fr-FR"},{"@type":"Organization","@id":"https:\/\/www.educaborras.com\/fr\/#organization","name":"Educa Borras","url":"https:\/\/www.educaborras.com\/fr\/","logo":{"@type":"ImageObject","inLanguage":"fr-FR","@id":"https:\/\/www.educaborras.com\/fr\/#\/schema\/logo\/image\/","url":"https:\/\/www.educaborras.com\/wp-content\/uploads\/cropped-LOGOS-EDUCA-BORRAS_retina.png","contentUrl":"https:\/\/www.educaborras.com\/wp-content\/uploads\/cropped-LOGOS-EDUCA-BORRAS_retina.png","caption":"Educa Borras"},"image":{"@id":"https:\/\/www.educaborras.com\/fr\/#\/schema\/logo\/image\/"}}]}},"_links":{"self":[{"href":"https:\/\/www.educaborras.com\/fr\/wp-json\/wp\/v2\/product\/250269","targetHints":{"allow":["GET"]}}],"collection":[{"href":"https:\/\/www.educaborras.com\/fr\/wp-json\/wp\/v2\/product"}],"about":[{"href":"https:\/\/www.educaborras.com\/fr\/wp-json\/wp\/v2\/types\/product"}],"wp:featuredmedia":[{"embeddable":true,"href":"https:\/\/www.educaborras.com\/fr\/wp-json\/wp\/v2\/media\/164690"}],"wp:attachment":[{"href":"https:\/\/www.educaborras.com\/fr\/wp-json\/wp\/v2\/media?parent=250269"}],"wp:term":[{"taxonomy":"product_brand","embeddable":true,"href":"https:\/\/www.educaborras.com\/fr\/wp-json\/wp\/v2\/product_brand?post=250269"},{"taxonomy":"product_cat","embeddable":true,"href":"https:\/\/www.educaborras.com\/fr\/wp-json\/wp\/v2\/product_cat?post=250269"},{"taxonomy":"product_tag","embeddable":true,"href":"https:\/\/www.educaborras.com\/fr\/wp-json\/wp\/v2\/product_tag?post=250269"}],"curies":[{"name":"wp","href":"https:\/\/api.w.org\/{rel}","templated":true}]}}