{"id":250185,"date":"2025-06-05T11:13:13","date_gmt":"2025-06-05T09:13:13","guid":{"rendered":"https:\/\/www.educaborras.com\/product\/19825\/"},"modified":"2026-04-30T03:51:22","modified_gmt":"2026-04-30T01:51:22","slug":"19825-fr","status":"publish","type":"product","link":"https:\/\/www.educaborras.com\/fr\/produit\/19825-fr\/","title":{"rendered":"Fashion Designer Barbie"},"content":{"rendered":"<p>Cr\u00e9e tes dessins de Barbie avec la table lumineuse et personnalise-les avec les autocollants ! D\u00e9calque-le modc,le de ton choix, s\u00fbr la table lumineuse c&rsquo;est trc,s facile ! Colorie-ton dessin comme tu en as envie, puis tu peux le personnaliser avec les autocollants. Contient : 1 table lumineuse, 1 livret de 32 pages de modc,les, motifs et instructions, 1 crayon de papier, 1 feuille d&rsquo;autocollants, 4 bases blanches, 4 figurines Barbie en carton et l&rsquo;int\u00e9rieur de l&#8217;emballage qui se transforme en passerelle. N\u00e9cessite 3 piles AAA (non incluses). Pour les 5 ans et plus.<\/p>\n","protected":false},"excerpt":{"rendered":"<p>Cr\u00e9e tes dessins de Barbie en les d\u00e9calquant avec la table lumineuse, colorie-les et personnalise-les avec les autocollants ! Fais d\u00e9filer tes looks avec des figurines Barbie s\u00fbr le d\u00e9fil\u00e9 de mode.<\/p>\n","protected":false},"featured_media":164995,"template":"","meta":{"_acf_changed":false},"product_brand":[],"product_cat":[73263],"product_tag":[98506,97542,98507,98508,82034,89805,77967,98509,98510,98511,77288,92345,89807,82043,82044,89808,98512,98513,78067,89809,89810,89811,89812],"class_list":{"0":"post-250185","1":"product","2":"type-product","3":"status-publish","4":"has-post-thumbnail","6":"product_cat-produit-discontinue","7":"product_tag-19825-fr","8":"product_tag-barbie-fr","9":"product_tag-catwalk-fr","10":"product_tag-defile-fr","11":"product_tag-designer-fr","12":"product_tag-dibuja-fr","13":"product_tag-dibujar-fr","14":"product_tag-disenaa-fr","15":"product_tag-fashion-fr","16":"product_tag-fashion-designer-fr","17":"product_tag-luz-fr","18":"product_tag-mattel-fr","19":"product_tag-mesa-fr","20":"product_tag-moda-fr","21":"product_tag-mode-fr","22":"product_tag-mon-atelier-designer-fr","23":"product_tag-pasarela-fr","24":"product_tag-passarela-fr","25":"product_tag-pilas-fr","26":"product_tag-projector-fr","27":"product_tag-proyecta-fr","28":"product_tag-proyectar-fr","29":"product_tag-proyector-fr","31":"first","32":"instock","33":"shipping-taxable","34":"product-type-simple"},"acf":[],"yoast_head":"<!-- This site is optimized with the Yoast SEO plugin v27.1.1 - https:\/\/yoast.com\/product\/yoast-seo-wordpress\/ -->\n<title>Fashion Designer Barbie - Educa Borras<\/title>\n<meta name=\"description\" content=\"Crea tus dise\u00f1os de Barbie con la mesa de luz, color\u00e9alos y dec\u00f3ralos con los adhesivos! El interior del packaging se transforma en una pasarela.\" \/>\n<meta name=\"robots\" content=\"index, follow, max-snippet:-1, max-image-preview:large, max-video-preview:-1\" \/>\n<link rel=\"canonical\" href=\"https:\/\/www.educaborras.com\/fr\/produit\/19825-fr\/\" \/>\n<script type=\"application\/ld+json\" class=\"yoast-schema-graph\">{\"@context\":\"https:\/\/schema.org\",\"@graph\":[{\"@type\":\"WebPage\",\"@id\":\"https:\/\/www.educaborras.com\/fr\/produit\/19825-fr\/\",\"url\":\"https:\/\/www.educaborras.com\/fr\/produit\/19825-fr\/\",\"name\":\"Fashion Designer Barbie - Educa Borras\",\"isPartOf\":{\"@id\":\"https:\/\/www.educaborras.com\/fr\/#website\"},\"primaryImageOfPage\":{\"@id\":\"https:\/\/www.educaborras.com\/fr\/produit\/19825-fr\/#primaryimage\"},\"image\":{\"@id\":\"https:\/\/www.educaborras.com\/fr\/produit\/19825-fr\/#primaryimage\"},\"thumbnailUrl\":\"https:\/\/www.educaborras.com\/wp-content\/uploads\/19825_01_high-11.jpg\",\"datePublished\":\"2025-06-05T09:13:13+00:00\",\"dateModified\":\"2026-04-30T01:51:22+00:00\",\"description\":\"Crea tus dise\u00f1os de Barbie con la mesa de luz, color\u00e9alos y dec\u00f3ralos con los adhesivos! El interior del packaging se transforma en una pasarela.\",\"breadcrumb\":{\"@id\":\"https:\/\/www.educaborras.com\/fr\/produit\/19825-fr\/#breadcrumb\"},\"inLanguage\":\"fr-FR\",\"potentialAction\":[{\"@type\":\"ReadAction\",\"target\":[\"https:\/\/www.educaborras.com\/fr\/produit\/19825-fr\/\"]}]},{\"@type\":\"ImageObject\",\"inLanguage\":\"fr-FR\",\"@id\":\"https:\/\/www.educaborras.com\/fr\/produit\/19825-fr\/#primaryimage\",\"url\":\"https:\/\/www.educaborras.com\/wp-content\/uploads\/19825_01_high-11.jpg\",\"contentUrl\":\"https:\/\/www.educaborras.com\/wp-content\/uploads\/19825_01_high-11.jpg\"},{\"@type\":\"BreadcrumbList\",\"@id\":\"https:\/\/www.educaborras.com\/fr\/produit\/19825-fr\/#breadcrumb\",\"itemListElement\":[{\"@type\":\"ListItem\",\"position\":1,\"name\":\"Portada\",\"item\":\"https:\/\/www.educaborras.com\/fr\/\"},{\"@type\":\"ListItem\",\"position\":2,\"name\":\"Produits\",\"item\":\"https:\/\/www.educaborras.com\/fr\/shop\/\"},{\"@type\":\"ListItem\",\"position\":3,\"name\":\"Fashion Designer Barbie\"}]},{\"@type\":\"WebSite\",\"@id\":\"https:\/\/www.educaborras.com\/fr\/#website\",\"url\":\"https:\/\/www.educaborras.com\/fr\/\",\"name\":\"Educa Borras\",\"description\":\"\",\"publisher\":{\"@id\":\"https:\/\/www.educaborras.com\/fr\/#organization\"},\"potentialAction\":[{\"@type\":\"SearchAction\",\"target\":{\"@type\":\"EntryPoint\",\"urlTemplate\":\"https:\/\/www.educaborras.com\/fr\/?s={search_term_string}\"},\"query-input\":{\"@type\":\"PropertyValueSpecification\",\"valueRequired\":true,\"valueName\":\"search_term_string\"}}],\"inLanguage\":\"fr-FR\"},{\"@type\":\"Organization\",\"@id\":\"https:\/\/www.educaborras.com\/fr\/#organization\",\"name\":\"Educa Borras\",\"url\":\"https:\/\/www.educaborras.com\/fr\/\",\"logo\":{\"@type\":\"ImageObject\",\"inLanguage\":\"fr-FR\",\"@id\":\"https:\/\/www.educaborras.com\/fr\/#\/schema\/logo\/image\/\",\"url\":\"https:\/\/www.educaborras.com\/wp-content\/uploads\/cropped-LOGOS-EDUCA-BORRAS_retina.png\",\"contentUrl\":\"https:\/\/www.educaborras.com\/wp-content\/uploads\/cropped-LOGOS-EDUCA-BORRAS_retina.png\",\"caption\":\"Educa Borras\"},\"image\":{\"@id\":\"https:\/\/www.educaborras.com\/fr\/#\/schema\/logo\/image\/\"}}]}<\/script>\n<!-- \/ Yoast SEO plugin. -->","yoast_head_json":{"title":"Fashion Designer Barbie - Educa Borras","description":"Crea tus dise\u00f1os de Barbie con la mesa de luz, color\u00e9alos y dec\u00f3ralos con los adhesivos! El interior del packaging se transforma en una pasarela.","robots":{"index":"index","follow":"follow","max-snippet":"max-snippet:-1","max-image-preview":"max-image-preview:large","max-video-preview":"max-video-preview:-1"},"canonical":"https:\/\/www.educaborras.com\/fr\/produit\/19825-fr\/","schema":{"@context":"https:\/\/schema.org","@graph":[{"@type":"WebPage","@id":"https:\/\/www.educaborras.com\/fr\/produit\/19825-fr\/","url":"https:\/\/www.educaborras.com\/fr\/produit\/19825-fr\/","name":"Fashion Designer Barbie - Educa Borras","isPartOf":{"@id":"https:\/\/www.educaborras.com\/fr\/#website"},"primaryImageOfPage":{"@id":"https:\/\/www.educaborras.com\/fr\/produit\/19825-fr\/#primaryimage"},"image":{"@id":"https:\/\/www.educaborras.com\/fr\/produit\/19825-fr\/#primaryimage"},"thumbnailUrl":"https:\/\/www.educaborras.com\/wp-content\/uploads\/19825_01_high-11.jpg","datePublished":"2025-06-05T09:13:13+00:00","dateModified":"2026-04-30T01:51:22+00:00","description":"Crea tus dise\u00f1os de Barbie con la mesa de luz, color\u00e9alos y dec\u00f3ralos con los adhesivos! El interior del packaging se transforma en una pasarela.","breadcrumb":{"@id":"https:\/\/www.educaborras.com\/fr\/produit\/19825-fr\/#breadcrumb"},"inLanguage":"fr-FR","potentialAction":[{"@type":"ReadAction","target":["https:\/\/www.educaborras.com\/fr\/produit\/19825-fr\/"]}]},{"@type":"ImageObject","inLanguage":"fr-FR","@id":"https:\/\/www.educaborras.com\/fr\/produit\/19825-fr\/#primaryimage","url":"https:\/\/www.educaborras.com\/wp-content\/uploads\/19825_01_high-11.jpg","contentUrl":"https:\/\/www.educaborras.com\/wp-content\/uploads\/19825_01_high-11.jpg"},{"@type":"BreadcrumbList","@id":"https:\/\/www.educaborras.com\/fr\/produit\/19825-fr\/#breadcrumb","itemListElement":[{"@type":"ListItem","position":1,"name":"Portada","item":"https:\/\/www.educaborras.com\/fr\/"},{"@type":"ListItem","position":2,"name":"Produits","item":"https:\/\/www.educaborras.com\/fr\/shop\/"},{"@type":"ListItem","position":3,"name":"Fashion Designer Barbie"}]},{"@type":"WebSite","@id":"https:\/\/www.educaborras.com\/fr\/#website","url":"https:\/\/www.educaborras.com\/fr\/","name":"Educa Borras","description":"","publisher":{"@id":"https:\/\/www.educaborras.com\/fr\/#organization"},"potentialAction":[{"@type":"SearchAction","target":{"@type":"EntryPoint","urlTemplate":"https:\/\/www.educaborras.com\/fr\/?s={search_term_string}"},"query-input":{"@type":"PropertyValueSpecification","valueRequired":true,"valueName":"search_term_string"}}],"inLanguage":"fr-FR"},{"@type":"Organization","@id":"https:\/\/www.educaborras.com\/fr\/#organization","name":"Educa Borras","url":"https:\/\/www.educaborras.com\/fr\/","logo":{"@type":"ImageObject","inLanguage":"fr-FR","@id":"https:\/\/www.educaborras.com\/fr\/#\/schema\/logo\/image\/","url":"https:\/\/www.educaborras.com\/wp-content\/uploads\/cropped-LOGOS-EDUCA-BORRAS_retina.png","contentUrl":"https:\/\/www.educaborras.com\/wp-content\/uploads\/cropped-LOGOS-EDUCA-BORRAS_retina.png","caption":"Educa Borras"},"image":{"@id":"https:\/\/www.educaborras.com\/fr\/#\/schema\/logo\/image\/"}}]}},"_links":{"self":[{"href":"https:\/\/www.educaborras.com\/fr\/wp-json\/wp\/v2\/product\/250185","targetHints":{"allow":["GET"]}}],"collection":[{"href":"https:\/\/www.educaborras.com\/fr\/wp-json\/wp\/v2\/product"}],"about":[{"href":"https:\/\/www.educaborras.com\/fr\/wp-json\/wp\/v2\/types\/product"}],"wp:featuredmedia":[{"embeddable":true,"href":"https:\/\/www.educaborras.com\/fr\/wp-json\/wp\/v2\/media\/164995"}],"wp:attachment":[{"href":"https:\/\/www.educaborras.com\/fr\/wp-json\/wp\/v2\/media?parent=250185"}],"wp:term":[{"taxonomy":"product_brand","embeddable":true,"href":"https:\/\/www.educaborras.com\/fr\/wp-json\/wp\/v2\/product_brand?post=250185"},{"taxonomy":"product_cat","embeddable":true,"href":"https:\/\/www.educaborras.com\/fr\/wp-json\/wp\/v2\/product_cat?post=250185"},{"taxonomy":"product_tag","embeddable":true,"href":"https:\/\/www.educaborras.com\/fr\/wp-json\/wp\/v2\/product_tag?post=250185"}],"curies":[{"name":"wp","href":"https:\/\/api.w.org\/{rel}","templated":true}]}}