{"id":250061,"date":"2025-06-05T11:14:28","date_gmt":"2025-06-05T09:14:28","guid":{"rendered":"https:\/\/www.educaborras.com\/product\/19292\/"},"modified":"2026-04-20T03:50:05","modified_gmt":"2026-04-20T01:50:05","slug":"19292-fr","status":"publish","type":"product","link":"https:\/\/www.educaborras.com\/fr\/produit\/19292-fr\/","title":{"rendered":"200 Mappemonde, Sean Sims"},"content":{"rendered":"<p>Educa cr\u00e9e les puzzles solidaire SOS Villages d\u2019enfants (Aldeas infantiles) Un pourcentage des ventes sera revers\u00e9 \u00e0 l\u2019ONG pour participer \u00e0 divers projets permettant de venir en aide \u00e0 des enfants et adolescents en situation de vuln\u00e9rabilit\u00e9. L\u2019association Aldeas Infantiles (SOS Villages d\u2019enfants), fond\u00e9e en 1949, est pr\u00e9sente dans 134 pays. Sa mission est de donner un foyer aux enfants et aux adolescents qui sont dans l\u2019impossibilit\u00e9 de vivre avec leurs parents, leur permettant ainsi de grandir dans un environnement facilitant leur int\u00e9gration sociale et professionnelle.Cette mappemonde illustr\u00e9e par le Britannique Sean Sims nous propose d\u00e9couvrir le monde, ses monuments et ses cultures. Dimensions du puzzle assembl\u00e9 : 40 x 28 cm.<\/p>\n","protected":false},"excerpt":{"rendered":"<p>Educa cr\u00e9e les puzzles solidaire SOS Villages d\u2019enfants (Aldeas infantiles) Un pourcentage des ventes sera revers\u00e9 \u00e0 l\u2019ONG pour participer \u00e0 divers projets permettant de venir en aide \u00e0 des enfants et adolescents en situation de vuln\u00e9rabilit\u00e9.<\/p>\n","protected":false},"featured_media":165545,"template":"","meta":{"_acf_changed":false},"product_brand":[],"product_cat":[73528,73524],"product_tag":[74344,83338,83339,83340,83341,83342,83343,74204,74205,80324,75285,75286,75287,75656,79657,76657,74347,74495,74496,74497,75657,83344,82313,74216,82314,82315,83345,83346,83347,75291,83348],"class_list":{"0":"post-250061","1":"product","2":"type-product","3":"status-publish","4":"has-post-thumbnail","6":"product_cat-puzzles-enfants","7":"product_cat-puzzles-de-200-a-400-pieces-fr","8":"product_tag-piezas-fr","9":"product_tag-19292-fr","10":"product_tag-200-mapa-mundi-fr","11":"product_tag-200-mapamundi-fr","12":"product_tag-200-mappemonde-fr","13":"product_tag-200-world-map-fr","14":"product_tag-carte-du-monde-fr","15":"product_tag-educa-fr","16":"product_tag-educa-borras-fr","17":"product_tag-fix-puzzle-fr","18":"product_tag-map-fr","19":"product_tag-mapa-fr","20":"product_tag-mapa-mundi-fr","21":"product_tag-mapamundi-fr","22":"product_tag-mon-fr","23":"product_tag-mundo-fr","24":"product_tag-peca-fr","25":"product_tag-peces-fr","26":"product_tag-piece-fr","27":"product_tag-pieces-fr","28":"product_tag-puzle-fr","29":"product_tag-puzzle-mapamundi-fr","30":"product_tag-puzzle-pasion-fr","31":"product_tag-puzzle-passion-fr","32":"product_tag-puzzlemania-fr","33":"product_tag-puzzlepassion-fr","34":"product_tag-puzzles-200-piezas-fr","35":"product_tag-sean-sims-fr","36":"product_tag-sean-sims-200-mapamundi-fr","37":"product_tag-world-fr","38":"product_tag-world-map-puzzle-fr","40":"first","41":"instock","42":"shipping-taxable","43":"product-type-simple"},"acf":[],"yoast_head":"<!-- This site is optimized with the Yoast SEO plugin v27.1.1 - https:\/\/yoast.com\/product\/yoast-seo-wordpress\/ -->\n<title>200 Mappemonde, Sean Sims - Educa Borras<\/title>\n<meta name=\"robots\" content=\"index, follow, max-snippet:-1, max-image-preview:large, max-video-preview:-1\" \/>\n<link rel=\"canonical\" href=\"https:\/\/www.educaborras.com\/fr\/produit\/19292-fr\/\" \/>\n<meta name=\"twitter:label1\" content=\"Dur\u00e9e de lecture estim\u00e9e\" \/>\n\t<meta name=\"twitter:data1\" content=\"1 minute\" \/>\n<script type=\"application\/ld+json\" class=\"yoast-schema-graph\">{\"@context\":\"https:\/\/schema.org\",\"@graph\":[{\"@type\":\"WebPage\",\"@id\":\"https:\/\/www.educaborras.com\/fr\/produit\/19292-fr\/\",\"url\":\"https:\/\/www.educaborras.com\/fr\/produit\/19292-fr\/\",\"name\":\"200 Mappemonde, Sean Sims - Educa Borras\",\"isPartOf\":{\"@id\":\"https:\/\/www.educaborras.com\/fr\/#website\"},\"primaryImageOfPage\":{\"@id\":\"https:\/\/www.educaborras.com\/fr\/produit\/19292-fr\/#primaryimage\"},\"image\":{\"@id\":\"https:\/\/www.educaborras.com\/fr\/produit\/19292-fr\/#primaryimage\"},\"thumbnailUrl\":\"https:\/\/www.educaborras.com\/wp-content\/uploads\/19292_01_high-12.jpg\",\"datePublished\":\"2025-06-05T09:14:28+00:00\",\"dateModified\":\"2026-04-20T01:50:05+00:00\",\"breadcrumb\":{\"@id\":\"https:\/\/www.educaborras.com\/fr\/produit\/19292-fr\/#breadcrumb\"},\"inLanguage\":\"fr-FR\",\"potentialAction\":[{\"@type\":\"ReadAction\",\"target\":[\"https:\/\/www.educaborras.com\/fr\/produit\/19292-fr\/\"]}]},{\"@type\":\"ImageObject\",\"inLanguage\":\"fr-FR\",\"@id\":\"https:\/\/www.educaborras.com\/fr\/produit\/19292-fr\/#primaryimage\",\"url\":\"https:\/\/www.educaborras.com\/wp-content\/uploads\/19292_01_high-12.jpg\",\"contentUrl\":\"https:\/\/www.educaborras.com\/wp-content\/uploads\/19292_01_high-12.jpg\"},{\"@type\":\"BreadcrumbList\",\"@id\":\"https:\/\/www.educaborras.com\/fr\/produit\/19292-fr\/#breadcrumb\",\"itemListElement\":[{\"@type\":\"ListItem\",\"position\":1,\"name\":\"Portada\",\"item\":\"https:\/\/www.educaborras.com\/fr\/\"},{\"@type\":\"ListItem\",\"position\":2,\"name\":\"Produits\",\"item\":\"https:\/\/www.educaborras.com\/fr\/shop\/\"},{\"@type\":\"ListItem\",\"position\":3,\"name\":\"200 Mappemonde, Sean Sims\"}]},{\"@type\":\"WebSite\",\"@id\":\"https:\/\/www.educaborras.com\/fr\/#website\",\"url\":\"https:\/\/www.educaborras.com\/fr\/\",\"name\":\"Educa Borras\",\"description\":\"\",\"publisher\":{\"@id\":\"https:\/\/www.educaborras.com\/fr\/#organization\"},\"potentialAction\":[{\"@type\":\"SearchAction\",\"target\":{\"@type\":\"EntryPoint\",\"urlTemplate\":\"https:\/\/www.educaborras.com\/fr\/?s={search_term_string}\"},\"query-input\":{\"@type\":\"PropertyValueSpecification\",\"valueRequired\":true,\"valueName\":\"search_term_string\"}}],\"inLanguage\":\"fr-FR\"},{\"@type\":\"Organization\",\"@id\":\"https:\/\/www.educaborras.com\/fr\/#organization\",\"name\":\"Educa Borras\",\"url\":\"https:\/\/www.educaborras.com\/fr\/\",\"logo\":{\"@type\":\"ImageObject\",\"inLanguage\":\"fr-FR\",\"@id\":\"https:\/\/www.educaborras.com\/fr\/#\/schema\/logo\/image\/\",\"url\":\"https:\/\/www.educaborras.com\/wp-content\/uploads\/cropped-LOGOS-EDUCA-BORRAS_retina.png\",\"contentUrl\":\"https:\/\/www.educaborras.com\/wp-content\/uploads\/cropped-LOGOS-EDUCA-BORRAS_retina.png\",\"caption\":\"Educa Borras\"},\"image\":{\"@id\":\"https:\/\/www.educaborras.com\/fr\/#\/schema\/logo\/image\/\"}}]}<\/script>\n<!-- \/ Yoast SEO plugin. -->","yoast_head_json":{"title":"200 Mappemonde, Sean Sims - Educa Borras","robots":{"index":"index","follow":"follow","max-snippet":"max-snippet:-1","max-image-preview":"max-image-preview:large","max-video-preview":"max-video-preview:-1"},"canonical":"https:\/\/www.educaborras.com\/fr\/produit\/19292-fr\/","twitter_misc":{"Dur\u00e9e de lecture estim\u00e9e":"1 minute"},"schema":{"@context":"https:\/\/schema.org","@graph":[{"@type":"WebPage","@id":"https:\/\/www.educaborras.com\/fr\/produit\/19292-fr\/","url":"https:\/\/www.educaborras.com\/fr\/produit\/19292-fr\/","name":"200 Mappemonde, Sean Sims - Educa Borras","isPartOf":{"@id":"https:\/\/www.educaborras.com\/fr\/#website"},"primaryImageOfPage":{"@id":"https:\/\/www.educaborras.com\/fr\/produit\/19292-fr\/#primaryimage"},"image":{"@id":"https:\/\/www.educaborras.com\/fr\/produit\/19292-fr\/#primaryimage"},"thumbnailUrl":"https:\/\/www.educaborras.com\/wp-content\/uploads\/19292_01_high-12.jpg","datePublished":"2025-06-05T09:14:28+00:00","dateModified":"2026-04-20T01:50:05+00:00","breadcrumb":{"@id":"https:\/\/www.educaborras.com\/fr\/produit\/19292-fr\/#breadcrumb"},"inLanguage":"fr-FR","potentialAction":[{"@type":"ReadAction","target":["https:\/\/www.educaborras.com\/fr\/produit\/19292-fr\/"]}]},{"@type":"ImageObject","inLanguage":"fr-FR","@id":"https:\/\/www.educaborras.com\/fr\/produit\/19292-fr\/#primaryimage","url":"https:\/\/www.educaborras.com\/wp-content\/uploads\/19292_01_high-12.jpg","contentUrl":"https:\/\/www.educaborras.com\/wp-content\/uploads\/19292_01_high-12.jpg"},{"@type":"BreadcrumbList","@id":"https:\/\/www.educaborras.com\/fr\/produit\/19292-fr\/#breadcrumb","itemListElement":[{"@type":"ListItem","position":1,"name":"Portada","item":"https:\/\/www.educaborras.com\/fr\/"},{"@type":"ListItem","position":2,"name":"Produits","item":"https:\/\/www.educaborras.com\/fr\/shop\/"},{"@type":"ListItem","position":3,"name":"200 Mappemonde, Sean Sims"}]},{"@type":"WebSite","@id":"https:\/\/www.educaborras.com\/fr\/#website","url":"https:\/\/www.educaborras.com\/fr\/","name":"Educa Borras","description":"","publisher":{"@id":"https:\/\/www.educaborras.com\/fr\/#organization"},"potentialAction":[{"@type":"SearchAction","target":{"@type":"EntryPoint","urlTemplate":"https:\/\/www.educaborras.com\/fr\/?s={search_term_string}"},"query-input":{"@type":"PropertyValueSpecification","valueRequired":true,"valueName":"search_term_string"}}],"inLanguage":"fr-FR"},{"@type":"Organization","@id":"https:\/\/www.educaborras.com\/fr\/#organization","name":"Educa Borras","url":"https:\/\/www.educaborras.com\/fr\/","logo":{"@type":"ImageObject","inLanguage":"fr-FR","@id":"https:\/\/www.educaborras.com\/fr\/#\/schema\/logo\/image\/","url":"https:\/\/www.educaborras.com\/wp-content\/uploads\/cropped-LOGOS-EDUCA-BORRAS_retina.png","contentUrl":"https:\/\/www.educaborras.com\/wp-content\/uploads\/cropped-LOGOS-EDUCA-BORRAS_retina.png","caption":"Educa Borras"},"image":{"@id":"https:\/\/www.educaborras.com\/fr\/#\/schema\/logo\/image\/"}}]}},"_links":{"self":[{"href":"https:\/\/www.educaborras.com\/fr\/wp-json\/wp\/v2\/product\/250061","targetHints":{"allow":["GET"]}}],"collection":[{"href":"https:\/\/www.educaborras.com\/fr\/wp-json\/wp\/v2\/product"}],"about":[{"href":"https:\/\/www.educaborras.com\/fr\/wp-json\/wp\/v2\/types\/product"}],"wp:featuredmedia":[{"embeddable":true,"href":"https:\/\/www.educaborras.com\/fr\/wp-json\/wp\/v2\/media\/165545"}],"wp:attachment":[{"href":"https:\/\/www.educaborras.com\/fr\/wp-json\/wp\/v2\/media?parent=250061"}],"wp:term":[{"taxonomy":"product_brand","embeddable":true,"href":"https:\/\/www.educaborras.com\/fr\/wp-json\/wp\/v2\/product_brand?post=250061"},{"taxonomy":"product_cat","embeddable":true,"href":"https:\/\/www.educaborras.com\/fr\/wp-json\/wp\/v2\/product_cat?post=250061"},{"taxonomy":"product_tag","embeddable":true,"href":"https:\/\/www.educaborras.com\/fr\/wp-json\/wp\/v2\/product_tag?post=250061"}],"curies":[{"name":"wp","href":"https:\/\/api.w.org\/{rel}","templated":true}]}}