{"id":250049,"date":"2025-06-05T11:14:34","date_gmt":"2025-06-05T09:14:34","guid":{"rendered":"https:\/\/www.educaborras.com\/product\/19630\/"},"modified":"2026-04-30T02:50:12","modified_gmt":"2026-04-30T00:50:12","slug":"19630-fr","status":"publish","type":"product","link":"https:\/\/www.educaborras.com\/fr\/produit\/19630-fr\/","title":{"rendered":"300 Sonic Prime Neon"},"content":{"rendered":"<p>Ce puzzle est compos\u00e9 de 300 pi\u00e8ces parfaitement finies pour un assemblage simple et s\u00fbr. Il brille dans l\u2019obscurit\u00e9 ! Dimensions du puzzle assembl\u00e9 : 40 x 28 cm.<\/p>\n","protected":false},"excerpt":{"rendered":"<p>Puzzle phosphorescent<\/p>\n","protected":false},"featured_media":165590,"template":"","meta":{"_acf_changed":false},"product_brand":[],"product_cat":[73528,73524],"product_tag":[74344,100375,95817,95784,74204,74206,74208,76137,74968,74347,74495,74496,74497,77868,75657,95818,95786,95787,74054,95819,95791,82494,100376,90781,82313,74216,95794,100330,100377,100378,100334,100379,100380,82314,82315,100336,100381,100382,100339,100383,74348,100340,100384],"class_list":{"0":"post-250049","1":"product","2":"type-product","3":"status-publish","4":"has-post-thumbnail","6":"product_cat-puzzles-enfants","7":"product_cat-puzzles-de-200-a-400-pieces-fr","8":"product_tag-piezas-fr","9":"product_tag-19630-fr","10":"product_tag-300-piece-puzzle-fr","11":"product_tag-children-puzzle-fr","12":"product_tag-educa-fr","13":"product_tag-educa-borras-puzzle-fr","14":"product_tag-educa-puzzle-fr","15":"product_tag-heroes-fr","16":"product_tag-neon-fr","17":"product_tag-peca-fr","18":"product_tag-peces-fr","19":"product_tag-piece-fr","20":"product_tag-pieces-fr","21":"product_tag-pieza-fr","22":"product_tag-puzle-fr","23":"product_tag-puzle-300-peces-fr","24":"product_tag-puzle-educa-fr","25":"product_tag-puzle-infantil-fr","26":"product_tag-puzzle-fr","27":"product_tag-puzzle-300-piezas-fr","28":"product_tag-puzzle-criancas-fr","29":"product_tag-puzzle-educa-fr","30":"product_tag-puzzle-educa-300-piezas-fr","31":"product_tag-puzzle-infantil-fr","32":"product_tag-puzzle-pasion-fr","33":"product_tag-puzzle-passion-fr","34":"product_tag-puzzle-pour-enfants-fr","35":"product_tag-puzzle-sonic-fr","36":"product_tag-puzzle-sonic-300-fr","37":"product_tag-puzzle-sonic-300-piezas-fr","38":"product_tag-puzzle-sonic-educa-fr","39":"product_tag-puzzle-sonic-educa-300-fr","40":"product_tag-puzzle-sonic-prime-fr","41":"product_tag-puzzlemania-fr","42":"product_tag-puzzlepassion-fr","43":"product_tag-puzzles-sonic-fr","44":"product_tag-puzzles-sonic-300-fr","45":"product_tag-puzzles-sonic-300-piezas-fr","46":"product_tag-puzzles-sonic-educa-fr","47":"product_tag-puzzles-sonic-prime-fr","48":"product_tag-rompecabezas-fr","49":"product_tag-sonic-fr","50":"product_tag-sonic-300-fr","52":"first","53":"instock","54":"shipping-taxable","55":"product-type-simple"},"acf":[],"yoast_head":"<!-- This site is optimized with the Yoast SEO plugin v27.1.1 - https:\/\/yoast.com\/product\/yoast-seo-wordpress\/ -->\n<title>300 Sonic Prime Neon - Educa Borras<\/title>\n<meta name=\"robots\" content=\"index, follow, max-snippet:-1, max-image-preview:large, max-video-preview:-1\" \/>\n<link rel=\"canonical\" href=\"https:\/\/www.educaborras.com\/fr\/produit\/19630-fr\/\" \/>\n<script type=\"application\/ld+json\" class=\"yoast-schema-graph\">{\"@context\":\"https:\/\/schema.org\",\"@graph\":[{\"@type\":\"WebPage\",\"@id\":\"https:\/\/www.educaborras.com\/fr\/produit\/19630-fr\/\",\"url\":\"https:\/\/www.educaborras.com\/fr\/produit\/19630-fr\/\",\"name\":\"300 Sonic Prime Neon - Educa Borras\",\"isPartOf\":{\"@id\":\"https:\/\/www.educaborras.com\/fr\/#website\"},\"primaryImageOfPage\":{\"@id\":\"https:\/\/www.educaborras.com\/fr\/produit\/19630-fr\/#primaryimage\"},\"image\":{\"@id\":\"https:\/\/www.educaborras.com\/fr\/produit\/19630-fr\/#primaryimage\"},\"thumbnailUrl\":\"https:\/\/www.educaborras.com\/wp-content\/uploads\/19630_01_high-scaled-12.jpg\",\"datePublished\":\"2025-06-05T09:14:34+00:00\",\"dateModified\":\"2026-04-30T00:50:12+00:00\",\"breadcrumb\":{\"@id\":\"https:\/\/www.educaborras.com\/fr\/produit\/19630-fr\/#breadcrumb\"},\"inLanguage\":\"fr-FR\",\"potentialAction\":[{\"@type\":\"ReadAction\",\"target\":[\"https:\/\/www.educaborras.com\/fr\/produit\/19630-fr\/\"]}]},{\"@type\":\"ImageObject\",\"inLanguage\":\"fr-FR\",\"@id\":\"https:\/\/www.educaborras.com\/fr\/produit\/19630-fr\/#primaryimage\",\"url\":\"https:\/\/www.educaborras.com\/wp-content\/uploads\/19630_01_high-scaled-12.jpg\",\"contentUrl\":\"https:\/\/www.educaborras.com\/wp-content\/uploads\/19630_01_high-scaled-12.jpg\"},{\"@type\":\"BreadcrumbList\",\"@id\":\"https:\/\/www.educaborras.com\/fr\/produit\/19630-fr\/#breadcrumb\",\"itemListElement\":[{\"@type\":\"ListItem\",\"position\":1,\"name\":\"Portada\",\"item\":\"https:\/\/www.educaborras.com\/fr\/\"},{\"@type\":\"ListItem\",\"position\":2,\"name\":\"Produits\",\"item\":\"https:\/\/www.educaborras.com\/fr\/shop\/\"},{\"@type\":\"ListItem\",\"position\":3,\"name\":\"300 Sonic Prime Neon\"}]},{\"@type\":\"WebSite\",\"@id\":\"https:\/\/www.educaborras.com\/fr\/#website\",\"url\":\"https:\/\/www.educaborras.com\/fr\/\",\"name\":\"Educa Borras\",\"description\":\"\",\"publisher\":{\"@id\":\"https:\/\/www.educaborras.com\/fr\/#organization\"},\"potentialAction\":[{\"@type\":\"SearchAction\",\"target\":{\"@type\":\"EntryPoint\",\"urlTemplate\":\"https:\/\/www.educaborras.com\/fr\/?s={search_term_string}\"},\"query-input\":{\"@type\":\"PropertyValueSpecification\",\"valueRequired\":true,\"valueName\":\"search_term_string\"}}],\"inLanguage\":\"fr-FR\"},{\"@type\":\"Organization\",\"@id\":\"https:\/\/www.educaborras.com\/fr\/#organization\",\"name\":\"Educa Borras\",\"url\":\"https:\/\/www.educaborras.com\/fr\/\",\"logo\":{\"@type\":\"ImageObject\",\"inLanguage\":\"fr-FR\",\"@id\":\"https:\/\/www.educaborras.com\/fr\/#\/schema\/logo\/image\/\",\"url\":\"https:\/\/www.educaborras.com\/wp-content\/uploads\/cropped-LOGOS-EDUCA-BORRAS_retina.png\",\"contentUrl\":\"https:\/\/www.educaborras.com\/wp-content\/uploads\/cropped-LOGOS-EDUCA-BORRAS_retina.png\",\"caption\":\"Educa Borras\"},\"image\":{\"@id\":\"https:\/\/www.educaborras.com\/fr\/#\/schema\/logo\/image\/\"}}]}<\/script>\n<!-- \/ Yoast SEO plugin. -->","yoast_head_json":{"title":"300 Sonic Prime Neon - Educa Borras","robots":{"index":"index","follow":"follow","max-snippet":"max-snippet:-1","max-image-preview":"max-image-preview:large","max-video-preview":"max-video-preview:-1"},"canonical":"https:\/\/www.educaborras.com\/fr\/produit\/19630-fr\/","schema":{"@context":"https:\/\/schema.org","@graph":[{"@type":"WebPage","@id":"https:\/\/www.educaborras.com\/fr\/produit\/19630-fr\/","url":"https:\/\/www.educaborras.com\/fr\/produit\/19630-fr\/","name":"300 Sonic Prime Neon - Educa Borras","isPartOf":{"@id":"https:\/\/www.educaborras.com\/fr\/#website"},"primaryImageOfPage":{"@id":"https:\/\/www.educaborras.com\/fr\/produit\/19630-fr\/#primaryimage"},"image":{"@id":"https:\/\/www.educaborras.com\/fr\/produit\/19630-fr\/#primaryimage"},"thumbnailUrl":"https:\/\/www.educaborras.com\/wp-content\/uploads\/19630_01_high-scaled-12.jpg","datePublished":"2025-06-05T09:14:34+00:00","dateModified":"2026-04-30T00:50:12+00:00","breadcrumb":{"@id":"https:\/\/www.educaborras.com\/fr\/produit\/19630-fr\/#breadcrumb"},"inLanguage":"fr-FR","potentialAction":[{"@type":"ReadAction","target":["https:\/\/www.educaborras.com\/fr\/produit\/19630-fr\/"]}]},{"@type":"ImageObject","inLanguage":"fr-FR","@id":"https:\/\/www.educaborras.com\/fr\/produit\/19630-fr\/#primaryimage","url":"https:\/\/www.educaborras.com\/wp-content\/uploads\/19630_01_high-scaled-12.jpg","contentUrl":"https:\/\/www.educaborras.com\/wp-content\/uploads\/19630_01_high-scaled-12.jpg"},{"@type":"BreadcrumbList","@id":"https:\/\/www.educaborras.com\/fr\/produit\/19630-fr\/#breadcrumb","itemListElement":[{"@type":"ListItem","position":1,"name":"Portada","item":"https:\/\/www.educaborras.com\/fr\/"},{"@type":"ListItem","position":2,"name":"Produits","item":"https:\/\/www.educaborras.com\/fr\/shop\/"},{"@type":"ListItem","position":3,"name":"300 Sonic Prime Neon"}]},{"@type":"WebSite","@id":"https:\/\/www.educaborras.com\/fr\/#website","url":"https:\/\/www.educaborras.com\/fr\/","name":"Educa Borras","description":"","publisher":{"@id":"https:\/\/www.educaborras.com\/fr\/#organization"},"potentialAction":[{"@type":"SearchAction","target":{"@type":"EntryPoint","urlTemplate":"https:\/\/www.educaborras.com\/fr\/?s={search_term_string}"},"query-input":{"@type":"PropertyValueSpecification","valueRequired":true,"valueName":"search_term_string"}}],"inLanguage":"fr-FR"},{"@type":"Organization","@id":"https:\/\/www.educaborras.com\/fr\/#organization","name":"Educa Borras","url":"https:\/\/www.educaborras.com\/fr\/","logo":{"@type":"ImageObject","inLanguage":"fr-FR","@id":"https:\/\/www.educaborras.com\/fr\/#\/schema\/logo\/image\/","url":"https:\/\/www.educaborras.com\/wp-content\/uploads\/cropped-LOGOS-EDUCA-BORRAS_retina.png","contentUrl":"https:\/\/www.educaborras.com\/wp-content\/uploads\/cropped-LOGOS-EDUCA-BORRAS_retina.png","caption":"Educa Borras"},"image":{"@id":"https:\/\/www.educaborras.com\/fr\/#\/schema\/logo\/image\/"}}]}},"_links":{"self":[{"href":"https:\/\/www.educaborras.com\/fr\/wp-json\/wp\/v2\/product\/250049","targetHints":{"allow":["GET"]}}],"collection":[{"href":"https:\/\/www.educaborras.com\/fr\/wp-json\/wp\/v2\/product"}],"about":[{"href":"https:\/\/www.educaborras.com\/fr\/wp-json\/wp\/v2\/types\/product"}],"wp:featuredmedia":[{"embeddable":true,"href":"https:\/\/www.educaborras.com\/fr\/wp-json\/wp\/v2\/media\/165590"}],"wp:attachment":[{"href":"https:\/\/www.educaborras.com\/fr\/wp-json\/wp\/v2\/media?parent=250049"}],"wp:term":[{"taxonomy":"product_brand","embeddable":true,"href":"https:\/\/www.educaborras.com\/fr\/wp-json\/wp\/v2\/product_brand?post=250049"},{"taxonomy":"product_cat","embeddable":true,"href":"https:\/\/www.educaborras.com\/fr\/wp-json\/wp\/v2\/product_cat?post=250049"},{"taxonomy":"product_tag","embeddable":true,"href":"https:\/\/www.educaborras.com\/fr\/wp-json\/wp\/v2\/product_tag?post=250049"}],"curies":[{"name":"wp","href":"https:\/\/api.w.org\/{rel}","templated":true}]}}