{"id":249989,"date":"2025-06-05T11:15:00","date_gmt":"2025-06-05T09:15:00","guid":{"rendered":"https:\/\/www.educaborras.com\/product\/18899\/"},"modified":"2026-04-19T02:35:04","modified_gmt":"2026-04-19T00:35:04","slug":"18899-fr","status":"publish","type":"product","link":"https:\/\/www.educaborras.com\/fr\/produit\/18899-fr\/","title":{"rendered":"M\u00e8res et B\u00e9b\u00e9s My First Puzzles"},"content":{"rendered":"<p>Puzzles progressifs de 5 \u00e0 8 pi\u00e8ces. Chaque puzzle contient des figures de 1, 2 ou 3 pi\u00e8ces que vous pouvez s\u00e9parer. Sc\u00e8nes color\u00e9es et attrayantes, id\u00e9ales pour les enfants \u00e0 partir de 24 mois. Pi\u00e8ces grandes, faciles \u00e0 manipuler et embo\u00eeter. Th\u00e8me : M\u00e8res et Beb\u00e9s de la Ferme. Dimensions des puzzles assembl\u00e9s : 23,5 x 16,2 cm.<\/p>\n","protected":false},"excerpt":{"rendered":"<p>Puzzles progressifs de 5 \u00e0 8 pi\u00e8ces. Chaque puzzle contient des figures de 1, 2 ou 3 pi\u00e8ces que vous pouvez s\u00e9parer. Sc\u00e8nes color\u00e9es et attrayantes, id\u00e9ales pour les enfants \u00e0 partir de 24 mois. Pi\u00e8ces grandes, faciles \u00e0 manipuler et embo\u00eeter.<\/p>\n","protected":false},"featured_media":165765,"template":"","meta":{"_acf_changed":false},"product_brand":[],"product_cat":[73416],"product_tag":[74344,101040,92922,74204,74205,74206,90779,74208,74210,74211,101041,101042,101043,101044,101045,101046,74347,74495,74496,74497,77868,75657,74054,92926,92927,92928,90780,90781,90838,101047,90784,90785,76547,90786,90787,74216,76472,92929,90791,74348,83641],"class_list":{"0":"post-249989","1":"product","2":"type-product","3":"status-publish","4":"has-post-thumbnail","6":"product_cat-puzzles-baby-fr","7":"product_tag-piezas-fr","8":"product_tag-18899-fr","9":"product_tag-baby-puzzles-fr","10":"product_tag-educa-fr","11":"product_tag-educa-borras-fr","12":"product_tag-educa-borras-puzzle-fr","13":"product_tag-educa-junior-fr","14":"product_tag-educa-puzzle-fr","15":"product_tag-educa-puzzle-passion-fr","16":"product_tag-educa-puzzles-fr","17":"product_tag-farm-mothers-and-babies-my-first-puzzles-fr","18":"product_tag-maes-e-bebes-my-first-puzzles-fr","19":"product_tag-mamas-y-bebes-de-la-granja-my-first-puzzles-fr","20":"product_tag-mares-i-bebes-de-la-granja-my-first-puzzles-fr","21":"product_tag-meres-et-bebes-my-first-puzzles-fr","22":"product_tag-mutter-und-babys-my-first-puzzles-fr","23":"product_tag-peca-fr","24":"product_tag-peces-fr","25":"product_tag-piece-fr","26":"product_tag-pieces-fr","27":"product_tag-pieza-fr","28":"product_tag-puzle-fr","29":"product_tag-puzzle-fr","30":"product_tag-puzzle-2-anos-fr","31":"product_tag-puzzle-24-meses-fr","32":"product_tag-puzzle-bebe-fr","33":"product_tag-puzzle-educa-ninos-fr","34":"product_tag-puzzle-infantil-fr","35":"product_tag-puzzle-infantil-animales-fr","36":"product_tag-puzzle-infantil-animales-granja-fr","37":"product_tag-puzzle-infantil-nina-fr","38":"product_tag-puzzle-infantil-nino-fr","39":"product_tag-puzzle-junior-fr","40":"product_tag-puzzle-ninos-fr","41":"product_tag-puzzle-para-ninos-fr","42":"product_tag-puzzle-passion-fr","43":"product_tag-puzzle-progresivo-fr","44":"product_tag-puzzle-progresivo-bebe-fr","45":"product_tag-puzzles-infantiles-fr","46":"product_tag-rompecabezas-fr","47":"product_tag-rompecabezas-educa-fr","49":"first","50":"instock","51":"shipping-taxable","52":"product-type-simple"},"acf":[],"yoast_head":"<!-- This site is optimized with the Yoast SEO plugin v27.1.1 - https:\/\/yoast.com\/product\/yoast-seo-wordpress\/ -->\n<title>M\u00e8res et B\u00e9b\u00e9s My First Puzzles - Educa Borras<\/title>\n<meta name=\"robots\" content=\"index, follow, max-snippet:-1, max-image-preview:large, max-video-preview:-1\" \/>\n<link rel=\"canonical\" href=\"https:\/\/www.educaborras.com\/fr\/produit\/18899-fr\/\" \/>\n<script type=\"application\/ld+json\" class=\"yoast-schema-graph\">{\"@context\":\"https:\/\/schema.org\",\"@graph\":[{\"@type\":\"WebPage\",\"@id\":\"https:\/\/www.educaborras.com\/fr\/produit\/18899-fr\/\",\"url\":\"https:\/\/www.educaborras.com\/fr\/produit\/18899-fr\/\",\"name\":\"M\u00e8res et B\u00e9b\u00e9s My First Puzzles - Educa Borras\",\"isPartOf\":{\"@id\":\"https:\/\/www.educaborras.com\/fr\/#website\"},\"primaryImageOfPage\":{\"@id\":\"https:\/\/www.educaborras.com\/fr\/produit\/18899-fr\/#primaryimage\"},\"image\":{\"@id\":\"https:\/\/www.educaborras.com\/fr\/produit\/18899-fr\/#primaryimage\"},\"thumbnailUrl\":\"https:\/\/www.educaborras.com\/wp-content\/uploads\/18899_01_high-13.jpg\",\"datePublished\":\"2025-06-05T09:15:00+00:00\",\"dateModified\":\"2026-04-19T00:35:04+00:00\",\"breadcrumb\":{\"@id\":\"https:\/\/www.educaborras.com\/fr\/produit\/18899-fr\/#breadcrumb\"},\"inLanguage\":\"fr-FR\",\"potentialAction\":[{\"@type\":\"ReadAction\",\"target\":[\"https:\/\/www.educaborras.com\/fr\/produit\/18899-fr\/\"]}]},{\"@type\":\"ImageObject\",\"inLanguage\":\"fr-FR\",\"@id\":\"https:\/\/www.educaborras.com\/fr\/produit\/18899-fr\/#primaryimage\",\"url\":\"https:\/\/www.educaborras.com\/wp-content\/uploads\/18899_01_high-13.jpg\",\"contentUrl\":\"https:\/\/www.educaborras.com\/wp-content\/uploads\/18899_01_high-13.jpg\"},{\"@type\":\"BreadcrumbList\",\"@id\":\"https:\/\/www.educaborras.com\/fr\/produit\/18899-fr\/#breadcrumb\",\"itemListElement\":[{\"@type\":\"ListItem\",\"position\":1,\"name\":\"Portada\",\"item\":\"https:\/\/www.educaborras.com\/fr\/\"},{\"@type\":\"ListItem\",\"position\":2,\"name\":\"Produits\",\"item\":\"https:\/\/www.educaborras.com\/fr\/shop\/\"},{\"@type\":\"ListItem\",\"position\":3,\"name\":\"M\u00e8res et B\u00e9b\u00e9s My First Puzzles\"}]},{\"@type\":\"WebSite\",\"@id\":\"https:\/\/www.educaborras.com\/fr\/#website\",\"url\":\"https:\/\/www.educaborras.com\/fr\/\",\"name\":\"Educa Borras\",\"description\":\"\",\"publisher\":{\"@id\":\"https:\/\/www.educaborras.com\/fr\/#organization\"},\"potentialAction\":[{\"@type\":\"SearchAction\",\"target\":{\"@type\":\"EntryPoint\",\"urlTemplate\":\"https:\/\/www.educaborras.com\/fr\/?s={search_term_string}\"},\"query-input\":{\"@type\":\"PropertyValueSpecification\",\"valueRequired\":true,\"valueName\":\"search_term_string\"}}],\"inLanguage\":\"fr-FR\"},{\"@type\":\"Organization\",\"@id\":\"https:\/\/www.educaborras.com\/fr\/#organization\",\"name\":\"Educa Borras\",\"url\":\"https:\/\/www.educaborras.com\/fr\/\",\"logo\":{\"@type\":\"ImageObject\",\"inLanguage\":\"fr-FR\",\"@id\":\"https:\/\/www.educaborras.com\/fr\/#\/schema\/logo\/image\/\",\"url\":\"https:\/\/www.educaborras.com\/wp-content\/uploads\/cropped-LOGOS-EDUCA-BORRAS_retina.png\",\"contentUrl\":\"https:\/\/www.educaborras.com\/wp-content\/uploads\/cropped-LOGOS-EDUCA-BORRAS_retina.png\",\"caption\":\"Educa Borras\"},\"image\":{\"@id\":\"https:\/\/www.educaborras.com\/fr\/#\/schema\/logo\/image\/\"}}]}<\/script>\n<!-- \/ Yoast SEO plugin. -->","yoast_head_json":{"title":"M\u00e8res et B\u00e9b\u00e9s My First Puzzles - Educa Borras","robots":{"index":"index","follow":"follow","max-snippet":"max-snippet:-1","max-image-preview":"max-image-preview:large","max-video-preview":"max-video-preview:-1"},"canonical":"https:\/\/www.educaborras.com\/fr\/produit\/18899-fr\/","schema":{"@context":"https:\/\/schema.org","@graph":[{"@type":"WebPage","@id":"https:\/\/www.educaborras.com\/fr\/produit\/18899-fr\/","url":"https:\/\/www.educaborras.com\/fr\/produit\/18899-fr\/","name":"M\u00e8res et B\u00e9b\u00e9s My First Puzzles - Educa Borras","isPartOf":{"@id":"https:\/\/www.educaborras.com\/fr\/#website"},"primaryImageOfPage":{"@id":"https:\/\/www.educaborras.com\/fr\/produit\/18899-fr\/#primaryimage"},"image":{"@id":"https:\/\/www.educaborras.com\/fr\/produit\/18899-fr\/#primaryimage"},"thumbnailUrl":"https:\/\/www.educaborras.com\/wp-content\/uploads\/18899_01_high-13.jpg","datePublished":"2025-06-05T09:15:00+00:00","dateModified":"2026-04-19T00:35:04+00:00","breadcrumb":{"@id":"https:\/\/www.educaborras.com\/fr\/produit\/18899-fr\/#breadcrumb"},"inLanguage":"fr-FR","potentialAction":[{"@type":"ReadAction","target":["https:\/\/www.educaborras.com\/fr\/produit\/18899-fr\/"]}]},{"@type":"ImageObject","inLanguage":"fr-FR","@id":"https:\/\/www.educaborras.com\/fr\/produit\/18899-fr\/#primaryimage","url":"https:\/\/www.educaborras.com\/wp-content\/uploads\/18899_01_high-13.jpg","contentUrl":"https:\/\/www.educaborras.com\/wp-content\/uploads\/18899_01_high-13.jpg"},{"@type":"BreadcrumbList","@id":"https:\/\/www.educaborras.com\/fr\/produit\/18899-fr\/#breadcrumb","itemListElement":[{"@type":"ListItem","position":1,"name":"Portada","item":"https:\/\/www.educaborras.com\/fr\/"},{"@type":"ListItem","position":2,"name":"Produits","item":"https:\/\/www.educaborras.com\/fr\/shop\/"},{"@type":"ListItem","position":3,"name":"M\u00e8res et B\u00e9b\u00e9s My First Puzzles"}]},{"@type":"WebSite","@id":"https:\/\/www.educaborras.com\/fr\/#website","url":"https:\/\/www.educaborras.com\/fr\/","name":"Educa Borras","description":"","publisher":{"@id":"https:\/\/www.educaborras.com\/fr\/#organization"},"potentialAction":[{"@type":"SearchAction","target":{"@type":"EntryPoint","urlTemplate":"https:\/\/www.educaborras.com\/fr\/?s={search_term_string}"},"query-input":{"@type":"PropertyValueSpecification","valueRequired":true,"valueName":"search_term_string"}}],"inLanguage":"fr-FR"},{"@type":"Organization","@id":"https:\/\/www.educaborras.com\/fr\/#organization","name":"Educa Borras","url":"https:\/\/www.educaborras.com\/fr\/","logo":{"@type":"ImageObject","inLanguage":"fr-FR","@id":"https:\/\/www.educaborras.com\/fr\/#\/schema\/logo\/image\/","url":"https:\/\/www.educaborras.com\/wp-content\/uploads\/cropped-LOGOS-EDUCA-BORRAS_retina.png","contentUrl":"https:\/\/www.educaborras.com\/wp-content\/uploads\/cropped-LOGOS-EDUCA-BORRAS_retina.png","caption":"Educa Borras"},"image":{"@id":"https:\/\/www.educaborras.com\/fr\/#\/schema\/logo\/image\/"}}]}},"_links":{"self":[{"href":"https:\/\/www.educaborras.com\/fr\/wp-json\/wp\/v2\/product\/249989","targetHints":{"allow":["GET"]}}],"collection":[{"href":"https:\/\/www.educaborras.com\/fr\/wp-json\/wp\/v2\/product"}],"about":[{"href":"https:\/\/www.educaborras.com\/fr\/wp-json\/wp\/v2\/types\/product"}],"wp:featuredmedia":[{"embeddable":true,"href":"https:\/\/www.educaborras.com\/fr\/wp-json\/wp\/v2\/media\/165765"}],"wp:attachment":[{"href":"https:\/\/www.educaborras.com\/fr\/wp-json\/wp\/v2\/media?parent=249989"}],"wp:term":[{"taxonomy":"product_brand","embeddable":true,"href":"https:\/\/www.educaborras.com\/fr\/wp-json\/wp\/v2\/product_brand?post=249989"},{"taxonomy":"product_cat","embeddable":true,"href":"https:\/\/www.educaborras.com\/fr\/wp-json\/wp\/v2\/product_cat?post=249989"},{"taxonomy":"product_tag","embeddable":true,"href":"https:\/\/www.educaborras.com\/fr\/wp-json\/wp\/v2\/product_tag?post=249989"}],"curies":[{"name":"wp","href":"https:\/\/api.w.org\/{rel}","templated":true}]}}