{"id":249973,"date":"2025-06-05T11:15:08","date_gmt":"2025-06-05T09:15:08","guid":{"rendered":"https:\/\/www.educaborras.com\/product\/19952\/"},"modified":"2026-04-29T03:10:17","modified_gmt":"2026-04-29T01:10:17","slug":"19952-fr","status":"publish","type":"product","link":"https:\/\/www.educaborras.com\/fr\/produit\/19952-fr\/","title":{"rendered":"Baby Puzzles Faune Sauvage"},"content":{"rendered":"<p>Des puzzles compos\u00e9s de grandes pi\u00e8ces, \u00e9paisses et faciles \u00e0 manipuler, ils d\u00e9veloppent l\u2019attention, la psychomotricit\u00e9, la curiosit\u00e9 et l\u2019imagination des plus petits.<\/p>\n","protected":false},"excerpt":{"rendered":"<p>Des puzzles avec de grandes pi\u00e8ces faciles \u00e0 manipuler, destin\u00e9s aux plus petits.<\/p>\n","protected":false},"featured_media":165825,"template":"","meta":{"_acf_changed":false},"product_brand":[],"product_cat":[73416],"product_tag":[74344,96094,96095,74555,96096,96097,96098,96099,96100,74204,74205,74206,74208,74210,74211,96101,74560,82310,96102,96103,77066,75942,96104,96105,96106,74495,96107,74497,77868,82494,74216,83640,83641,96108,75134,75135,82318],"class_list":{"0":"post-249973","1":"product","2":"type-product","3":"status-publish","4":"has-post-thumbnail","6":"product_cat-puzzles-baby-fr","7":"product_tag-piezas-fr","8":"product_tag-19952-fr","9":"product_tag-affe-fr","10":"product_tag-baby-fr","11":"product_tag-baby-puzzles-fauna-salvaje-fr","12":"product_tag-baby-puzzles-fauna-selvagem-tigre-fr","13":"product_tag-baby-puzzles-wild-fauna-tiger-fr","14":"product_tag-baby-puzzles-wildtiere-fr","15":"product_tag-coala-fr","16":"product_tag-educa-fr","17":"product_tag-educa-borras-fr","18":"product_tag-educa-borras-puzzle-fr","19":"product_tag-educa-puzzle-fr","20":"product_tag-educa-puzzle-passion-fr","21":"product_tag-educa-puzzles-fr","22":"product_tag-enfant-fr","23":"product_tag-infantil-fr","24":"product_tag-jigsaw-fr","25":"product_tag-koala-fr","26":"product_tag-macaco-fr","27":"product_tag-monkey-fr","28":"product_tag-panda-fr","29":"product_tag-papagaio-fr","30":"product_tag-papagei-fr","31":"product_tag-parrot-fr","32":"product_tag-peces-fr","33":"product_tag-perroquet-fr","34":"product_tag-pieces-fr","35":"product_tag-pieza-fr","36":"product_tag-puzzle-educa-fr","37":"product_tag-puzzle-passion-fr","38":"product_tag-puzzles-educa-fr","39":"product_tag-rompecabezas-educa-fr","40":"product_tag-singe-fr","41":"product_tag-tiger-fr","42":"product_tag-tigre-fr","43":"product_tag-trencaclosques-fr","45":"first","46":"instock","47":"shipping-taxable","48":"product-type-simple"},"acf":[],"yoast_head":"<!-- This site is optimized with the Yoast SEO plugin v27.1.1 - https:\/\/yoast.com\/product\/yoast-seo-wordpress\/ -->\n<title>Baby Puzzles Faune Sauvage - Educa Borras<\/title>\n<meta name=\"description\" content=\"5 puzzles de 3 a 5 piezas para construir aut\u00e9nticas figuras y jugar con ellas. Piezas m\u00e1s grandes, m\u00e1s gruesas y m\u00e1s f\u00e1ciles de manipular.\" \/>\n<meta name=\"robots\" content=\"index, follow, max-snippet:-1, max-image-preview:large, max-video-preview:-1\" \/>\n<link rel=\"canonical\" href=\"https:\/\/www.educaborras.com\/fr\/produit\/19952-fr\/\" \/>\n<script type=\"application\/ld+json\" class=\"yoast-schema-graph\">{\"@context\":\"https:\/\/schema.org\",\"@graph\":[{\"@type\":\"WebPage\",\"@id\":\"https:\/\/www.educaborras.com\/fr\/produit\/19952-fr\/\",\"url\":\"https:\/\/www.educaborras.com\/fr\/produit\/19952-fr\/\",\"name\":\"Baby Puzzles Faune Sauvage - Educa Borras\",\"isPartOf\":{\"@id\":\"https:\/\/www.educaborras.com\/fr\/#website\"},\"primaryImageOfPage\":{\"@id\":\"https:\/\/www.educaborras.com\/fr\/produit\/19952-fr\/#primaryimage\"},\"image\":{\"@id\":\"https:\/\/www.educaborras.com\/fr\/produit\/19952-fr\/#primaryimage\"},\"thumbnailUrl\":\"https:\/\/www.educaborras.com\/wp-content\/uploads\/19952_01_high-11.jpg\",\"datePublished\":\"2025-06-05T09:15:08+00:00\",\"dateModified\":\"2026-04-29T01:10:17+00:00\",\"description\":\"5 puzzles de 3 a 5 piezas para construir aut\u00e9nticas figuras y jugar con ellas. Piezas m\u00e1s grandes, m\u00e1s gruesas y m\u00e1s f\u00e1ciles de manipular.\",\"breadcrumb\":{\"@id\":\"https:\/\/www.educaborras.com\/fr\/produit\/19952-fr\/#breadcrumb\"},\"inLanguage\":\"fr-FR\",\"potentialAction\":[{\"@type\":\"ReadAction\",\"target\":[\"https:\/\/www.educaborras.com\/fr\/produit\/19952-fr\/\"]}]},{\"@type\":\"ImageObject\",\"inLanguage\":\"fr-FR\",\"@id\":\"https:\/\/www.educaborras.com\/fr\/produit\/19952-fr\/#primaryimage\",\"url\":\"https:\/\/www.educaborras.com\/wp-content\/uploads\/19952_01_high-11.jpg\",\"contentUrl\":\"https:\/\/www.educaborras.com\/wp-content\/uploads\/19952_01_high-11.jpg\"},{\"@type\":\"BreadcrumbList\",\"@id\":\"https:\/\/www.educaborras.com\/fr\/produit\/19952-fr\/#breadcrumb\",\"itemListElement\":[{\"@type\":\"ListItem\",\"position\":1,\"name\":\"Portada\",\"item\":\"https:\/\/www.educaborras.com\/fr\/\"},{\"@type\":\"ListItem\",\"position\":2,\"name\":\"Produits\",\"item\":\"https:\/\/www.educaborras.com\/fr\/shop\/\"},{\"@type\":\"ListItem\",\"position\":3,\"name\":\"Baby Puzzles Faune Sauvage\"}]},{\"@type\":\"WebSite\",\"@id\":\"https:\/\/www.educaborras.com\/fr\/#website\",\"url\":\"https:\/\/www.educaborras.com\/fr\/\",\"name\":\"Educa Borras\",\"description\":\"\",\"publisher\":{\"@id\":\"https:\/\/www.educaborras.com\/fr\/#organization\"},\"potentialAction\":[{\"@type\":\"SearchAction\",\"target\":{\"@type\":\"EntryPoint\",\"urlTemplate\":\"https:\/\/www.educaborras.com\/fr\/?s={search_term_string}\"},\"query-input\":{\"@type\":\"PropertyValueSpecification\",\"valueRequired\":true,\"valueName\":\"search_term_string\"}}],\"inLanguage\":\"fr-FR\"},{\"@type\":\"Organization\",\"@id\":\"https:\/\/www.educaborras.com\/fr\/#organization\",\"name\":\"Educa Borras\",\"url\":\"https:\/\/www.educaborras.com\/fr\/\",\"logo\":{\"@type\":\"ImageObject\",\"inLanguage\":\"fr-FR\",\"@id\":\"https:\/\/www.educaborras.com\/fr\/#\/schema\/logo\/image\/\",\"url\":\"https:\/\/www.educaborras.com\/wp-content\/uploads\/cropped-LOGOS-EDUCA-BORRAS_retina.png\",\"contentUrl\":\"https:\/\/www.educaborras.com\/wp-content\/uploads\/cropped-LOGOS-EDUCA-BORRAS_retina.png\",\"caption\":\"Educa Borras\"},\"image\":{\"@id\":\"https:\/\/www.educaborras.com\/fr\/#\/schema\/logo\/image\/\"}}]}<\/script>\n<!-- \/ Yoast SEO plugin. -->","yoast_head_json":{"title":"Baby Puzzles Faune Sauvage - Educa Borras","description":"5 puzzles de 3 a 5 piezas para construir aut\u00e9nticas figuras y jugar con ellas. Piezas m\u00e1s grandes, m\u00e1s gruesas y m\u00e1s f\u00e1ciles de manipular.","robots":{"index":"index","follow":"follow","max-snippet":"max-snippet:-1","max-image-preview":"max-image-preview:large","max-video-preview":"max-video-preview:-1"},"canonical":"https:\/\/www.educaborras.com\/fr\/produit\/19952-fr\/","schema":{"@context":"https:\/\/schema.org","@graph":[{"@type":"WebPage","@id":"https:\/\/www.educaborras.com\/fr\/produit\/19952-fr\/","url":"https:\/\/www.educaborras.com\/fr\/produit\/19952-fr\/","name":"Baby Puzzles Faune Sauvage - Educa Borras","isPartOf":{"@id":"https:\/\/www.educaborras.com\/fr\/#website"},"primaryImageOfPage":{"@id":"https:\/\/www.educaborras.com\/fr\/produit\/19952-fr\/#primaryimage"},"image":{"@id":"https:\/\/www.educaborras.com\/fr\/produit\/19952-fr\/#primaryimage"},"thumbnailUrl":"https:\/\/www.educaborras.com\/wp-content\/uploads\/19952_01_high-11.jpg","datePublished":"2025-06-05T09:15:08+00:00","dateModified":"2026-04-29T01:10:17+00:00","description":"5 puzzles de 3 a 5 piezas para construir aut\u00e9nticas figuras y jugar con ellas. Piezas m\u00e1s grandes, m\u00e1s gruesas y m\u00e1s f\u00e1ciles de manipular.","breadcrumb":{"@id":"https:\/\/www.educaborras.com\/fr\/produit\/19952-fr\/#breadcrumb"},"inLanguage":"fr-FR","potentialAction":[{"@type":"ReadAction","target":["https:\/\/www.educaborras.com\/fr\/produit\/19952-fr\/"]}]},{"@type":"ImageObject","inLanguage":"fr-FR","@id":"https:\/\/www.educaborras.com\/fr\/produit\/19952-fr\/#primaryimage","url":"https:\/\/www.educaborras.com\/wp-content\/uploads\/19952_01_high-11.jpg","contentUrl":"https:\/\/www.educaborras.com\/wp-content\/uploads\/19952_01_high-11.jpg"},{"@type":"BreadcrumbList","@id":"https:\/\/www.educaborras.com\/fr\/produit\/19952-fr\/#breadcrumb","itemListElement":[{"@type":"ListItem","position":1,"name":"Portada","item":"https:\/\/www.educaborras.com\/fr\/"},{"@type":"ListItem","position":2,"name":"Produits","item":"https:\/\/www.educaborras.com\/fr\/shop\/"},{"@type":"ListItem","position":3,"name":"Baby Puzzles Faune Sauvage"}]},{"@type":"WebSite","@id":"https:\/\/www.educaborras.com\/fr\/#website","url":"https:\/\/www.educaborras.com\/fr\/","name":"Educa Borras","description":"","publisher":{"@id":"https:\/\/www.educaborras.com\/fr\/#organization"},"potentialAction":[{"@type":"SearchAction","target":{"@type":"EntryPoint","urlTemplate":"https:\/\/www.educaborras.com\/fr\/?s={search_term_string}"},"query-input":{"@type":"PropertyValueSpecification","valueRequired":true,"valueName":"search_term_string"}}],"inLanguage":"fr-FR"},{"@type":"Organization","@id":"https:\/\/www.educaborras.com\/fr\/#organization","name":"Educa Borras","url":"https:\/\/www.educaborras.com\/fr\/","logo":{"@type":"ImageObject","inLanguage":"fr-FR","@id":"https:\/\/www.educaborras.com\/fr\/#\/schema\/logo\/image\/","url":"https:\/\/www.educaborras.com\/wp-content\/uploads\/cropped-LOGOS-EDUCA-BORRAS_retina.png","contentUrl":"https:\/\/www.educaborras.com\/wp-content\/uploads\/cropped-LOGOS-EDUCA-BORRAS_retina.png","caption":"Educa Borras"},"image":{"@id":"https:\/\/www.educaborras.com\/fr\/#\/schema\/logo\/image\/"}}]}},"_links":{"self":[{"href":"https:\/\/www.educaborras.com\/fr\/wp-json\/wp\/v2\/product\/249973","targetHints":{"allow":["GET"]}}],"collection":[{"href":"https:\/\/www.educaborras.com\/fr\/wp-json\/wp\/v2\/product"}],"about":[{"href":"https:\/\/www.educaborras.com\/fr\/wp-json\/wp\/v2\/types\/product"}],"wp:featuredmedia":[{"embeddable":true,"href":"https:\/\/www.educaborras.com\/fr\/wp-json\/wp\/v2\/media\/165825"}],"wp:attachment":[{"href":"https:\/\/www.educaborras.com\/fr\/wp-json\/wp\/v2\/media?parent=249973"}],"wp:term":[{"taxonomy":"product_brand","embeddable":true,"href":"https:\/\/www.educaborras.com\/fr\/wp-json\/wp\/v2\/product_brand?post=249973"},{"taxonomy":"product_cat","embeddable":true,"href":"https:\/\/www.educaborras.com\/fr\/wp-json\/wp\/v2\/product_cat?post=249973"},{"taxonomy":"product_tag","embeddable":true,"href":"https:\/\/www.educaborras.com\/fr\/wp-json\/wp\/v2\/product_tag?post=249973"}],"curies":[{"name":"wp","href":"https:\/\/api.w.org\/{rel}","templated":true}]}}