{"id":249857,"date":"2025-06-05T11:15:55","date_gmt":"2025-06-05T09:15:55","guid":{"rendered":"https:\/\/www.educaborras.com\/product\/19998\/"},"modified":"2026-04-28T03:36:57","modified_gmt":"2026-04-28T01:36:57","slug":"19998-fr","status":"publish","type":"product","link":"https:\/\/www.educaborras.com\/fr\/produit\/19998-fr\/","title":{"rendered":"2&#215;100 Stitch"},"content":{"rendered":"<p>Ces 2 puzzles sont compos\u00e9s de 100 pi\u00e8ces parfaitement finies pour un assemblage simple et s\u00fbr. Dimensions des puzzles assembl\u00e9s : 40 x 28 cm. Educa\u00ae vous propose une vaste collection de puzzles pour enfants de grande qualit\u00e9, de 2 \u00e0 300 pi\u00e8ces, repr\u00e9sentant les images et les personnages les plus amusants pour tous les \u00e2ges. \u00a9Disney<\/p>\n","protected":false},"excerpt":{"rendered":"<p>Educa\u00ae vous propose une vaste collection de puzzles de 2 \u00e0 400 pi\u00e8ces repr\u00e9sentant les images et les personnages les plus amusants, pour les enfants de tous les \u00e2ges. \u00a9Disney<\/p>\n","protected":false},"featured_media":166135,"template":"","meta":{"_acf_changed":false},"product_brand":[],"product_cat":[73528,73496],"product_tag":[74344,80226,90522,81941,90523,74423,74204,74205,74206,74208,74210,74211,82310,90524,90525,74495,74497,77868,82494,74216,83640,83641,89880,82318],"class_list":{"0":"post-249857","1":"product","2":"type-product","3":"status-publish","4":"has-post-thumbnail","6":"product_cat-puzzles-enfants","7":"product_cat-puzzles-de-100-a-199-peces-fr","8":"product_tag-piezas-fr","9":"product_tag-100-fr","10":"product_tag-19998-fr","11":"product_tag-2x100-fr","12":"product_tag-angel-fr","13":"product_tag-disney-fr","14":"product_tag-educa-fr","15":"product_tag-educa-borras-fr","16":"product_tag-educa-borras-puzzle-fr","17":"product_tag-educa-puzzle-fr","18":"product_tag-educa-puzzle-passion-fr","19":"product_tag-educa-puzzles-fr","20":"product_tag-jigsaw-fr","21":"product_tag-lilo-fr","22":"product_tag-lylo-fr","23":"product_tag-peces-fr","24":"product_tag-pieces-fr","25":"product_tag-pieza-fr","26":"product_tag-puzzle-educa-fr","27":"product_tag-puzzle-passion-fr","28":"product_tag-puzzles-educa-fr","29":"product_tag-rompecabezas-educa-fr","30":"product_tag-stitch-fr","31":"product_tag-trencaclosques-fr","33":"first","34":"instock","35":"shipping-taxable","36":"product-type-simple"},"acf":[],"yoast_head":"<!-- This site is optimized with the Yoast SEO plugin v27.1.1 - https:\/\/yoast.com\/product\/yoast-seo-wordpress\/ -->\n<title>2x100 Stitch - Educa Borras<\/title>\n<meta name=\"description\" content=\"Este puzzle est\u00e1 compuesto por grandes piezas, perfectamente acabadas para que sea sencilla y segura su manipulaci\u00f3n por los ni\u00f1os.\" \/>\n<meta name=\"robots\" content=\"index, follow, max-snippet:-1, max-image-preview:large, max-video-preview:-1\" \/>\n<link rel=\"canonical\" href=\"https:\/\/www.educaborras.com\/fr\/produit\/19998-fr\/\" \/>\n<script type=\"application\/ld+json\" class=\"yoast-schema-graph\">{\"@context\":\"https:\/\/schema.org\",\"@graph\":[{\"@type\":\"WebPage\",\"@id\":\"https:\/\/www.educaborras.com\/fr\/produit\/19998-fr\/\",\"url\":\"https:\/\/www.educaborras.com\/fr\/produit\/19998-fr\/\",\"name\":\"2x100 Stitch - Educa Borras\",\"isPartOf\":{\"@id\":\"https:\/\/www.educaborras.com\/fr\/#website\"},\"primaryImageOfPage\":{\"@id\":\"https:\/\/www.educaborras.com\/fr\/produit\/19998-fr\/#primaryimage\"},\"image\":{\"@id\":\"https:\/\/www.educaborras.com\/fr\/produit\/19998-fr\/#primaryimage\"},\"thumbnailUrl\":\"https:\/\/www.educaborras.com\/wp-content\/uploads\/19998_01_high-12.jpg\",\"datePublished\":\"2025-06-05T09:15:55+00:00\",\"dateModified\":\"2026-04-28T01:36:57+00:00\",\"description\":\"Este puzzle est\u00e1 compuesto por grandes piezas, perfectamente acabadas para que sea sencilla y segura su manipulaci\u00f3n por los ni\u00f1os.\",\"breadcrumb\":{\"@id\":\"https:\/\/www.educaborras.com\/fr\/produit\/19998-fr\/#breadcrumb\"},\"inLanguage\":\"fr-FR\",\"potentialAction\":[{\"@type\":\"ReadAction\",\"target\":[\"https:\/\/www.educaborras.com\/fr\/produit\/19998-fr\/\"]}]},{\"@type\":\"ImageObject\",\"inLanguage\":\"fr-FR\",\"@id\":\"https:\/\/www.educaborras.com\/fr\/produit\/19998-fr\/#primaryimage\",\"url\":\"https:\/\/www.educaborras.com\/wp-content\/uploads\/19998_01_high-12.jpg\",\"contentUrl\":\"https:\/\/www.educaborras.com\/wp-content\/uploads\/19998_01_high-12.jpg\"},{\"@type\":\"BreadcrumbList\",\"@id\":\"https:\/\/www.educaborras.com\/fr\/produit\/19998-fr\/#breadcrumb\",\"itemListElement\":[{\"@type\":\"ListItem\",\"position\":1,\"name\":\"Portada\",\"item\":\"https:\/\/www.educaborras.com\/fr\/\"},{\"@type\":\"ListItem\",\"position\":2,\"name\":\"Produits\",\"item\":\"https:\/\/www.educaborras.com\/fr\/shop\/\"},{\"@type\":\"ListItem\",\"position\":3,\"name\":\"2&#215;100 Stitch\"}]},{\"@type\":\"WebSite\",\"@id\":\"https:\/\/www.educaborras.com\/fr\/#website\",\"url\":\"https:\/\/www.educaborras.com\/fr\/\",\"name\":\"Educa Borras\",\"description\":\"\",\"publisher\":{\"@id\":\"https:\/\/www.educaborras.com\/fr\/#organization\"},\"potentialAction\":[{\"@type\":\"SearchAction\",\"target\":{\"@type\":\"EntryPoint\",\"urlTemplate\":\"https:\/\/www.educaborras.com\/fr\/?s={search_term_string}\"},\"query-input\":{\"@type\":\"PropertyValueSpecification\",\"valueRequired\":true,\"valueName\":\"search_term_string\"}}],\"inLanguage\":\"fr-FR\"},{\"@type\":\"Organization\",\"@id\":\"https:\/\/www.educaborras.com\/fr\/#organization\",\"name\":\"Educa Borras\",\"url\":\"https:\/\/www.educaborras.com\/fr\/\",\"logo\":{\"@type\":\"ImageObject\",\"inLanguage\":\"fr-FR\",\"@id\":\"https:\/\/www.educaborras.com\/fr\/#\/schema\/logo\/image\/\",\"url\":\"https:\/\/www.educaborras.com\/wp-content\/uploads\/cropped-LOGOS-EDUCA-BORRAS_retina.png\",\"contentUrl\":\"https:\/\/www.educaborras.com\/wp-content\/uploads\/cropped-LOGOS-EDUCA-BORRAS_retina.png\",\"caption\":\"Educa Borras\"},\"image\":{\"@id\":\"https:\/\/www.educaborras.com\/fr\/#\/schema\/logo\/image\/\"}}]}<\/script>\n<!-- \/ Yoast SEO plugin. -->","yoast_head_json":{"title":"2x100 Stitch - Educa Borras","description":"Este puzzle est\u00e1 compuesto por grandes piezas, perfectamente acabadas para que sea sencilla y segura su manipulaci\u00f3n por los ni\u00f1os.","robots":{"index":"index","follow":"follow","max-snippet":"max-snippet:-1","max-image-preview":"max-image-preview:large","max-video-preview":"max-video-preview:-1"},"canonical":"https:\/\/www.educaborras.com\/fr\/produit\/19998-fr\/","schema":{"@context":"https:\/\/schema.org","@graph":[{"@type":"WebPage","@id":"https:\/\/www.educaborras.com\/fr\/produit\/19998-fr\/","url":"https:\/\/www.educaborras.com\/fr\/produit\/19998-fr\/","name":"2x100 Stitch - Educa Borras","isPartOf":{"@id":"https:\/\/www.educaborras.com\/fr\/#website"},"primaryImageOfPage":{"@id":"https:\/\/www.educaborras.com\/fr\/produit\/19998-fr\/#primaryimage"},"image":{"@id":"https:\/\/www.educaborras.com\/fr\/produit\/19998-fr\/#primaryimage"},"thumbnailUrl":"https:\/\/www.educaborras.com\/wp-content\/uploads\/19998_01_high-12.jpg","datePublished":"2025-06-05T09:15:55+00:00","dateModified":"2026-04-28T01:36:57+00:00","description":"Este puzzle est\u00e1 compuesto por grandes piezas, perfectamente acabadas para que sea sencilla y segura su manipulaci\u00f3n por los ni\u00f1os.","breadcrumb":{"@id":"https:\/\/www.educaborras.com\/fr\/produit\/19998-fr\/#breadcrumb"},"inLanguage":"fr-FR","potentialAction":[{"@type":"ReadAction","target":["https:\/\/www.educaborras.com\/fr\/produit\/19998-fr\/"]}]},{"@type":"ImageObject","inLanguage":"fr-FR","@id":"https:\/\/www.educaborras.com\/fr\/produit\/19998-fr\/#primaryimage","url":"https:\/\/www.educaborras.com\/wp-content\/uploads\/19998_01_high-12.jpg","contentUrl":"https:\/\/www.educaborras.com\/wp-content\/uploads\/19998_01_high-12.jpg"},{"@type":"BreadcrumbList","@id":"https:\/\/www.educaborras.com\/fr\/produit\/19998-fr\/#breadcrumb","itemListElement":[{"@type":"ListItem","position":1,"name":"Portada","item":"https:\/\/www.educaborras.com\/fr\/"},{"@type":"ListItem","position":2,"name":"Produits","item":"https:\/\/www.educaborras.com\/fr\/shop\/"},{"@type":"ListItem","position":3,"name":"2&#215;100 Stitch"}]},{"@type":"WebSite","@id":"https:\/\/www.educaborras.com\/fr\/#website","url":"https:\/\/www.educaborras.com\/fr\/","name":"Educa Borras","description":"","publisher":{"@id":"https:\/\/www.educaborras.com\/fr\/#organization"},"potentialAction":[{"@type":"SearchAction","target":{"@type":"EntryPoint","urlTemplate":"https:\/\/www.educaborras.com\/fr\/?s={search_term_string}"},"query-input":{"@type":"PropertyValueSpecification","valueRequired":true,"valueName":"search_term_string"}}],"inLanguage":"fr-FR"},{"@type":"Organization","@id":"https:\/\/www.educaborras.com\/fr\/#organization","name":"Educa Borras","url":"https:\/\/www.educaborras.com\/fr\/","logo":{"@type":"ImageObject","inLanguage":"fr-FR","@id":"https:\/\/www.educaborras.com\/fr\/#\/schema\/logo\/image\/","url":"https:\/\/www.educaborras.com\/wp-content\/uploads\/cropped-LOGOS-EDUCA-BORRAS_retina.png","contentUrl":"https:\/\/www.educaborras.com\/wp-content\/uploads\/cropped-LOGOS-EDUCA-BORRAS_retina.png","caption":"Educa Borras"},"image":{"@id":"https:\/\/www.educaborras.com\/fr\/#\/schema\/logo\/image\/"}}]}},"_links":{"self":[{"href":"https:\/\/www.educaborras.com\/fr\/wp-json\/wp\/v2\/product\/249857","targetHints":{"allow":["GET"]}}],"collection":[{"href":"https:\/\/www.educaborras.com\/fr\/wp-json\/wp\/v2\/product"}],"about":[{"href":"https:\/\/www.educaborras.com\/fr\/wp-json\/wp\/v2\/types\/product"}],"wp:featuredmedia":[{"embeddable":true,"href":"https:\/\/www.educaborras.com\/fr\/wp-json\/wp\/v2\/media\/166135"}],"wp:attachment":[{"href":"https:\/\/www.educaborras.com\/fr\/wp-json\/wp\/v2\/media?parent=249857"}],"wp:term":[{"taxonomy":"product_brand","embeddable":true,"href":"https:\/\/www.educaborras.com\/fr\/wp-json\/wp\/v2\/product_brand?post=249857"},{"taxonomy":"product_cat","embeddable":true,"href":"https:\/\/www.educaborras.com\/fr\/wp-json\/wp\/v2\/product_cat?post=249857"},{"taxonomy":"product_tag","embeddable":true,"href":"https:\/\/www.educaborras.com\/fr\/wp-json\/wp\/v2\/product_tag?post=249857"}],"curies":[{"name":"wp","href":"https:\/\/api.w.org\/{rel}","templated":true}]}}