{"id":249817,"date":"2025-06-05T11:16:10","date_gmt":"2025-06-05T09:16:10","guid":{"rendered":"https:\/\/www.educaborras.com\/product\/18086\/"},"modified":"2026-04-29T03:16:11","modified_gmt":"2026-04-29T01:16:11","slug":"18086-fr","status":"publish","type":"product","link":"https:\/\/www.educaborras.com\/fr\/produit\/18086-fr\/","title":{"rendered":"2&#215;50 Reine Des Neiges 2"},"content":{"rendered":"<p>2 puzzles de 50 pi\u00e8ces haute qualit\u00e9 en bois, aux couleurs de la reine des Neiges 2, et ses c\u00e9l\u00e8bres Anna et Elsa, des studios Disney. &#8211; De grandes pi\u00e8ces en bois, parfaitement finies, faciles \u00e0 manipuler et \u00e0 assembler. &#8211; Des images plus attractives aux uleurs brillantes, r\u00e9hauss\u00e9es par une couche de vernis. &#8211; Produit fabriqu\u00e9 avec des m\u00e9thodes et mat\u00e9riaux respectueux de l&rsquo;environnement (bois labellis\u00e9 FSC, PEFC) &#8211; Dimensions des puzzles assembl\u00e9s : 26 x 18 cm. \u00a9Disney<\/p>\n","protected":false},"excerpt":{"rendered":"<p>2 puzzles de 50 pi\u00e8ces haute qualit\u00e9 en bois, aux couleurs de la reine des Neiges 2, et ses c\u00e9l\u00e8bres Anna et Elsa, des studios Disney. &#8211; Dimensions des puzzles assembl\u00e9s : 26 x 18 cm. \u00a9Disney<\/p>\n","protected":false},"featured_media":166230,"template":"","meta":{"_acf_changed":false},"product_brand":[],"product_cat":[73420],"product_tag":[74344,89642,89643,89644,84859,74423,76367,76979,76981,74347,74495,74496,74497,77868,75657,74054,74348,83279,83280,81885],"class_list":{"0":"post-249817","1":"product","2":"type-product","3":"status-publish","4":"has-post-thumbnail","6":"product_cat-puzzles-21-a-99-peces","7":"product_tag-piezas-fr","8":"product_tag-18086-fr","9":"product_tag-2x50-frozen-2-fr","10":"product_tag-2x50-reine-des-neiges-2-fr","11":"product_tag-50-fr","12":"product_tag-disney-fr","13":"product_tag-frozen-fr","14":"product_tag-fusta-fr","15":"product_tag-madera-fr","16":"product_tag-peca-fr","17":"product_tag-peces-fr","18":"product_tag-piece-fr","19":"product_tag-pieces-fr","20":"product_tag-pieza-fr","21":"product_tag-puzle-fr","22":"product_tag-puzzle-fr","23":"product_tag-rompecabezas-fr","24":"product_tag-super-puzle-fr","25":"product_tag-super-puzzle-fr","26":"product_tag-wood-fr","28":"first","29":"instock","30":"shipping-taxable","31":"product-type-simple"},"acf":[],"yoast_head":"<!-- This site is optimized with the Yoast SEO plugin v27.1.1 - https:\/\/yoast.com\/product\/yoast-seo-wordpress\/ -->\n<title>2x50 Reine Des Neiges 2 - Educa Borras<\/title>\n<meta name=\"robots\" content=\"index, follow, max-snippet:-1, max-image-preview:large, max-video-preview:-1\" \/>\n<link rel=\"canonical\" href=\"https:\/\/www.educaborras.com\/fr\/produit\/18086-fr\/\" \/>\n<script type=\"application\/ld+json\" class=\"yoast-schema-graph\">{\"@context\":\"https:\/\/schema.org\",\"@graph\":[{\"@type\":\"WebPage\",\"@id\":\"https:\/\/www.educaborras.com\/fr\/produit\/18086-fr\/\",\"url\":\"https:\/\/www.educaborras.com\/fr\/produit\/18086-fr\/\",\"name\":\"2x50 Reine Des Neiges 2 - Educa Borras\",\"isPartOf\":{\"@id\":\"https:\/\/www.educaborras.com\/fr\/#website\"},\"primaryImageOfPage\":{\"@id\":\"https:\/\/www.educaborras.com\/fr\/produit\/18086-fr\/#primaryimage\"},\"image\":{\"@id\":\"https:\/\/www.educaborras.com\/fr\/produit\/18086-fr\/#primaryimage\"},\"thumbnailUrl\":\"https:\/\/www.educaborras.com\/wp-content\/uploads\/18086_01_med-18.jpg\",\"datePublished\":\"2025-06-05T09:16:10+00:00\",\"dateModified\":\"2026-04-29T01:16:11+00:00\",\"breadcrumb\":{\"@id\":\"https:\/\/www.educaborras.com\/fr\/produit\/18086-fr\/#breadcrumb\"},\"inLanguage\":\"fr-FR\",\"potentialAction\":[{\"@type\":\"ReadAction\",\"target\":[\"https:\/\/www.educaborras.com\/fr\/produit\/18086-fr\/\"]}]},{\"@type\":\"ImageObject\",\"inLanguage\":\"fr-FR\",\"@id\":\"https:\/\/www.educaborras.com\/fr\/produit\/18086-fr\/#primaryimage\",\"url\":\"https:\/\/www.educaborras.com\/wp-content\/uploads\/18086_01_med-18.jpg\",\"contentUrl\":\"https:\/\/www.educaborras.com\/wp-content\/uploads\/18086_01_med-18.jpg\"},{\"@type\":\"BreadcrumbList\",\"@id\":\"https:\/\/www.educaborras.com\/fr\/produit\/18086-fr\/#breadcrumb\",\"itemListElement\":[{\"@type\":\"ListItem\",\"position\":1,\"name\":\"Portada\",\"item\":\"https:\/\/www.educaborras.com\/fr\/\"},{\"@type\":\"ListItem\",\"position\":2,\"name\":\"Produits\",\"item\":\"https:\/\/www.educaborras.com\/fr\/shop\/\"},{\"@type\":\"ListItem\",\"position\":3,\"name\":\"2&#215;50 Reine Des Neiges 2\"}]},{\"@type\":\"WebSite\",\"@id\":\"https:\/\/www.educaborras.com\/fr\/#website\",\"url\":\"https:\/\/www.educaborras.com\/fr\/\",\"name\":\"Educa Borras\",\"description\":\"\",\"publisher\":{\"@id\":\"https:\/\/www.educaborras.com\/fr\/#organization\"},\"potentialAction\":[{\"@type\":\"SearchAction\",\"target\":{\"@type\":\"EntryPoint\",\"urlTemplate\":\"https:\/\/www.educaborras.com\/fr\/?s={search_term_string}\"},\"query-input\":{\"@type\":\"PropertyValueSpecification\",\"valueRequired\":true,\"valueName\":\"search_term_string\"}}],\"inLanguage\":\"fr-FR\"},{\"@type\":\"Organization\",\"@id\":\"https:\/\/www.educaborras.com\/fr\/#organization\",\"name\":\"Educa Borras\",\"url\":\"https:\/\/www.educaborras.com\/fr\/\",\"logo\":{\"@type\":\"ImageObject\",\"inLanguage\":\"fr-FR\",\"@id\":\"https:\/\/www.educaborras.com\/fr\/#\/schema\/logo\/image\/\",\"url\":\"https:\/\/www.educaborras.com\/wp-content\/uploads\/cropped-LOGOS-EDUCA-BORRAS_retina.png\",\"contentUrl\":\"https:\/\/www.educaborras.com\/wp-content\/uploads\/cropped-LOGOS-EDUCA-BORRAS_retina.png\",\"caption\":\"Educa Borras\"},\"image\":{\"@id\":\"https:\/\/www.educaborras.com\/fr\/#\/schema\/logo\/image\/\"}}]}<\/script>\n<!-- \/ Yoast SEO plugin. -->","yoast_head_json":{"title":"2x50 Reine Des Neiges 2 - Educa Borras","robots":{"index":"index","follow":"follow","max-snippet":"max-snippet:-1","max-image-preview":"max-image-preview:large","max-video-preview":"max-video-preview:-1"},"canonical":"https:\/\/www.educaborras.com\/fr\/produit\/18086-fr\/","schema":{"@context":"https:\/\/schema.org","@graph":[{"@type":"WebPage","@id":"https:\/\/www.educaborras.com\/fr\/produit\/18086-fr\/","url":"https:\/\/www.educaborras.com\/fr\/produit\/18086-fr\/","name":"2x50 Reine Des Neiges 2 - Educa Borras","isPartOf":{"@id":"https:\/\/www.educaborras.com\/fr\/#website"},"primaryImageOfPage":{"@id":"https:\/\/www.educaborras.com\/fr\/produit\/18086-fr\/#primaryimage"},"image":{"@id":"https:\/\/www.educaborras.com\/fr\/produit\/18086-fr\/#primaryimage"},"thumbnailUrl":"https:\/\/www.educaborras.com\/wp-content\/uploads\/18086_01_med-18.jpg","datePublished":"2025-06-05T09:16:10+00:00","dateModified":"2026-04-29T01:16:11+00:00","breadcrumb":{"@id":"https:\/\/www.educaborras.com\/fr\/produit\/18086-fr\/#breadcrumb"},"inLanguage":"fr-FR","potentialAction":[{"@type":"ReadAction","target":["https:\/\/www.educaborras.com\/fr\/produit\/18086-fr\/"]}]},{"@type":"ImageObject","inLanguage":"fr-FR","@id":"https:\/\/www.educaborras.com\/fr\/produit\/18086-fr\/#primaryimage","url":"https:\/\/www.educaborras.com\/wp-content\/uploads\/18086_01_med-18.jpg","contentUrl":"https:\/\/www.educaborras.com\/wp-content\/uploads\/18086_01_med-18.jpg"},{"@type":"BreadcrumbList","@id":"https:\/\/www.educaborras.com\/fr\/produit\/18086-fr\/#breadcrumb","itemListElement":[{"@type":"ListItem","position":1,"name":"Portada","item":"https:\/\/www.educaborras.com\/fr\/"},{"@type":"ListItem","position":2,"name":"Produits","item":"https:\/\/www.educaborras.com\/fr\/shop\/"},{"@type":"ListItem","position":3,"name":"2&#215;50 Reine Des Neiges 2"}]},{"@type":"WebSite","@id":"https:\/\/www.educaborras.com\/fr\/#website","url":"https:\/\/www.educaborras.com\/fr\/","name":"Educa Borras","description":"","publisher":{"@id":"https:\/\/www.educaborras.com\/fr\/#organization"},"potentialAction":[{"@type":"SearchAction","target":{"@type":"EntryPoint","urlTemplate":"https:\/\/www.educaborras.com\/fr\/?s={search_term_string}"},"query-input":{"@type":"PropertyValueSpecification","valueRequired":true,"valueName":"search_term_string"}}],"inLanguage":"fr-FR"},{"@type":"Organization","@id":"https:\/\/www.educaborras.com\/fr\/#organization","name":"Educa Borras","url":"https:\/\/www.educaborras.com\/fr\/","logo":{"@type":"ImageObject","inLanguage":"fr-FR","@id":"https:\/\/www.educaborras.com\/fr\/#\/schema\/logo\/image\/","url":"https:\/\/www.educaborras.com\/wp-content\/uploads\/cropped-LOGOS-EDUCA-BORRAS_retina.png","contentUrl":"https:\/\/www.educaborras.com\/wp-content\/uploads\/cropped-LOGOS-EDUCA-BORRAS_retina.png","caption":"Educa Borras"},"image":{"@id":"https:\/\/www.educaborras.com\/fr\/#\/schema\/logo\/image\/"}}]}},"_links":{"self":[{"href":"https:\/\/www.educaborras.com\/fr\/wp-json\/wp\/v2\/product\/249817","targetHints":{"allow":["GET"]}}],"collection":[{"href":"https:\/\/www.educaborras.com\/fr\/wp-json\/wp\/v2\/product"}],"about":[{"href":"https:\/\/www.educaborras.com\/fr\/wp-json\/wp\/v2\/types\/product"}],"wp:featuredmedia":[{"embeddable":true,"href":"https:\/\/www.educaborras.com\/fr\/wp-json\/wp\/v2\/media\/166230"}],"wp:attachment":[{"href":"https:\/\/www.educaborras.com\/fr\/wp-json\/wp\/v2\/media?parent=249817"}],"wp:term":[{"taxonomy":"product_brand","embeddable":true,"href":"https:\/\/www.educaborras.com\/fr\/wp-json\/wp\/v2\/product_brand?post=249817"},{"taxonomy":"product_cat","embeddable":true,"href":"https:\/\/www.educaborras.com\/fr\/wp-json\/wp\/v2\/product_cat?post=249817"},{"taxonomy":"product_tag","embeddable":true,"href":"https:\/\/www.educaborras.com\/fr\/wp-json\/wp\/v2\/product_tag?post=249817"}],"curies":[{"name":"wp","href":"https:\/\/api.w.org\/{rel}","templated":true}]}}