{"id":249761,"date":"2025-06-05T11:16:34","date_gmt":"2025-06-05T09:16:34","guid":{"rendered":"https:\/\/www.educaborras.com\/product\/19831\/"},"modified":"2026-04-29T03:17:03","modified_gmt":"2026-04-29T01:17:03","slug":"19831-fr","status":"publish","type":"product","link":"https:\/\/www.educaborras.com\/fr\/produit\/19831-fr\/","title":{"rendered":"Malette 2&#215;48 Bluey"},"content":{"rendered":"<p>Une malette qui contient 2 puzzles de 48 pi\u00e8ces. Dimensions des puzzles assembl\u00e9s : 28 x 20 cm. Educa\u00ae vous propose une vaste collection de puzzles pour enfants de grande qualit\u00e9, de 2 \u00e0 400 pi\u00e8ces, repr\u00e9sentant les images et les personnages les plus amusants pour tous les \u00e2ges.<\/p>\n","protected":false},"excerpt":{"rendered":"<p>Une malette qui contient 2 puzzles de 48 pi\u00e8ces. Dimensions des puzzles assembl\u00e9s : 28 x 20 cm.<\/p>\n","protected":false},"featured_media":166405,"template":"","meta":{"_acf_changed":false},"product_brand":[],"product_cat":[73420],"product_tag":[100727,98566,98567,98570,79980,75587,98575,74560,98578,98579,77548,100728,74495,76468,77554,75657,74054,100729,100730,98582],"class_list":{"0":"post-249761","1":"product","2":"type-product","3":"status-publish","4":"has-post-thumbnail","6":"product_cat-puzzles-21-a-99-peces","7":"product_tag-19831-fr","8":"product_tag-bandit-fr","9":"product_tag-bingo-fr","10":"product_tag-chilli-fr","11":"product_tag-dibuixos-fr","12":"product_tag-dibujos-fr","13":"product_tag-honey-fr","14":"product_tag-infantil-fr","15":"product_tag-lucky-fr","16":"product_tag-mackenzie-fr","17":"product_tag-maleta-fr","18":"product_tag-malette-puzzles-progressifs-fr","19":"product_tag-peces-fr","20":"product_tag-progresivos-fr","21":"product_tag-progressius-fr","22":"product_tag-puzle-fr","23":"product_tag-puzzle-fr","24":"product_tag-puzzle-bluey-fr","25":"product_tag-puzzles-bluey-fr","26":"product_tag-rusty-fr","28":"first","29":"instock","30":"shipping-taxable","31":"product-type-simple"},"acf":[],"yoast_head":"<!-- This site is optimized with the Yoast SEO plugin v27.1.1 - https:\/\/yoast.com\/product\/yoast-seo-wordpress\/ -->\n<title>Malette 2x48 Bluey - Educa Borras<\/title>\n<meta name=\"description\" content=\"Ahora, una selecci\u00f3n de los mejores puzzles de Bluey y la calidad Educa\u00ae tienen adem\u00e1s... UN PLUS. Una magn\u00edfica maleta de pl\u00e1stico donde guardar tus puzzles o lo que t\u00fa quieras.\" \/>\n<meta name=\"robots\" content=\"index, follow, max-snippet:-1, max-image-preview:large, max-video-preview:-1\" \/>\n<link rel=\"canonical\" href=\"https:\/\/www.educaborras.com\/fr\/produit\/19831-fr\/\" \/>\n<script type=\"application\/ld+json\" class=\"yoast-schema-graph\">{\"@context\":\"https:\/\/schema.org\",\"@graph\":[{\"@type\":\"WebPage\",\"@id\":\"https:\/\/www.educaborras.com\/fr\/produit\/19831-fr\/\",\"url\":\"https:\/\/www.educaborras.com\/fr\/produit\/19831-fr\/\",\"name\":\"Malette 2x48 Bluey - Educa Borras\",\"isPartOf\":{\"@id\":\"https:\/\/www.educaborras.com\/fr\/#website\"},\"primaryImageOfPage\":{\"@id\":\"https:\/\/www.educaborras.com\/fr\/produit\/19831-fr\/#primaryimage\"},\"image\":{\"@id\":\"https:\/\/www.educaborras.com\/fr\/produit\/19831-fr\/#primaryimage\"},\"thumbnailUrl\":\"https:\/\/www.educaborras.com\/wp-content\/uploads\/19831_01_high-11.jpg\",\"datePublished\":\"2025-06-05T09:16:34+00:00\",\"dateModified\":\"2026-04-29T01:17:03+00:00\",\"description\":\"Ahora, una selecci\u00f3n de los mejores puzzles de Bluey y la calidad Educa\u00ae tienen adem\u00e1s... UN PLUS. Una magn\u00edfica maleta de pl\u00e1stico donde guardar tus puzzles o lo que t\u00fa quieras.\",\"breadcrumb\":{\"@id\":\"https:\/\/www.educaborras.com\/fr\/produit\/19831-fr\/#breadcrumb\"},\"inLanguage\":\"fr-FR\",\"potentialAction\":[{\"@type\":\"ReadAction\",\"target\":[\"https:\/\/www.educaborras.com\/fr\/produit\/19831-fr\/\"]}]},{\"@type\":\"ImageObject\",\"inLanguage\":\"fr-FR\",\"@id\":\"https:\/\/www.educaborras.com\/fr\/produit\/19831-fr\/#primaryimage\",\"url\":\"https:\/\/www.educaborras.com\/wp-content\/uploads\/19831_01_high-11.jpg\",\"contentUrl\":\"https:\/\/www.educaborras.com\/wp-content\/uploads\/19831_01_high-11.jpg\"},{\"@type\":\"BreadcrumbList\",\"@id\":\"https:\/\/www.educaborras.com\/fr\/produit\/19831-fr\/#breadcrumb\",\"itemListElement\":[{\"@type\":\"ListItem\",\"position\":1,\"name\":\"Portada\",\"item\":\"https:\/\/www.educaborras.com\/fr\/\"},{\"@type\":\"ListItem\",\"position\":2,\"name\":\"Produits\",\"item\":\"https:\/\/www.educaborras.com\/fr\/shop\/\"},{\"@type\":\"ListItem\",\"position\":3,\"name\":\"Malette 2&#215;48 Bluey\"}]},{\"@type\":\"WebSite\",\"@id\":\"https:\/\/www.educaborras.com\/fr\/#website\",\"url\":\"https:\/\/www.educaborras.com\/fr\/\",\"name\":\"Educa Borras\",\"description\":\"\",\"publisher\":{\"@id\":\"https:\/\/www.educaborras.com\/fr\/#organization\"},\"potentialAction\":[{\"@type\":\"SearchAction\",\"target\":{\"@type\":\"EntryPoint\",\"urlTemplate\":\"https:\/\/www.educaborras.com\/fr\/?s={search_term_string}\"},\"query-input\":{\"@type\":\"PropertyValueSpecification\",\"valueRequired\":true,\"valueName\":\"search_term_string\"}}],\"inLanguage\":\"fr-FR\"},{\"@type\":\"Organization\",\"@id\":\"https:\/\/www.educaborras.com\/fr\/#organization\",\"name\":\"Educa Borras\",\"url\":\"https:\/\/www.educaborras.com\/fr\/\",\"logo\":{\"@type\":\"ImageObject\",\"inLanguage\":\"fr-FR\",\"@id\":\"https:\/\/www.educaborras.com\/fr\/#\/schema\/logo\/image\/\",\"url\":\"https:\/\/www.educaborras.com\/wp-content\/uploads\/cropped-LOGOS-EDUCA-BORRAS_retina.png\",\"contentUrl\":\"https:\/\/www.educaborras.com\/wp-content\/uploads\/cropped-LOGOS-EDUCA-BORRAS_retina.png\",\"caption\":\"Educa Borras\"},\"image\":{\"@id\":\"https:\/\/www.educaborras.com\/fr\/#\/schema\/logo\/image\/\"}}]}<\/script>\n<!-- \/ Yoast SEO plugin. -->","yoast_head_json":{"title":"Malette 2x48 Bluey - Educa Borras","description":"Ahora, una selecci\u00f3n de los mejores puzzles de Bluey y la calidad Educa\u00ae tienen adem\u00e1s... UN PLUS. Una magn\u00edfica maleta de pl\u00e1stico donde guardar tus puzzles o lo que t\u00fa quieras.","robots":{"index":"index","follow":"follow","max-snippet":"max-snippet:-1","max-image-preview":"max-image-preview:large","max-video-preview":"max-video-preview:-1"},"canonical":"https:\/\/www.educaborras.com\/fr\/produit\/19831-fr\/","schema":{"@context":"https:\/\/schema.org","@graph":[{"@type":"WebPage","@id":"https:\/\/www.educaborras.com\/fr\/produit\/19831-fr\/","url":"https:\/\/www.educaborras.com\/fr\/produit\/19831-fr\/","name":"Malette 2x48 Bluey - Educa Borras","isPartOf":{"@id":"https:\/\/www.educaborras.com\/fr\/#website"},"primaryImageOfPage":{"@id":"https:\/\/www.educaborras.com\/fr\/produit\/19831-fr\/#primaryimage"},"image":{"@id":"https:\/\/www.educaborras.com\/fr\/produit\/19831-fr\/#primaryimage"},"thumbnailUrl":"https:\/\/www.educaborras.com\/wp-content\/uploads\/19831_01_high-11.jpg","datePublished":"2025-06-05T09:16:34+00:00","dateModified":"2026-04-29T01:17:03+00:00","description":"Ahora, una selecci\u00f3n de los mejores puzzles de Bluey y la calidad Educa\u00ae tienen adem\u00e1s... UN PLUS. Una magn\u00edfica maleta de pl\u00e1stico donde guardar tus puzzles o lo que t\u00fa quieras.","breadcrumb":{"@id":"https:\/\/www.educaborras.com\/fr\/produit\/19831-fr\/#breadcrumb"},"inLanguage":"fr-FR","potentialAction":[{"@type":"ReadAction","target":["https:\/\/www.educaborras.com\/fr\/produit\/19831-fr\/"]}]},{"@type":"ImageObject","inLanguage":"fr-FR","@id":"https:\/\/www.educaborras.com\/fr\/produit\/19831-fr\/#primaryimage","url":"https:\/\/www.educaborras.com\/wp-content\/uploads\/19831_01_high-11.jpg","contentUrl":"https:\/\/www.educaborras.com\/wp-content\/uploads\/19831_01_high-11.jpg"},{"@type":"BreadcrumbList","@id":"https:\/\/www.educaborras.com\/fr\/produit\/19831-fr\/#breadcrumb","itemListElement":[{"@type":"ListItem","position":1,"name":"Portada","item":"https:\/\/www.educaborras.com\/fr\/"},{"@type":"ListItem","position":2,"name":"Produits","item":"https:\/\/www.educaborras.com\/fr\/shop\/"},{"@type":"ListItem","position":3,"name":"Malette 2&#215;48 Bluey"}]},{"@type":"WebSite","@id":"https:\/\/www.educaborras.com\/fr\/#website","url":"https:\/\/www.educaborras.com\/fr\/","name":"Educa Borras","description":"","publisher":{"@id":"https:\/\/www.educaborras.com\/fr\/#organization"},"potentialAction":[{"@type":"SearchAction","target":{"@type":"EntryPoint","urlTemplate":"https:\/\/www.educaborras.com\/fr\/?s={search_term_string}"},"query-input":{"@type":"PropertyValueSpecification","valueRequired":true,"valueName":"search_term_string"}}],"inLanguage":"fr-FR"},{"@type":"Organization","@id":"https:\/\/www.educaborras.com\/fr\/#organization","name":"Educa Borras","url":"https:\/\/www.educaborras.com\/fr\/","logo":{"@type":"ImageObject","inLanguage":"fr-FR","@id":"https:\/\/www.educaborras.com\/fr\/#\/schema\/logo\/image\/","url":"https:\/\/www.educaborras.com\/wp-content\/uploads\/cropped-LOGOS-EDUCA-BORRAS_retina.png","contentUrl":"https:\/\/www.educaborras.com\/wp-content\/uploads\/cropped-LOGOS-EDUCA-BORRAS_retina.png","caption":"Educa Borras"},"image":{"@id":"https:\/\/www.educaborras.com\/fr\/#\/schema\/logo\/image\/"}}]}},"_links":{"self":[{"href":"https:\/\/www.educaborras.com\/fr\/wp-json\/wp\/v2\/product\/249761","targetHints":{"allow":["GET"]}}],"collection":[{"href":"https:\/\/www.educaborras.com\/fr\/wp-json\/wp\/v2\/product"}],"about":[{"href":"https:\/\/www.educaborras.com\/fr\/wp-json\/wp\/v2\/types\/product"}],"wp:featuredmedia":[{"embeddable":true,"href":"https:\/\/www.educaborras.com\/fr\/wp-json\/wp\/v2\/media\/166405"}],"wp:attachment":[{"href":"https:\/\/www.educaborras.com\/fr\/wp-json\/wp\/v2\/media?parent=249761"}],"wp:term":[{"taxonomy":"product_brand","embeddable":true,"href":"https:\/\/www.educaborras.com\/fr\/wp-json\/wp\/v2\/product_brand?post=249761"},{"taxonomy":"product_cat","embeddable":true,"href":"https:\/\/www.educaborras.com\/fr\/wp-json\/wp\/v2\/product_cat?post=249761"},{"taxonomy":"product_tag","embeddable":true,"href":"https:\/\/www.educaborras.com\/fr\/wp-json\/wp\/v2\/product_tag?post=249761"}],"curies":[{"name":"wp","href":"https:\/\/api.w.org\/{rel}","templated":true}]}}