{"id":249649,"date":"2025-06-05T11:17:40","date_gmt":"2025-06-05T09:17:40","guid":{"rendered":"https:\/\/www.educaborras.com\/product\/15615\/"},"modified":"2026-04-20T03:56:08","modified_gmt":"2026-04-20T01:56:08","slug":"15615-fr","status":"publish","type":"product","link":"https:\/\/www.educaborras.com\/fr\/produit\/15615-fr\/","title":{"rendered":"Multi 4 Puzzles Pixar 50+80+100+150"},"content":{"rendered":"<p>Chaque bo\u00eete de puzzles progressifs contient 4 puzzles compos\u00e9s d\u2019un nombre variable de pi\u00e8ces (de 50 \u00e0 150) pour que les enfants passent progressivement d\u2019un niveau de difficult\u00e9 au suivant au fur et \u00e0 mesure qu\u2019ils grandissent et gagnent en habilet\u00e9. \u00a9Disney \/ Pixar<\/p>\n","protected":false},"excerpt":{"rendered":"<p>De nouveaux puzzles tr\u00e8s attractifs qui viennent s\u2019adjoindre \u00e0 la collection Progress Puzzles pour enfants d\u2019Educa\u00ae. Une fa\u00e7on amusante pour les plus petits d\u2019apprendre \u00e0 assembler des puzzles pr\u00e9sentant diff\u00e9rents niveaux de difficult\u00e9. \u00a9Disney \/ Pixar<\/p>\n","protected":false},"featured_media":166850,"template":"","meta":{"_acf_changed":false},"product_brand":[],"product_cat":[73537],"product_tag":[76199,75583,75587,74423,76200,74560,76201,76202,76203,76204,76205,76206,76207,76208],"class_list":{"0":"post-249649","1":"product","2":"type-product","3":"status-publish","4":"has-post-thumbnail","6":"product_cat-puzzles-progressifs","7":"product_tag-15615-fr","8":"product_tag-cars-fr","9":"product_tag-dibujos-fr","10":"product_tag-disney-fr","11":"product_tag-disneymulti-4-puzzles-pixar-50-80-100-150-fr","12":"product_tag-infantil-fr","13":"product_tag-monstruos-fr","14":"product_tag-multi-4-puzzles-50-80-100-150-fr","15":"product_tag-multi-4-puzzles-50-80-100-150-pixar-fr","16":"product_tag-multi-4-puzzles-pixar-50-80-100-150-fr","17":"product_tag-peliculas-fr","18":"product_tag-pixar-fr","19":"product_tag-toy-story-fr","20":"product_tag-tv-fr","22":"first","23":"instock","24":"shipping-taxable","25":"product-type-simple"},"acf":[],"yoast_head":"<!-- This site is optimized with the Yoast SEO plugin v27.1.1 - https:\/\/yoast.com\/product\/yoast-seo-wordpress\/ -->\n<title>Multi 4 Puzzles Pixar 50+80+100+150 - Educa Borras<\/title>\n<meta name=\"robots\" content=\"index, follow, max-snippet:-1, max-image-preview:large, max-video-preview:-1\" \/>\n<link rel=\"canonical\" href=\"https:\/\/www.educaborras.com\/fr\/produit\/15615-fr\/\" \/>\n<script type=\"application\/ld+json\" class=\"yoast-schema-graph\">{\"@context\":\"https:\/\/schema.org\",\"@graph\":[{\"@type\":\"WebPage\",\"@id\":\"https:\/\/www.educaborras.com\/fr\/produit\/15615-fr\/\",\"url\":\"https:\/\/www.educaborras.com\/fr\/produit\/15615-fr\/\",\"name\":\"Multi 4 Puzzles Pixar 50+80+100+150 - Educa Borras\",\"isPartOf\":{\"@id\":\"https:\/\/www.educaborras.com\/fr\/#website\"},\"primaryImageOfPage\":{\"@id\":\"https:\/\/www.educaborras.com\/fr\/produit\/15615-fr\/#primaryimage\"},\"image\":{\"@id\":\"https:\/\/www.educaborras.com\/fr\/produit\/15615-fr\/#primaryimage\"},\"thumbnailUrl\":\"https:\/\/www.educaborras.com\/wp-content\/uploads\/15615_01_med-18.jpg\",\"datePublished\":\"2025-06-05T09:17:40+00:00\",\"dateModified\":\"2026-04-20T01:56:08+00:00\",\"breadcrumb\":{\"@id\":\"https:\/\/www.educaborras.com\/fr\/produit\/15615-fr\/#breadcrumb\"},\"inLanguage\":\"fr-FR\",\"potentialAction\":[{\"@type\":\"ReadAction\",\"target\":[\"https:\/\/www.educaborras.com\/fr\/produit\/15615-fr\/\"]}]},{\"@type\":\"ImageObject\",\"inLanguage\":\"fr-FR\",\"@id\":\"https:\/\/www.educaborras.com\/fr\/produit\/15615-fr\/#primaryimage\",\"url\":\"https:\/\/www.educaborras.com\/wp-content\/uploads\/15615_01_med-18.jpg\",\"contentUrl\":\"https:\/\/www.educaborras.com\/wp-content\/uploads\/15615_01_med-18.jpg\"},{\"@type\":\"BreadcrumbList\",\"@id\":\"https:\/\/www.educaborras.com\/fr\/produit\/15615-fr\/#breadcrumb\",\"itemListElement\":[{\"@type\":\"ListItem\",\"position\":1,\"name\":\"Portada\",\"item\":\"https:\/\/www.educaborras.com\/fr\/\"},{\"@type\":\"ListItem\",\"position\":2,\"name\":\"Produits\",\"item\":\"https:\/\/www.educaborras.com\/fr\/shop\/\"},{\"@type\":\"ListItem\",\"position\":3,\"name\":\"Multi 4 Puzzles Pixar 50+80+100+150\"}]},{\"@type\":\"WebSite\",\"@id\":\"https:\/\/www.educaborras.com\/fr\/#website\",\"url\":\"https:\/\/www.educaborras.com\/fr\/\",\"name\":\"Educa Borras\",\"description\":\"\",\"publisher\":{\"@id\":\"https:\/\/www.educaborras.com\/fr\/#organization\"},\"potentialAction\":[{\"@type\":\"SearchAction\",\"target\":{\"@type\":\"EntryPoint\",\"urlTemplate\":\"https:\/\/www.educaborras.com\/fr\/?s={search_term_string}\"},\"query-input\":{\"@type\":\"PropertyValueSpecification\",\"valueRequired\":true,\"valueName\":\"search_term_string\"}}],\"inLanguage\":\"fr-FR\"},{\"@type\":\"Organization\",\"@id\":\"https:\/\/www.educaborras.com\/fr\/#organization\",\"name\":\"Educa Borras\",\"url\":\"https:\/\/www.educaborras.com\/fr\/\",\"logo\":{\"@type\":\"ImageObject\",\"inLanguage\":\"fr-FR\",\"@id\":\"https:\/\/www.educaborras.com\/fr\/#\/schema\/logo\/image\/\",\"url\":\"https:\/\/www.educaborras.com\/wp-content\/uploads\/cropped-LOGOS-EDUCA-BORRAS_retina.png\",\"contentUrl\":\"https:\/\/www.educaborras.com\/wp-content\/uploads\/cropped-LOGOS-EDUCA-BORRAS_retina.png\",\"caption\":\"Educa Borras\"},\"image\":{\"@id\":\"https:\/\/www.educaborras.com\/fr\/#\/schema\/logo\/image\/\"}}]}<\/script>\n<!-- \/ Yoast SEO plugin. -->","yoast_head_json":{"title":"Multi 4 Puzzles Pixar 50+80+100+150 - Educa Borras","robots":{"index":"index","follow":"follow","max-snippet":"max-snippet:-1","max-image-preview":"max-image-preview:large","max-video-preview":"max-video-preview:-1"},"canonical":"https:\/\/www.educaborras.com\/fr\/produit\/15615-fr\/","schema":{"@context":"https:\/\/schema.org","@graph":[{"@type":"WebPage","@id":"https:\/\/www.educaborras.com\/fr\/produit\/15615-fr\/","url":"https:\/\/www.educaborras.com\/fr\/produit\/15615-fr\/","name":"Multi 4 Puzzles Pixar 50+80+100+150 - Educa Borras","isPartOf":{"@id":"https:\/\/www.educaborras.com\/fr\/#website"},"primaryImageOfPage":{"@id":"https:\/\/www.educaborras.com\/fr\/produit\/15615-fr\/#primaryimage"},"image":{"@id":"https:\/\/www.educaborras.com\/fr\/produit\/15615-fr\/#primaryimage"},"thumbnailUrl":"https:\/\/www.educaborras.com\/wp-content\/uploads\/15615_01_med-18.jpg","datePublished":"2025-06-05T09:17:40+00:00","dateModified":"2026-04-20T01:56:08+00:00","breadcrumb":{"@id":"https:\/\/www.educaborras.com\/fr\/produit\/15615-fr\/#breadcrumb"},"inLanguage":"fr-FR","potentialAction":[{"@type":"ReadAction","target":["https:\/\/www.educaborras.com\/fr\/produit\/15615-fr\/"]}]},{"@type":"ImageObject","inLanguage":"fr-FR","@id":"https:\/\/www.educaborras.com\/fr\/produit\/15615-fr\/#primaryimage","url":"https:\/\/www.educaborras.com\/wp-content\/uploads\/15615_01_med-18.jpg","contentUrl":"https:\/\/www.educaborras.com\/wp-content\/uploads\/15615_01_med-18.jpg"},{"@type":"BreadcrumbList","@id":"https:\/\/www.educaborras.com\/fr\/produit\/15615-fr\/#breadcrumb","itemListElement":[{"@type":"ListItem","position":1,"name":"Portada","item":"https:\/\/www.educaborras.com\/fr\/"},{"@type":"ListItem","position":2,"name":"Produits","item":"https:\/\/www.educaborras.com\/fr\/shop\/"},{"@type":"ListItem","position":3,"name":"Multi 4 Puzzles Pixar 50+80+100+150"}]},{"@type":"WebSite","@id":"https:\/\/www.educaborras.com\/fr\/#website","url":"https:\/\/www.educaborras.com\/fr\/","name":"Educa Borras","description":"","publisher":{"@id":"https:\/\/www.educaborras.com\/fr\/#organization"},"potentialAction":[{"@type":"SearchAction","target":{"@type":"EntryPoint","urlTemplate":"https:\/\/www.educaborras.com\/fr\/?s={search_term_string}"},"query-input":{"@type":"PropertyValueSpecification","valueRequired":true,"valueName":"search_term_string"}}],"inLanguage":"fr-FR"},{"@type":"Organization","@id":"https:\/\/www.educaborras.com\/fr\/#organization","name":"Educa Borras","url":"https:\/\/www.educaborras.com\/fr\/","logo":{"@type":"ImageObject","inLanguage":"fr-FR","@id":"https:\/\/www.educaborras.com\/fr\/#\/schema\/logo\/image\/","url":"https:\/\/www.educaborras.com\/wp-content\/uploads\/cropped-LOGOS-EDUCA-BORRAS_retina.png","contentUrl":"https:\/\/www.educaborras.com\/wp-content\/uploads\/cropped-LOGOS-EDUCA-BORRAS_retina.png","caption":"Educa Borras"},"image":{"@id":"https:\/\/www.educaborras.com\/fr\/#\/schema\/logo\/image\/"}}]}},"_links":{"self":[{"href":"https:\/\/www.educaborras.com\/fr\/wp-json\/wp\/v2\/product\/249649","targetHints":{"allow":["GET"]}}],"collection":[{"href":"https:\/\/www.educaborras.com\/fr\/wp-json\/wp\/v2\/product"}],"about":[{"href":"https:\/\/www.educaborras.com\/fr\/wp-json\/wp\/v2\/types\/product"}],"wp:featuredmedia":[{"embeddable":true,"href":"https:\/\/www.educaborras.com\/fr\/wp-json\/wp\/v2\/media\/166850"}],"wp:attachment":[{"href":"https:\/\/www.educaborras.com\/fr\/wp-json\/wp\/v2\/media?parent=249649"}],"wp:term":[{"taxonomy":"product_brand","embeddable":true,"href":"https:\/\/www.educaborras.com\/fr\/wp-json\/wp\/v2\/product_brand?post=249649"},{"taxonomy":"product_cat","embeddable":true,"href":"https:\/\/www.educaborras.com\/fr\/wp-json\/wp\/v2\/product_cat?post=249649"},{"taxonomy":"product_tag","embeddable":true,"href":"https:\/\/www.educaborras.com\/fr\/wp-json\/wp\/v2\/product_tag?post=249649"}],"curies":[{"name":"wp","href":"https:\/\/api.w.org\/{rel}","templated":true}]}}