{"id":249633,"date":"2025-06-05T11:17:44","date_gmt":"2025-06-05T09:17:44","guid":{"rendered":"https:\/\/www.educaborras.com\/product\/17144\/"},"modified":"2026-04-30T02:56:25","modified_gmt":"2026-04-30T00:56:25","slug":"17144-fr","status":"publish","type":"product","link":"https:\/\/www.educaborras.com\/fr\/produit\/17144-fr\/","title":{"rendered":"Puzzle Progressif Patrouille de sauvetage 6+9+12+16 pcs"},"content":{"rendered":"<p>4 puzzles pr\u00e9sentant diff\u00e9rents niveaux de difficult\u00e9. Chaque bo\u00eete de puzzles progressifs contient 4 puzzles compos\u00e9s d\u2019un nombre variable de pi\u00e8ces (de 6 \u00e0 16) pour que les enfants passent progressivement d\u2019un niveau de difficult\u00e9 au suivant au fur et \u00e0 mesure qu\u2019ils grandissent et gagnent en habilet\u00e9. Nouvelles images attractives<\/p>\n","protected":false},"excerpt":{"rendered":"<p>4 puzzles pr\u00e9sentant diff\u00e9rents niveaux de difficult\u00e9 (de 6 \u00e0 16 pi\u00e8ces) Nouvelles images attractives<\/p>\n","protected":false},"featured_media":166875,"template":"","meta":{"_acf_changed":false},"product_brand":[],"product_cat":[73537],"product_tag":[74344,79737,78139,79738,78471,76281,74560,79739,79740,79741,79742,79743,74347,74495,77868,76468,79744,77834,77554,77555,79745,79746,75657,79747,79748,74054,76472,79749,77239,79750,76473,79751,79752,79753,79754,79755,74348,79756,76208],"class_list":{"0":"post-249633","1":"product","2":"type-product","3":"status-publish","4":"has-post-thumbnail","6":"product_cat-puzzles-progressifs","7":"product_tag-piezas-fr","8":"product_tag-17144-fr","9":"product_tag-2017-fr","10":"product_tag-6-9-12-16-fr","11":"product_tag-de-fr","12":"product_tag-dibujos-animados-fr","13":"product_tag-infantil-fr","14":"product_tag-patrol-fr","15":"product_tag-patrouille-fr","16":"product_tag-patrulha-fr","17":"product_tag-patrulla-fr","18":"product_tag-pcs-fr","19":"product_tag-peca-fr","20":"product_tag-peces-fr","21":"product_tag-pieza-fr","22":"product_tag-progresivos-fr","23":"product_tag-progressif-fr","24":"product_tag-progressifs-fr","25":"product_tag-progressius-fr","26":"product_tag-progressive-fr","27":"product_tag-progressive-puzzles-rescue-patrol-6-9-12-16-fr","28":"product_tag-progressivos-fr","29":"product_tag-puzle-fr","30":"product_tag-puzles-fr","31":"product_tag-puzles-progressius-patrulla-de-rescat-6-9-12-16-fr","32":"product_tag-puzzle-fr","33":"product_tag-puzzle-progresivo-fr","34":"product_tag-puzzle-progressif-patrouille-de-sauvetage-6-9-12-16-pcs-fr","35":"product_tag-puzzles-fr","36":"product_tag-puzzles-progresivos-patrulla-de-rescate-6-9-12-16-fr","37":"product_tag-puzzles-progressive-fr","38":"product_tag-puzzles-progressivos-patrulha-de-resgate-6-9-12-16-fr","39":"product_tag-rescat-fr","40":"product_tag-rescate-fr","41":"product_tag-rescue-fr","42":"product_tag-resgate-fr","43":"product_tag-rompecabezas-fr","44":"product_tag-sauvetage-fr","45":"product_tag-tv-fr","47":"first","48":"instock","49":"shipping-taxable","50":"product-type-simple"},"acf":[],"yoast_head":"<!-- This site is optimized with the Yoast SEO plugin v27.1.1 - https:\/\/yoast.com\/product\/yoast-seo-wordpress\/ -->\n<title>Puzzle Progressif Patrouille de sauvetage 6+9+12+16 pcs - Educa Borras<\/title>\n<meta name=\"robots\" content=\"index, follow, max-snippet:-1, max-image-preview:large, max-video-preview:-1\" \/>\n<link rel=\"canonical\" href=\"https:\/\/www.educaborras.com\/fr\/produit\/17144-fr\/\" \/>\n<script type=\"application\/ld+json\" class=\"yoast-schema-graph\">{\"@context\":\"https:\/\/schema.org\",\"@graph\":[{\"@type\":\"WebPage\",\"@id\":\"https:\/\/www.educaborras.com\/fr\/produit\/17144-fr\/\",\"url\":\"https:\/\/www.educaborras.com\/fr\/produit\/17144-fr\/\",\"name\":\"Puzzle Progressif Patrouille de sauvetage 6+9+12+16 pcs - Educa Borras\",\"isPartOf\":{\"@id\":\"https:\/\/www.educaborras.com\/fr\/#website\"},\"primaryImageOfPage\":{\"@id\":\"https:\/\/www.educaborras.com\/fr\/produit\/17144-fr\/#primaryimage\"},\"image\":{\"@id\":\"https:\/\/www.educaborras.com\/fr\/produit\/17144-fr\/#primaryimage\"},\"thumbnailUrl\":\"https:\/\/www.educaborras.com\/wp-content\/uploads\/17144_01_med-18.jpg\",\"datePublished\":\"2025-06-05T09:17:44+00:00\",\"dateModified\":\"2026-04-30T00:56:25+00:00\",\"breadcrumb\":{\"@id\":\"https:\/\/www.educaborras.com\/fr\/produit\/17144-fr\/#breadcrumb\"},\"inLanguage\":\"fr-FR\",\"potentialAction\":[{\"@type\":\"ReadAction\",\"target\":[\"https:\/\/www.educaborras.com\/fr\/produit\/17144-fr\/\"]}]},{\"@type\":\"ImageObject\",\"inLanguage\":\"fr-FR\",\"@id\":\"https:\/\/www.educaborras.com\/fr\/produit\/17144-fr\/#primaryimage\",\"url\":\"https:\/\/www.educaborras.com\/wp-content\/uploads\/17144_01_med-18.jpg\",\"contentUrl\":\"https:\/\/www.educaborras.com\/wp-content\/uploads\/17144_01_med-18.jpg\"},{\"@type\":\"BreadcrumbList\",\"@id\":\"https:\/\/www.educaborras.com\/fr\/produit\/17144-fr\/#breadcrumb\",\"itemListElement\":[{\"@type\":\"ListItem\",\"position\":1,\"name\":\"Portada\",\"item\":\"https:\/\/www.educaborras.com\/fr\/\"},{\"@type\":\"ListItem\",\"position\":2,\"name\":\"Produits\",\"item\":\"https:\/\/www.educaborras.com\/fr\/shop\/\"},{\"@type\":\"ListItem\",\"position\":3,\"name\":\"Puzzle Progressif Patrouille de sauvetage 6+9+12+16 pcs\"}]},{\"@type\":\"WebSite\",\"@id\":\"https:\/\/www.educaborras.com\/fr\/#website\",\"url\":\"https:\/\/www.educaborras.com\/fr\/\",\"name\":\"Educa Borras\",\"description\":\"\",\"publisher\":{\"@id\":\"https:\/\/www.educaborras.com\/fr\/#organization\"},\"potentialAction\":[{\"@type\":\"SearchAction\",\"target\":{\"@type\":\"EntryPoint\",\"urlTemplate\":\"https:\/\/www.educaborras.com\/fr\/?s={search_term_string}\"},\"query-input\":{\"@type\":\"PropertyValueSpecification\",\"valueRequired\":true,\"valueName\":\"search_term_string\"}}],\"inLanguage\":\"fr-FR\"},{\"@type\":\"Organization\",\"@id\":\"https:\/\/www.educaborras.com\/fr\/#organization\",\"name\":\"Educa Borras\",\"url\":\"https:\/\/www.educaborras.com\/fr\/\",\"logo\":{\"@type\":\"ImageObject\",\"inLanguage\":\"fr-FR\",\"@id\":\"https:\/\/www.educaborras.com\/fr\/#\/schema\/logo\/image\/\",\"url\":\"https:\/\/www.educaborras.com\/wp-content\/uploads\/cropped-LOGOS-EDUCA-BORRAS_retina.png\",\"contentUrl\":\"https:\/\/www.educaborras.com\/wp-content\/uploads\/cropped-LOGOS-EDUCA-BORRAS_retina.png\",\"caption\":\"Educa Borras\"},\"image\":{\"@id\":\"https:\/\/www.educaborras.com\/fr\/#\/schema\/logo\/image\/\"}}]}<\/script>\n<!-- \/ Yoast SEO plugin. -->","yoast_head_json":{"title":"Puzzle Progressif Patrouille de sauvetage 6+9+12+16 pcs - Educa Borras","robots":{"index":"index","follow":"follow","max-snippet":"max-snippet:-1","max-image-preview":"max-image-preview:large","max-video-preview":"max-video-preview:-1"},"canonical":"https:\/\/www.educaborras.com\/fr\/produit\/17144-fr\/","schema":{"@context":"https:\/\/schema.org","@graph":[{"@type":"WebPage","@id":"https:\/\/www.educaborras.com\/fr\/produit\/17144-fr\/","url":"https:\/\/www.educaborras.com\/fr\/produit\/17144-fr\/","name":"Puzzle Progressif Patrouille de sauvetage 6+9+12+16 pcs - Educa Borras","isPartOf":{"@id":"https:\/\/www.educaborras.com\/fr\/#website"},"primaryImageOfPage":{"@id":"https:\/\/www.educaborras.com\/fr\/produit\/17144-fr\/#primaryimage"},"image":{"@id":"https:\/\/www.educaborras.com\/fr\/produit\/17144-fr\/#primaryimage"},"thumbnailUrl":"https:\/\/www.educaborras.com\/wp-content\/uploads\/17144_01_med-18.jpg","datePublished":"2025-06-05T09:17:44+00:00","dateModified":"2026-04-30T00:56:25+00:00","breadcrumb":{"@id":"https:\/\/www.educaborras.com\/fr\/produit\/17144-fr\/#breadcrumb"},"inLanguage":"fr-FR","potentialAction":[{"@type":"ReadAction","target":["https:\/\/www.educaborras.com\/fr\/produit\/17144-fr\/"]}]},{"@type":"ImageObject","inLanguage":"fr-FR","@id":"https:\/\/www.educaborras.com\/fr\/produit\/17144-fr\/#primaryimage","url":"https:\/\/www.educaborras.com\/wp-content\/uploads\/17144_01_med-18.jpg","contentUrl":"https:\/\/www.educaborras.com\/wp-content\/uploads\/17144_01_med-18.jpg"},{"@type":"BreadcrumbList","@id":"https:\/\/www.educaborras.com\/fr\/produit\/17144-fr\/#breadcrumb","itemListElement":[{"@type":"ListItem","position":1,"name":"Portada","item":"https:\/\/www.educaborras.com\/fr\/"},{"@type":"ListItem","position":2,"name":"Produits","item":"https:\/\/www.educaborras.com\/fr\/shop\/"},{"@type":"ListItem","position":3,"name":"Puzzle Progressif Patrouille de sauvetage 6+9+12+16 pcs"}]},{"@type":"WebSite","@id":"https:\/\/www.educaborras.com\/fr\/#website","url":"https:\/\/www.educaborras.com\/fr\/","name":"Educa Borras","description":"","publisher":{"@id":"https:\/\/www.educaborras.com\/fr\/#organization"},"potentialAction":[{"@type":"SearchAction","target":{"@type":"EntryPoint","urlTemplate":"https:\/\/www.educaborras.com\/fr\/?s={search_term_string}"},"query-input":{"@type":"PropertyValueSpecification","valueRequired":true,"valueName":"search_term_string"}}],"inLanguage":"fr-FR"},{"@type":"Organization","@id":"https:\/\/www.educaborras.com\/fr\/#organization","name":"Educa Borras","url":"https:\/\/www.educaborras.com\/fr\/","logo":{"@type":"ImageObject","inLanguage":"fr-FR","@id":"https:\/\/www.educaborras.com\/fr\/#\/schema\/logo\/image\/","url":"https:\/\/www.educaborras.com\/wp-content\/uploads\/cropped-LOGOS-EDUCA-BORRAS_retina.png","contentUrl":"https:\/\/www.educaborras.com\/wp-content\/uploads\/cropped-LOGOS-EDUCA-BORRAS_retina.png","caption":"Educa Borras"},"image":{"@id":"https:\/\/www.educaborras.com\/fr\/#\/schema\/logo\/image\/"}}]}},"_links":{"self":[{"href":"https:\/\/www.educaborras.com\/fr\/wp-json\/wp\/v2\/product\/249633","targetHints":{"allow":["GET"]}}],"collection":[{"href":"https:\/\/www.educaborras.com\/fr\/wp-json\/wp\/v2\/product"}],"about":[{"href":"https:\/\/www.educaborras.com\/fr\/wp-json\/wp\/v2\/types\/product"}],"wp:featuredmedia":[{"embeddable":true,"href":"https:\/\/www.educaborras.com\/fr\/wp-json\/wp\/v2\/media\/166875"}],"wp:attachment":[{"href":"https:\/\/www.educaborras.com\/fr\/wp-json\/wp\/v2\/media?parent=249633"}],"wp:term":[{"taxonomy":"product_brand","embeddable":true,"href":"https:\/\/www.educaborras.com\/fr\/wp-json\/wp\/v2\/product_brand?post=249633"},{"taxonomy":"product_cat","embeddable":true,"href":"https:\/\/www.educaborras.com\/fr\/wp-json\/wp\/v2\/product_cat?post=249633"},{"taxonomy":"product_tag","embeddable":true,"href":"https:\/\/www.educaborras.com\/fr\/wp-json\/wp\/v2\/product_tag?post=249633"}],"curies":[{"name":"wp","href":"https:\/\/api.w.org\/{rel}","templated":true}]}}