{"id":249621,"date":"2025-06-05T11:17:46","date_gmt":"2025-06-05T09:17:46","guid":{"rendered":"https:\/\/www.educaborras.com\/product\/17166\/"},"modified":"2026-04-30T02:56:35","modified_gmt":"2026-04-30T00:56:35","slug":"17166-fr","status":"publish","type":"product","link":"https:\/\/www.educaborras.com\/fr\/produit\/17166-fr\/","title":{"rendered":"Puzzle Progressif Disney Princesses 12+16+20+25 pcs"},"content":{"rendered":"<p>4 puzzles aux couleurs des Princesses Disney pr\u00e9sentant diff\u00e9rents niveaux de difficult\u00e9. Chaque bo\u00eete de puzzles progressifs contient 4 puzzles compos\u00e9s d\u2019un nombre variable de pi\u00e8ces (de 12 \u00e0 25 pour que les enfants passent progressivement d\u2019un niveau de difficult\u00e9 au suivant au fur et \u00e0 mesure qu\u2019ils grandissent et gagnent en habilet\u00e9. Educa\u00ae vous propose une vaste collection de puzzles pour enfants de grande qualit\u00e9, de 2 \u00e0 400 pi\u00e8ces, repr\u00e9sentant les images et les personnages les plus amusants pour tous les \u00e2ges. Dimensions des puzzles assembl\u00e9s : 16 x 16 cm. \u00a9Disney<\/p>\n","protected":false},"excerpt":{"rendered":"<p>4 puzzles aux couleurs des Princesses Disney pr\u00e9sentant diff\u00e9rents niveaux de difficult\u00e9 (de 12 \u00e0 25 pi\u00e8ces) Dimensions des puzzles assembl\u00e9s : 16 x 16 cm. \u00a9Disney<\/p>\n","protected":false},"featured_media":166890,"template":"","meta":{"_acf_changed":false},"product_brand":[],"product_cat":[73537],"product_tag":[79875,80194,78139,75587,74423,77546,79743,74495,77610,80195,77611,80196,76468,79744,77554,77555,80197,79746,75657,79747,80198,74054,80199,77239,80200,80201],"class_list":{"0":"post-249621","1":"product","2":"type-product","3":"status-publish","4":"has-post-thumbnail","6":"product_cat-puzzles-progressifs","7":"product_tag-12-16-20-25-fr","8":"product_tag-17166-fr","9":"product_tag-2017-fr","10":"product_tag-dibujos-fr","11":"product_tag-disney-fr","12":"product_tag-infantil-disney-fr","13":"product_tag-pcs-fr","14":"product_tag-peces-fr","15":"product_tag-princesas-fr","16":"product_tag-princeses-fr","17":"product_tag-princess-fr","18":"product_tag-princesses-fr","19":"product_tag-progresivos-fr","20":"product_tag-progressif-fr","21":"product_tag-progressius-fr","22":"product_tag-progressive-fr","23":"product_tag-progressive-puzzles-disney-princess-12-16-20-25-fr","24":"product_tag-progressivos-fr","25":"product_tag-puzle-fr","26":"product_tag-puzles-fr","27":"product_tag-puzles-progressius-princeses-disney-12-16-20-25-fr","28":"product_tag-puzzle-fr","29":"product_tag-puzzle-progressif-disney-princesses-12-16-20-25-pcs-fr","30":"product_tag-puzzles-fr","31":"product_tag-puzzles-progresivos-princesas-disney-12-16-20-25-fr","32":"product_tag-puzzles-progressivos-princesas-disney-12-16-20-25-fr","34":"first","35":"instock","36":"shipping-taxable","37":"product-type-simple"},"acf":[],"yoast_head":"<!-- This site is optimized with the Yoast SEO plugin v27.1.1 - https:\/\/yoast.com\/product\/yoast-seo-wordpress\/ -->\n<title>Puzzle Progressif Disney Princesses 12+16+20+25 pcs - Educa Borras<\/title>\n<meta name=\"robots\" content=\"index, follow, max-snippet:-1, max-image-preview:large, max-video-preview:-1\" \/>\n<link rel=\"canonical\" href=\"https:\/\/www.educaborras.com\/fr\/produit\/17166-fr\/\" \/>\n<script type=\"application\/ld+json\" class=\"yoast-schema-graph\">{\"@context\":\"https:\/\/schema.org\",\"@graph\":[{\"@type\":\"WebPage\",\"@id\":\"https:\/\/www.educaborras.com\/fr\/produit\/17166-fr\/\",\"url\":\"https:\/\/www.educaborras.com\/fr\/produit\/17166-fr\/\",\"name\":\"Puzzle Progressif Disney Princesses 12+16+20+25 pcs - Educa Borras\",\"isPartOf\":{\"@id\":\"https:\/\/www.educaborras.com\/fr\/#website\"},\"primaryImageOfPage\":{\"@id\":\"https:\/\/www.educaborras.com\/fr\/produit\/17166-fr\/#primaryimage\"},\"image\":{\"@id\":\"https:\/\/www.educaborras.com\/fr\/produit\/17166-fr\/#primaryimage\"},\"thumbnailUrl\":\"https:\/\/www.educaborras.com\/wp-content\/uploads\/17166_01_med-18.jpg\",\"datePublished\":\"2025-06-05T09:17:46+00:00\",\"dateModified\":\"2026-04-30T00:56:35+00:00\",\"breadcrumb\":{\"@id\":\"https:\/\/www.educaborras.com\/fr\/produit\/17166-fr\/#breadcrumb\"},\"inLanguage\":\"fr-FR\",\"potentialAction\":[{\"@type\":\"ReadAction\",\"target\":[\"https:\/\/www.educaborras.com\/fr\/produit\/17166-fr\/\"]}]},{\"@type\":\"ImageObject\",\"inLanguage\":\"fr-FR\",\"@id\":\"https:\/\/www.educaborras.com\/fr\/produit\/17166-fr\/#primaryimage\",\"url\":\"https:\/\/www.educaborras.com\/wp-content\/uploads\/17166_01_med-18.jpg\",\"contentUrl\":\"https:\/\/www.educaborras.com\/wp-content\/uploads\/17166_01_med-18.jpg\"},{\"@type\":\"BreadcrumbList\",\"@id\":\"https:\/\/www.educaborras.com\/fr\/produit\/17166-fr\/#breadcrumb\",\"itemListElement\":[{\"@type\":\"ListItem\",\"position\":1,\"name\":\"Portada\",\"item\":\"https:\/\/www.educaborras.com\/fr\/\"},{\"@type\":\"ListItem\",\"position\":2,\"name\":\"Produits\",\"item\":\"https:\/\/www.educaborras.com\/fr\/shop\/\"},{\"@type\":\"ListItem\",\"position\":3,\"name\":\"Puzzle Progressif Disney Princesses 12+16+20+25 pcs\"}]},{\"@type\":\"WebSite\",\"@id\":\"https:\/\/www.educaborras.com\/fr\/#website\",\"url\":\"https:\/\/www.educaborras.com\/fr\/\",\"name\":\"Educa Borras\",\"description\":\"\",\"publisher\":{\"@id\":\"https:\/\/www.educaborras.com\/fr\/#organization\"},\"potentialAction\":[{\"@type\":\"SearchAction\",\"target\":{\"@type\":\"EntryPoint\",\"urlTemplate\":\"https:\/\/www.educaborras.com\/fr\/?s={search_term_string}\"},\"query-input\":{\"@type\":\"PropertyValueSpecification\",\"valueRequired\":true,\"valueName\":\"search_term_string\"}}],\"inLanguage\":\"fr-FR\"},{\"@type\":\"Organization\",\"@id\":\"https:\/\/www.educaborras.com\/fr\/#organization\",\"name\":\"Educa Borras\",\"url\":\"https:\/\/www.educaborras.com\/fr\/\",\"logo\":{\"@type\":\"ImageObject\",\"inLanguage\":\"fr-FR\",\"@id\":\"https:\/\/www.educaborras.com\/fr\/#\/schema\/logo\/image\/\",\"url\":\"https:\/\/www.educaborras.com\/wp-content\/uploads\/cropped-LOGOS-EDUCA-BORRAS_retina.png\",\"contentUrl\":\"https:\/\/www.educaborras.com\/wp-content\/uploads\/cropped-LOGOS-EDUCA-BORRAS_retina.png\",\"caption\":\"Educa Borras\"},\"image\":{\"@id\":\"https:\/\/www.educaborras.com\/fr\/#\/schema\/logo\/image\/\"}}]}<\/script>\n<!-- \/ Yoast SEO plugin. -->","yoast_head_json":{"title":"Puzzle Progressif Disney Princesses 12+16+20+25 pcs - Educa Borras","robots":{"index":"index","follow":"follow","max-snippet":"max-snippet:-1","max-image-preview":"max-image-preview:large","max-video-preview":"max-video-preview:-1"},"canonical":"https:\/\/www.educaborras.com\/fr\/produit\/17166-fr\/","schema":{"@context":"https:\/\/schema.org","@graph":[{"@type":"WebPage","@id":"https:\/\/www.educaborras.com\/fr\/produit\/17166-fr\/","url":"https:\/\/www.educaborras.com\/fr\/produit\/17166-fr\/","name":"Puzzle Progressif Disney Princesses 12+16+20+25 pcs - Educa Borras","isPartOf":{"@id":"https:\/\/www.educaborras.com\/fr\/#website"},"primaryImageOfPage":{"@id":"https:\/\/www.educaborras.com\/fr\/produit\/17166-fr\/#primaryimage"},"image":{"@id":"https:\/\/www.educaborras.com\/fr\/produit\/17166-fr\/#primaryimage"},"thumbnailUrl":"https:\/\/www.educaborras.com\/wp-content\/uploads\/17166_01_med-18.jpg","datePublished":"2025-06-05T09:17:46+00:00","dateModified":"2026-04-30T00:56:35+00:00","breadcrumb":{"@id":"https:\/\/www.educaborras.com\/fr\/produit\/17166-fr\/#breadcrumb"},"inLanguage":"fr-FR","potentialAction":[{"@type":"ReadAction","target":["https:\/\/www.educaborras.com\/fr\/produit\/17166-fr\/"]}]},{"@type":"ImageObject","inLanguage":"fr-FR","@id":"https:\/\/www.educaborras.com\/fr\/produit\/17166-fr\/#primaryimage","url":"https:\/\/www.educaborras.com\/wp-content\/uploads\/17166_01_med-18.jpg","contentUrl":"https:\/\/www.educaborras.com\/wp-content\/uploads\/17166_01_med-18.jpg"},{"@type":"BreadcrumbList","@id":"https:\/\/www.educaborras.com\/fr\/produit\/17166-fr\/#breadcrumb","itemListElement":[{"@type":"ListItem","position":1,"name":"Portada","item":"https:\/\/www.educaborras.com\/fr\/"},{"@type":"ListItem","position":2,"name":"Produits","item":"https:\/\/www.educaborras.com\/fr\/shop\/"},{"@type":"ListItem","position":3,"name":"Puzzle Progressif Disney Princesses 12+16+20+25 pcs"}]},{"@type":"WebSite","@id":"https:\/\/www.educaborras.com\/fr\/#website","url":"https:\/\/www.educaborras.com\/fr\/","name":"Educa Borras","description":"","publisher":{"@id":"https:\/\/www.educaborras.com\/fr\/#organization"},"potentialAction":[{"@type":"SearchAction","target":{"@type":"EntryPoint","urlTemplate":"https:\/\/www.educaborras.com\/fr\/?s={search_term_string}"},"query-input":{"@type":"PropertyValueSpecification","valueRequired":true,"valueName":"search_term_string"}}],"inLanguage":"fr-FR"},{"@type":"Organization","@id":"https:\/\/www.educaborras.com\/fr\/#organization","name":"Educa Borras","url":"https:\/\/www.educaborras.com\/fr\/","logo":{"@type":"ImageObject","inLanguage":"fr-FR","@id":"https:\/\/www.educaborras.com\/fr\/#\/schema\/logo\/image\/","url":"https:\/\/www.educaborras.com\/wp-content\/uploads\/cropped-LOGOS-EDUCA-BORRAS_retina.png","contentUrl":"https:\/\/www.educaborras.com\/wp-content\/uploads\/cropped-LOGOS-EDUCA-BORRAS_retina.png","caption":"Educa Borras"},"image":{"@id":"https:\/\/www.educaborras.com\/fr\/#\/schema\/logo\/image\/"}}]}},"_links":{"self":[{"href":"https:\/\/www.educaborras.com\/fr\/wp-json\/wp\/v2\/product\/249621","targetHints":{"allow":["GET"]}}],"collection":[{"href":"https:\/\/www.educaborras.com\/fr\/wp-json\/wp\/v2\/product"}],"about":[{"href":"https:\/\/www.educaborras.com\/fr\/wp-json\/wp\/v2\/types\/product"}],"wp:featuredmedia":[{"embeddable":true,"href":"https:\/\/www.educaborras.com\/fr\/wp-json\/wp\/v2\/media\/166890"}],"wp:attachment":[{"href":"https:\/\/www.educaborras.com\/fr\/wp-json\/wp\/v2\/media?parent=249621"}],"wp:term":[{"taxonomy":"product_brand","embeddable":true,"href":"https:\/\/www.educaborras.com\/fr\/wp-json\/wp\/v2\/product_brand?post=249621"},{"taxonomy":"product_cat","embeddable":true,"href":"https:\/\/www.educaborras.com\/fr\/wp-json\/wp\/v2\/product_cat?post=249621"},{"taxonomy":"product_tag","embeddable":true,"href":"https:\/\/www.educaborras.com\/fr\/wp-json\/wp\/v2\/product_tag?post=249621"}],"curies":[{"name":"wp","href":"https:\/\/api.w.org\/{rel}","templated":true}]}}