{"id":249605,"date":"2025-06-05T11:17:51","date_gmt":"2025-06-05T09:17:51","guid":{"rendered":"https:\/\/www.educaborras.com\/product\/18102\/"},"modified":"2026-05-03T03:17:02","modified_gmt":"2026-05-03T01:17:02","slug":"18102-fr","status":"publish","type":"product","link":"https:\/\/www.educaborras.com\/fr\/produit\/18102-fr\/","title":{"rendered":"Multi 4 In 1 Spider-Man"},"content":{"rendered":"<p>retrouvez le c\u00e9l\u00e8bre Spider-Man de Marvel dans cet ensemble de 4 puzzles pr\u00e9sentant diff\u00e9rents niveaux de difficult\u00e9. Chaque bo\u00eete de puzzles progressifs contient 4 puzzles compos\u00e9s d\u2019un nombre variable de pi\u00e8ces (de 50 \u00e0 150) pour que les enfants passent progressivement d\u2019un niveau de difficult\u00e9 au suivant au fur et \u00e0 mesure qu\u2019ils grandissent et gagnent en habilet\u00e9. Dimensions des puzzles assembl\u00e9s : 34 x 24 cm. Educa\u00ae vous propose une vaste collection de puzzles pour enfants de grande qualit\u00e9, de 2 \u00e0 400 pi\u00e8ces, repr\u00e9sentant les images et les personnages les plus amusants pour tous les \u00e2ges.<\/p>\n","protected":false},"excerpt":{"rendered":"<p>retrouvez le c\u00e9l\u00e8bre Spider-Man de Marvel dans cet ensemble de 4 puzzles pr\u00e9sentant diff\u00e9rents niveaux de difficult\u00e9 (de 50 \u00e0 150 pi\u00e8ces). Dimensions des puzzles assembl\u00e9s : 34 x 24 cm.<\/p>\n","protected":false},"featured_media":166910,"template":"","meta":{"_acf_changed":false},"product_brand":[],"product_cat":[73537],"product_tag":[101382,75587,76521,101383,74560,101384,101385,101386,75711,76208,94148],"class_list":{"0":"post-249605","1":"product","2":"type-product","3":"status-publish","4":"has-post-thumbnail","6":"product_cat-puzzles-progressifs","7":"product_tag-18102-fr","8":"product_tag-dibujos-fr","9":"product_tag-heroe-fr","10":"product_tag-heroi-fr","11":"product_tag-infantil-fr","12":"product_tag-multi-4-in-1-spider-man-fr","13":"product_tag-multi-4-puzzles-50-80-100-150-ultimate-spider-man-fr","14":"product_tag-multi-4-puzzles-ultimate-spider-man-50-80-100-150-fr","15":"product_tag-spiderman-fr","16":"product_tag-tv-fr","17":"product_tag-ultimate-spider-man-fr","19":"first","20":"instock","21":"shipping-taxable","22":"product-type-simple"},"acf":[],"yoast_head":"<!-- This site is optimized with the Yoast SEO plugin v27.1.1 - https:\/\/yoast.com\/product\/yoast-seo-wordpress\/ -->\n<title>Multi 4 In 1 Spider-Man - Educa Borras<\/title>\n<meta name=\"robots\" content=\"index, follow, max-snippet:-1, max-image-preview:large, max-video-preview:-1\" \/>\n<link rel=\"canonical\" href=\"https:\/\/www.educaborras.com\/fr\/produit\/18102-fr\/\" \/>\n<script type=\"application\/ld+json\" class=\"yoast-schema-graph\">{\"@context\":\"https:\/\/schema.org\",\"@graph\":[{\"@type\":\"WebPage\",\"@id\":\"https:\/\/www.educaborras.com\/fr\/produit\/18102-fr\/\",\"url\":\"https:\/\/www.educaborras.com\/fr\/produit\/18102-fr\/\",\"name\":\"Multi 4 In 1 Spider-Man - Educa Borras\",\"isPartOf\":{\"@id\":\"https:\/\/www.educaborras.com\/fr\/#website\"},\"primaryImageOfPage\":{\"@id\":\"https:\/\/www.educaborras.com\/fr\/produit\/18102-fr\/#primaryimage\"},\"image\":{\"@id\":\"https:\/\/www.educaborras.com\/fr\/produit\/18102-fr\/#primaryimage\"},\"thumbnailUrl\":\"https:\/\/www.educaborras.com\/wp-content\/uploads\/18102_01_med-18.jpg\",\"datePublished\":\"2025-06-05T09:17:51+00:00\",\"dateModified\":\"2026-05-03T01:17:02+00:00\",\"breadcrumb\":{\"@id\":\"https:\/\/www.educaborras.com\/fr\/produit\/18102-fr\/#breadcrumb\"},\"inLanguage\":\"fr-FR\",\"potentialAction\":[{\"@type\":\"ReadAction\",\"target\":[\"https:\/\/www.educaborras.com\/fr\/produit\/18102-fr\/\"]}]},{\"@type\":\"ImageObject\",\"inLanguage\":\"fr-FR\",\"@id\":\"https:\/\/www.educaborras.com\/fr\/produit\/18102-fr\/#primaryimage\",\"url\":\"https:\/\/www.educaborras.com\/wp-content\/uploads\/18102_01_med-18.jpg\",\"contentUrl\":\"https:\/\/www.educaborras.com\/wp-content\/uploads\/18102_01_med-18.jpg\"},{\"@type\":\"BreadcrumbList\",\"@id\":\"https:\/\/www.educaborras.com\/fr\/produit\/18102-fr\/#breadcrumb\",\"itemListElement\":[{\"@type\":\"ListItem\",\"position\":1,\"name\":\"Portada\",\"item\":\"https:\/\/www.educaborras.com\/fr\/\"},{\"@type\":\"ListItem\",\"position\":2,\"name\":\"Produits\",\"item\":\"https:\/\/www.educaborras.com\/fr\/shop\/\"},{\"@type\":\"ListItem\",\"position\":3,\"name\":\"Multi 4 In 1 Spider-Man\"}]},{\"@type\":\"WebSite\",\"@id\":\"https:\/\/www.educaborras.com\/fr\/#website\",\"url\":\"https:\/\/www.educaborras.com\/fr\/\",\"name\":\"Educa Borras\",\"description\":\"\",\"publisher\":{\"@id\":\"https:\/\/www.educaborras.com\/fr\/#organization\"},\"potentialAction\":[{\"@type\":\"SearchAction\",\"target\":{\"@type\":\"EntryPoint\",\"urlTemplate\":\"https:\/\/www.educaborras.com\/fr\/?s={search_term_string}\"},\"query-input\":{\"@type\":\"PropertyValueSpecification\",\"valueRequired\":true,\"valueName\":\"search_term_string\"}}],\"inLanguage\":\"fr-FR\"},{\"@type\":\"Organization\",\"@id\":\"https:\/\/www.educaborras.com\/fr\/#organization\",\"name\":\"Educa Borras\",\"url\":\"https:\/\/www.educaborras.com\/fr\/\",\"logo\":{\"@type\":\"ImageObject\",\"inLanguage\":\"fr-FR\",\"@id\":\"https:\/\/www.educaborras.com\/fr\/#\/schema\/logo\/image\/\",\"url\":\"https:\/\/www.educaborras.com\/wp-content\/uploads\/cropped-LOGOS-EDUCA-BORRAS_retina.png\",\"contentUrl\":\"https:\/\/www.educaborras.com\/wp-content\/uploads\/cropped-LOGOS-EDUCA-BORRAS_retina.png\",\"caption\":\"Educa Borras\"},\"image\":{\"@id\":\"https:\/\/www.educaborras.com\/fr\/#\/schema\/logo\/image\/\"}}]}<\/script>\n<!-- \/ Yoast SEO plugin. -->","yoast_head_json":{"title":"Multi 4 In 1 Spider-Man - Educa Borras","robots":{"index":"index","follow":"follow","max-snippet":"max-snippet:-1","max-image-preview":"max-image-preview:large","max-video-preview":"max-video-preview:-1"},"canonical":"https:\/\/www.educaborras.com\/fr\/produit\/18102-fr\/","schema":{"@context":"https:\/\/schema.org","@graph":[{"@type":"WebPage","@id":"https:\/\/www.educaborras.com\/fr\/produit\/18102-fr\/","url":"https:\/\/www.educaborras.com\/fr\/produit\/18102-fr\/","name":"Multi 4 In 1 Spider-Man - Educa Borras","isPartOf":{"@id":"https:\/\/www.educaborras.com\/fr\/#website"},"primaryImageOfPage":{"@id":"https:\/\/www.educaborras.com\/fr\/produit\/18102-fr\/#primaryimage"},"image":{"@id":"https:\/\/www.educaborras.com\/fr\/produit\/18102-fr\/#primaryimage"},"thumbnailUrl":"https:\/\/www.educaborras.com\/wp-content\/uploads\/18102_01_med-18.jpg","datePublished":"2025-06-05T09:17:51+00:00","dateModified":"2026-05-03T01:17:02+00:00","breadcrumb":{"@id":"https:\/\/www.educaborras.com\/fr\/produit\/18102-fr\/#breadcrumb"},"inLanguage":"fr-FR","potentialAction":[{"@type":"ReadAction","target":["https:\/\/www.educaborras.com\/fr\/produit\/18102-fr\/"]}]},{"@type":"ImageObject","inLanguage":"fr-FR","@id":"https:\/\/www.educaborras.com\/fr\/produit\/18102-fr\/#primaryimage","url":"https:\/\/www.educaborras.com\/wp-content\/uploads\/18102_01_med-18.jpg","contentUrl":"https:\/\/www.educaborras.com\/wp-content\/uploads\/18102_01_med-18.jpg"},{"@type":"BreadcrumbList","@id":"https:\/\/www.educaborras.com\/fr\/produit\/18102-fr\/#breadcrumb","itemListElement":[{"@type":"ListItem","position":1,"name":"Portada","item":"https:\/\/www.educaborras.com\/fr\/"},{"@type":"ListItem","position":2,"name":"Produits","item":"https:\/\/www.educaborras.com\/fr\/shop\/"},{"@type":"ListItem","position":3,"name":"Multi 4 In 1 Spider-Man"}]},{"@type":"WebSite","@id":"https:\/\/www.educaborras.com\/fr\/#website","url":"https:\/\/www.educaborras.com\/fr\/","name":"Educa Borras","description":"","publisher":{"@id":"https:\/\/www.educaborras.com\/fr\/#organization"},"potentialAction":[{"@type":"SearchAction","target":{"@type":"EntryPoint","urlTemplate":"https:\/\/www.educaborras.com\/fr\/?s={search_term_string}"},"query-input":{"@type":"PropertyValueSpecification","valueRequired":true,"valueName":"search_term_string"}}],"inLanguage":"fr-FR"},{"@type":"Organization","@id":"https:\/\/www.educaborras.com\/fr\/#organization","name":"Educa Borras","url":"https:\/\/www.educaborras.com\/fr\/","logo":{"@type":"ImageObject","inLanguage":"fr-FR","@id":"https:\/\/www.educaborras.com\/fr\/#\/schema\/logo\/image\/","url":"https:\/\/www.educaborras.com\/wp-content\/uploads\/cropped-LOGOS-EDUCA-BORRAS_retina.png","contentUrl":"https:\/\/www.educaborras.com\/wp-content\/uploads\/cropped-LOGOS-EDUCA-BORRAS_retina.png","caption":"Educa Borras"},"image":{"@id":"https:\/\/www.educaborras.com\/fr\/#\/schema\/logo\/image\/"}}]}},"_links":{"self":[{"href":"https:\/\/www.educaborras.com\/fr\/wp-json\/wp\/v2\/product\/249605","targetHints":{"allow":["GET"]}}],"collection":[{"href":"https:\/\/www.educaborras.com\/fr\/wp-json\/wp\/v2\/product"}],"about":[{"href":"https:\/\/www.educaborras.com\/fr\/wp-json\/wp\/v2\/types\/product"}],"wp:featuredmedia":[{"embeddable":true,"href":"https:\/\/www.educaborras.com\/fr\/wp-json\/wp\/v2\/media\/166910"}],"wp:attachment":[{"href":"https:\/\/www.educaborras.com\/fr\/wp-json\/wp\/v2\/media?parent=249605"}],"wp:term":[{"taxonomy":"product_brand","embeddable":true,"href":"https:\/\/www.educaborras.com\/fr\/wp-json\/wp\/v2\/product_brand?post=249605"},{"taxonomy":"product_cat","embeddable":true,"href":"https:\/\/www.educaborras.com\/fr\/wp-json\/wp\/v2\/product_cat?post=249605"},{"taxonomy":"product_tag","embeddable":true,"href":"https:\/\/www.educaborras.com\/fr\/wp-json\/wp\/v2\/product_tag?post=249605"}],"curies":[{"name":"wp","href":"https:\/\/api.w.org\/{rel}","templated":true}]}}