{"id":249589,"date":"2025-06-05T11:17:54","date_gmt":"2025-06-05T09:17:54","guid":{"rendered":"https:\/\/www.educaborras.com\/product\/18905\/"},"modified":"2026-04-20T03:56:56","modified_gmt":"2026-04-20T01:56:56","slug":"18905-fr","status":"publish","type":"product","link":"https:\/\/www.educaborras.com\/fr\/produit\/18905-fr\/","title":{"rendered":"4 in a Box Puzzles. Monde de la Fantaisie 20+40+60+80"},"content":{"rendered":"<p>Chaque bo\u00eete de puzzles progressifs contient 4 puzzles compos\u00e9s d\u2019un nombre variable de pi\u00e8ces (de 20 \u00e0 80) pour que les enfants passent progressivement d\u2019un niveau de difficult\u00e9 au suivant au fur et \u00e0 mesure qu\u2019ils grandissent et gagnent en habilet\u00e9. Dimensions des puzzles assembl\u00e9s : 28 x 20 cm. Th\u00e8me: Fantasy<\/p>\n","protected":false},"excerpt":{"rendered":"<p>4 puzzles pr\u00e9sentant diff\u00e9rents niveaux de difficult\u00e9, de 20 \u00e0 80 pcs. Th\u00e8me: Fantasy<\/p>\n","protected":false},"featured_media":166930,"template":"","meta":{"_acf_changed":false},"product_brand":[],"product_cat":[73537],"product_tag":[90871,90772,90872,90873,90875,90876,90877,90878,74204,74205,74206,90779,74208,74210,74211,90295,75657,74054,90780,90781,90879,90880,90784,90785,90881,90882,76547,90786,90787,74216,90788,90789,90790,90791,81446,74348,83641],"class_list":{"0":"post-249589","1":"product","2":"type-product","3":"status-publish","4":"has-post-thumbnail","6":"product_cat-puzzles-progressifs","7":"product_tag-18905-fr","8":"product_tag-20-40-60-80-fr","9":"product_tag-4-in-a-box-puzzles-fantasy-world-20-40-60-80-fr","10":"product_tag-4-in-a-box-puzzles-mon-de-fantasia-20-40-60-80-fr","11":"product_tag-4-in-a-box-puzzles-monde-de-la-fantaisie-20-40-60-80-fr-2","12":"product_tag-4-in-a-box-puzzles-mundo-da-fantasia-20-40-60-80-fr","13":"product_tag-4-in-a-box-puzzles-mundo-de-fantasia-20-40-60-80-fr","14":"product_tag-4-in-a-box-puzzles-welt-der-phantasie-20-40-60-80-fr","15":"product_tag-educa-fr","16":"product_tag-educa-borras-fr","17":"product_tag-educa-borras-puzzle-fr","18":"product_tag-educa-junior-fr","19":"product_tag-educa-puzzle-fr","20":"product_tag-educa-puzzle-passion-fr","21":"product_tag-educa-puzzles-fr","22":"product_tag-multi-4-puzzles-fr","23":"product_tag-puzle-fr","24":"product_tag-puzzle-fr","25":"product_tag-puzzle-educa-ninos-fr","26":"product_tag-puzzle-infantil-fr","27":"product_tag-puzzle-infantil-fantasia-fr","28":"product_tag-puzzle-infantil-hadas-fr","29":"product_tag-puzzle-infantil-nina-fr","30":"product_tag-puzzle-infantil-nino-fr","31":"product_tag-puzzle-infantil-sirenas-fr","32":"product_tag-puzzle-infantil-unicornios-fr","33":"product_tag-puzzle-junior-fr","34":"product_tag-puzzle-ninos-fr","35":"product_tag-puzzle-para-ninos-fr","36":"product_tag-puzzle-passion-fr","37":"product_tag-puzzles-4-anos-fr","38":"product_tag-puzzles-5-anos-fr","39":"product_tag-puzzles-6-anos-fr","40":"product_tag-puzzles-infantiles-fr","41":"product_tag-puzzles-progresivos-fr","42":"product_tag-rompecabezas-fr","43":"product_tag-rompecabezas-educa-fr","45":"first","46":"instock","47":"shipping-taxable","48":"product-type-simple"},"acf":[],"yoast_head":"<!-- This site is optimized with the Yoast SEO plugin v27.1.1 - https:\/\/yoast.com\/product\/yoast-seo-wordpress\/ -->\n<title>4 in a Box Puzzles. Monde de la Fantaisie 20+40+60+80 - Educa Borras<\/title>\n<meta name=\"robots\" content=\"index, follow, max-snippet:-1, max-image-preview:large, max-video-preview:-1\" \/>\n<link rel=\"canonical\" href=\"https:\/\/www.educaborras.com\/fr\/produit\/18905-fr\/\" \/>\n<script type=\"application\/ld+json\" class=\"yoast-schema-graph\">{\"@context\":\"https:\/\/schema.org\",\"@graph\":[{\"@type\":\"WebPage\",\"@id\":\"https:\/\/www.educaborras.com\/fr\/produit\/18905-fr\/\",\"url\":\"https:\/\/www.educaborras.com\/fr\/produit\/18905-fr\/\",\"name\":\"4 in a Box Puzzles. Monde de la Fantaisie 20+40+60+80 - Educa Borras\",\"isPartOf\":{\"@id\":\"https:\/\/www.educaborras.com\/fr\/#website\"},\"primaryImageOfPage\":{\"@id\":\"https:\/\/www.educaborras.com\/fr\/produit\/18905-fr\/#primaryimage\"},\"image\":{\"@id\":\"https:\/\/www.educaborras.com\/fr\/produit\/18905-fr\/#primaryimage\"},\"thumbnailUrl\":\"https:\/\/www.educaborras.com\/wp-content\/uploads\/18905_01_high-13.jpg\",\"datePublished\":\"2025-06-05T09:17:54+00:00\",\"dateModified\":\"2026-04-20T01:56:56+00:00\",\"breadcrumb\":{\"@id\":\"https:\/\/www.educaborras.com\/fr\/produit\/18905-fr\/#breadcrumb\"},\"inLanguage\":\"fr-FR\",\"potentialAction\":[{\"@type\":\"ReadAction\",\"target\":[\"https:\/\/www.educaborras.com\/fr\/produit\/18905-fr\/\"]}]},{\"@type\":\"ImageObject\",\"inLanguage\":\"fr-FR\",\"@id\":\"https:\/\/www.educaborras.com\/fr\/produit\/18905-fr\/#primaryimage\",\"url\":\"https:\/\/www.educaborras.com\/wp-content\/uploads\/18905_01_high-13.jpg\",\"contentUrl\":\"https:\/\/www.educaborras.com\/wp-content\/uploads\/18905_01_high-13.jpg\"},{\"@type\":\"BreadcrumbList\",\"@id\":\"https:\/\/www.educaborras.com\/fr\/produit\/18905-fr\/#breadcrumb\",\"itemListElement\":[{\"@type\":\"ListItem\",\"position\":1,\"name\":\"Portada\",\"item\":\"https:\/\/www.educaborras.com\/fr\/\"},{\"@type\":\"ListItem\",\"position\":2,\"name\":\"Produits\",\"item\":\"https:\/\/www.educaborras.com\/fr\/shop\/\"},{\"@type\":\"ListItem\",\"position\":3,\"name\":\"4 in a Box Puzzles. Monde de la Fantaisie 20+40+60+80\"}]},{\"@type\":\"WebSite\",\"@id\":\"https:\/\/www.educaborras.com\/fr\/#website\",\"url\":\"https:\/\/www.educaborras.com\/fr\/\",\"name\":\"Educa Borras\",\"description\":\"\",\"publisher\":{\"@id\":\"https:\/\/www.educaborras.com\/fr\/#organization\"},\"potentialAction\":[{\"@type\":\"SearchAction\",\"target\":{\"@type\":\"EntryPoint\",\"urlTemplate\":\"https:\/\/www.educaborras.com\/fr\/?s={search_term_string}\"},\"query-input\":{\"@type\":\"PropertyValueSpecification\",\"valueRequired\":true,\"valueName\":\"search_term_string\"}}],\"inLanguage\":\"fr-FR\"},{\"@type\":\"Organization\",\"@id\":\"https:\/\/www.educaborras.com\/fr\/#organization\",\"name\":\"Educa Borras\",\"url\":\"https:\/\/www.educaborras.com\/fr\/\",\"logo\":{\"@type\":\"ImageObject\",\"inLanguage\":\"fr-FR\",\"@id\":\"https:\/\/www.educaborras.com\/fr\/#\/schema\/logo\/image\/\",\"url\":\"https:\/\/www.educaborras.com\/wp-content\/uploads\/cropped-LOGOS-EDUCA-BORRAS_retina.png\",\"contentUrl\":\"https:\/\/www.educaborras.com\/wp-content\/uploads\/cropped-LOGOS-EDUCA-BORRAS_retina.png\",\"caption\":\"Educa Borras\"},\"image\":{\"@id\":\"https:\/\/www.educaborras.com\/fr\/#\/schema\/logo\/image\/\"}}]}<\/script>\n<!-- \/ Yoast SEO plugin. -->","yoast_head_json":{"title":"4 in a Box Puzzles. Monde de la Fantaisie 20+40+60+80 - Educa Borras","robots":{"index":"index","follow":"follow","max-snippet":"max-snippet:-1","max-image-preview":"max-image-preview:large","max-video-preview":"max-video-preview:-1"},"canonical":"https:\/\/www.educaborras.com\/fr\/produit\/18905-fr\/","schema":{"@context":"https:\/\/schema.org","@graph":[{"@type":"WebPage","@id":"https:\/\/www.educaborras.com\/fr\/produit\/18905-fr\/","url":"https:\/\/www.educaborras.com\/fr\/produit\/18905-fr\/","name":"4 in a Box Puzzles. Monde de la Fantaisie 20+40+60+80 - Educa Borras","isPartOf":{"@id":"https:\/\/www.educaborras.com\/fr\/#website"},"primaryImageOfPage":{"@id":"https:\/\/www.educaborras.com\/fr\/produit\/18905-fr\/#primaryimage"},"image":{"@id":"https:\/\/www.educaborras.com\/fr\/produit\/18905-fr\/#primaryimage"},"thumbnailUrl":"https:\/\/www.educaborras.com\/wp-content\/uploads\/18905_01_high-13.jpg","datePublished":"2025-06-05T09:17:54+00:00","dateModified":"2026-04-20T01:56:56+00:00","breadcrumb":{"@id":"https:\/\/www.educaborras.com\/fr\/produit\/18905-fr\/#breadcrumb"},"inLanguage":"fr-FR","potentialAction":[{"@type":"ReadAction","target":["https:\/\/www.educaborras.com\/fr\/produit\/18905-fr\/"]}]},{"@type":"ImageObject","inLanguage":"fr-FR","@id":"https:\/\/www.educaborras.com\/fr\/produit\/18905-fr\/#primaryimage","url":"https:\/\/www.educaborras.com\/wp-content\/uploads\/18905_01_high-13.jpg","contentUrl":"https:\/\/www.educaborras.com\/wp-content\/uploads\/18905_01_high-13.jpg"},{"@type":"BreadcrumbList","@id":"https:\/\/www.educaborras.com\/fr\/produit\/18905-fr\/#breadcrumb","itemListElement":[{"@type":"ListItem","position":1,"name":"Portada","item":"https:\/\/www.educaborras.com\/fr\/"},{"@type":"ListItem","position":2,"name":"Produits","item":"https:\/\/www.educaborras.com\/fr\/shop\/"},{"@type":"ListItem","position":3,"name":"4 in a Box Puzzles. Monde de la Fantaisie 20+40+60+80"}]},{"@type":"WebSite","@id":"https:\/\/www.educaborras.com\/fr\/#website","url":"https:\/\/www.educaborras.com\/fr\/","name":"Educa Borras","description":"","publisher":{"@id":"https:\/\/www.educaborras.com\/fr\/#organization"},"potentialAction":[{"@type":"SearchAction","target":{"@type":"EntryPoint","urlTemplate":"https:\/\/www.educaborras.com\/fr\/?s={search_term_string}"},"query-input":{"@type":"PropertyValueSpecification","valueRequired":true,"valueName":"search_term_string"}}],"inLanguage":"fr-FR"},{"@type":"Organization","@id":"https:\/\/www.educaborras.com\/fr\/#organization","name":"Educa Borras","url":"https:\/\/www.educaborras.com\/fr\/","logo":{"@type":"ImageObject","inLanguage":"fr-FR","@id":"https:\/\/www.educaborras.com\/fr\/#\/schema\/logo\/image\/","url":"https:\/\/www.educaborras.com\/wp-content\/uploads\/cropped-LOGOS-EDUCA-BORRAS_retina.png","contentUrl":"https:\/\/www.educaborras.com\/wp-content\/uploads\/cropped-LOGOS-EDUCA-BORRAS_retina.png","caption":"Educa Borras"},"image":{"@id":"https:\/\/www.educaborras.com\/fr\/#\/schema\/logo\/image\/"}}]}},"_links":{"self":[{"href":"https:\/\/www.educaborras.com\/fr\/wp-json\/wp\/v2\/product\/249589","targetHints":{"allow":["GET"]}}],"collection":[{"href":"https:\/\/www.educaborras.com\/fr\/wp-json\/wp\/v2\/product"}],"about":[{"href":"https:\/\/www.educaborras.com\/fr\/wp-json\/wp\/v2\/types\/product"}],"wp:featuredmedia":[{"embeddable":true,"href":"https:\/\/www.educaborras.com\/fr\/wp-json\/wp\/v2\/media\/166930"}],"wp:attachment":[{"href":"https:\/\/www.educaborras.com\/fr\/wp-json\/wp\/v2\/media?parent=249589"}],"wp:term":[{"taxonomy":"product_brand","embeddable":true,"href":"https:\/\/www.educaborras.com\/fr\/wp-json\/wp\/v2\/product_brand?post=249589"},{"taxonomy":"product_cat","embeddable":true,"href":"https:\/\/www.educaborras.com\/fr\/wp-json\/wp\/v2\/product_cat?post=249589"},{"taxonomy":"product_tag","embeddable":true,"href":"https:\/\/www.educaborras.com\/fr\/wp-json\/wp\/v2\/product_tag?post=249589"}],"curies":[{"name":"wp","href":"https:\/\/api.w.org\/{rel}","templated":true}]}}