{"id":249577,"date":"2025-06-05T11:17:58","date_gmt":"2025-06-05T09:17:58","guid":{"rendered":"https:\/\/www.educaborras.com\/product\/19295\/"},"modified":"2026-04-20T03:57:02","modified_gmt":"2026-04-20T01:57:02","slug":"19295-fr","status":"publish","type":"product","link":"https:\/\/www.educaborras.com\/fr\/produit\/19295-fr\/","title":{"rendered":"Puzzles Progr\u00e9ssifs Spidey &amp; His Amazing Friends 12+16+20+25"},"content":{"rendered":"<p>De nouveaux puzzles tr\u00e8s attractifs qui viennent s\u2019adjoindre \u00e0 la collection Progressive Puzzles pour enfants d\u2019Educa\u00ae. Une fa\u00e7on amusante pour les plus petits d\u2019apprendre \u00e0 assembler des puzzles pr\u00e9sentant diff\u00e9rents niveaux de difficult\u00e9. Chaque bo\u00eete de puzzles progressifs contient 4 puzzles compos\u00e9s d\u2019un nombre variable de pi\u00e8ces (de 12 \u00e0 25) pour que les enfants passent progressivement d\u2019un niveau de difficult\u00e9 au suivant au fur et \u00e0 mesure qu\u2019ils grandissent et gagnent en habilet\u00e9.<\/p>\n","protected":false},"excerpt":{"rendered":"<p>De nouveaux puzzles tr\u00e8s attractifs qui viennent s\u2019adjoindre \u00e0 la collection Progressive Puzzles pour enfants d\u2019Educa\u00ae. Une fa\u00e7on amusante pour les plus petits d\u2019apprendre \u00e0 assembler des puzzles pr\u00e9sentant diff\u00e9rents niveaux de difficult\u00e9.<\/p>\n","protected":false},"featured_media":166965,"template":"","meta":{"_acf_changed":false},"product_brand":[],"product_cat":[73537],"product_tag":[79875,83411,76468,77834,76472,76473],"class_list":{"0":"post-249577","1":"product","2":"type-product","3":"status-publish","4":"has-post-thumbnail","6":"product_cat-puzzles-progressifs","7":"product_tag-12-16-20-25-fr","8":"product_tag-19295-fr","9":"product_tag-progresivos-fr","10":"product_tag-progressifs-fr","11":"product_tag-puzzle-progresivo-fr","12":"product_tag-puzzles-progressive-fr","14":"first","15":"instock","16":"shipping-taxable","17":"product-type-simple"},"acf":[],"yoast_head":"<!-- This site is optimized with the Yoast SEO plugin v27.1.1 - https:\/\/yoast.com\/product\/yoast-seo-wordpress\/ -->\n<title>Puzzles Progr\u00e9ssifs Spidey &amp; His Amazing Friends 12+16+20+25 - Educa Borras<\/title>\n<meta name=\"robots\" content=\"index, follow, max-snippet:-1, max-image-preview:large, max-video-preview:-1\" \/>\n<link rel=\"canonical\" href=\"https:\/\/www.educaborras.com\/fr\/produit\/19295-fr\/\" \/>\n<script type=\"application\/ld+json\" class=\"yoast-schema-graph\">{\"@context\":\"https:\/\/schema.org\",\"@graph\":[{\"@type\":\"WebPage\",\"@id\":\"https:\/\/www.educaborras.com\/fr\/produit\/19295-fr\/\",\"url\":\"https:\/\/www.educaborras.com\/fr\/produit\/19295-fr\/\",\"name\":\"Puzzles Progr\u00e9ssifs Spidey &amp; His Amazing Friends 12+16+20+25 - Educa Borras\",\"isPartOf\":{\"@id\":\"https:\/\/www.educaborras.com\/fr\/#website\"},\"primaryImageOfPage\":{\"@id\":\"https:\/\/www.educaborras.com\/fr\/produit\/19295-fr\/#primaryimage\"},\"image\":{\"@id\":\"https:\/\/www.educaborras.com\/fr\/produit\/19295-fr\/#primaryimage\"},\"thumbnailUrl\":\"https:\/\/www.educaborras.com\/wp-content\/uploads\/19295_01_high-12.jpg\",\"datePublished\":\"2025-06-05T09:17:58+00:00\",\"dateModified\":\"2026-04-20T01:57:02+00:00\",\"breadcrumb\":{\"@id\":\"https:\/\/www.educaborras.com\/fr\/produit\/19295-fr\/#breadcrumb\"},\"inLanguage\":\"fr-FR\",\"potentialAction\":[{\"@type\":\"ReadAction\",\"target\":[\"https:\/\/www.educaborras.com\/fr\/produit\/19295-fr\/\"]}]},{\"@type\":\"ImageObject\",\"inLanguage\":\"fr-FR\",\"@id\":\"https:\/\/www.educaborras.com\/fr\/produit\/19295-fr\/#primaryimage\",\"url\":\"https:\/\/www.educaborras.com\/wp-content\/uploads\/19295_01_high-12.jpg\",\"contentUrl\":\"https:\/\/www.educaborras.com\/wp-content\/uploads\/19295_01_high-12.jpg\"},{\"@type\":\"BreadcrumbList\",\"@id\":\"https:\/\/www.educaborras.com\/fr\/produit\/19295-fr\/#breadcrumb\",\"itemListElement\":[{\"@type\":\"ListItem\",\"position\":1,\"name\":\"Portada\",\"item\":\"https:\/\/www.educaborras.com\/fr\/\"},{\"@type\":\"ListItem\",\"position\":2,\"name\":\"Produits\",\"item\":\"https:\/\/www.educaborras.com\/fr\/shop\/\"},{\"@type\":\"ListItem\",\"position\":3,\"name\":\"Puzzles Progr\u00e9ssifs Spidey &amp; His Amazing Friends 12+16+20+25\"}]},{\"@type\":\"WebSite\",\"@id\":\"https:\/\/www.educaborras.com\/fr\/#website\",\"url\":\"https:\/\/www.educaborras.com\/fr\/\",\"name\":\"Educa Borras\",\"description\":\"\",\"publisher\":{\"@id\":\"https:\/\/www.educaborras.com\/fr\/#organization\"},\"potentialAction\":[{\"@type\":\"SearchAction\",\"target\":{\"@type\":\"EntryPoint\",\"urlTemplate\":\"https:\/\/www.educaborras.com\/fr\/?s={search_term_string}\"},\"query-input\":{\"@type\":\"PropertyValueSpecification\",\"valueRequired\":true,\"valueName\":\"search_term_string\"}}],\"inLanguage\":\"fr-FR\"},{\"@type\":\"Organization\",\"@id\":\"https:\/\/www.educaborras.com\/fr\/#organization\",\"name\":\"Educa Borras\",\"url\":\"https:\/\/www.educaborras.com\/fr\/\",\"logo\":{\"@type\":\"ImageObject\",\"inLanguage\":\"fr-FR\",\"@id\":\"https:\/\/www.educaborras.com\/fr\/#\/schema\/logo\/image\/\",\"url\":\"https:\/\/www.educaborras.com\/wp-content\/uploads\/cropped-LOGOS-EDUCA-BORRAS_retina.png\",\"contentUrl\":\"https:\/\/www.educaborras.com\/wp-content\/uploads\/cropped-LOGOS-EDUCA-BORRAS_retina.png\",\"caption\":\"Educa Borras\"},\"image\":{\"@id\":\"https:\/\/www.educaborras.com\/fr\/#\/schema\/logo\/image\/\"}}]}<\/script>\n<!-- \/ Yoast SEO plugin. -->","yoast_head_json":{"title":"Puzzles Progr\u00e9ssifs Spidey &amp; His Amazing Friends 12+16+20+25 - Educa Borras","robots":{"index":"index","follow":"follow","max-snippet":"max-snippet:-1","max-image-preview":"max-image-preview:large","max-video-preview":"max-video-preview:-1"},"canonical":"https:\/\/www.educaborras.com\/fr\/produit\/19295-fr\/","schema":{"@context":"https:\/\/schema.org","@graph":[{"@type":"WebPage","@id":"https:\/\/www.educaborras.com\/fr\/produit\/19295-fr\/","url":"https:\/\/www.educaborras.com\/fr\/produit\/19295-fr\/","name":"Puzzles Progr\u00e9ssifs Spidey &amp; His Amazing Friends 12+16+20+25 - Educa Borras","isPartOf":{"@id":"https:\/\/www.educaborras.com\/fr\/#website"},"primaryImageOfPage":{"@id":"https:\/\/www.educaborras.com\/fr\/produit\/19295-fr\/#primaryimage"},"image":{"@id":"https:\/\/www.educaborras.com\/fr\/produit\/19295-fr\/#primaryimage"},"thumbnailUrl":"https:\/\/www.educaborras.com\/wp-content\/uploads\/19295_01_high-12.jpg","datePublished":"2025-06-05T09:17:58+00:00","dateModified":"2026-04-20T01:57:02+00:00","breadcrumb":{"@id":"https:\/\/www.educaborras.com\/fr\/produit\/19295-fr\/#breadcrumb"},"inLanguage":"fr-FR","potentialAction":[{"@type":"ReadAction","target":["https:\/\/www.educaborras.com\/fr\/produit\/19295-fr\/"]}]},{"@type":"ImageObject","inLanguage":"fr-FR","@id":"https:\/\/www.educaborras.com\/fr\/produit\/19295-fr\/#primaryimage","url":"https:\/\/www.educaborras.com\/wp-content\/uploads\/19295_01_high-12.jpg","contentUrl":"https:\/\/www.educaborras.com\/wp-content\/uploads\/19295_01_high-12.jpg"},{"@type":"BreadcrumbList","@id":"https:\/\/www.educaborras.com\/fr\/produit\/19295-fr\/#breadcrumb","itemListElement":[{"@type":"ListItem","position":1,"name":"Portada","item":"https:\/\/www.educaborras.com\/fr\/"},{"@type":"ListItem","position":2,"name":"Produits","item":"https:\/\/www.educaborras.com\/fr\/shop\/"},{"@type":"ListItem","position":3,"name":"Puzzles Progr\u00e9ssifs Spidey &amp; His Amazing Friends 12+16+20+25"}]},{"@type":"WebSite","@id":"https:\/\/www.educaborras.com\/fr\/#website","url":"https:\/\/www.educaborras.com\/fr\/","name":"Educa Borras","description":"","publisher":{"@id":"https:\/\/www.educaborras.com\/fr\/#organization"},"potentialAction":[{"@type":"SearchAction","target":{"@type":"EntryPoint","urlTemplate":"https:\/\/www.educaborras.com\/fr\/?s={search_term_string}"},"query-input":{"@type":"PropertyValueSpecification","valueRequired":true,"valueName":"search_term_string"}}],"inLanguage":"fr-FR"},{"@type":"Organization","@id":"https:\/\/www.educaborras.com\/fr\/#organization","name":"Educa Borras","url":"https:\/\/www.educaborras.com\/fr\/","logo":{"@type":"ImageObject","inLanguage":"fr-FR","@id":"https:\/\/www.educaborras.com\/fr\/#\/schema\/logo\/image\/","url":"https:\/\/www.educaborras.com\/wp-content\/uploads\/cropped-LOGOS-EDUCA-BORRAS_retina.png","contentUrl":"https:\/\/www.educaborras.com\/wp-content\/uploads\/cropped-LOGOS-EDUCA-BORRAS_retina.png","caption":"Educa Borras"},"image":{"@id":"https:\/\/www.educaborras.com\/fr\/#\/schema\/logo\/image\/"}}]}},"_links":{"self":[{"href":"https:\/\/www.educaborras.com\/fr\/wp-json\/wp\/v2\/product\/249577","targetHints":{"allow":["GET"]}}],"collection":[{"href":"https:\/\/www.educaborras.com\/fr\/wp-json\/wp\/v2\/product"}],"about":[{"href":"https:\/\/www.educaborras.com\/fr\/wp-json\/wp\/v2\/types\/product"}],"wp:featuredmedia":[{"embeddable":true,"href":"https:\/\/www.educaborras.com\/fr\/wp-json\/wp\/v2\/media\/166965"}],"wp:attachment":[{"href":"https:\/\/www.educaborras.com\/fr\/wp-json\/wp\/v2\/media?parent=249577"}],"wp:term":[{"taxonomy":"product_brand","embeddable":true,"href":"https:\/\/www.educaborras.com\/fr\/wp-json\/wp\/v2\/product_brand?post=249577"},{"taxonomy":"product_cat","embeddable":true,"href":"https:\/\/www.educaborras.com\/fr\/wp-json\/wp\/v2\/product_cat?post=249577"},{"taxonomy":"product_tag","embeddable":true,"href":"https:\/\/www.educaborras.com\/fr\/wp-json\/wp\/v2\/product_tag?post=249577"}],"curies":[{"name":"wp","href":"https:\/\/api.w.org\/{rel}","templated":true}]}}