{"id":249545,"date":"2025-06-05T11:18:20","date_gmt":"2025-06-05T09:18:20","guid":{"rendered":"https:\/\/www.educaborras.com\/product\/19830\/"},"modified":"2026-04-30T02:57:44","modified_gmt":"2026-04-30T00:57:44","slug":"19830-fr","status":"publish","type":"product","link":"https:\/\/www.educaborras.com\/fr\/produit\/19830-fr\/","title":{"rendered":"Malette Puzzles Progr\u00e9ssifs Bluey 12+16+20+25"},"content":{"rendered":"<p>Une malette qui contient 4 puzzles pr\u00e9sentant diff\u00e9rents niveaux de difficult\u00e9 progressifs. Chaque malette de puzzles progressifs contient 4 puzzles compos\u00e9s d\u2019un nombre variable de pi\u00e8ces (de 12 \u00e0 25 pcs) pour que les enfants passent progressivement d\u2019un niveau de difficult\u00e9 au suivant au fur et \u00e0 mesure qu\u2019ils grandissent et gagnent en habilet\u00e9. rangez les puzzles facilement et emmenez-les o\u00f7 vous voulez. Dimensions des puzzles assembl\u00e9s : 16 x 16 cm. Educa\u00ae vous propose une vaste collection de puzzles pour enfants de grande qualit\u00e9, de 2 \u00e0 400 pi\u00e8ces, repr\u00e9sentant les images et les personnages les plus amusants pour tous les \u00e2ges.<\/p>\n","protected":false},"excerpt":{"rendered":"<p>Une malette qui contient 4 puzzles pr\u00e9sentant diff\u00e9rents niveaux de difficult\u00e9 progressifs (de 12 \u00e0 25 pcs). Dimensions des puzzles assembl\u00e9s : 16 x 16 cm.<\/p>\n","protected":false},"featured_media":167105,"template":"","meta":{"_acf_changed":false},"product_brand":[],"product_cat":[73537],"product_tag":[86750,101022,98566,73974,98567,73972,73973,98570,79980,78729,75587,75527,73976,98575,74521,74560,98578,73975,73978,98579,77508,77548,100728,86753,74437,74495,76439,76468,77509,77554,75657,73994,73995,74054,86752,100729,100730,86751,98582,73977],"class_list":{"0":"post-249545","1":"product","2":"type-product","3":"status-publish","4":"has-post-thumbnail","6":"product_cat-puzzles-progressifs","7":"product_tag-86750","8":"product_tag-19830-fr","9":"product_tag-bandit-fr","10":"product_tag-bandit","11":"product_tag-bingo-fr","12":"product_tag-bingo","13":"product_tag-chilli","14":"product_tag-chilli-fr","15":"product_tag-dibuixos-fr","16":"product_tag-dibuixos","17":"product_tag-dibujos-fr","18":"product_tag-dibujos","19":"product_tag-honey","20":"product_tag-honey-fr","21":"product_tag-infantil","22":"product_tag-infantil-fr","23":"product_tag-lucky-fr","24":"product_tag-lucky","25":"product_tag-mackenzie","26":"product_tag-mackenzie-fr","27":"product_tag-maleta","28":"product_tag-maleta-fr","29":"product_tag-malette-puzzles-progressifs-fr","30":"product_tag-malette-puzzles-progressifs","31":"product_tag-peces","32":"product_tag-peces-fr","33":"product_tag-progresivos","34":"product_tag-progresivos-fr","35":"product_tag-progressius","36":"product_tag-progressius-fr","37":"product_tag-puzle-fr","38":"product_tag-puzle","39":"product_tag-puzzle","40":"product_tag-puzzle-fr","41":"product_tag-puzzle-bluey","42":"product_tag-puzzle-bluey-fr","43":"product_tag-puzzles-bluey-fr","44":"product_tag-puzzles-bluey","45":"product_tag-rusty-fr","46":"product_tag-rusty","48":"first","49":"instock","50":"shipping-taxable","51":"product-type-simple"},"acf":[],"yoast_head":"<!-- This site is optimized with the Yoast SEO plugin v27.1.1 - https:\/\/yoast.com\/product\/yoast-seo-wordpress\/ -->\n<title>Malette Puzzles Progr\u00e9ssifs Bluey 12+16+20+25 - Educa Borras<\/title>\n<meta name=\"description\" content=\"Ahora, una selecci\u00f3n de los mejores puzzles de Bluey y la calidad Educa\u00ae tienen adem\u00e1s... UN PLUS. Una magn\u00edfica maleta de pl\u00e1stico donde guardar tus puzzles.\" \/>\n<meta name=\"robots\" content=\"index, follow, max-snippet:-1, max-image-preview:large, max-video-preview:-1\" \/>\n<link rel=\"canonical\" href=\"https:\/\/www.educaborras.com\/fr\/produit\/19830-fr\/\" \/>\n<meta name=\"twitter:label1\" content=\"Dur\u00e9e de lecture estim\u00e9e\" \/>\n\t<meta name=\"twitter:data1\" content=\"1 minute\" \/>\n<script type=\"application\/ld+json\" class=\"yoast-schema-graph\">{\"@context\":\"https:\/\/schema.org\",\"@graph\":[{\"@type\":\"WebPage\",\"@id\":\"https:\/\/www.educaborras.com\/fr\/produit\/19830-fr\/\",\"url\":\"https:\/\/www.educaborras.com\/fr\/produit\/19830-fr\/\",\"name\":\"Malette Puzzles Progr\u00e9ssifs Bluey 12+16+20+25 - Educa Borras\",\"isPartOf\":{\"@id\":\"https:\/\/www.educaborras.com\/fr\/#website\"},\"primaryImageOfPage\":{\"@id\":\"https:\/\/www.educaborras.com\/fr\/produit\/19830-fr\/#primaryimage\"},\"image\":{\"@id\":\"https:\/\/www.educaborras.com\/fr\/produit\/19830-fr\/#primaryimage\"},\"thumbnailUrl\":\"https:\/\/www.educaborras.com\/wp-content\/uploads\/19830_01_high-11.jpg\",\"datePublished\":\"2025-06-05T09:18:20+00:00\",\"dateModified\":\"2026-04-30T00:57:44+00:00\",\"description\":\"Ahora, una selecci\u00f3n de los mejores puzzles de Bluey y la calidad Educa\u00ae tienen adem\u00e1s... UN PLUS. Una magn\u00edfica maleta de pl\u00e1stico donde guardar tus puzzles.\",\"breadcrumb\":{\"@id\":\"https:\/\/www.educaborras.com\/fr\/produit\/19830-fr\/#breadcrumb\"},\"inLanguage\":\"fr-FR\",\"potentialAction\":[{\"@type\":\"ReadAction\",\"target\":[\"https:\/\/www.educaborras.com\/fr\/produit\/19830-fr\/\"]}]},{\"@type\":\"ImageObject\",\"inLanguage\":\"fr-FR\",\"@id\":\"https:\/\/www.educaborras.com\/fr\/produit\/19830-fr\/#primaryimage\",\"url\":\"https:\/\/www.educaborras.com\/wp-content\/uploads\/19830_01_high-11.jpg\",\"contentUrl\":\"https:\/\/www.educaborras.com\/wp-content\/uploads\/19830_01_high-11.jpg\"},{\"@type\":\"BreadcrumbList\",\"@id\":\"https:\/\/www.educaborras.com\/fr\/produit\/19830-fr\/#breadcrumb\",\"itemListElement\":[{\"@type\":\"ListItem\",\"position\":1,\"name\":\"Portada\",\"item\":\"https:\/\/www.educaborras.com\/fr\/\"},{\"@type\":\"ListItem\",\"position\":2,\"name\":\"Produits\",\"item\":\"https:\/\/www.educaborras.com\/fr\/shop\/\"},{\"@type\":\"ListItem\",\"position\":3,\"name\":\"Malette Puzzles Progr\u00e9ssifs Bluey 12+16+20+25\"}]},{\"@type\":\"WebSite\",\"@id\":\"https:\/\/www.educaborras.com\/fr\/#website\",\"url\":\"https:\/\/www.educaborras.com\/fr\/\",\"name\":\"Educa Borras\",\"description\":\"\",\"publisher\":{\"@id\":\"https:\/\/www.educaborras.com\/fr\/#organization\"},\"potentialAction\":[{\"@type\":\"SearchAction\",\"target\":{\"@type\":\"EntryPoint\",\"urlTemplate\":\"https:\/\/www.educaborras.com\/fr\/?s={search_term_string}\"},\"query-input\":{\"@type\":\"PropertyValueSpecification\",\"valueRequired\":true,\"valueName\":\"search_term_string\"}}],\"inLanguage\":\"fr-FR\"},{\"@type\":\"Organization\",\"@id\":\"https:\/\/www.educaborras.com\/fr\/#organization\",\"name\":\"Educa Borras\",\"url\":\"https:\/\/www.educaborras.com\/fr\/\",\"logo\":{\"@type\":\"ImageObject\",\"inLanguage\":\"fr-FR\",\"@id\":\"https:\/\/www.educaborras.com\/fr\/#\/schema\/logo\/image\/\",\"url\":\"https:\/\/www.educaborras.com\/wp-content\/uploads\/cropped-LOGOS-EDUCA-BORRAS_retina.png\",\"contentUrl\":\"https:\/\/www.educaborras.com\/wp-content\/uploads\/cropped-LOGOS-EDUCA-BORRAS_retina.png\",\"caption\":\"Educa Borras\"},\"image\":{\"@id\":\"https:\/\/www.educaborras.com\/fr\/#\/schema\/logo\/image\/\"}}]}<\/script>\n<!-- \/ Yoast SEO plugin. -->","yoast_head_json":{"title":"Malette Puzzles Progr\u00e9ssifs Bluey 12+16+20+25 - Educa Borras","description":"Ahora, una selecci\u00f3n de los mejores puzzles de Bluey y la calidad Educa\u00ae tienen adem\u00e1s... UN PLUS. Una magn\u00edfica maleta de pl\u00e1stico donde guardar tus puzzles.","robots":{"index":"index","follow":"follow","max-snippet":"max-snippet:-1","max-image-preview":"max-image-preview:large","max-video-preview":"max-video-preview:-1"},"canonical":"https:\/\/www.educaborras.com\/fr\/produit\/19830-fr\/","twitter_misc":{"Dur\u00e9e de lecture estim\u00e9e":"1 minute"},"schema":{"@context":"https:\/\/schema.org","@graph":[{"@type":"WebPage","@id":"https:\/\/www.educaborras.com\/fr\/produit\/19830-fr\/","url":"https:\/\/www.educaborras.com\/fr\/produit\/19830-fr\/","name":"Malette Puzzles Progr\u00e9ssifs Bluey 12+16+20+25 - Educa Borras","isPartOf":{"@id":"https:\/\/www.educaborras.com\/fr\/#website"},"primaryImageOfPage":{"@id":"https:\/\/www.educaborras.com\/fr\/produit\/19830-fr\/#primaryimage"},"image":{"@id":"https:\/\/www.educaborras.com\/fr\/produit\/19830-fr\/#primaryimage"},"thumbnailUrl":"https:\/\/www.educaborras.com\/wp-content\/uploads\/19830_01_high-11.jpg","datePublished":"2025-06-05T09:18:20+00:00","dateModified":"2026-04-30T00:57:44+00:00","description":"Ahora, una selecci\u00f3n de los mejores puzzles de Bluey y la calidad Educa\u00ae tienen adem\u00e1s... UN PLUS. Una magn\u00edfica maleta de pl\u00e1stico donde guardar tus puzzles.","breadcrumb":{"@id":"https:\/\/www.educaborras.com\/fr\/produit\/19830-fr\/#breadcrumb"},"inLanguage":"fr-FR","potentialAction":[{"@type":"ReadAction","target":["https:\/\/www.educaborras.com\/fr\/produit\/19830-fr\/"]}]},{"@type":"ImageObject","inLanguage":"fr-FR","@id":"https:\/\/www.educaborras.com\/fr\/produit\/19830-fr\/#primaryimage","url":"https:\/\/www.educaborras.com\/wp-content\/uploads\/19830_01_high-11.jpg","contentUrl":"https:\/\/www.educaborras.com\/wp-content\/uploads\/19830_01_high-11.jpg"},{"@type":"BreadcrumbList","@id":"https:\/\/www.educaborras.com\/fr\/produit\/19830-fr\/#breadcrumb","itemListElement":[{"@type":"ListItem","position":1,"name":"Portada","item":"https:\/\/www.educaborras.com\/fr\/"},{"@type":"ListItem","position":2,"name":"Produits","item":"https:\/\/www.educaborras.com\/fr\/shop\/"},{"@type":"ListItem","position":3,"name":"Malette Puzzles Progr\u00e9ssifs Bluey 12+16+20+25"}]},{"@type":"WebSite","@id":"https:\/\/www.educaborras.com\/fr\/#website","url":"https:\/\/www.educaborras.com\/fr\/","name":"Educa Borras","description":"","publisher":{"@id":"https:\/\/www.educaborras.com\/fr\/#organization"},"potentialAction":[{"@type":"SearchAction","target":{"@type":"EntryPoint","urlTemplate":"https:\/\/www.educaborras.com\/fr\/?s={search_term_string}"},"query-input":{"@type":"PropertyValueSpecification","valueRequired":true,"valueName":"search_term_string"}}],"inLanguage":"fr-FR"},{"@type":"Organization","@id":"https:\/\/www.educaborras.com\/fr\/#organization","name":"Educa Borras","url":"https:\/\/www.educaborras.com\/fr\/","logo":{"@type":"ImageObject","inLanguage":"fr-FR","@id":"https:\/\/www.educaborras.com\/fr\/#\/schema\/logo\/image\/","url":"https:\/\/www.educaborras.com\/wp-content\/uploads\/cropped-LOGOS-EDUCA-BORRAS_retina.png","contentUrl":"https:\/\/www.educaborras.com\/wp-content\/uploads\/cropped-LOGOS-EDUCA-BORRAS_retina.png","caption":"Educa Borras"},"image":{"@id":"https:\/\/www.educaborras.com\/fr\/#\/schema\/logo\/image\/"}}]}},"_links":{"self":[{"href":"https:\/\/www.educaborras.com\/fr\/wp-json\/wp\/v2\/product\/249545","targetHints":{"allow":["GET"]}}],"collection":[{"href":"https:\/\/www.educaborras.com\/fr\/wp-json\/wp\/v2\/product"}],"about":[{"href":"https:\/\/www.educaborras.com\/fr\/wp-json\/wp\/v2\/types\/product"}],"wp:featuredmedia":[{"embeddable":true,"href":"https:\/\/www.educaborras.com\/fr\/wp-json\/wp\/v2\/media\/167105"}],"wp:attachment":[{"href":"https:\/\/www.educaborras.com\/fr\/wp-json\/wp\/v2\/media?parent=249545"}],"wp:term":[{"taxonomy":"product_brand","embeddable":true,"href":"https:\/\/www.educaborras.com\/fr\/wp-json\/wp\/v2\/product_brand?post=249545"},{"taxonomy":"product_cat","embeddable":true,"href":"https:\/\/www.educaborras.com\/fr\/wp-json\/wp\/v2\/product_cat?post=249545"},{"taxonomy":"product_tag","embeddable":true,"href":"https:\/\/www.educaborras.com\/fr\/wp-json\/wp\/v2\/product_tag?post=249545"}],"curies":[{"name":"wp","href":"https:\/\/api.w.org\/{rel}","templated":true}]}}