{"id":249541,"date":"2025-06-05T11:18:22","date_gmt":"2025-06-05T09:18:22","guid":{"rendered":"https:\/\/www.educaborras.com\/product\/20105\/"},"modified":"2026-04-30T03:00:08","modified_gmt":"2026-04-30T01:00:08","slug":"20105-fr","status":"publish","type":"product","link":"https:\/\/www.educaborras.com\/fr\/produit\/20105-fr\/","title":{"rendered":"Puzzles Progressifs Batwheels 12+16+20+25"},"content":{"rendered":"<p>Chaque bo\u00eete de puzzles progressifs contient 4 puzzles compos\u00e9s d\u2019un nombre variable de pi\u00e8ces (de 12 \u00e0 25) pour que les enfants passent progressivement d\u2019un niveau de difficult\u00e9 au suivant au fur et \u00e0 mesure qu\u2019ils grandissent et gagnent en habilet\u00e9.<\/p>\n","protected":false},"excerpt":{"rendered":"<p>De nouveaux puzzles trcs attractifs qui viennent s\u2019adjoindre \u00e0 la collection pour enfants d\u2019Educa\u00ae. Une fa\u00e7on amusante pour les plus petits d&rsquo;apprendre \u00e0 assembler des puzzles pr\u00e9sentant diff\u00e9rents niveaux de difficult\u00e9.<\/p>\n","protected":false},"featured_media":167125,"template":"","meta":{"_acf_changed":false},"product_brand":[],"product_cat":[73537],"product_tag":[103240,103241,103242,76281,103243,74560,103244,75590,76468,77834,90299,103245,82494,76472,81446,103246,103247,103248,76473,103249,103250,76208],"class_list":{"0":"post-249541","1":"product","2":"type-product","3":"status-publish","4":"has-post-thumbnail","6":"product_cat-puzzles-progressifs","7":"product_tag-20105-fr","8":"product_tag-batwheels-12-16-20-25-fr","9":"product_tag-batwing-fr","10":"product_tag-dibujos-animados-fr","11":"product_tag-harley-queen-fr","12":"product_tag-infantil-fr","13":"product_tag-juguetero-fr","14":"product_tag-progresivo-fr","15":"product_tag-progresivos-fr","16":"product_tag-progressifs-fr","17":"product_tag-progressive-puzzles-fr","18":"product_tag-puzles-progressius-batwheels-12-16-20-25-fr","19":"product_tag-puzzle-educa-fr","20":"product_tag-puzzle-progresivo-fr","21":"product_tag-puzzles-progresivos-fr","22":"product_tag-puzzles-progresivos-batwheels-fr","23":"product_tag-puzzles-progresivos-educa-fr","24":"product_tag-puzzles-progressifs-batwheeels-12-16-20-25-fr","25":"product_tag-puzzles-progressive-fr","26":"product_tag-puzzles-progressivos-fr","27":"product_tag-redbird-fr","28":"product_tag-tv-fr","30":"first","31":"instock","32":"shipping-taxable","33":"product-type-simple"},"acf":[],"yoast_head":"<!-- This site is optimized with the Yoast SEO plugin v27.1.1 - https:\/\/yoast.com\/product\/yoast-seo-wordpress\/ -->\n<title>Puzzles Progressifs Batwheels 12+16+20+25 - Educa Borras<\/title>\n<meta name=\"description\" content=\"Nuevos y atractivos puzles se unen a la colecci\u00f3n infantil de Educa\u00ae, manera para que los peque\u00f1os aprendan a hacer puzles con diferentes niveles de dificultad.\" \/>\n<meta name=\"robots\" content=\"index, follow, max-snippet:-1, max-image-preview:large, max-video-preview:-1\" \/>\n<link rel=\"canonical\" href=\"https:\/\/www.educaborras.com\/fr\/produit\/20105-fr\/\" \/>\n<script type=\"application\/ld+json\" class=\"yoast-schema-graph\">{\"@context\":\"https:\/\/schema.org\",\"@graph\":[{\"@type\":\"WebPage\",\"@id\":\"https:\/\/www.educaborras.com\/fr\/produit\/20105-fr\/\",\"url\":\"https:\/\/www.educaborras.com\/fr\/produit\/20105-fr\/\",\"name\":\"Puzzles Progressifs Batwheels 12+16+20+25 - Educa Borras\",\"isPartOf\":{\"@id\":\"https:\/\/www.educaborras.com\/fr\/#website\"},\"primaryImageOfPage\":{\"@id\":\"https:\/\/www.educaborras.com\/fr\/produit\/20105-fr\/#primaryimage\"},\"image\":{\"@id\":\"https:\/\/www.educaborras.com\/fr\/produit\/20105-fr\/#primaryimage\"},\"thumbnailUrl\":\"https:\/\/www.educaborras.com\/wp-content\/uploads\/20105_01_high-11.jpg\",\"datePublished\":\"2025-06-05T09:18:22+00:00\",\"dateModified\":\"2026-04-30T01:00:08+00:00\",\"description\":\"Nuevos y atractivos puzles se unen a la colecci\u00f3n infantil de Educa\u00ae, manera para que los peque\u00f1os aprendan a hacer puzles con diferentes niveles de dificultad.\",\"breadcrumb\":{\"@id\":\"https:\/\/www.educaborras.com\/fr\/produit\/20105-fr\/#breadcrumb\"},\"inLanguage\":\"fr-FR\",\"potentialAction\":[{\"@type\":\"ReadAction\",\"target\":[\"https:\/\/www.educaborras.com\/fr\/produit\/20105-fr\/\"]}]},{\"@type\":\"ImageObject\",\"inLanguage\":\"fr-FR\",\"@id\":\"https:\/\/www.educaborras.com\/fr\/produit\/20105-fr\/#primaryimage\",\"url\":\"https:\/\/www.educaborras.com\/wp-content\/uploads\/20105_01_high-11.jpg\",\"contentUrl\":\"https:\/\/www.educaborras.com\/wp-content\/uploads\/20105_01_high-11.jpg\"},{\"@type\":\"BreadcrumbList\",\"@id\":\"https:\/\/www.educaborras.com\/fr\/produit\/20105-fr\/#breadcrumb\",\"itemListElement\":[{\"@type\":\"ListItem\",\"position\":1,\"name\":\"Portada\",\"item\":\"https:\/\/www.educaborras.com\/fr\/\"},{\"@type\":\"ListItem\",\"position\":2,\"name\":\"Produits\",\"item\":\"https:\/\/www.educaborras.com\/fr\/shop\/\"},{\"@type\":\"ListItem\",\"position\":3,\"name\":\"Puzzles Progressifs Batwheels 12+16+20+25\"}]},{\"@type\":\"WebSite\",\"@id\":\"https:\/\/www.educaborras.com\/fr\/#website\",\"url\":\"https:\/\/www.educaborras.com\/fr\/\",\"name\":\"Educa Borras\",\"description\":\"\",\"publisher\":{\"@id\":\"https:\/\/www.educaborras.com\/fr\/#organization\"},\"potentialAction\":[{\"@type\":\"SearchAction\",\"target\":{\"@type\":\"EntryPoint\",\"urlTemplate\":\"https:\/\/www.educaborras.com\/fr\/?s={search_term_string}\"},\"query-input\":{\"@type\":\"PropertyValueSpecification\",\"valueRequired\":true,\"valueName\":\"search_term_string\"}}],\"inLanguage\":\"fr-FR\"},{\"@type\":\"Organization\",\"@id\":\"https:\/\/www.educaborras.com\/fr\/#organization\",\"name\":\"Educa Borras\",\"url\":\"https:\/\/www.educaborras.com\/fr\/\",\"logo\":{\"@type\":\"ImageObject\",\"inLanguage\":\"fr-FR\",\"@id\":\"https:\/\/www.educaborras.com\/fr\/#\/schema\/logo\/image\/\",\"url\":\"https:\/\/www.educaborras.com\/wp-content\/uploads\/cropped-LOGOS-EDUCA-BORRAS_retina.png\",\"contentUrl\":\"https:\/\/www.educaborras.com\/wp-content\/uploads\/cropped-LOGOS-EDUCA-BORRAS_retina.png\",\"caption\":\"Educa Borras\"},\"image\":{\"@id\":\"https:\/\/www.educaborras.com\/fr\/#\/schema\/logo\/image\/\"}}]}<\/script>\n<!-- \/ Yoast SEO plugin. -->","yoast_head_json":{"title":"Puzzles Progressifs Batwheels 12+16+20+25 - Educa Borras","description":"Nuevos y atractivos puzles se unen a la colecci\u00f3n infantil de Educa\u00ae, manera para que los peque\u00f1os aprendan a hacer puzles con diferentes niveles de dificultad.","robots":{"index":"index","follow":"follow","max-snippet":"max-snippet:-1","max-image-preview":"max-image-preview:large","max-video-preview":"max-video-preview:-1"},"canonical":"https:\/\/www.educaborras.com\/fr\/produit\/20105-fr\/","schema":{"@context":"https:\/\/schema.org","@graph":[{"@type":"WebPage","@id":"https:\/\/www.educaborras.com\/fr\/produit\/20105-fr\/","url":"https:\/\/www.educaborras.com\/fr\/produit\/20105-fr\/","name":"Puzzles Progressifs Batwheels 12+16+20+25 - Educa Borras","isPartOf":{"@id":"https:\/\/www.educaborras.com\/fr\/#website"},"primaryImageOfPage":{"@id":"https:\/\/www.educaborras.com\/fr\/produit\/20105-fr\/#primaryimage"},"image":{"@id":"https:\/\/www.educaborras.com\/fr\/produit\/20105-fr\/#primaryimage"},"thumbnailUrl":"https:\/\/www.educaborras.com\/wp-content\/uploads\/20105_01_high-11.jpg","datePublished":"2025-06-05T09:18:22+00:00","dateModified":"2026-04-30T01:00:08+00:00","description":"Nuevos y atractivos puzles se unen a la colecci\u00f3n infantil de Educa\u00ae, manera para que los peque\u00f1os aprendan a hacer puzles con diferentes niveles de dificultad.","breadcrumb":{"@id":"https:\/\/www.educaborras.com\/fr\/produit\/20105-fr\/#breadcrumb"},"inLanguage":"fr-FR","potentialAction":[{"@type":"ReadAction","target":["https:\/\/www.educaborras.com\/fr\/produit\/20105-fr\/"]}]},{"@type":"ImageObject","inLanguage":"fr-FR","@id":"https:\/\/www.educaborras.com\/fr\/produit\/20105-fr\/#primaryimage","url":"https:\/\/www.educaborras.com\/wp-content\/uploads\/20105_01_high-11.jpg","contentUrl":"https:\/\/www.educaborras.com\/wp-content\/uploads\/20105_01_high-11.jpg"},{"@type":"BreadcrumbList","@id":"https:\/\/www.educaborras.com\/fr\/produit\/20105-fr\/#breadcrumb","itemListElement":[{"@type":"ListItem","position":1,"name":"Portada","item":"https:\/\/www.educaborras.com\/fr\/"},{"@type":"ListItem","position":2,"name":"Produits","item":"https:\/\/www.educaborras.com\/fr\/shop\/"},{"@type":"ListItem","position":3,"name":"Puzzles Progressifs Batwheels 12+16+20+25"}]},{"@type":"WebSite","@id":"https:\/\/www.educaborras.com\/fr\/#website","url":"https:\/\/www.educaborras.com\/fr\/","name":"Educa Borras","description":"","publisher":{"@id":"https:\/\/www.educaborras.com\/fr\/#organization"},"potentialAction":[{"@type":"SearchAction","target":{"@type":"EntryPoint","urlTemplate":"https:\/\/www.educaborras.com\/fr\/?s={search_term_string}"},"query-input":{"@type":"PropertyValueSpecification","valueRequired":true,"valueName":"search_term_string"}}],"inLanguage":"fr-FR"},{"@type":"Organization","@id":"https:\/\/www.educaborras.com\/fr\/#organization","name":"Educa Borras","url":"https:\/\/www.educaborras.com\/fr\/","logo":{"@type":"ImageObject","inLanguage":"fr-FR","@id":"https:\/\/www.educaborras.com\/fr\/#\/schema\/logo\/image\/","url":"https:\/\/www.educaborras.com\/wp-content\/uploads\/cropped-LOGOS-EDUCA-BORRAS_retina.png","contentUrl":"https:\/\/www.educaborras.com\/wp-content\/uploads\/cropped-LOGOS-EDUCA-BORRAS_retina.png","caption":"Educa Borras"},"image":{"@id":"https:\/\/www.educaborras.com\/fr\/#\/schema\/logo\/image\/"}}]}},"_links":{"self":[{"href":"https:\/\/www.educaborras.com\/fr\/wp-json\/wp\/v2\/product\/249541","targetHints":{"allow":["GET"]}}],"collection":[{"href":"https:\/\/www.educaborras.com\/fr\/wp-json\/wp\/v2\/product"}],"about":[{"href":"https:\/\/www.educaborras.com\/fr\/wp-json\/wp\/v2\/types\/product"}],"wp:featuredmedia":[{"embeddable":true,"href":"https:\/\/www.educaborras.com\/fr\/wp-json\/wp\/v2\/media\/167125"}],"wp:attachment":[{"href":"https:\/\/www.educaborras.com\/fr\/wp-json\/wp\/v2\/media?parent=249541"}],"wp:term":[{"taxonomy":"product_brand","embeddable":true,"href":"https:\/\/www.educaborras.com\/fr\/wp-json\/wp\/v2\/product_brand?post=249541"},{"taxonomy":"product_cat","embeddable":true,"href":"https:\/\/www.educaborras.com\/fr\/wp-json\/wp\/v2\/product_cat?post=249541"},{"taxonomy":"product_tag","embeddable":true,"href":"https:\/\/www.educaborras.com\/fr\/wp-json\/wp\/v2\/product_tag?post=249541"}],"curies":[{"name":"wp","href":"https:\/\/api.w.org\/{rel}","templated":true}]}}