{"id":249505,"date":"2025-06-05T11:18:42","date_gmt":"2025-06-05T09:18:42","guid":{"rendered":"https:\/\/www.educaborras.com\/product\/18491\/"},"modified":"2026-04-29T02:47:16","modified_gmt":"2026-04-29T00:47:16","slug":"18491-fr","status":"publish","type":"product","link":"https:\/\/www.educaborras.com\/fr\/produit\/18491-fr\/","title":{"rendered":"2&#215;1000 Les Tournesols + Terrasse du caf\u00e9 le soir, Vincent Van Gogh"},"content":{"rendered":"<p>Deux des \u0153uvres les plus embl\u00e9matiques de Gustav Klimt et un magnifique set de deux puzzles de 1000 pi\u00e8ces. Dimension approximative du puzzle assembl\u00e9: 48 x 68 cm. Contient deux sachets de colle sp\u00e9ciale FIX PUZZLE pour fixer les puzzles une fois assembl\u00e9s.<\/p>\n","protected":false},"excerpt":{"rendered":"<p>Deux des \u0153uvres les plus embl\u00e9matiques de Gustav Klimt et un magnifique set de deux puzzles de 1000 pi\u00e8ces. Dimension approximative du puzzle assembl\u00e9: 48 x 68 cm.<\/p>\n","protected":false},"featured_media":167265,"template":"","meta":{"_acf_changed":false},"product_brand":[],"product_cat":[73369,73501],"product_tag":[74344,82670,94862,82672,82673,82355,94863,82674,82675,74108,82677,94864,74204,74206,82680,80324,94865,94866,82310,82311,94867,94868,94869,74347,74495,74496,74497,75657,74054,82374,94870,82694,94871,82313,74216,94872,94873,82314,82315,74348,94874,94875,82318,94876,94877,94878,94879],"class_list":{"0":"post-249505","1":"product","2":"type-product","3":"status-publish","4":"has-post-thumbnail","6":"product_cat-puzzles-adultes","7":"product_cat-puzzles-de-1000-pieces-fr","8":"product_tag-piezas-fr","9":"product_tag-1000-puzzles-fr","10":"product_tag-18491-fr","11":"product_tag-2x1000-fr","12":"product_tag-2x1000-puzzle-fr","13":"product_tag-2020-fr","14":"product_tag-arles-fr","15":"product_tag-art-fr","16":"product_tag-art-collection-fr","17":"product_tag-arte-fr","18":"product_tag-arte-europeo-fr","19":"product_tag-cafe-terrace-puzzle-fr","20":"product_tag-educa-fr","21":"product_tag-educa-borras-puzzle-fr","22":"product_tag-european-art-fr","23":"product_tag-fix-puzzle-fr","24":"product_tag-impresionismo-fr","25":"product_tag-impressionism-fr","26":"product_tag-jigsaw-fr","27":"product_tag-jigsaw-puzzle-fr","28":"product_tag-kroller-muller-museum-fr","29":"product_tag-museo-kroller-muller-fr","30":"product_tag-museo-van-gogh-fr","31":"product_tag-peca-fr","32":"product_tag-peces-fr","33":"product_tag-piece-fr","34":"product_tag-pieces-fr","35":"product_tag-puzle-fr","36":"product_tag-puzzle-fr","37":"product_tag-puzzle-1000-fr","38":"product_tag-puzzle-1000-van-gogh-fr","39":"product_tag-puzzle-2x1000-fr","40":"product_tag-puzzle-girasoles-van-gogh-fr","41":"product_tag-puzzle-pasion-fr","42":"product_tag-puzzle-passion-fr","43":"product_tag-puzzle-terraza-de-cafe-van-gogh-fr","44":"product_tag-puzzle-van-gogh-fr","45":"product_tag-puzzlemania-fr","46":"product_tag-puzzlepassion-fr","47":"product_tag-rompecabezas-fr","48":"product_tag-set-puzzles-van-gogh-fr","49":"product_tag-sunflowers-puzzle-fr","50":"product_tag-trencaclosques-fr","51":"product_tag-van-gogh-museum-fr","52":"product_tag-van-gogh-puzzle-fr","53":"product_tag-van-gogh-puzzles-set-fr","54":"product_tag-vincent-van-gogh-fr","56":"first","57":"instock","58":"shipping-taxable","59":"product-type-simple"},"acf":[],"yoast_head":"<!-- This site is optimized with the Yoast SEO plugin v27.1.1 - https:\/\/yoast.com\/product\/yoast-seo-wordpress\/ -->\n<title>2x1000 Les Tournesols + Terrasse du caf\u00e9 le soir, Vincent Van Gogh - Educa Borras<\/title>\n<meta name=\"robots\" content=\"index, follow, max-snippet:-1, max-image-preview:large, max-video-preview:-1\" \/>\n<link rel=\"canonical\" href=\"https:\/\/www.educaborras.com\/fr\/produit\/18491-fr\/\" \/>\n<script type=\"application\/ld+json\" class=\"yoast-schema-graph\">{\"@context\":\"https:\/\/schema.org\",\"@graph\":[{\"@type\":\"WebPage\",\"@id\":\"https:\/\/www.educaborras.com\/fr\/produit\/18491-fr\/\",\"url\":\"https:\/\/www.educaborras.com\/fr\/produit\/18491-fr\/\",\"name\":\"2x1000 Les Tournesols + Terrasse du caf\u00e9 le soir, Vincent Van Gogh - Educa Borras\",\"isPartOf\":{\"@id\":\"https:\/\/www.educaborras.com\/fr\/#website\"},\"primaryImageOfPage\":{\"@id\":\"https:\/\/www.educaborras.com\/fr\/produit\/18491-fr\/#primaryimage\"},\"image\":{\"@id\":\"https:\/\/www.educaborras.com\/fr\/produit\/18491-fr\/#primaryimage\"},\"thumbnailUrl\":\"https:\/\/www.educaborras.com\/wp-content\/uploads\/18491_01_high-12.jpg\",\"datePublished\":\"2025-06-05T09:18:42+00:00\",\"dateModified\":\"2026-04-29T00:47:16+00:00\",\"breadcrumb\":{\"@id\":\"https:\/\/www.educaborras.com\/fr\/produit\/18491-fr\/#breadcrumb\"},\"inLanguage\":\"fr-FR\",\"potentialAction\":[{\"@type\":\"ReadAction\",\"target\":[\"https:\/\/www.educaborras.com\/fr\/produit\/18491-fr\/\"]}]},{\"@type\":\"ImageObject\",\"inLanguage\":\"fr-FR\",\"@id\":\"https:\/\/www.educaborras.com\/fr\/produit\/18491-fr\/#primaryimage\",\"url\":\"https:\/\/www.educaborras.com\/wp-content\/uploads\/18491_01_high-12.jpg\",\"contentUrl\":\"https:\/\/www.educaborras.com\/wp-content\/uploads\/18491_01_high-12.jpg\"},{\"@type\":\"BreadcrumbList\",\"@id\":\"https:\/\/www.educaborras.com\/fr\/produit\/18491-fr\/#breadcrumb\",\"itemListElement\":[{\"@type\":\"ListItem\",\"position\":1,\"name\":\"Portada\",\"item\":\"https:\/\/www.educaborras.com\/fr\/\"},{\"@type\":\"ListItem\",\"position\":2,\"name\":\"Produits\",\"item\":\"https:\/\/www.educaborras.com\/fr\/shop\/\"},{\"@type\":\"ListItem\",\"position\":3,\"name\":\"2&#215;1000 Les Tournesols + Terrasse du caf\u00e9 le soir, Vincent Van Gogh\"}]},{\"@type\":\"WebSite\",\"@id\":\"https:\/\/www.educaborras.com\/fr\/#website\",\"url\":\"https:\/\/www.educaborras.com\/fr\/\",\"name\":\"Educa Borras\",\"description\":\"\",\"publisher\":{\"@id\":\"https:\/\/www.educaborras.com\/fr\/#organization\"},\"potentialAction\":[{\"@type\":\"SearchAction\",\"target\":{\"@type\":\"EntryPoint\",\"urlTemplate\":\"https:\/\/www.educaborras.com\/fr\/?s={search_term_string}\"},\"query-input\":{\"@type\":\"PropertyValueSpecification\",\"valueRequired\":true,\"valueName\":\"search_term_string\"}}],\"inLanguage\":\"fr-FR\"},{\"@type\":\"Organization\",\"@id\":\"https:\/\/www.educaborras.com\/fr\/#organization\",\"name\":\"Educa Borras\",\"url\":\"https:\/\/www.educaborras.com\/fr\/\",\"logo\":{\"@type\":\"ImageObject\",\"inLanguage\":\"fr-FR\",\"@id\":\"https:\/\/www.educaborras.com\/fr\/#\/schema\/logo\/image\/\",\"url\":\"https:\/\/www.educaborras.com\/wp-content\/uploads\/cropped-LOGOS-EDUCA-BORRAS_retina.png\",\"contentUrl\":\"https:\/\/www.educaborras.com\/wp-content\/uploads\/cropped-LOGOS-EDUCA-BORRAS_retina.png\",\"caption\":\"Educa Borras\"},\"image\":{\"@id\":\"https:\/\/www.educaborras.com\/fr\/#\/schema\/logo\/image\/\"}}]}<\/script>\n<!-- \/ Yoast SEO plugin. -->","yoast_head_json":{"title":"2x1000 Les Tournesols + Terrasse du caf\u00e9 le soir, Vincent Van Gogh - Educa Borras","robots":{"index":"index","follow":"follow","max-snippet":"max-snippet:-1","max-image-preview":"max-image-preview:large","max-video-preview":"max-video-preview:-1"},"canonical":"https:\/\/www.educaborras.com\/fr\/produit\/18491-fr\/","schema":{"@context":"https:\/\/schema.org","@graph":[{"@type":"WebPage","@id":"https:\/\/www.educaborras.com\/fr\/produit\/18491-fr\/","url":"https:\/\/www.educaborras.com\/fr\/produit\/18491-fr\/","name":"2x1000 Les Tournesols + Terrasse du caf\u00e9 le soir, Vincent Van Gogh - Educa Borras","isPartOf":{"@id":"https:\/\/www.educaborras.com\/fr\/#website"},"primaryImageOfPage":{"@id":"https:\/\/www.educaborras.com\/fr\/produit\/18491-fr\/#primaryimage"},"image":{"@id":"https:\/\/www.educaborras.com\/fr\/produit\/18491-fr\/#primaryimage"},"thumbnailUrl":"https:\/\/www.educaborras.com\/wp-content\/uploads\/18491_01_high-12.jpg","datePublished":"2025-06-05T09:18:42+00:00","dateModified":"2026-04-29T00:47:16+00:00","breadcrumb":{"@id":"https:\/\/www.educaborras.com\/fr\/produit\/18491-fr\/#breadcrumb"},"inLanguage":"fr-FR","potentialAction":[{"@type":"ReadAction","target":["https:\/\/www.educaborras.com\/fr\/produit\/18491-fr\/"]}]},{"@type":"ImageObject","inLanguage":"fr-FR","@id":"https:\/\/www.educaborras.com\/fr\/produit\/18491-fr\/#primaryimage","url":"https:\/\/www.educaborras.com\/wp-content\/uploads\/18491_01_high-12.jpg","contentUrl":"https:\/\/www.educaborras.com\/wp-content\/uploads\/18491_01_high-12.jpg"},{"@type":"BreadcrumbList","@id":"https:\/\/www.educaborras.com\/fr\/produit\/18491-fr\/#breadcrumb","itemListElement":[{"@type":"ListItem","position":1,"name":"Portada","item":"https:\/\/www.educaborras.com\/fr\/"},{"@type":"ListItem","position":2,"name":"Produits","item":"https:\/\/www.educaborras.com\/fr\/shop\/"},{"@type":"ListItem","position":3,"name":"2&#215;1000 Les Tournesols + Terrasse du caf\u00e9 le soir, Vincent Van Gogh"}]},{"@type":"WebSite","@id":"https:\/\/www.educaborras.com\/fr\/#website","url":"https:\/\/www.educaborras.com\/fr\/","name":"Educa Borras","description":"","publisher":{"@id":"https:\/\/www.educaborras.com\/fr\/#organization"},"potentialAction":[{"@type":"SearchAction","target":{"@type":"EntryPoint","urlTemplate":"https:\/\/www.educaborras.com\/fr\/?s={search_term_string}"},"query-input":{"@type":"PropertyValueSpecification","valueRequired":true,"valueName":"search_term_string"}}],"inLanguage":"fr-FR"},{"@type":"Organization","@id":"https:\/\/www.educaborras.com\/fr\/#organization","name":"Educa Borras","url":"https:\/\/www.educaborras.com\/fr\/","logo":{"@type":"ImageObject","inLanguage":"fr-FR","@id":"https:\/\/www.educaborras.com\/fr\/#\/schema\/logo\/image\/","url":"https:\/\/www.educaborras.com\/wp-content\/uploads\/cropped-LOGOS-EDUCA-BORRAS_retina.png","contentUrl":"https:\/\/www.educaborras.com\/wp-content\/uploads\/cropped-LOGOS-EDUCA-BORRAS_retina.png","caption":"Educa Borras"},"image":{"@id":"https:\/\/www.educaborras.com\/fr\/#\/schema\/logo\/image\/"}}]}},"_links":{"self":[{"href":"https:\/\/www.educaborras.com\/fr\/wp-json\/wp\/v2\/product\/249505","targetHints":{"allow":["GET"]}}],"collection":[{"href":"https:\/\/www.educaborras.com\/fr\/wp-json\/wp\/v2\/product"}],"about":[{"href":"https:\/\/www.educaborras.com\/fr\/wp-json\/wp\/v2\/types\/product"}],"wp:featuredmedia":[{"embeddable":true,"href":"https:\/\/www.educaborras.com\/fr\/wp-json\/wp\/v2\/media\/167265"}],"wp:attachment":[{"href":"https:\/\/www.educaborras.com\/fr\/wp-json\/wp\/v2\/media?parent=249505"}],"wp:term":[{"taxonomy":"product_brand","embeddable":true,"href":"https:\/\/www.educaborras.com\/fr\/wp-json\/wp\/v2\/product_brand?post=249505"},{"taxonomy":"product_cat","embeddable":true,"href":"https:\/\/www.educaborras.com\/fr\/wp-json\/wp\/v2\/product_cat?post=249505"},{"taxonomy":"product_tag","embeddable":true,"href":"https:\/\/www.educaborras.com\/fr\/wp-json\/wp\/v2\/product_tag?post=249505"}],"curies":[{"name":"wp","href":"https:\/\/api.w.org\/{rel}","templated":true}]}}