{"id":249137,"date":"2025-06-05T11:22:46","date_gmt":"2025-06-05T09:22:46","guid":{"rendered":"https:\/\/www.educaborras.com\/product\/18017\/"},"modified":"2026-04-22T02:45:46","modified_gmt":"2026-04-22T00:45:46","slug":"18017-fr","status":"publish","type":"product","link":"https:\/\/www.educaborras.com\/fr\/produit\/18017-fr\/","title":{"rendered":"8000 Mappemonde historique"},"content":{"rendered":"<p>Ce puzzle est compos\u00e9 de 8000 pi\u00e8ces parfaitement finies pour un assemblage simple et s\u00fbr. Dimensions du puzzle assembl\u00e9 : 192 x 136 cm. Educa\u00ae vous propose sa collection de puzzles pour adultes Puzzle Passion, la plus compl\u00e8te du march\u00e9. De 500 \u00e0 42000 pi\u00e8ces, ils regroupent les plus belles images et les plus grands h\u00e9ros. La collection Puzzle Passion c&rsquo;est aussi des prestations de qualit\u00e9, avec un sachet de colle Fix Puzzle\u00ae fourni pour tous les puzzles de 500 pi\u00e8ces et +, et un service de remplacement des pi\u00e8ces \u00e9gar\u00e9es pour les puzzles de 3000 pi\u00e8ces et + En savoir plus s\u00fbr www.puzzlepassion.com 2 sacs de 4000 pi\u00e8ces. Inclut un poster-guide de l\u2019image.<\/p>\n","protected":false},"excerpt":{"rendered":"<p>Ce puzzle est compos\u00e9 de 8000 pi\u00e8ces parfaitement finies pour un assemblage simple et s\u00fbr. Dimensions du puzzle assembl\u00e9 : 192 x 136 cm.<\/p>\n","protected":false},"featured_media":169105,"template":"","meta":{"_acf_changed":false},"product_brand":[],"product_cat":[73369,73504],"product_tag":[74344,92744,92723,92724,92725,92726,92727,92728,92729,92730,75285,75656,74347,74495,74496,74497,75657,74054,74348,92731],"class_list":{"0":"post-249137","1":"product","2":"type-product","3":"status-publish","4":"has-post-thumbnail","6":"product_cat-puzzles-adultes","7":"product_cat-puzzles-de-4000-a-8000-pieces-fr","8":"product_tag-piezas-fr","9":"product_tag-18017-fr","10":"product_tag-8000-fr","11":"product_tag-8000-historical-world-map-fr","12":"product_tag-8000-historische-weltkarte-fr","13":"product_tag-8000-mapa-historico-do-mundo-fr","14":"product_tag-8000-mapamundi-historico-fr","15":"product_tag-8000-mappemonde-historique-fr","16":"product_tag-historic-fr","17":"product_tag-historico-fr","18":"product_tag-map-fr","19":"product_tag-mapamundi-fr","20":"product_tag-peca-fr","21":"product_tag-peces-fr","22":"product_tag-piece-fr","23":"product_tag-pieces-fr","24":"product_tag-puzle-fr","25":"product_tag-puzzle-fr","26":"product_tag-rompecabezas-fr","27":"product_tag-world-map-fr","29":"first","30":"instock","31":"shipping-taxable","32":"product-type-simple"},"acf":[],"yoast_head":"<!-- This site is optimized with the Yoast SEO plugin v27.1.1 - https:\/\/yoast.com\/product\/yoast-seo-wordpress\/ -->\n<title>8000 Mappemonde historique - Educa Borras<\/title>\n<meta name=\"robots\" content=\"index, follow, max-snippet:-1, max-image-preview:large, max-video-preview:-1\" \/>\n<link rel=\"canonical\" href=\"https:\/\/www.educaborras.com\/fr\/produit\/18017-fr\/\" \/>\n<meta name=\"twitter:label1\" content=\"Dur\u00e9e de lecture estim\u00e9e\" \/>\n\t<meta name=\"twitter:data1\" content=\"1 minute\" \/>\n<script type=\"application\/ld+json\" class=\"yoast-schema-graph\">{\"@context\":\"https:\/\/schema.org\",\"@graph\":[{\"@type\":\"WebPage\",\"@id\":\"https:\/\/www.educaborras.com\/fr\/produit\/18017-fr\/\",\"url\":\"https:\/\/www.educaborras.com\/fr\/produit\/18017-fr\/\",\"name\":\"8000 Mappemonde historique - Educa Borras\",\"isPartOf\":{\"@id\":\"https:\/\/www.educaborras.com\/fr\/#website\"},\"primaryImageOfPage\":{\"@id\":\"https:\/\/www.educaborras.com\/fr\/produit\/18017-fr\/#primaryimage\"},\"image\":{\"@id\":\"https:\/\/www.educaborras.com\/fr\/produit\/18017-fr\/#primaryimage\"},\"thumbnailUrl\":\"https:\/\/www.educaborras.com\/wp-content\/uploads\/18017_01_med-8.jpg\",\"datePublished\":\"2025-06-05T09:22:46+00:00\",\"dateModified\":\"2026-04-22T00:45:46+00:00\",\"breadcrumb\":{\"@id\":\"https:\/\/www.educaborras.com\/fr\/produit\/18017-fr\/#breadcrumb\"},\"inLanguage\":\"fr-FR\",\"potentialAction\":[{\"@type\":\"ReadAction\",\"target\":[\"https:\/\/www.educaborras.com\/fr\/produit\/18017-fr\/\"]}]},{\"@type\":\"ImageObject\",\"inLanguage\":\"fr-FR\",\"@id\":\"https:\/\/www.educaborras.com\/fr\/produit\/18017-fr\/#primaryimage\",\"url\":\"https:\/\/www.educaborras.com\/wp-content\/uploads\/18017_01_med-8.jpg\",\"contentUrl\":\"https:\/\/www.educaborras.com\/wp-content\/uploads\/18017_01_med-8.jpg\"},{\"@type\":\"BreadcrumbList\",\"@id\":\"https:\/\/www.educaborras.com\/fr\/produit\/18017-fr\/#breadcrumb\",\"itemListElement\":[{\"@type\":\"ListItem\",\"position\":1,\"name\":\"Portada\",\"item\":\"https:\/\/www.educaborras.com\/fr\/\"},{\"@type\":\"ListItem\",\"position\":2,\"name\":\"Produits\",\"item\":\"https:\/\/www.educaborras.com\/fr\/shop\/\"},{\"@type\":\"ListItem\",\"position\":3,\"name\":\"8000 Mappemonde historique\"}]},{\"@type\":\"WebSite\",\"@id\":\"https:\/\/www.educaborras.com\/fr\/#website\",\"url\":\"https:\/\/www.educaborras.com\/fr\/\",\"name\":\"Educa Borras\",\"description\":\"\",\"publisher\":{\"@id\":\"https:\/\/www.educaborras.com\/fr\/#organization\"},\"potentialAction\":[{\"@type\":\"SearchAction\",\"target\":{\"@type\":\"EntryPoint\",\"urlTemplate\":\"https:\/\/www.educaborras.com\/fr\/?s={search_term_string}\"},\"query-input\":{\"@type\":\"PropertyValueSpecification\",\"valueRequired\":true,\"valueName\":\"search_term_string\"}}],\"inLanguage\":\"fr-FR\"},{\"@type\":\"Organization\",\"@id\":\"https:\/\/www.educaborras.com\/fr\/#organization\",\"name\":\"Educa Borras\",\"url\":\"https:\/\/www.educaborras.com\/fr\/\",\"logo\":{\"@type\":\"ImageObject\",\"inLanguage\":\"fr-FR\",\"@id\":\"https:\/\/www.educaborras.com\/fr\/#\/schema\/logo\/image\/\",\"url\":\"https:\/\/www.educaborras.com\/wp-content\/uploads\/cropped-LOGOS-EDUCA-BORRAS_retina.png\",\"contentUrl\":\"https:\/\/www.educaborras.com\/wp-content\/uploads\/cropped-LOGOS-EDUCA-BORRAS_retina.png\",\"caption\":\"Educa Borras\"},\"image\":{\"@id\":\"https:\/\/www.educaborras.com\/fr\/#\/schema\/logo\/image\/\"}}]}<\/script>\n<!-- \/ Yoast SEO plugin. -->","yoast_head_json":{"title":"8000 Mappemonde historique - Educa Borras","robots":{"index":"index","follow":"follow","max-snippet":"max-snippet:-1","max-image-preview":"max-image-preview:large","max-video-preview":"max-video-preview:-1"},"canonical":"https:\/\/www.educaborras.com\/fr\/produit\/18017-fr\/","twitter_misc":{"Dur\u00e9e de lecture estim\u00e9e":"1 minute"},"schema":{"@context":"https:\/\/schema.org","@graph":[{"@type":"WebPage","@id":"https:\/\/www.educaborras.com\/fr\/produit\/18017-fr\/","url":"https:\/\/www.educaborras.com\/fr\/produit\/18017-fr\/","name":"8000 Mappemonde historique - Educa Borras","isPartOf":{"@id":"https:\/\/www.educaborras.com\/fr\/#website"},"primaryImageOfPage":{"@id":"https:\/\/www.educaborras.com\/fr\/produit\/18017-fr\/#primaryimage"},"image":{"@id":"https:\/\/www.educaborras.com\/fr\/produit\/18017-fr\/#primaryimage"},"thumbnailUrl":"https:\/\/www.educaborras.com\/wp-content\/uploads\/18017_01_med-8.jpg","datePublished":"2025-06-05T09:22:46+00:00","dateModified":"2026-04-22T00:45:46+00:00","breadcrumb":{"@id":"https:\/\/www.educaborras.com\/fr\/produit\/18017-fr\/#breadcrumb"},"inLanguage":"fr-FR","potentialAction":[{"@type":"ReadAction","target":["https:\/\/www.educaborras.com\/fr\/produit\/18017-fr\/"]}]},{"@type":"ImageObject","inLanguage":"fr-FR","@id":"https:\/\/www.educaborras.com\/fr\/produit\/18017-fr\/#primaryimage","url":"https:\/\/www.educaborras.com\/wp-content\/uploads\/18017_01_med-8.jpg","contentUrl":"https:\/\/www.educaborras.com\/wp-content\/uploads\/18017_01_med-8.jpg"},{"@type":"BreadcrumbList","@id":"https:\/\/www.educaborras.com\/fr\/produit\/18017-fr\/#breadcrumb","itemListElement":[{"@type":"ListItem","position":1,"name":"Portada","item":"https:\/\/www.educaborras.com\/fr\/"},{"@type":"ListItem","position":2,"name":"Produits","item":"https:\/\/www.educaborras.com\/fr\/shop\/"},{"@type":"ListItem","position":3,"name":"8000 Mappemonde historique"}]},{"@type":"WebSite","@id":"https:\/\/www.educaborras.com\/fr\/#website","url":"https:\/\/www.educaborras.com\/fr\/","name":"Educa Borras","description":"","publisher":{"@id":"https:\/\/www.educaborras.com\/fr\/#organization"},"potentialAction":[{"@type":"SearchAction","target":{"@type":"EntryPoint","urlTemplate":"https:\/\/www.educaborras.com\/fr\/?s={search_term_string}"},"query-input":{"@type":"PropertyValueSpecification","valueRequired":true,"valueName":"search_term_string"}}],"inLanguage":"fr-FR"},{"@type":"Organization","@id":"https:\/\/www.educaborras.com\/fr\/#organization","name":"Educa Borras","url":"https:\/\/www.educaborras.com\/fr\/","logo":{"@type":"ImageObject","inLanguage":"fr-FR","@id":"https:\/\/www.educaborras.com\/fr\/#\/schema\/logo\/image\/","url":"https:\/\/www.educaborras.com\/wp-content\/uploads\/cropped-LOGOS-EDUCA-BORRAS_retina.png","contentUrl":"https:\/\/www.educaborras.com\/wp-content\/uploads\/cropped-LOGOS-EDUCA-BORRAS_retina.png","caption":"Educa Borras"},"image":{"@id":"https:\/\/www.educaborras.com\/fr\/#\/schema\/logo\/image\/"}}]}},"_links":{"self":[{"href":"https:\/\/www.educaborras.com\/fr\/wp-json\/wp\/v2\/product\/249137","targetHints":{"allow":["GET"]}}],"collection":[{"href":"https:\/\/www.educaborras.com\/fr\/wp-json\/wp\/v2\/product"}],"about":[{"href":"https:\/\/www.educaborras.com\/fr\/wp-json\/wp\/v2\/types\/product"}],"wp:featuredmedia":[{"embeddable":true,"href":"https:\/\/www.educaborras.com\/fr\/wp-json\/wp\/v2\/media\/169105"}],"wp:attachment":[{"href":"https:\/\/www.educaborras.com\/fr\/wp-json\/wp\/v2\/media?parent=249137"}],"wp:term":[{"taxonomy":"product_brand","embeddable":true,"href":"https:\/\/www.educaborras.com\/fr\/wp-json\/wp\/v2\/product_brand?post=249137"},{"taxonomy":"product_cat","embeddable":true,"href":"https:\/\/www.educaborras.com\/fr\/wp-json\/wp\/v2\/product_cat?post=249137"},{"taxonomy":"product_tag","embeddable":true,"href":"https:\/\/www.educaborras.com\/fr\/wp-json\/wp\/v2\/product_tag?post=249137"}],"curies":[{"name":"wp","href":"https:\/\/api.w.org\/{rel}","templated":true}]}}