{"id":249049,"date":"2025-06-05T11:23:19","date_gmt":"2025-06-05T09:23:19","guid":{"rendered":"https:\/\/www.educaborras.com\/product\/19009\/"},"modified":"2026-04-29T03:02:55","modified_gmt":"2026-04-29T01:02:55","slug":"19009-fr","status":"publish","type":"product","link":"https:\/\/www.educaborras.com\/fr\/produit\/19009-fr\/","title":{"rendered":"500 Dragon Ball Super"},"content":{"rendered":"<p>Retrouvez Son Goku et ses amis de l&rsquo;univers Dragon Ball dans ce puzzle de 500 pi\u00e8ces. Ce puzzle est compos\u00e9 de 500 pi\u00e8ces parfaitement finies pour un assemblage simple et s\u00fbr. Dimensions approximatives du puzzle assembl\u00e9 : 34 x 48 cm. Educa\u00ae vous propose la collection de puzzles pour adultes la plus compl\u00e8te du march\u00e9. De 500 \u00e0 42000 pi\u00e8ces, ils regroupent les plus belles images et les personnages favoris. La collection Puzzle Passion c&rsquo;est aussi des prestations de qualit\u00e9, avec un sachet de colle Fix Puzzle\u00ae fourni pour tous les puzzles de 500 \u00e0 2000 pi\u00e8ces, et un service de remplacement des pi\u00e8ces \u00e9gar\u00e9es pour les puzzles de 3000 pi\u00e8ces et plus. En savoir plus s\u00fbr www.puzzlepassion.com.<\/p>\n","protected":false},"excerpt":{"rendered":"<p>retrouvez Son Goku et ses amis de l&rsquo;univers Dragon Ball dans ce puzzle de 500 pi\u00e8ces. Ce puzzle est compos\u00e9 de 500 pi\u00e8ces parfaitement finies pour un assemblage simple et s\u00fbr. Dimensions approximatives du puzzle assembl\u00e9 : 34 x 48 cm.<\/p>\n","protected":false},"featured_media":169340,"template":"","meta":{"_acf_changed":false},"product_brand":[],"product_cat":[73369,73539],"product_tag":[74344,91590,82309,91591,81765,78305,81766,74347,74495,74496,74497,77868,75657,74054,91592,81767,81768,91593,81769,81770,74348],"class_list":{"0":"post-249049","1":"product","2":"type-product","3":"status-publish","4":"has-post-thumbnail","6":"product_cat-puzzles-adultes","7":"product_cat-puzzles-de-500-pieces","8":"product_tag-piezas-fr","9":"product_tag-19009-fr","10":"product_tag-500-fr","11":"product_tag-500-dragon-ball-fr","12":"product_tag-ball-fr","13":"product_tag-dragon-fr","14":"product_tag-dragon-ball-fr","15":"product_tag-peca-fr","16":"product_tag-peces-fr","17":"product_tag-piece-fr","18":"product_tag-pieces-fr","19":"product_tag-pieza-fr","20":"product_tag-puzle-fr","21":"product_tag-puzzle-fr","22":"product_tag-puzzle-dragon-ball-fr","23":"product_tag-puzzle-dragon-ball-super-fr","24":"product_tag-puzzle-son-goku-fr","25":"product_tag-puzzles-dragon-ball-fr","26":"product_tag-puzzles-dragon-ball-super-fr","27":"product_tag-puzzles-son-goku-fr","28":"product_tag-rompecabezas-fr","30":"first","31":"instock","32":"shipping-taxable","33":"product-type-simple"},"acf":[],"yoast_head":"<!-- This site is optimized with the Yoast SEO plugin v27.1.1 - https:\/\/yoast.com\/product\/yoast-seo-wordpress\/ -->\n<title>500 Dragon Ball Super - Educa Borras<\/title>\n<meta name=\"robots\" content=\"index, follow, max-snippet:-1, max-image-preview:large, max-video-preview:-1\" \/>\n<link rel=\"canonical\" href=\"https:\/\/www.educaborras.com\/fr\/produit\/19009-fr\/\" \/>\n<meta name=\"twitter:label1\" content=\"Dur\u00e9e de lecture estim\u00e9e\" \/>\n\t<meta name=\"twitter:data1\" content=\"1 minute\" \/>\n<script type=\"application\/ld+json\" class=\"yoast-schema-graph\">{\"@context\":\"https:\/\/schema.org\",\"@graph\":[{\"@type\":\"WebPage\",\"@id\":\"https:\/\/www.educaborras.com\/fr\/produit\/19009-fr\/\",\"url\":\"https:\/\/www.educaborras.com\/fr\/produit\/19009-fr\/\",\"name\":\"500 Dragon Ball Super - Educa Borras\",\"isPartOf\":{\"@id\":\"https:\/\/www.educaborras.com\/fr\/#website\"},\"primaryImageOfPage\":{\"@id\":\"https:\/\/www.educaborras.com\/fr\/produit\/19009-fr\/#primaryimage\"},\"image\":{\"@id\":\"https:\/\/www.educaborras.com\/fr\/produit\/19009-fr\/#primaryimage\"},\"thumbnailUrl\":\"https:\/\/www.educaborras.com\/wp-content\/uploads\/19009_01_high-13.jpg\",\"datePublished\":\"2025-06-05T09:23:19+00:00\",\"dateModified\":\"2026-04-29T01:02:55+00:00\",\"breadcrumb\":{\"@id\":\"https:\/\/www.educaborras.com\/fr\/produit\/19009-fr\/#breadcrumb\"},\"inLanguage\":\"fr-FR\",\"potentialAction\":[{\"@type\":\"ReadAction\",\"target\":[\"https:\/\/www.educaborras.com\/fr\/produit\/19009-fr\/\"]}]},{\"@type\":\"ImageObject\",\"inLanguage\":\"fr-FR\",\"@id\":\"https:\/\/www.educaborras.com\/fr\/produit\/19009-fr\/#primaryimage\",\"url\":\"https:\/\/www.educaborras.com\/wp-content\/uploads\/19009_01_high-13.jpg\",\"contentUrl\":\"https:\/\/www.educaborras.com\/wp-content\/uploads\/19009_01_high-13.jpg\"},{\"@type\":\"BreadcrumbList\",\"@id\":\"https:\/\/www.educaborras.com\/fr\/produit\/19009-fr\/#breadcrumb\",\"itemListElement\":[{\"@type\":\"ListItem\",\"position\":1,\"name\":\"Portada\",\"item\":\"https:\/\/www.educaborras.com\/fr\/\"},{\"@type\":\"ListItem\",\"position\":2,\"name\":\"Produits\",\"item\":\"https:\/\/www.educaborras.com\/fr\/shop\/\"},{\"@type\":\"ListItem\",\"position\":3,\"name\":\"500 Dragon Ball Super\"}]},{\"@type\":\"WebSite\",\"@id\":\"https:\/\/www.educaborras.com\/fr\/#website\",\"url\":\"https:\/\/www.educaborras.com\/fr\/\",\"name\":\"Educa Borras\",\"description\":\"\",\"publisher\":{\"@id\":\"https:\/\/www.educaborras.com\/fr\/#organization\"},\"potentialAction\":[{\"@type\":\"SearchAction\",\"target\":{\"@type\":\"EntryPoint\",\"urlTemplate\":\"https:\/\/www.educaborras.com\/fr\/?s={search_term_string}\"},\"query-input\":{\"@type\":\"PropertyValueSpecification\",\"valueRequired\":true,\"valueName\":\"search_term_string\"}}],\"inLanguage\":\"fr-FR\"},{\"@type\":\"Organization\",\"@id\":\"https:\/\/www.educaborras.com\/fr\/#organization\",\"name\":\"Educa Borras\",\"url\":\"https:\/\/www.educaborras.com\/fr\/\",\"logo\":{\"@type\":\"ImageObject\",\"inLanguage\":\"fr-FR\",\"@id\":\"https:\/\/www.educaborras.com\/fr\/#\/schema\/logo\/image\/\",\"url\":\"https:\/\/www.educaborras.com\/wp-content\/uploads\/cropped-LOGOS-EDUCA-BORRAS_retina.png\",\"contentUrl\":\"https:\/\/www.educaborras.com\/wp-content\/uploads\/cropped-LOGOS-EDUCA-BORRAS_retina.png\",\"caption\":\"Educa Borras\"},\"image\":{\"@id\":\"https:\/\/www.educaborras.com\/fr\/#\/schema\/logo\/image\/\"}}]}<\/script>\n<!-- \/ Yoast SEO plugin. -->","yoast_head_json":{"title":"500 Dragon Ball Super - Educa Borras","robots":{"index":"index","follow":"follow","max-snippet":"max-snippet:-1","max-image-preview":"max-image-preview:large","max-video-preview":"max-video-preview:-1"},"canonical":"https:\/\/www.educaborras.com\/fr\/produit\/19009-fr\/","twitter_misc":{"Dur\u00e9e de lecture estim\u00e9e":"1 minute"},"schema":{"@context":"https:\/\/schema.org","@graph":[{"@type":"WebPage","@id":"https:\/\/www.educaborras.com\/fr\/produit\/19009-fr\/","url":"https:\/\/www.educaborras.com\/fr\/produit\/19009-fr\/","name":"500 Dragon Ball Super - Educa Borras","isPartOf":{"@id":"https:\/\/www.educaborras.com\/fr\/#website"},"primaryImageOfPage":{"@id":"https:\/\/www.educaborras.com\/fr\/produit\/19009-fr\/#primaryimage"},"image":{"@id":"https:\/\/www.educaborras.com\/fr\/produit\/19009-fr\/#primaryimage"},"thumbnailUrl":"https:\/\/www.educaborras.com\/wp-content\/uploads\/19009_01_high-13.jpg","datePublished":"2025-06-05T09:23:19+00:00","dateModified":"2026-04-29T01:02:55+00:00","breadcrumb":{"@id":"https:\/\/www.educaborras.com\/fr\/produit\/19009-fr\/#breadcrumb"},"inLanguage":"fr-FR","potentialAction":[{"@type":"ReadAction","target":["https:\/\/www.educaborras.com\/fr\/produit\/19009-fr\/"]}]},{"@type":"ImageObject","inLanguage":"fr-FR","@id":"https:\/\/www.educaborras.com\/fr\/produit\/19009-fr\/#primaryimage","url":"https:\/\/www.educaborras.com\/wp-content\/uploads\/19009_01_high-13.jpg","contentUrl":"https:\/\/www.educaborras.com\/wp-content\/uploads\/19009_01_high-13.jpg"},{"@type":"BreadcrumbList","@id":"https:\/\/www.educaborras.com\/fr\/produit\/19009-fr\/#breadcrumb","itemListElement":[{"@type":"ListItem","position":1,"name":"Portada","item":"https:\/\/www.educaborras.com\/fr\/"},{"@type":"ListItem","position":2,"name":"Produits","item":"https:\/\/www.educaborras.com\/fr\/shop\/"},{"@type":"ListItem","position":3,"name":"500 Dragon Ball Super"}]},{"@type":"WebSite","@id":"https:\/\/www.educaborras.com\/fr\/#website","url":"https:\/\/www.educaborras.com\/fr\/","name":"Educa Borras","description":"","publisher":{"@id":"https:\/\/www.educaborras.com\/fr\/#organization"},"potentialAction":[{"@type":"SearchAction","target":{"@type":"EntryPoint","urlTemplate":"https:\/\/www.educaborras.com\/fr\/?s={search_term_string}"},"query-input":{"@type":"PropertyValueSpecification","valueRequired":true,"valueName":"search_term_string"}}],"inLanguage":"fr-FR"},{"@type":"Organization","@id":"https:\/\/www.educaborras.com\/fr\/#organization","name":"Educa Borras","url":"https:\/\/www.educaborras.com\/fr\/","logo":{"@type":"ImageObject","inLanguage":"fr-FR","@id":"https:\/\/www.educaborras.com\/fr\/#\/schema\/logo\/image\/","url":"https:\/\/www.educaborras.com\/wp-content\/uploads\/cropped-LOGOS-EDUCA-BORRAS_retina.png","contentUrl":"https:\/\/www.educaborras.com\/wp-content\/uploads\/cropped-LOGOS-EDUCA-BORRAS_retina.png","caption":"Educa Borras"},"image":{"@id":"https:\/\/www.educaborras.com\/fr\/#\/schema\/logo\/image\/"}}]}},"_links":{"self":[{"href":"https:\/\/www.educaborras.com\/fr\/wp-json\/wp\/v2\/product\/249049","targetHints":{"allow":["GET"]}}],"collection":[{"href":"https:\/\/www.educaborras.com\/fr\/wp-json\/wp\/v2\/product"}],"about":[{"href":"https:\/\/www.educaborras.com\/fr\/wp-json\/wp\/v2\/types\/product"}],"wp:featuredmedia":[{"embeddable":true,"href":"https:\/\/www.educaborras.com\/fr\/wp-json\/wp\/v2\/media\/169340"}],"wp:attachment":[{"href":"https:\/\/www.educaborras.com\/fr\/wp-json\/wp\/v2\/media?parent=249049"}],"wp:term":[{"taxonomy":"product_brand","embeddable":true,"href":"https:\/\/www.educaborras.com\/fr\/wp-json\/wp\/v2\/product_brand?post=249049"},{"taxonomy":"product_cat","embeddable":true,"href":"https:\/\/www.educaborras.com\/fr\/wp-json\/wp\/v2\/product_cat?post=249049"},{"taxonomy":"product_tag","embeddable":true,"href":"https:\/\/www.educaborras.com\/fr\/wp-json\/wp\/v2\/product_tag?post=249049"}],"curies":[{"name":"wp","href":"https:\/\/api.w.org\/{rel}","templated":true}]}}