{"id":248933,"date":"2025-06-05T11:24:37","date_gmt":"2025-06-05T09:24:37","guid":{"rendered":"https:\/\/www.educaborras.com\/product\/20101\/"},"modified":"2026-04-30T02:37:02","modified_gmt":"2026-04-30T00:37:02","slug":"20101-fr","status":"publish","type":"product","link":"https:\/\/www.educaborras.com\/fr\/produit\/20101-fr\/","title":{"rendered":"2&#215;500 Inside Out 2"},"content":{"rendered":"<p>Ce puzzle est compos\u00e9 de 500 pi\u00e8ces parfaitement finies pour un assemblage simple et s\u00fbr. Dimensions approximatives du puzzle assembl\u00e9 : 34 x 48 cm. \u00a9Disney\/Pixar<\/p>\n","protected":false},"excerpt":{"rendered":"<p>Ce puzzle est compos\u00e9 de 500 pi\u00e8ces parfaitement finies pour un assemblage simple et s\u00fbr. Taille approximative du puzzle assembl\u00e9 : 34 x 48 cm. \u00a9Disney\/Pixar<\/p>\n","protected":false},"featured_media":170030,"template":"","meta":{"_acf_changed":false},"product_brand":[],"product_cat":[73369,73539],"product_tag":[74344,82356,90568,89873,90569,89874,74423,90570,74204,74205,74206,74208,90571,80324,90572,74347,74495,82357,74496,74497,84424,75657,74054,90573,90574,90575,90576,82313,74216,82314,82315,74348],"class_list":{"0":"post-248933","1":"product","2":"type-product","3":"status-publish","4":"has-post-thumbnail","6":"product_cat-puzzles-adultes","7":"product_cat-puzzles-de-500-pieces","8":"product_tag-piezas-fr","9":"product_tag-2x500-fr","10":"product_tag-20101-fr","11":"product_tag-adulto-fr","12":"product_tag-alegria-fr","13":"product_tag-carton-fr","14":"product_tag-disney-fr","15":"product_tag-disney-inside-out-2-fr","16":"product_tag-educa-fr","17":"product_tag-educa-borras-fr","18":"product_tag-educa-borras-puzzle-fr","19":"product_tag-educa-puzzle-fr","20":"product_tag-emociones-fr","21":"product_tag-fix-puzzle-fr","22":"product_tag-inside-out-2-fr","23":"product_tag-peca-fr","24":"product_tag-peces-fr","25":"product_tag-picce-fr","26":"product_tag-piece-fr","27":"product_tag-pieces-fr","28":"product_tag-princesas-disney-fr","29":"product_tag-puzle-fr","30":"product_tag-puzzle-fr","31":"product_tag-puzzle-2x500-inside-out-2-fr","32":"product_tag-puzzle-500-inside-out-2-fr","33":"product_tag-puzzle-educa-inside-out-2-fr","34":"product_tag-puzzle-inside-out-2-fr","35":"product_tag-puzzle-pasion-fr","36":"product_tag-puzzle-passion-fr","37":"product_tag-puzzlemania-fr","38":"product_tag-puzzlepassion-fr","39":"product_tag-rompecabezas-fr","41":"first","42":"instock","43":"shipping-taxable","44":"product-type-simple"},"acf":[],"yoast_head":"<!-- This site is optimized with the Yoast SEO plugin v27.1.1 - https:\/\/yoast.com\/product\/yoast-seo-wordpress\/ -->\n<title>2x500 Inside Out 2 - Educa Borras<\/title>\n<meta name=\"description\" content=\"Educa\u00ae te ofrece la colecci\u00f3n de Puzzles Adultos m\u00e1s completa del mercado, con tamanos desde las 500 a las 42000 piezas y con las mejores im\u00e1genes y los personajes m\u00e1s divertidos. \u00a9 Disney\/Pixar.\" \/>\n<meta name=\"robots\" content=\"index, follow, max-snippet:-1, max-image-preview:large, max-video-preview:-1\" \/>\n<link rel=\"canonical\" href=\"https:\/\/www.educaborras.com\/fr\/produit\/20101-fr\/\" \/>\n<script type=\"application\/ld+json\" class=\"yoast-schema-graph\">{\"@context\":\"https:\/\/schema.org\",\"@graph\":[{\"@type\":\"WebPage\",\"@id\":\"https:\/\/www.educaborras.com\/fr\/produit\/20101-fr\/\",\"url\":\"https:\/\/www.educaborras.com\/fr\/produit\/20101-fr\/\",\"name\":\"2x500 Inside Out 2 - Educa Borras\",\"isPartOf\":{\"@id\":\"https:\/\/www.educaborras.com\/fr\/#website\"},\"primaryImageOfPage\":{\"@id\":\"https:\/\/www.educaborras.com\/fr\/produit\/20101-fr\/#primaryimage\"},\"image\":{\"@id\":\"https:\/\/www.educaborras.com\/fr\/produit\/20101-fr\/#primaryimage\"},\"thumbnailUrl\":\"https:\/\/www.educaborras.com\/wp-content\/uploads\/20101_01_high-11.jpg\",\"datePublished\":\"2025-06-05T09:24:37+00:00\",\"dateModified\":\"2026-04-30T00:37:02+00:00\",\"description\":\"Educa\u00ae te ofrece la colecci\u00f3n de Puzzles Adultos m\u00e1s completa del mercado, con tamanos desde las 500 a las 42000 piezas y con las mejores im\u00e1genes y los personajes m\u00e1s divertidos. \u00a9 Disney\/Pixar.\",\"breadcrumb\":{\"@id\":\"https:\/\/www.educaborras.com\/fr\/produit\/20101-fr\/#breadcrumb\"},\"inLanguage\":\"fr-FR\",\"potentialAction\":[{\"@type\":\"ReadAction\",\"target\":[\"https:\/\/www.educaborras.com\/fr\/produit\/20101-fr\/\"]}]},{\"@type\":\"ImageObject\",\"inLanguage\":\"fr-FR\",\"@id\":\"https:\/\/www.educaborras.com\/fr\/produit\/20101-fr\/#primaryimage\",\"url\":\"https:\/\/www.educaborras.com\/wp-content\/uploads\/20101_01_high-11.jpg\",\"contentUrl\":\"https:\/\/www.educaborras.com\/wp-content\/uploads\/20101_01_high-11.jpg\"},{\"@type\":\"BreadcrumbList\",\"@id\":\"https:\/\/www.educaborras.com\/fr\/produit\/20101-fr\/#breadcrumb\",\"itemListElement\":[{\"@type\":\"ListItem\",\"position\":1,\"name\":\"Portada\",\"item\":\"https:\/\/www.educaborras.com\/fr\/\"},{\"@type\":\"ListItem\",\"position\":2,\"name\":\"Produits\",\"item\":\"https:\/\/www.educaborras.com\/fr\/shop\/\"},{\"@type\":\"ListItem\",\"position\":3,\"name\":\"2&#215;500 Inside Out 2\"}]},{\"@type\":\"WebSite\",\"@id\":\"https:\/\/www.educaborras.com\/fr\/#website\",\"url\":\"https:\/\/www.educaborras.com\/fr\/\",\"name\":\"Educa Borras\",\"description\":\"\",\"publisher\":{\"@id\":\"https:\/\/www.educaborras.com\/fr\/#organization\"},\"potentialAction\":[{\"@type\":\"SearchAction\",\"target\":{\"@type\":\"EntryPoint\",\"urlTemplate\":\"https:\/\/www.educaborras.com\/fr\/?s={search_term_string}\"},\"query-input\":{\"@type\":\"PropertyValueSpecification\",\"valueRequired\":true,\"valueName\":\"search_term_string\"}}],\"inLanguage\":\"fr-FR\"},{\"@type\":\"Organization\",\"@id\":\"https:\/\/www.educaborras.com\/fr\/#organization\",\"name\":\"Educa Borras\",\"url\":\"https:\/\/www.educaborras.com\/fr\/\",\"logo\":{\"@type\":\"ImageObject\",\"inLanguage\":\"fr-FR\",\"@id\":\"https:\/\/www.educaborras.com\/fr\/#\/schema\/logo\/image\/\",\"url\":\"https:\/\/www.educaborras.com\/wp-content\/uploads\/cropped-LOGOS-EDUCA-BORRAS_retina.png\",\"contentUrl\":\"https:\/\/www.educaborras.com\/wp-content\/uploads\/cropped-LOGOS-EDUCA-BORRAS_retina.png\",\"caption\":\"Educa Borras\"},\"image\":{\"@id\":\"https:\/\/www.educaborras.com\/fr\/#\/schema\/logo\/image\/\"}}]}<\/script>\n<!-- \/ Yoast SEO plugin. -->","yoast_head_json":{"title":"2x500 Inside Out 2 - Educa Borras","description":"Educa\u00ae te ofrece la colecci\u00f3n de Puzzles Adultos m\u00e1s completa del mercado, con tamanos desde las 500 a las 42000 piezas y con las mejores im\u00e1genes y los personajes m\u00e1s divertidos. \u00a9 Disney\/Pixar.","robots":{"index":"index","follow":"follow","max-snippet":"max-snippet:-1","max-image-preview":"max-image-preview:large","max-video-preview":"max-video-preview:-1"},"canonical":"https:\/\/www.educaborras.com\/fr\/produit\/20101-fr\/","schema":{"@context":"https:\/\/schema.org","@graph":[{"@type":"WebPage","@id":"https:\/\/www.educaborras.com\/fr\/produit\/20101-fr\/","url":"https:\/\/www.educaborras.com\/fr\/produit\/20101-fr\/","name":"2x500 Inside Out 2 - Educa Borras","isPartOf":{"@id":"https:\/\/www.educaborras.com\/fr\/#website"},"primaryImageOfPage":{"@id":"https:\/\/www.educaborras.com\/fr\/produit\/20101-fr\/#primaryimage"},"image":{"@id":"https:\/\/www.educaborras.com\/fr\/produit\/20101-fr\/#primaryimage"},"thumbnailUrl":"https:\/\/www.educaborras.com\/wp-content\/uploads\/20101_01_high-11.jpg","datePublished":"2025-06-05T09:24:37+00:00","dateModified":"2026-04-30T00:37:02+00:00","description":"Educa\u00ae te ofrece la colecci\u00f3n de Puzzles Adultos m\u00e1s completa del mercado, con tamanos desde las 500 a las 42000 piezas y con las mejores im\u00e1genes y los personajes m\u00e1s divertidos. \u00a9 Disney\/Pixar.","breadcrumb":{"@id":"https:\/\/www.educaborras.com\/fr\/produit\/20101-fr\/#breadcrumb"},"inLanguage":"fr-FR","potentialAction":[{"@type":"ReadAction","target":["https:\/\/www.educaborras.com\/fr\/produit\/20101-fr\/"]}]},{"@type":"ImageObject","inLanguage":"fr-FR","@id":"https:\/\/www.educaborras.com\/fr\/produit\/20101-fr\/#primaryimage","url":"https:\/\/www.educaborras.com\/wp-content\/uploads\/20101_01_high-11.jpg","contentUrl":"https:\/\/www.educaborras.com\/wp-content\/uploads\/20101_01_high-11.jpg"},{"@type":"BreadcrumbList","@id":"https:\/\/www.educaborras.com\/fr\/produit\/20101-fr\/#breadcrumb","itemListElement":[{"@type":"ListItem","position":1,"name":"Portada","item":"https:\/\/www.educaborras.com\/fr\/"},{"@type":"ListItem","position":2,"name":"Produits","item":"https:\/\/www.educaborras.com\/fr\/shop\/"},{"@type":"ListItem","position":3,"name":"2&#215;500 Inside Out 2"}]},{"@type":"WebSite","@id":"https:\/\/www.educaborras.com\/fr\/#website","url":"https:\/\/www.educaborras.com\/fr\/","name":"Educa Borras","description":"","publisher":{"@id":"https:\/\/www.educaborras.com\/fr\/#organization"},"potentialAction":[{"@type":"SearchAction","target":{"@type":"EntryPoint","urlTemplate":"https:\/\/www.educaborras.com\/fr\/?s={search_term_string}"},"query-input":{"@type":"PropertyValueSpecification","valueRequired":true,"valueName":"search_term_string"}}],"inLanguage":"fr-FR"},{"@type":"Organization","@id":"https:\/\/www.educaborras.com\/fr\/#organization","name":"Educa Borras","url":"https:\/\/www.educaborras.com\/fr\/","logo":{"@type":"ImageObject","inLanguage":"fr-FR","@id":"https:\/\/www.educaborras.com\/fr\/#\/schema\/logo\/image\/","url":"https:\/\/www.educaborras.com\/wp-content\/uploads\/cropped-LOGOS-EDUCA-BORRAS_retina.png","contentUrl":"https:\/\/www.educaborras.com\/wp-content\/uploads\/cropped-LOGOS-EDUCA-BORRAS_retina.png","caption":"Educa Borras"},"image":{"@id":"https:\/\/www.educaborras.com\/fr\/#\/schema\/logo\/image\/"}}]}},"_links":{"self":[{"href":"https:\/\/www.educaborras.com\/fr\/wp-json\/wp\/v2\/product\/248933","targetHints":{"allow":["GET"]}}],"collection":[{"href":"https:\/\/www.educaborras.com\/fr\/wp-json\/wp\/v2\/product"}],"about":[{"href":"https:\/\/www.educaborras.com\/fr\/wp-json\/wp\/v2\/types\/product"}],"wp:featuredmedia":[{"embeddable":true,"href":"https:\/\/www.educaborras.com\/fr\/wp-json\/wp\/v2\/media\/170030"}],"wp:attachment":[{"href":"https:\/\/www.educaborras.com\/fr\/wp-json\/wp\/v2\/media?parent=248933"}],"wp:term":[{"taxonomy":"product_brand","embeddable":true,"href":"https:\/\/www.educaborras.com\/fr\/wp-json\/wp\/v2\/product_brand?post=248933"},{"taxonomy":"product_cat","embeddable":true,"href":"https:\/\/www.educaborras.com\/fr\/wp-json\/wp\/v2\/product_cat?post=248933"},{"taxonomy":"product_tag","embeddable":true,"href":"https:\/\/www.educaborras.com\/fr\/wp-json\/wp\/v2\/product_tag?post=248933"}],"curies":[{"name":"wp","href":"https:\/\/api.w.org\/{rel}","templated":true}]}}