{"id":248773,"date":"2025-06-05T11:25:10","date_gmt":"2025-06-05T09:25:10","guid":{"rendered":"https:\/\/www.educaborras.com\/product\/19689\/"},"modified":"2026-04-19T02:55:21","modified_gmt":"2026-04-19T00:55:21","slug":"19689-fr","status":"publish","type":"product","link":"https:\/\/www.educaborras.com\/fr\/produit\/19689-fr\/","title":{"rendered":"Pteranodon 3D Creature Puzzle"},"content":{"rendered":"<p>Assemble ton Pteranodon en 3D ! Cr\u00e9ez un extraordinaire puzzle en carton 3D en suivant les instructions \u00e9tape par \u00e9tape. Chaque pi\u00e8ce est num\u00e9rot\u00e9e pour faciliter l&rsquo;assemblage. Cr\u00e9ez un dinosaure 3D de 44 cm de long. Aide \u00e0 d\u00e9velopper la dext\u00e9rit\u00e9 manuelle, l&rsquo;attention et la concentration et l&rsquo;orientation spatiale. Contenu: 43 pieces, instructions.<\/p>\n","protected":false},"excerpt":{"rendered":"<p>Assemble ton Pteranodon en 3D !<\/p>\n","protected":false},"featured_media":110403,"template":"","meta":{"_acf_changed":false},"product_brand":[],"product_cat":[73509,73507],"product_tag":[103512,81530,81531,103513,81533,81534,74380,92386,76591,81535,103514,81536,81538,81539,81540],"class_list":{"0":"post-248773","1":"product","2":"type-product","3":"status-publish","4":"has-post-thumbnail","6":"product_cat-3d-creature-puzzle-fr","7":"product_cat-puzzles-3d-fr","8":"product_tag-19689-fr","9":"product_tag-3d-creature-puzle-fr","10":"product_tag-3d-puzzles-fr","11":"product_tag-43-pieces-fr","12":"product_tag-creature-fr","13":"product_tag-criaturas-fr","14":"product_tag-dino-fr","15":"product_tag-dinos-fr","16":"product_tag-dinosaurios-fr","17":"product_tag-dinosaurs-fr","18":"product_tag-pteranodon-fr","19":"product_tag-rex-fr","20":"product_tag-t-rex-3d-creature-puzle-fr","21":"product_tag-tyrannosaurus-fr","22":"product_tag-tyrannosaurus-rex-fr","24":"first","25":"instock","26":"shipping-taxable","27":"product-type-simple"},"acf":[],"yoast_head":"<!-- This site is optimized with the Yoast SEO plugin v27.1.1 - https:\/\/yoast.com\/product\/yoast-seo-wordpress\/ -->\n<title>Pteranodon 3D Creature Puzzle - Educa Borras<\/title>\n<meta name=\"description\" content=\"\u00a1Monta tu Pteranodon en 3D! Crea un extraordinario puzle 3D de cart\u00f3n siguiendo las instrucciones paso a paso. Cada pieza est\u00e1 numerada.\" \/>\n<meta name=\"robots\" content=\"index, follow, max-snippet:-1, max-image-preview:large, max-video-preview:-1\" \/>\n<link rel=\"canonical\" href=\"https:\/\/www.educaborras.com\/fr\/produit\/19689-fr\/\" \/>\n<script type=\"application\/ld+json\" class=\"yoast-schema-graph\">{\"@context\":\"https:\/\/schema.org\",\"@graph\":[{\"@type\":\"WebPage\",\"@id\":\"https:\/\/www.educaborras.com\/fr\/produit\/19689-fr\/\",\"url\":\"https:\/\/www.educaborras.com\/fr\/produit\/19689-fr\/\",\"name\":\"Pteranodon 3D Creature Puzzle - Educa Borras\",\"isPartOf\":{\"@id\":\"https:\/\/www.educaborras.com\/fr\/#website\"},\"primaryImageOfPage\":{\"@id\":\"https:\/\/www.educaborras.com\/fr\/produit\/19689-fr\/#primaryimage\"},\"image\":{\"@id\":\"https:\/\/www.educaborras.com\/fr\/produit\/19689-fr\/#primaryimage\"},\"thumbnailUrl\":\"https:\/\/www.educaborras.com\/wp-content\/uploads\/19689_01_high.jpg\",\"datePublished\":\"2025-06-05T09:25:10+00:00\",\"dateModified\":\"2026-04-19T00:55:21+00:00\",\"description\":\"\u00a1Monta tu Pteranodon en 3D! Crea un extraordinario puzle 3D de cart\u00f3n siguiendo las instrucciones paso a paso. Cada pieza est\u00e1 numerada.\",\"breadcrumb\":{\"@id\":\"https:\/\/www.educaborras.com\/fr\/produit\/19689-fr\/#breadcrumb\"},\"inLanguage\":\"fr-FR\",\"potentialAction\":[{\"@type\":\"ReadAction\",\"target\":[\"https:\/\/www.educaborras.com\/fr\/produit\/19689-fr\/\"]}]},{\"@type\":\"ImageObject\",\"inLanguage\":\"fr-FR\",\"@id\":\"https:\/\/www.educaborras.com\/fr\/produit\/19689-fr\/#primaryimage\",\"url\":\"https:\/\/www.educaborras.com\/wp-content\/uploads\/19689_01_high.jpg\",\"contentUrl\":\"https:\/\/www.educaborras.com\/wp-content\/uploads\/19689_01_high.jpg\",\"width\":3000,\"height\":3000,\"caption\":\"Pteranodon 3D Creature Puzzle\"},{\"@type\":\"BreadcrumbList\",\"@id\":\"https:\/\/www.educaborras.com\/fr\/produit\/19689-fr\/#breadcrumb\",\"itemListElement\":[{\"@type\":\"ListItem\",\"position\":1,\"name\":\"Portada\",\"item\":\"https:\/\/www.educaborras.com\/fr\/\"},{\"@type\":\"ListItem\",\"position\":2,\"name\":\"Produits\",\"item\":\"https:\/\/www.educaborras.com\/fr\/shop\/\"},{\"@type\":\"ListItem\",\"position\":3,\"name\":\"Pteranodon 3D Creature Puzzle\"}]},{\"@type\":\"WebSite\",\"@id\":\"https:\/\/www.educaborras.com\/fr\/#website\",\"url\":\"https:\/\/www.educaborras.com\/fr\/\",\"name\":\"Educa Borras\",\"description\":\"\",\"publisher\":{\"@id\":\"https:\/\/www.educaborras.com\/fr\/#organization\"},\"potentialAction\":[{\"@type\":\"SearchAction\",\"target\":{\"@type\":\"EntryPoint\",\"urlTemplate\":\"https:\/\/www.educaborras.com\/fr\/?s={search_term_string}\"},\"query-input\":{\"@type\":\"PropertyValueSpecification\",\"valueRequired\":true,\"valueName\":\"search_term_string\"}}],\"inLanguage\":\"fr-FR\"},{\"@type\":\"Organization\",\"@id\":\"https:\/\/www.educaborras.com\/fr\/#organization\",\"name\":\"Educa Borras\",\"url\":\"https:\/\/www.educaborras.com\/fr\/\",\"logo\":{\"@type\":\"ImageObject\",\"inLanguage\":\"fr-FR\",\"@id\":\"https:\/\/www.educaborras.com\/fr\/#\/schema\/logo\/image\/\",\"url\":\"https:\/\/www.educaborras.com\/wp-content\/uploads\/cropped-LOGOS-EDUCA-BORRAS_retina.png\",\"contentUrl\":\"https:\/\/www.educaborras.com\/wp-content\/uploads\/cropped-LOGOS-EDUCA-BORRAS_retina.png\",\"caption\":\"Educa Borras\"},\"image\":{\"@id\":\"https:\/\/www.educaborras.com\/fr\/#\/schema\/logo\/image\/\"}}]}<\/script>\n<!-- \/ Yoast SEO plugin. -->","yoast_head_json":{"title":"Pteranodon 3D Creature Puzzle - Educa Borras","description":"\u00a1Monta tu Pteranodon en 3D! Crea un extraordinario puzle 3D de cart\u00f3n siguiendo las instrucciones paso a paso. Cada pieza est\u00e1 numerada.","robots":{"index":"index","follow":"follow","max-snippet":"max-snippet:-1","max-image-preview":"max-image-preview:large","max-video-preview":"max-video-preview:-1"},"canonical":"https:\/\/www.educaborras.com\/fr\/produit\/19689-fr\/","schema":{"@context":"https:\/\/schema.org","@graph":[{"@type":"WebPage","@id":"https:\/\/www.educaborras.com\/fr\/produit\/19689-fr\/","url":"https:\/\/www.educaborras.com\/fr\/produit\/19689-fr\/","name":"Pteranodon 3D Creature Puzzle - Educa Borras","isPartOf":{"@id":"https:\/\/www.educaborras.com\/fr\/#website"},"primaryImageOfPage":{"@id":"https:\/\/www.educaborras.com\/fr\/produit\/19689-fr\/#primaryimage"},"image":{"@id":"https:\/\/www.educaborras.com\/fr\/produit\/19689-fr\/#primaryimage"},"thumbnailUrl":"https:\/\/www.educaborras.com\/wp-content\/uploads\/19689_01_high.jpg","datePublished":"2025-06-05T09:25:10+00:00","dateModified":"2026-04-19T00:55:21+00:00","description":"\u00a1Monta tu Pteranodon en 3D! Crea un extraordinario puzle 3D de cart\u00f3n siguiendo las instrucciones paso a paso. Cada pieza est\u00e1 numerada.","breadcrumb":{"@id":"https:\/\/www.educaborras.com\/fr\/produit\/19689-fr\/#breadcrumb"},"inLanguage":"fr-FR","potentialAction":[{"@type":"ReadAction","target":["https:\/\/www.educaborras.com\/fr\/produit\/19689-fr\/"]}]},{"@type":"ImageObject","inLanguage":"fr-FR","@id":"https:\/\/www.educaborras.com\/fr\/produit\/19689-fr\/#primaryimage","url":"https:\/\/www.educaborras.com\/wp-content\/uploads\/19689_01_high.jpg","contentUrl":"https:\/\/www.educaborras.com\/wp-content\/uploads\/19689_01_high.jpg","width":3000,"height":3000,"caption":"Pteranodon 3D Creature Puzzle"},{"@type":"BreadcrumbList","@id":"https:\/\/www.educaborras.com\/fr\/produit\/19689-fr\/#breadcrumb","itemListElement":[{"@type":"ListItem","position":1,"name":"Portada","item":"https:\/\/www.educaborras.com\/fr\/"},{"@type":"ListItem","position":2,"name":"Produits","item":"https:\/\/www.educaborras.com\/fr\/shop\/"},{"@type":"ListItem","position":3,"name":"Pteranodon 3D Creature Puzzle"}]},{"@type":"WebSite","@id":"https:\/\/www.educaborras.com\/fr\/#website","url":"https:\/\/www.educaborras.com\/fr\/","name":"Educa Borras","description":"","publisher":{"@id":"https:\/\/www.educaborras.com\/fr\/#organization"},"potentialAction":[{"@type":"SearchAction","target":{"@type":"EntryPoint","urlTemplate":"https:\/\/www.educaborras.com\/fr\/?s={search_term_string}"},"query-input":{"@type":"PropertyValueSpecification","valueRequired":true,"valueName":"search_term_string"}}],"inLanguage":"fr-FR"},{"@type":"Organization","@id":"https:\/\/www.educaborras.com\/fr\/#organization","name":"Educa Borras","url":"https:\/\/www.educaborras.com\/fr\/","logo":{"@type":"ImageObject","inLanguage":"fr-FR","@id":"https:\/\/www.educaborras.com\/fr\/#\/schema\/logo\/image\/","url":"https:\/\/www.educaborras.com\/wp-content\/uploads\/cropped-LOGOS-EDUCA-BORRAS_retina.png","contentUrl":"https:\/\/www.educaborras.com\/wp-content\/uploads\/cropped-LOGOS-EDUCA-BORRAS_retina.png","caption":"Educa Borras"},"image":{"@id":"https:\/\/www.educaborras.com\/fr\/#\/schema\/logo\/image\/"}}]}},"_links":{"self":[{"href":"https:\/\/www.educaborras.com\/fr\/wp-json\/wp\/v2\/product\/248773","targetHints":{"allow":["GET"]}}],"collection":[{"href":"https:\/\/www.educaborras.com\/fr\/wp-json\/wp\/v2\/product"}],"about":[{"href":"https:\/\/www.educaborras.com\/fr\/wp-json\/wp\/v2\/types\/product"}],"wp:featuredmedia":[{"embeddable":true,"href":"https:\/\/www.educaborras.com\/fr\/wp-json\/wp\/v2\/media\/110403"}],"wp:attachment":[{"href":"https:\/\/www.educaborras.com\/fr\/wp-json\/wp\/v2\/media?parent=248773"}],"wp:term":[{"taxonomy":"product_brand","embeddable":true,"href":"https:\/\/www.educaborras.com\/fr\/wp-json\/wp\/v2\/product_brand?post=248773"},{"taxonomy":"product_cat","embeddable":true,"href":"https:\/\/www.educaborras.com\/fr\/wp-json\/wp\/v2\/product_cat?post=248773"},{"taxonomy":"product_tag","embeddable":true,"href":"https:\/\/www.educaborras.com\/fr\/wp-json\/wp\/v2\/product_tag?post=248773"}],"curies":[{"name":"wp","href":"https:\/\/api.w.org\/{rel}","templated":true}]}}