{"id":248741,"date":"2025-06-05T11:25:30","date_gmt":"2025-06-05T09:25:30","guid":{"rendered":"https:\/\/www.educaborras.com\/product\/19709\/"},"modified":"2026-05-05T02:30:44","modified_gmt":"2026-05-05T00:30:44","slug":"19709-fr","status":"publish","type":"product","link":"https:\/\/www.educaborras.com\/fr\/produit\/19709-fr\/","title":{"rendered":"Round 3D Puzzle Abstract"},"content":{"rendered":"<p>TOURNE, RETOURNE ET R\u00c9SOUD! Un nouveau d\u00e9fi \u00e0 360 degr\u00e9s pour les passionn\u00e9s des puzzles. 14 anneaux concentriques: tourne, retourne et fait glisser pour r\u00e9soudre les images. 2 d\u00e9fis en 1 : des images s\u00fbr les deux faces pour deux fois plus de divertissement ! Diam\u00e8tre de 12,7 cm.<\/p>\n","protected":false},"excerpt":{"rendered":"<p>TOURNE, RETOURNE ET R\u00c9SOUD! Un nouveau d\u00e9fi \u00e0 360 degr\u00e9s pour les passionn\u00e9s des puzzles.<\/p>\n","protected":false},"featured_media":170380,"template":"","meta":{"_acf_changed":false},"product_brand":[],"product_cat":[73518],"product_tag":[104422,81531,104423,104424,104425,104426,104427,82494,104428],"class_list":{"0":"post-248741","1":"product","2":"type-product","3":"status-publish","4":"has-post-thumbnail","6":"product_cat-round-3d-puzzle-fr","7":"product_tag-19709-fr","8":"product_tag-3d-puzzles-fr","9":"product_tag-abstract-fr","10":"product_tag-educa-3d-puzzle-fr","11":"product_tag-puzzle-3d-educa-fr","12":"product_tag-puzzle-3d-educa-redondo-fr","13":"product_tag-puzzle-abstract-fr","14":"product_tag-puzzle-educa-fr","15":"product_tag-round-3d-puzzle-fr","17":"first","18":"instock","19":"shipping-taxable","20":"product-type-simple"},"acf":[],"yoast_head":"<!-- This site is optimized with the Yoast SEO plugin v27.1.1 - https:\/\/yoast.com\/product\/yoast-seo-wordpress\/ -->\n<title>Round 3D Puzzle Abstract - Educa Borras<\/title>\n<meta name=\"description\" content=\"14 anillos conc\u00e9ntricos: gira, voltea, tuerce y desliza para resolver las im\u00e1genes. 2 retos en 1: \u00a1im\u00e1genes en las dos caras para diversi\u00f3n doble!\" \/>\n<meta name=\"robots\" content=\"index, follow, max-snippet:-1, max-image-preview:large, max-video-preview:-1\" \/>\n<link rel=\"canonical\" href=\"https:\/\/www.educaborras.com\/fr\/produit\/19709-fr\/\" \/>\n<script type=\"application\/ld+json\" class=\"yoast-schema-graph\">{\"@context\":\"https:\/\/schema.org\",\"@graph\":[{\"@type\":\"WebPage\",\"@id\":\"https:\/\/www.educaborras.com\/fr\/produit\/19709-fr\/\",\"url\":\"https:\/\/www.educaborras.com\/fr\/produit\/19709-fr\/\",\"name\":\"Round 3D Puzzle Abstract - Educa Borras\",\"isPartOf\":{\"@id\":\"https:\/\/www.educaborras.com\/fr\/#website\"},\"primaryImageOfPage\":{\"@id\":\"https:\/\/www.educaborras.com\/fr\/produit\/19709-fr\/#primaryimage\"},\"image\":{\"@id\":\"https:\/\/www.educaborras.com\/fr\/produit\/19709-fr\/#primaryimage\"},\"thumbnailUrl\":\"https:\/\/www.educaborras.com\/wp-content\/uploads\/19709_01_high-9.jpg\",\"datePublished\":\"2025-06-05T09:25:30+00:00\",\"dateModified\":\"2026-05-05T00:30:44+00:00\",\"description\":\"14 anillos conc\u00e9ntricos: gira, voltea, tuerce y desliza para resolver las im\u00e1genes. 2 retos en 1: \u00a1im\u00e1genes en las dos caras para diversi\u00f3n doble!\",\"breadcrumb\":{\"@id\":\"https:\/\/www.educaborras.com\/fr\/produit\/19709-fr\/#breadcrumb\"},\"inLanguage\":\"fr-FR\",\"potentialAction\":[{\"@type\":\"ReadAction\",\"target\":[\"https:\/\/www.educaborras.com\/fr\/produit\/19709-fr\/\"]}]},{\"@type\":\"ImageObject\",\"inLanguage\":\"fr-FR\",\"@id\":\"https:\/\/www.educaborras.com\/fr\/produit\/19709-fr\/#primaryimage\",\"url\":\"https:\/\/www.educaborras.com\/wp-content\/uploads\/19709_01_high-9.jpg\",\"contentUrl\":\"https:\/\/www.educaborras.com\/wp-content\/uploads\/19709_01_high-9.jpg\"},{\"@type\":\"BreadcrumbList\",\"@id\":\"https:\/\/www.educaborras.com\/fr\/produit\/19709-fr\/#breadcrumb\",\"itemListElement\":[{\"@type\":\"ListItem\",\"position\":1,\"name\":\"Portada\",\"item\":\"https:\/\/www.educaborras.com\/fr\/\"},{\"@type\":\"ListItem\",\"position\":2,\"name\":\"Produits\",\"item\":\"https:\/\/www.educaborras.com\/fr\/shop\/\"},{\"@type\":\"ListItem\",\"position\":3,\"name\":\"Round 3D Puzzle Abstract\"}]},{\"@type\":\"WebSite\",\"@id\":\"https:\/\/www.educaborras.com\/fr\/#website\",\"url\":\"https:\/\/www.educaborras.com\/fr\/\",\"name\":\"Educa Borras\",\"description\":\"\",\"publisher\":{\"@id\":\"https:\/\/www.educaborras.com\/fr\/#organization\"},\"potentialAction\":[{\"@type\":\"SearchAction\",\"target\":{\"@type\":\"EntryPoint\",\"urlTemplate\":\"https:\/\/www.educaborras.com\/fr\/?s={search_term_string}\"},\"query-input\":{\"@type\":\"PropertyValueSpecification\",\"valueRequired\":true,\"valueName\":\"search_term_string\"}}],\"inLanguage\":\"fr-FR\"},{\"@type\":\"Organization\",\"@id\":\"https:\/\/www.educaborras.com\/fr\/#organization\",\"name\":\"Educa Borras\",\"url\":\"https:\/\/www.educaborras.com\/fr\/\",\"logo\":{\"@type\":\"ImageObject\",\"inLanguage\":\"fr-FR\",\"@id\":\"https:\/\/www.educaborras.com\/fr\/#\/schema\/logo\/image\/\",\"url\":\"https:\/\/www.educaborras.com\/wp-content\/uploads\/cropped-LOGOS-EDUCA-BORRAS_retina.png\",\"contentUrl\":\"https:\/\/www.educaborras.com\/wp-content\/uploads\/cropped-LOGOS-EDUCA-BORRAS_retina.png\",\"caption\":\"Educa Borras\"},\"image\":{\"@id\":\"https:\/\/www.educaborras.com\/fr\/#\/schema\/logo\/image\/\"}}]}<\/script>\n<!-- \/ Yoast SEO plugin. -->","yoast_head_json":{"title":"Round 3D Puzzle Abstract - Educa Borras","description":"14 anillos conc\u00e9ntricos: gira, voltea, tuerce y desliza para resolver las im\u00e1genes. 2 retos en 1: \u00a1im\u00e1genes en las dos caras para diversi\u00f3n doble!","robots":{"index":"index","follow":"follow","max-snippet":"max-snippet:-1","max-image-preview":"max-image-preview:large","max-video-preview":"max-video-preview:-1"},"canonical":"https:\/\/www.educaborras.com\/fr\/produit\/19709-fr\/","schema":{"@context":"https:\/\/schema.org","@graph":[{"@type":"WebPage","@id":"https:\/\/www.educaborras.com\/fr\/produit\/19709-fr\/","url":"https:\/\/www.educaborras.com\/fr\/produit\/19709-fr\/","name":"Round 3D Puzzle Abstract - Educa Borras","isPartOf":{"@id":"https:\/\/www.educaborras.com\/fr\/#website"},"primaryImageOfPage":{"@id":"https:\/\/www.educaborras.com\/fr\/produit\/19709-fr\/#primaryimage"},"image":{"@id":"https:\/\/www.educaborras.com\/fr\/produit\/19709-fr\/#primaryimage"},"thumbnailUrl":"https:\/\/www.educaborras.com\/wp-content\/uploads\/19709_01_high-9.jpg","datePublished":"2025-06-05T09:25:30+00:00","dateModified":"2026-05-05T00:30:44+00:00","description":"14 anillos conc\u00e9ntricos: gira, voltea, tuerce y desliza para resolver las im\u00e1genes. 2 retos en 1: \u00a1im\u00e1genes en las dos caras para diversi\u00f3n doble!","breadcrumb":{"@id":"https:\/\/www.educaborras.com\/fr\/produit\/19709-fr\/#breadcrumb"},"inLanguage":"fr-FR","potentialAction":[{"@type":"ReadAction","target":["https:\/\/www.educaborras.com\/fr\/produit\/19709-fr\/"]}]},{"@type":"ImageObject","inLanguage":"fr-FR","@id":"https:\/\/www.educaborras.com\/fr\/produit\/19709-fr\/#primaryimage","url":"https:\/\/www.educaborras.com\/wp-content\/uploads\/19709_01_high-9.jpg","contentUrl":"https:\/\/www.educaborras.com\/wp-content\/uploads\/19709_01_high-9.jpg"},{"@type":"BreadcrumbList","@id":"https:\/\/www.educaborras.com\/fr\/produit\/19709-fr\/#breadcrumb","itemListElement":[{"@type":"ListItem","position":1,"name":"Portada","item":"https:\/\/www.educaborras.com\/fr\/"},{"@type":"ListItem","position":2,"name":"Produits","item":"https:\/\/www.educaborras.com\/fr\/shop\/"},{"@type":"ListItem","position":3,"name":"Round 3D Puzzle Abstract"}]},{"@type":"WebSite","@id":"https:\/\/www.educaborras.com\/fr\/#website","url":"https:\/\/www.educaborras.com\/fr\/","name":"Educa Borras","description":"","publisher":{"@id":"https:\/\/www.educaborras.com\/fr\/#organization"},"potentialAction":[{"@type":"SearchAction","target":{"@type":"EntryPoint","urlTemplate":"https:\/\/www.educaborras.com\/fr\/?s={search_term_string}"},"query-input":{"@type":"PropertyValueSpecification","valueRequired":true,"valueName":"search_term_string"}}],"inLanguage":"fr-FR"},{"@type":"Organization","@id":"https:\/\/www.educaborras.com\/fr\/#organization","name":"Educa Borras","url":"https:\/\/www.educaborras.com\/fr\/","logo":{"@type":"ImageObject","inLanguage":"fr-FR","@id":"https:\/\/www.educaborras.com\/fr\/#\/schema\/logo\/image\/","url":"https:\/\/www.educaborras.com\/wp-content\/uploads\/cropped-LOGOS-EDUCA-BORRAS_retina.png","contentUrl":"https:\/\/www.educaborras.com\/wp-content\/uploads\/cropped-LOGOS-EDUCA-BORRAS_retina.png","caption":"Educa Borras"},"image":{"@id":"https:\/\/www.educaborras.com\/fr\/#\/schema\/logo\/image\/"}}]}},"_links":{"self":[{"href":"https:\/\/www.educaborras.com\/fr\/wp-json\/wp\/v2\/product\/248741","targetHints":{"allow":["GET"]}}],"collection":[{"href":"https:\/\/www.educaborras.com\/fr\/wp-json\/wp\/v2\/product"}],"about":[{"href":"https:\/\/www.educaborras.com\/fr\/wp-json\/wp\/v2\/types\/product"}],"wp:featuredmedia":[{"embeddable":true,"href":"https:\/\/www.educaborras.com\/fr\/wp-json\/wp\/v2\/media\/170380"}],"wp:attachment":[{"href":"https:\/\/www.educaborras.com\/fr\/wp-json\/wp\/v2\/media?parent=248741"}],"wp:term":[{"taxonomy":"product_brand","embeddable":true,"href":"https:\/\/www.educaborras.com\/fr\/wp-json\/wp\/v2\/product_brand?post=248741"},{"taxonomy":"product_cat","embeddable":true,"href":"https:\/\/www.educaborras.com\/fr\/wp-json\/wp\/v2\/product_cat?post=248741"},{"taxonomy":"product_tag","embeddable":true,"href":"https:\/\/www.educaborras.com\/fr\/wp-json\/wp\/v2\/product_tag?post=248741"}],"curies":[{"name":"wp","href":"https:\/\/api.w.org\/{rel}","templated":true}]}}