{"id":248725,"date":"2025-06-05T11:25:50","date_gmt":"2025-06-05T09:25:50","guid":{"rendered":"https:\/\/www.educaborras.com\/product\/20116\/"},"modified":"2026-04-04T03:15:37","modified_gmt":"2026-04-04T01:15:37","slug":"20116-fr","status":"publish","type":"product","link":"https:\/\/www.educaborras.com\/fr\/produit\/20116-fr\/","title":{"rendered":"Puzzle Battle Jr Animals"},"content":{"rendered":"<p>Educa\u00ae vous offre la collection la plus compl\u00e8te de jeux de Puzzles battle animals sur le march\u00e9, avec les meilleures images. Contient 12 puzzles de 9 pi\u00e8ces (144 pi\u00e8ces), 12 cartes illustr\u00e9es, instructions.<\/p>\n","protected":false},"excerpt":{"rendered":"<p>Educa\u00ae te propose Puzzle Battle Jr Animals, une v\u00e9ritable bataille de puzzles.<\/p>\n","protected":false},"featured_media":170505,"template":"","meta":{"_acf_changed":false},"product_brand":[],"product_cat":[73253,73536],"product_tag":[74344,103822,103823,103824,74553,103825,74204,74206,76820,80324,101935,82310,84648,91481,83916,75940,74347,74495,82357,74496,74497,74054,103826,103827,84651,82313,74216,82314,74348,75135,83922,82318,75946],"class_list":{"0":"post-248725","1":"product","2":"type-product","3":"status-publish","4":"has-post-thumbnail","6":"product_cat-jeux-de-societe","7":"product_cat-puzzle-battle-fr","8":"product_tag-piezas-fr","9":"product_tag-12-fr","10":"product_tag-144-piezas-fr","11":"product_tag-20116-fr","12":"product_tag-animals-fr","13":"product_tag-cocodrilo-fr","14":"product_tag-educa-fr","15":"product_tag-educa-borras-puzzle-fr","16":"product_tag-elefante-fr","17":"product_tag-fix-puzzle-fr","18":"product_tag-hipopotamo-fr","19":"product_tag-jigsaw-fr","20":"product_tag-jigsaw-puzzle-battle-fr","21":"product_tag-jirafa-fr","22":"product_tag-orca-fr","23":"product_tag-oso-panda-fr","24":"product_tag-peca-fr","25":"product_tag-peces-fr","26":"product_tag-picce-fr","27":"product_tag-piece-fr","28":"product_tag-pieces-fr","29":"product_tag-puzzle-fr","30":"product_tag-puzzle-battle-animales-fr","31":"product_tag-puzzle-battle-animals-fr","32":"product_tag-puzzle-juego-fr","33":"product_tag-puzzle-pasion-fr","34":"product_tag-puzzle-passion-fr","35":"product_tag-puzzlemania-fr","36":"product_tag-rompecabezas-fr","37":"product_tag-tigre-fr","38":"product_tag-tortuga-fr","39":"product_tag-trencaclosques-fr","40":"product_tag-zebra-fr","42":"first","43":"instock","44":"shipping-taxable","45":"product-type-simple"},"acf":[],"yoast_head":"<!-- This site is optimized with the Yoast SEO plugin v27.1.1 - https:\/\/yoast.com\/product\/yoast-seo-wordpress\/ -->\n<title>Puzzle Battle Jr Animals - Educa Borras<\/title>\n<meta name=\"robots\" content=\"index, follow, max-snippet:-1, max-image-preview:large, max-video-preview:-1\" \/>\n<link rel=\"canonical\" href=\"https:\/\/www.educaborras.com\/fr\/produit\/20116-fr\/\" \/>\n<script type=\"application\/ld+json\" class=\"yoast-schema-graph\">{\"@context\":\"https:\/\/schema.org\",\"@graph\":[{\"@type\":\"WebPage\",\"@id\":\"https:\/\/www.educaborras.com\/fr\/produit\/20116-fr\/\",\"url\":\"https:\/\/www.educaborras.com\/fr\/produit\/20116-fr\/\",\"name\":\"Puzzle Battle Jr Animals - Educa Borras\",\"isPartOf\":{\"@id\":\"https:\/\/www.educaborras.com\/fr\/#website\"},\"primaryImageOfPage\":{\"@id\":\"https:\/\/www.educaborras.com\/fr\/produit\/20116-fr\/#primaryimage\"},\"image\":{\"@id\":\"https:\/\/www.educaborras.com\/fr\/produit\/20116-fr\/#primaryimage\"},\"thumbnailUrl\":\"https:\/\/www.educaborras.com\/wp-content\/uploads\/20116_01_high-1-11.jpg\",\"datePublished\":\"2025-06-05T09:25:50+00:00\",\"dateModified\":\"2026-04-04T01:15:37+00:00\",\"breadcrumb\":{\"@id\":\"https:\/\/www.educaborras.com\/fr\/produit\/20116-fr\/#breadcrumb\"},\"inLanguage\":\"fr-FR\",\"potentialAction\":[{\"@type\":\"ReadAction\",\"target\":[\"https:\/\/www.educaborras.com\/fr\/produit\/20116-fr\/\"]}]},{\"@type\":\"ImageObject\",\"inLanguage\":\"fr-FR\",\"@id\":\"https:\/\/www.educaborras.com\/fr\/produit\/20116-fr\/#primaryimage\",\"url\":\"https:\/\/www.educaborras.com\/wp-content\/uploads\/20116_01_high-1-11.jpg\",\"contentUrl\":\"https:\/\/www.educaborras.com\/wp-content\/uploads\/20116_01_high-1-11.jpg\"},{\"@type\":\"BreadcrumbList\",\"@id\":\"https:\/\/www.educaborras.com\/fr\/produit\/20116-fr\/#breadcrumb\",\"itemListElement\":[{\"@type\":\"ListItem\",\"position\":1,\"name\":\"Portada\",\"item\":\"https:\/\/www.educaborras.com\/fr\/\"},{\"@type\":\"ListItem\",\"position\":2,\"name\":\"Produits\",\"item\":\"https:\/\/www.educaborras.com\/fr\/shop\/\"},{\"@type\":\"ListItem\",\"position\":3,\"name\":\"Puzzle Battle Jr Animals\"}]},{\"@type\":\"WebSite\",\"@id\":\"https:\/\/www.educaborras.com\/fr\/#website\",\"url\":\"https:\/\/www.educaborras.com\/fr\/\",\"name\":\"Educa Borras\",\"description\":\"\",\"publisher\":{\"@id\":\"https:\/\/www.educaborras.com\/fr\/#organization\"},\"potentialAction\":[{\"@type\":\"SearchAction\",\"target\":{\"@type\":\"EntryPoint\",\"urlTemplate\":\"https:\/\/www.educaborras.com\/fr\/?s={search_term_string}\"},\"query-input\":{\"@type\":\"PropertyValueSpecification\",\"valueRequired\":true,\"valueName\":\"search_term_string\"}}],\"inLanguage\":\"fr-FR\"},{\"@type\":\"Organization\",\"@id\":\"https:\/\/www.educaborras.com\/fr\/#organization\",\"name\":\"Educa Borras\",\"url\":\"https:\/\/www.educaborras.com\/fr\/\",\"logo\":{\"@type\":\"ImageObject\",\"inLanguage\":\"fr-FR\",\"@id\":\"https:\/\/www.educaborras.com\/fr\/#\/schema\/logo\/image\/\",\"url\":\"https:\/\/www.educaborras.com\/wp-content\/uploads\/cropped-LOGOS-EDUCA-BORRAS_retina.png\",\"contentUrl\":\"https:\/\/www.educaborras.com\/wp-content\/uploads\/cropped-LOGOS-EDUCA-BORRAS_retina.png\",\"caption\":\"Educa Borras\"},\"image\":{\"@id\":\"https:\/\/www.educaborras.com\/fr\/#\/schema\/logo\/image\/\"}}]}<\/script>\n<!-- \/ Yoast SEO plugin. -->","yoast_head_json":{"title":"Puzzle Battle Jr Animals - Educa Borras","robots":{"index":"index","follow":"follow","max-snippet":"max-snippet:-1","max-image-preview":"max-image-preview:large","max-video-preview":"max-video-preview:-1"},"canonical":"https:\/\/www.educaborras.com\/fr\/produit\/20116-fr\/","schema":{"@context":"https:\/\/schema.org","@graph":[{"@type":"WebPage","@id":"https:\/\/www.educaborras.com\/fr\/produit\/20116-fr\/","url":"https:\/\/www.educaborras.com\/fr\/produit\/20116-fr\/","name":"Puzzle Battle Jr Animals - Educa Borras","isPartOf":{"@id":"https:\/\/www.educaborras.com\/fr\/#website"},"primaryImageOfPage":{"@id":"https:\/\/www.educaborras.com\/fr\/produit\/20116-fr\/#primaryimage"},"image":{"@id":"https:\/\/www.educaborras.com\/fr\/produit\/20116-fr\/#primaryimage"},"thumbnailUrl":"https:\/\/www.educaborras.com\/wp-content\/uploads\/20116_01_high-1-11.jpg","datePublished":"2025-06-05T09:25:50+00:00","dateModified":"2026-04-04T01:15:37+00:00","breadcrumb":{"@id":"https:\/\/www.educaborras.com\/fr\/produit\/20116-fr\/#breadcrumb"},"inLanguage":"fr-FR","potentialAction":[{"@type":"ReadAction","target":["https:\/\/www.educaborras.com\/fr\/produit\/20116-fr\/"]}]},{"@type":"ImageObject","inLanguage":"fr-FR","@id":"https:\/\/www.educaborras.com\/fr\/produit\/20116-fr\/#primaryimage","url":"https:\/\/www.educaborras.com\/wp-content\/uploads\/20116_01_high-1-11.jpg","contentUrl":"https:\/\/www.educaborras.com\/wp-content\/uploads\/20116_01_high-1-11.jpg"},{"@type":"BreadcrumbList","@id":"https:\/\/www.educaborras.com\/fr\/produit\/20116-fr\/#breadcrumb","itemListElement":[{"@type":"ListItem","position":1,"name":"Portada","item":"https:\/\/www.educaborras.com\/fr\/"},{"@type":"ListItem","position":2,"name":"Produits","item":"https:\/\/www.educaborras.com\/fr\/shop\/"},{"@type":"ListItem","position":3,"name":"Puzzle Battle Jr Animals"}]},{"@type":"WebSite","@id":"https:\/\/www.educaborras.com\/fr\/#website","url":"https:\/\/www.educaborras.com\/fr\/","name":"Educa Borras","description":"","publisher":{"@id":"https:\/\/www.educaborras.com\/fr\/#organization"},"potentialAction":[{"@type":"SearchAction","target":{"@type":"EntryPoint","urlTemplate":"https:\/\/www.educaborras.com\/fr\/?s={search_term_string}"},"query-input":{"@type":"PropertyValueSpecification","valueRequired":true,"valueName":"search_term_string"}}],"inLanguage":"fr-FR"},{"@type":"Organization","@id":"https:\/\/www.educaborras.com\/fr\/#organization","name":"Educa Borras","url":"https:\/\/www.educaborras.com\/fr\/","logo":{"@type":"ImageObject","inLanguage":"fr-FR","@id":"https:\/\/www.educaborras.com\/fr\/#\/schema\/logo\/image\/","url":"https:\/\/www.educaborras.com\/wp-content\/uploads\/cropped-LOGOS-EDUCA-BORRAS_retina.png","contentUrl":"https:\/\/www.educaborras.com\/wp-content\/uploads\/cropped-LOGOS-EDUCA-BORRAS_retina.png","caption":"Educa Borras"},"image":{"@id":"https:\/\/www.educaborras.com\/fr\/#\/schema\/logo\/image\/"}}]}},"_links":{"self":[{"href":"https:\/\/www.educaborras.com\/fr\/wp-json\/wp\/v2\/product\/248725","targetHints":{"allow":["GET"]}}],"collection":[{"href":"https:\/\/www.educaborras.com\/fr\/wp-json\/wp\/v2\/product"}],"about":[{"href":"https:\/\/www.educaborras.com\/fr\/wp-json\/wp\/v2\/types\/product"}],"wp:featuredmedia":[{"embeddable":true,"href":"https:\/\/www.educaborras.com\/fr\/wp-json\/wp\/v2\/media\/170505"}],"wp:attachment":[{"href":"https:\/\/www.educaborras.com\/fr\/wp-json\/wp\/v2\/media?parent=248725"}],"wp:term":[{"taxonomy":"product_brand","embeddable":true,"href":"https:\/\/www.educaborras.com\/fr\/wp-json\/wp\/v2\/product_brand?post=248725"},{"taxonomy":"product_cat","embeddable":true,"href":"https:\/\/www.educaborras.com\/fr\/wp-json\/wp\/v2\/product_cat?post=248725"},{"taxonomy":"product_tag","embeddable":true,"href":"https:\/\/www.educaborras.com\/fr\/wp-json\/wp\/v2\/product_tag?post=248725"}],"curies":[{"name":"wp","href":"https:\/\/api.w.org\/{rel}","templated":true}]}}