{"id":248713,"date":"2025-06-05T11:25:57","date_gmt":"2025-06-05T09:25:57","guid":{"rendered":"https:\/\/www.educaborras.com\/product\/20119\/"},"modified":"2026-04-29T02:45:47","modified_gmt":"2026-04-29T00:45:47","slug":"20119-fr","status":"publish","type":"product","link":"https:\/\/www.educaborras.com\/fr\/produit\/20119-fr\/","title":{"rendered":"Puzzle Battle Natura"},"content":{"rendered":"<p>Educa\u00ae vous offre la collection de jeux de puzzle battle nature la plus compl\u00e8te du march\u00e9, avec les meilleures images. Contient 12 puzzles de 42 peces (504 pi\u00e8ces), instructions.<\/p>\n","protected":false},"excerpt":{"rendered":"<p>Educa\u00ae te propose Puzzle Battle Natura, une v\u00e9ritable bataille de puzzles.<\/p>\n","protected":false},"featured_media":170565,"template":"","meta":{"_acf_changed":false},"product_brand":[],"product_cat":[73253,73536],"product_tag":[74344,103822,103933,103934,103890,80832,74204,74206,80324,82310,84648,76347,80669,77063,103935,91222,75062,103936,80836,74347,74495,103937,82357,74496,74497,103938,74054,103939,103940,84651,82313,74216,103941,82314,91352,78071,103942,103943,74348,83922,82318,75599],"class_list":{"0":"post-248713","1":"product","2":"type-product","3":"status-publish","4":"has-post-thumbnail","6":"product_cat-jeux-de-societe","7":"product_cat-puzzle-battle-fr","8":"product_tag-piezas-fr","9":"product_tag-12-fr","10":"product_tag-20119-fr","11":"product_tag-abeja-fr","12":"product_tag-batalla-fr","13":"product_tag-caballo-fr","14":"product_tag-educa-fr","15":"product_tag-educa-borras-puzzle-fr","16":"product_tag-fix-puzzle-fr","17":"product_tag-jigsaw-fr","18":"product_tag-jigsaw-puzzle-battle-fr","19":"product_tag-juego-fr","20":"product_tag-juego-de-mesa-fr","21":"product_tag-leon-fr","22":"product_tag-llama-fr","23":"product_tag-mariposa-fr","24":"product_tag-naturaleza-fr","25":"product_tag-observation-fr","26":"product_tag-pato-fr","27":"product_tag-peca-fr","28":"product_tag-peces-fr","29":"product_tag-pez-payaso-fr","30":"product_tag-picce-fr","31":"product_tag-piece-fr","32":"product_tag-pieces-fr","33":"product_tag-pinguino-fr","34":"product_tag-puzzle-fr","35":"product_tag-puzzle-battle-natura-fr","36":"product_tag-puzzle-battle-nature-fr","37":"product_tag-puzzle-juego-fr","38":"product_tag-puzzle-pasion-fr","39":"product_tag-puzzle-passion-fr","40":"product_tag-puzzle-solving-fr","41":"product_tag-puzzlemania-fr","42":"product_tag-rana-fr","43":"product_tag-rapido-fr","44":"product_tag-resolver-puzzles-fr","45":"product_tag-resoudre-fr","46":"product_tag-rompecabezas-fr","47":"product_tag-tortuga-fr","48":"product_tag-trencaclosques-fr","49":"product_tag-velocidad-fr","51":"first","52":"instock","53":"shipping-taxable","54":"product-type-simple"},"acf":[],"yoast_head":"<!-- This site is optimized with the Yoast SEO plugin v27.1.1 - https:\/\/yoast.com\/product\/yoast-seo-wordpress\/ -->\n<title>Puzzle Battle Natura - Educa Borras<\/title>\n<meta name=\"robots\" content=\"index, follow, max-snippet:-1, max-image-preview:large, max-video-preview:-1\" \/>\n<link rel=\"canonical\" href=\"https:\/\/www.educaborras.com\/fr\/produit\/20119-fr\/\" \/>\n<script type=\"application\/ld+json\" class=\"yoast-schema-graph\">{\"@context\":\"https:\/\/schema.org\",\"@graph\":[{\"@type\":\"WebPage\",\"@id\":\"https:\/\/www.educaborras.com\/fr\/produit\/20119-fr\/\",\"url\":\"https:\/\/www.educaborras.com\/fr\/produit\/20119-fr\/\",\"name\":\"Puzzle Battle Natura - Educa Borras\",\"isPartOf\":{\"@id\":\"https:\/\/www.educaborras.com\/fr\/#website\"},\"primaryImageOfPage\":{\"@id\":\"https:\/\/www.educaborras.com\/fr\/produit\/20119-fr\/#primaryimage\"},\"image\":{\"@id\":\"https:\/\/www.educaborras.com\/fr\/produit\/20119-fr\/#primaryimage\"},\"thumbnailUrl\":\"https:\/\/www.educaborras.com\/wp-content\/uploads\/20119_01_high-1-11.jpg\",\"datePublished\":\"2025-06-05T09:25:57+00:00\",\"dateModified\":\"2026-04-29T00:45:47+00:00\",\"breadcrumb\":{\"@id\":\"https:\/\/www.educaborras.com\/fr\/produit\/20119-fr\/#breadcrumb\"},\"inLanguage\":\"fr-FR\",\"potentialAction\":[{\"@type\":\"ReadAction\",\"target\":[\"https:\/\/www.educaborras.com\/fr\/produit\/20119-fr\/\"]}]},{\"@type\":\"ImageObject\",\"inLanguage\":\"fr-FR\",\"@id\":\"https:\/\/www.educaborras.com\/fr\/produit\/20119-fr\/#primaryimage\",\"url\":\"https:\/\/www.educaborras.com\/wp-content\/uploads\/20119_01_high-1-11.jpg\",\"contentUrl\":\"https:\/\/www.educaborras.com\/wp-content\/uploads\/20119_01_high-1-11.jpg\"},{\"@type\":\"BreadcrumbList\",\"@id\":\"https:\/\/www.educaborras.com\/fr\/produit\/20119-fr\/#breadcrumb\",\"itemListElement\":[{\"@type\":\"ListItem\",\"position\":1,\"name\":\"Portada\",\"item\":\"https:\/\/www.educaborras.com\/fr\/\"},{\"@type\":\"ListItem\",\"position\":2,\"name\":\"Produits\",\"item\":\"https:\/\/www.educaborras.com\/fr\/shop\/\"},{\"@type\":\"ListItem\",\"position\":3,\"name\":\"Puzzle Battle Natura\"}]},{\"@type\":\"WebSite\",\"@id\":\"https:\/\/www.educaborras.com\/fr\/#website\",\"url\":\"https:\/\/www.educaborras.com\/fr\/\",\"name\":\"Educa Borras\",\"description\":\"\",\"publisher\":{\"@id\":\"https:\/\/www.educaborras.com\/fr\/#organization\"},\"potentialAction\":[{\"@type\":\"SearchAction\",\"target\":{\"@type\":\"EntryPoint\",\"urlTemplate\":\"https:\/\/www.educaborras.com\/fr\/?s={search_term_string}\"},\"query-input\":{\"@type\":\"PropertyValueSpecification\",\"valueRequired\":true,\"valueName\":\"search_term_string\"}}],\"inLanguage\":\"fr-FR\"},{\"@type\":\"Organization\",\"@id\":\"https:\/\/www.educaborras.com\/fr\/#organization\",\"name\":\"Educa Borras\",\"url\":\"https:\/\/www.educaborras.com\/fr\/\",\"logo\":{\"@type\":\"ImageObject\",\"inLanguage\":\"fr-FR\",\"@id\":\"https:\/\/www.educaborras.com\/fr\/#\/schema\/logo\/image\/\",\"url\":\"https:\/\/www.educaborras.com\/wp-content\/uploads\/cropped-LOGOS-EDUCA-BORRAS_retina.png\",\"contentUrl\":\"https:\/\/www.educaborras.com\/wp-content\/uploads\/cropped-LOGOS-EDUCA-BORRAS_retina.png\",\"caption\":\"Educa Borras\"},\"image\":{\"@id\":\"https:\/\/www.educaborras.com\/fr\/#\/schema\/logo\/image\/\"}}]}<\/script>\n<!-- \/ Yoast SEO plugin. -->","yoast_head_json":{"title":"Puzzle Battle Natura - Educa Borras","robots":{"index":"index","follow":"follow","max-snippet":"max-snippet:-1","max-image-preview":"max-image-preview:large","max-video-preview":"max-video-preview:-1"},"canonical":"https:\/\/www.educaborras.com\/fr\/produit\/20119-fr\/","schema":{"@context":"https:\/\/schema.org","@graph":[{"@type":"WebPage","@id":"https:\/\/www.educaborras.com\/fr\/produit\/20119-fr\/","url":"https:\/\/www.educaborras.com\/fr\/produit\/20119-fr\/","name":"Puzzle Battle Natura - Educa Borras","isPartOf":{"@id":"https:\/\/www.educaborras.com\/fr\/#website"},"primaryImageOfPage":{"@id":"https:\/\/www.educaborras.com\/fr\/produit\/20119-fr\/#primaryimage"},"image":{"@id":"https:\/\/www.educaborras.com\/fr\/produit\/20119-fr\/#primaryimage"},"thumbnailUrl":"https:\/\/www.educaborras.com\/wp-content\/uploads\/20119_01_high-1-11.jpg","datePublished":"2025-06-05T09:25:57+00:00","dateModified":"2026-04-29T00:45:47+00:00","breadcrumb":{"@id":"https:\/\/www.educaborras.com\/fr\/produit\/20119-fr\/#breadcrumb"},"inLanguage":"fr-FR","potentialAction":[{"@type":"ReadAction","target":["https:\/\/www.educaborras.com\/fr\/produit\/20119-fr\/"]}]},{"@type":"ImageObject","inLanguage":"fr-FR","@id":"https:\/\/www.educaborras.com\/fr\/produit\/20119-fr\/#primaryimage","url":"https:\/\/www.educaborras.com\/wp-content\/uploads\/20119_01_high-1-11.jpg","contentUrl":"https:\/\/www.educaborras.com\/wp-content\/uploads\/20119_01_high-1-11.jpg"},{"@type":"BreadcrumbList","@id":"https:\/\/www.educaborras.com\/fr\/produit\/20119-fr\/#breadcrumb","itemListElement":[{"@type":"ListItem","position":1,"name":"Portada","item":"https:\/\/www.educaborras.com\/fr\/"},{"@type":"ListItem","position":2,"name":"Produits","item":"https:\/\/www.educaborras.com\/fr\/shop\/"},{"@type":"ListItem","position":3,"name":"Puzzle Battle Natura"}]},{"@type":"WebSite","@id":"https:\/\/www.educaborras.com\/fr\/#website","url":"https:\/\/www.educaborras.com\/fr\/","name":"Educa Borras","description":"","publisher":{"@id":"https:\/\/www.educaborras.com\/fr\/#organization"},"potentialAction":[{"@type":"SearchAction","target":{"@type":"EntryPoint","urlTemplate":"https:\/\/www.educaborras.com\/fr\/?s={search_term_string}"},"query-input":{"@type":"PropertyValueSpecification","valueRequired":true,"valueName":"search_term_string"}}],"inLanguage":"fr-FR"},{"@type":"Organization","@id":"https:\/\/www.educaborras.com\/fr\/#organization","name":"Educa Borras","url":"https:\/\/www.educaborras.com\/fr\/","logo":{"@type":"ImageObject","inLanguage":"fr-FR","@id":"https:\/\/www.educaborras.com\/fr\/#\/schema\/logo\/image\/","url":"https:\/\/www.educaborras.com\/wp-content\/uploads\/cropped-LOGOS-EDUCA-BORRAS_retina.png","contentUrl":"https:\/\/www.educaborras.com\/wp-content\/uploads\/cropped-LOGOS-EDUCA-BORRAS_retina.png","caption":"Educa Borras"},"image":{"@id":"https:\/\/www.educaborras.com\/fr\/#\/schema\/logo\/image\/"}}]}},"_links":{"self":[{"href":"https:\/\/www.educaborras.com\/fr\/wp-json\/wp\/v2\/product\/248713","targetHints":{"allow":["GET"]}}],"collection":[{"href":"https:\/\/www.educaborras.com\/fr\/wp-json\/wp\/v2\/product"}],"about":[{"href":"https:\/\/www.educaborras.com\/fr\/wp-json\/wp\/v2\/types\/product"}],"wp:featuredmedia":[{"embeddable":true,"href":"https:\/\/www.educaborras.com\/fr\/wp-json\/wp\/v2\/media\/170565"}],"wp:attachment":[{"href":"https:\/\/www.educaborras.com\/fr\/wp-json\/wp\/v2\/media?parent=248713"}],"wp:term":[{"taxonomy":"product_brand","embeddable":true,"href":"https:\/\/www.educaborras.com\/fr\/wp-json\/wp\/v2\/product_brand?post=248713"},{"taxonomy":"product_cat","embeddable":true,"href":"https:\/\/www.educaborras.com\/fr\/wp-json\/wp\/v2\/product_cat?post=248713"},{"taxonomy":"product_tag","embeddable":true,"href":"https:\/\/www.educaborras.com\/fr\/wp-json\/wp\/v2\/product_tag?post=248713"}],"curies":[{"name":"wp","href":"https:\/\/api.w.org\/{rel}","templated":true}]}}