{"id":248465,"date":"2025-09-17T12:36:56","date_gmt":"2025-09-17T10:36:56","guid":{"rendered":"https:\/\/www.educaborras.com\/product\/20265\/"},"modified":"2026-04-28T03:25:23","modified_gmt":"2026-04-28T01:25:23","slug":"20265-fr","status":"publish","type":"product","link":"https:\/\/www.educaborras.com\/fr\/produit\/20265-fr\/","title":{"rendered":"3000 Vie \u00ab\u00a0Panorama\u00a0\u00bb"},"content":{"rendered":"<p>Ce puzzle est compos\u00e9 de 3000 pi\u00e8ces parfaitement finies pour un assemblage simple et s\u00fbr. Educa\u00ae vous propose la collection de puzzles pour adultes la plus compl\u00e8te du march\u00e9. De 500 \u00e0 42000 pi\u00e8ces, ils regroupent les plus belles images et les personnages les plus amusants. La collection Puzzle Passion c&rsquo;est aussi des prestations de qualit\u00e9, avec un sachet de colle Fix Puzzle\u00ae fourni pour tous les puzzles de 500 \u00e0 2000 pi\u00e8ces, et un service de remplacement des pi\u00e8ces \u00e9gar\u00e9es pour les puzzles de 3000 pi\u00e8ces et + En savoir plus s\u00fbr www.puzzlepassion.com. Dimensions approximatives du puzzle assembl\u00e9 : 144 x 68 cm.<\/p>\n","protected":false},"excerpt":{"rendered":"<p>Ce puzzle est compos\u00e9 de 3000 pi\u00e8ces parfaitement finies pour un assemblage simple et s\u00fbr. Dimensions approximatives du puzzle assembl\u00e9 : 144 x 68 cm.<\/p>\n","protected":false},"featured_media":124809,"template":"","meta":{"_acf_changed":false},"product_brand":[],"product_cat":[73369,73503],"product_tag":[74344,104966,104967,104968,104969,104970,104971,104972,92151,74552,104973,91186,104974,83915,91190,74204,74205,74206,74208,74210,74211,91955,84235,104975,104976,82310,104977,104978,104979,104980,74495,104981,74497,77868,74970,74971,82494,74216,83640,83641,104982,74973,82318,74500,75946],"class_list":{"0":"post-248465","1":"product","2":"type-product","3":"status-publish","4":"has-post-thumbnail","6":"product_cat-puzzles-adultes","7":"product_cat-puzzles-de-3000-pieces-fr","8":"product_tag-piezas-fr","9":"product_tag-20265-fr","10":"product_tag-24000-piezas-fr","11":"product_tag-3000-life-fr","12":"product_tag-3000-life-panorama-fr","13":"product_tag-3000-piezas-fr","14":"product_tag-3000-vida-panorama-fr","15":"product_tag-3000-vie-panorama-fr","16":"product_tag-aguila-fr","17":"product_tag-animales-fr","18":"product_tag-antlantida-fr","19":"product_tag-atlantis-fr","20":"product_tag-camello-fr","21":"product_tag-delfin-fr","22":"product_tag-delfines-fr","23":"product_tag-educa-fr","24":"product_tag-educa-borras-fr","25":"product_tag-educa-borras-puzzle-fr","26":"product_tag-educa-puzzle-fr","27":"product_tag-educa-puzzle-passion-fr","28":"product_tag-educa-puzzles-fr","29":"product_tag-estrellas-fr","30":"product_tag-faro-fr","31":"product_tag-fondo-del-mar-fr","32":"product_tag-galaxia-fr","33":"product_tag-jigsaw-fr","34":"product_tag-jorafa-fr","35":"product_tag-mc-clure-fr","36":"product_tag-mcclure-fr","37":"product_tag-panoramico-fr","38":"product_tag-peces-fr","39":"product_tag-pez-payaos-fr","40":"product_tag-pieces-fr","41":"product_tag-pieza-fr","42":"product_tag-planeta-fr","43":"product_tag-planetas-fr","44":"product_tag-puzzle-educa-fr","45":"product_tag-puzzle-passion-fr","46":"product_tag-puzzles-educa-fr","47":"product_tag-rompecabezas-educa-fr","48":"product_tag-royce-fr","49":"product_tag-saturno-fr","50":"product_tag-trencaclosques-fr","51":"product_tag-vida-fr","52":"product_tag-zebra-fr","54":"first","55":"instock","56":"shipping-taxable","57":"product-type-simple"},"acf":[],"yoast_head":"<!-- This site is optimized with the Yoast SEO plugin v27.1.1 - https:\/\/yoast.com\/product\/yoast-seo-wordpress\/ -->\n<title>3000 Vie &quot;Panorama&quot; - Educa Borras<\/title>\n<meta name=\"robots\" content=\"index, follow, max-snippet:-1, max-image-preview:large, max-video-preview:-1\" \/>\n<link rel=\"canonical\" href=\"https:\/\/www.educaborras.com\/fr\/produit\/20265-fr\/\" \/>\n<meta name=\"twitter:label1\" content=\"Dur\u00e9e de lecture estim\u00e9e\" \/>\n\t<meta name=\"twitter:data1\" content=\"1 minute\" \/>\n<script type=\"application\/ld+json\" class=\"yoast-schema-graph\">{\"@context\":\"https:\/\/schema.org\",\"@graph\":[{\"@type\":\"WebPage\",\"@id\":\"https:\/\/www.educaborras.com\/fr\/produit\/20265-fr\/\",\"url\":\"https:\/\/www.educaborras.com\/fr\/produit\/20265-fr\/\",\"name\":\"3000 Vie \\\"Panorama\\\" - Educa Borras\",\"isPartOf\":{\"@id\":\"https:\/\/www.educaborras.com\/fr\/#website\"},\"primaryImageOfPage\":{\"@id\":\"https:\/\/www.educaborras.com\/fr\/produit\/20265-fr\/#primaryimage\"},\"image\":{\"@id\":\"https:\/\/www.educaborras.com\/fr\/produit\/20265-fr\/#primaryimage\"},\"thumbnailUrl\":\"https:\/\/www.educaborras.com\/wp-content\/uploads\/20265_01_high.jpg\",\"datePublished\":\"2025-09-17T10:36:56+00:00\",\"dateModified\":\"2026-04-28T01:25:23+00:00\",\"breadcrumb\":{\"@id\":\"https:\/\/www.educaborras.com\/fr\/produit\/20265-fr\/#breadcrumb\"},\"inLanguage\":\"fr-FR\",\"potentialAction\":[{\"@type\":\"ReadAction\",\"target\":[\"https:\/\/www.educaborras.com\/fr\/produit\/20265-fr\/\"]}]},{\"@type\":\"ImageObject\",\"inLanguage\":\"fr-FR\",\"@id\":\"https:\/\/www.educaborras.com\/fr\/produit\/20265-fr\/#primaryimage\",\"url\":\"https:\/\/www.educaborras.com\/wp-content\/uploads\/20265_01_high.jpg\",\"contentUrl\":\"https:\/\/www.educaborras.com\/wp-content\/uploads\/20265_01_high.jpg\",\"width\":2400,\"height\":2400},{\"@type\":\"BreadcrumbList\",\"@id\":\"https:\/\/www.educaborras.com\/fr\/produit\/20265-fr\/#breadcrumb\",\"itemListElement\":[{\"@type\":\"ListItem\",\"position\":1,\"name\":\"Portada\",\"item\":\"https:\/\/www.educaborras.com\/fr\/\"},{\"@type\":\"ListItem\",\"position\":2,\"name\":\"Produits\",\"item\":\"https:\/\/www.educaborras.com\/fr\/shop\/\"},{\"@type\":\"ListItem\",\"position\":3,\"name\":\"3000 Vie &#8220;Panorama&#8221;\"}]},{\"@type\":\"WebSite\",\"@id\":\"https:\/\/www.educaborras.com\/fr\/#website\",\"url\":\"https:\/\/www.educaborras.com\/fr\/\",\"name\":\"Educa Borras\",\"description\":\"\",\"publisher\":{\"@id\":\"https:\/\/www.educaborras.com\/fr\/#organization\"},\"potentialAction\":[{\"@type\":\"SearchAction\",\"target\":{\"@type\":\"EntryPoint\",\"urlTemplate\":\"https:\/\/www.educaborras.com\/fr\/?s={search_term_string}\"},\"query-input\":{\"@type\":\"PropertyValueSpecification\",\"valueRequired\":true,\"valueName\":\"search_term_string\"}}],\"inLanguage\":\"fr-FR\"},{\"@type\":\"Organization\",\"@id\":\"https:\/\/www.educaborras.com\/fr\/#organization\",\"name\":\"Educa Borras\",\"url\":\"https:\/\/www.educaborras.com\/fr\/\",\"logo\":{\"@type\":\"ImageObject\",\"inLanguage\":\"fr-FR\",\"@id\":\"https:\/\/www.educaborras.com\/fr\/#\/schema\/logo\/image\/\",\"url\":\"https:\/\/www.educaborras.com\/wp-content\/uploads\/cropped-LOGOS-EDUCA-BORRAS_retina.png\",\"contentUrl\":\"https:\/\/www.educaborras.com\/wp-content\/uploads\/cropped-LOGOS-EDUCA-BORRAS_retina.png\",\"caption\":\"Educa Borras\"},\"image\":{\"@id\":\"https:\/\/www.educaborras.com\/fr\/#\/schema\/logo\/image\/\"}}]}<\/script>\n<!-- \/ Yoast SEO plugin. -->","yoast_head_json":{"title":"3000 Vie \"Panorama\" - Educa Borras","robots":{"index":"index","follow":"follow","max-snippet":"max-snippet:-1","max-image-preview":"max-image-preview:large","max-video-preview":"max-video-preview:-1"},"canonical":"https:\/\/www.educaborras.com\/fr\/produit\/20265-fr\/","twitter_misc":{"Dur\u00e9e de lecture estim\u00e9e":"1 minute"},"schema":{"@context":"https:\/\/schema.org","@graph":[{"@type":"WebPage","@id":"https:\/\/www.educaborras.com\/fr\/produit\/20265-fr\/","url":"https:\/\/www.educaborras.com\/fr\/produit\/20265-fr\/","name":"3000 Vie \"Panorama\" - Educa Borras","isPartOf":{"@id":"https:\/\/www.educaborras.com\/fr\/#website"},"primaryImageOfPage":{"@id":"https:\/\/www.educaborras.com\/fr\/produit\/20265-fr\/#primaryimage"},"image":{"@id":"https:\/\/www.educaborras.com\/fr\/produit\/20265-fr\/#primaryimage"},"thumbnailUrl":"https:\/\/www.educaborras.com\/wp-content\/uploads\/20265_01_high.jpg","datePublished":"2025-09-17T10:36:56+00:00","dateModified":"2026-04-28T01:25:23+00:00","breadcrumb":{"@id":"https:\/\/www.educaborras.com\/fr\/produit\/20265-fr\/#breadcrumb"},"inLanguage":"fr-FR","potentialAction":[{"@type":"ReadAction","target":["https:\/\/www.educaborras.com\/fr\/produit\/20265-fr\/"]}]},{"@type":"ImageObject","inLanguage":"fr-FR","@id":"https:\/\/www.educaborras.com\/fr\/produit\/20265-fr\/#primaryimage","url":"https:\/\/www.educaborras.com\/wp-content\/uploads\/20265_01_high.jpg","contentUrl":"https:\/\/www.educaborras.com\/wp-content\/uploads\/20265_01_high.jpg","width":2400,"height":2400},{"@type":"BreadcrumbList","@id":"https:\/\/www.educaborras.com\/fr\/produit\/20265-fr\/#breadcrumb","itemListElement":[{"@type":"ListItem","position":1,"name":"Portada","item":"https:\/\/www.educaborras.com\/fr\/"},{"@type":"ListItem","position":2,"name":"Produits","item":"https:\/\/www.educaborras.com\/fr\/shop\/"},{"@type":"ListItem","position":3,"name":"3000 Vie &#8220;Panorama&#8221;"}]},{"@type":"WebSite","@id":"https:\/\/www.educaborras.com\/fr\/#website","url":"https:\/\/www.educaborras.com\/fr\/","name":"Educa Borras","description":"","publisher":{"@id":"https:\/\/www.educaborras.com\/fr\/#organization"},"potentialAction":[{"@type":"SearchAction","target":{"@type":"EntryPoint","urlTemplate":"https:\/\/www.educaborras.com\/fr\/?s={search_term_string}"},"query-input":{"@type":"PropertyValueSpecification","valueRequired":true,"valueName":"search_term_string"}}],"inLanguage":"fr-FR"},{"@type":"Organization","@id":"https:\/\/www.educaborras.com\/fr\/#organization","name":"Educa Borras","url":"https:\/\/www.educaborras.com\/fr\/","logo":{"@type":"ImageObject","inLanguage":"fr-FR","@id":"https:\/\/www.educaborras.com\/fr\/#\/schema\/logo\/image\/","url":"https:\/\/www.educaborras.com\/wp-content\/uploads\/cropped-LOGOS-EDUCA-BORRAS_retina.png","contentUrl":"https:\/\/www.educaborras.com\/wp-content\/uploads\/cropped-LOGOS-EDUCA-BORRAS_retina.png","caption":"Educa Borras"},"image":{"@id":"https:\/\/www.educaborras.com\/fr\/#\/schema\/logo\/image\/"}}]}},"_links":{"self":[{"href":"https:\/\/www.educaborras.com\/fr\/wp-json\/wp\/v2\/product\/248465","targetHints":{"allow":["GET"]}}],"collection":[{"href":"https:\/\/www.educaborras.com\/fr\/wp-json\/wp\/v2\/product"}],"about":[{"href":"https:\/\/www.educaborras.com\/fr\/wp-json\/wp\/v2\/types\/product"}],"wp:featuredmedia":[{"embeddable":true,"href":"https:\/\/www.educaborras.com\/fr\/wp-json\/wp\/v2\/media\/124809"}],"wp:attachment":[{"href":"https:\/\/www.educaborras.com\/fr\/wp-json\/wp\/v2\/media?parent=248465"}],"wp:term":[{"taxonomy":"product_brand","embeddable":true,"href":"https:\/\/www.educaborras.com\/fr\/wp-json\/wp\/v2\/product_brand?post=248465"},{"taxonomy":"product_cat","embeddable":true,"href":"https:\/\/www.educaborras.com\/fr\/wp-json\/wp\/v2\/product_cat?post=248465"},{"taxonomy":"product_tag","embeddable":true,"href":"https:\/\/www.educaborras.com\/fr\/wp-json\/wp\/v2\/product_tag?post=248465"}],"curies":[{"name":"wp","href":"https:\/\/api.w.org\/{rel}","templated":true}]}}