{"id":248461,"date":"2025-09-17T12:37:22","date_gmt":"2025-09-17T10:37:22","guid":{"rendered":"https:\/\/www.educaborras.com\/product\/20266\/"},"modified":"2026-04-29T02:52:30","modified_gmt":"2026-04-29T00:52:30","slug":"20266-fr","status":"publish","type":"product","link":"https:\/\/www.educaborras.com\/fr\/produit\/20266-fr\/","title":{"rendered":"1000 Inside Out 2"},"content":{"rendered":"<p>Ce puzzle est compos\u00e9 de 1000 pi\u00e8ces parfaitement finies pour un assemblage simple et sur. Educa\u00ae vous propose la collection de puzzles pour adultes la plus complcte du march\u00e9. De 500 \u00e0 42000 pi\u00e8ces, ils regroupent les plus belles images et les personnages les plus amusants. La collection Puzzle Passion c&rsquo;est aussi des prestations de qualit\u00e9, avec un sachet de colle Fix Puzzle\u00ae fourni pour tous les puzzles de 500 \u00e0 2000 pi\u00e8ces, et un service de remplacement des pi\u00e8ces \u00e9gar\u00e9es pour les puzzles de 3000 pi\u00e8ces et + En savoir plus sur www.puzzlepassion.com. Dimensions approximatives du puzzle assembl\u00e9 : 68 x 48 cm. \u00a9Disney\/Pixar<\/p>\n","protected":false},"excerpt":{"rendered":"<p>Relevez le d\u00e9fi ultime d&rsquo;Educa\u00ae avec des puzzles si complexes qu&rsquo;ils mettront vos comp\u00e9tences \u00e0 l&rsquo;\u00e9preuve comme jamais.Etes-vous pr\u00eat \u00e0 conqu\u00e9rir l&rsquo;inconqu\u00e9rable ? Plongez dans Xtreme !\u00a9Disney\/Pixar<\/p>\n","protected":false},"featured_media":124839,"template":"","meta":{"_acf_changed":false},"product_brand":[],"product_cat":[73369,73501],"product_tag":[74344,75648,88551,88340,88552,88553,88554,88555,88556,88557,88558,88559,88560,82310,82311,74347,74495,82357,74496,74497,75657,74054,82374,74348,82318,88561],"class_list":{"0":"post-248461","1":"product","2":"type-product","3":"status-publish","4":"has-post-thumbnail","6":"product_cat-puzzles-adultes","7":"product_cat-puzzles-de-1000-pieces-fr","8":"product_tag-piezas-fr","9":"product_tag-1000-fr","10":"product_tag-1000-inside-out-2-fr","11":"product_tag-2025-fr","12":"product_tag-20266-fr","13":"product_tag-challenge-fr","14":"product_tag-defi-fr","15":"product_tag-desafio-fr","16":"product_tag-difficile-fr","17":"product_tag-dificil-fr","18":"product_tag-extreme-fr","19":"product_tag-extremo-fr","20":"product_tag-hard-fr","21":"product_tag-jigsaw-fr","22":"product_tag-jigsaw-puzzle-fr","23":"product_tag-peca-fr","24":"product_tag-peces-fr","25":"product_tag-picce-fr","26":"product_tag-piece-fr","27":"product_tag-pieces-fr","28":"product_tag-puzle-fr","29":"product_tag-puzzle-fr","30":"product_tag-puzzle-1000-fr","31":"product_tag-rompecabezas-fr","32":"product_tag-trencaclosques-fr","33":"product_tag-xtreme-fr","35":"first","36":"instock","37":"shipping-taxable","38":"product-type-simple"},"acf":[],"yoast_head":"<!-- This site is optimized with the Yoast SEO plugin v27.1.1 - https:\/\/yoast.com\/product\/yoast-seo-wordpress\/ -->\n<title>1000 Inside Out 2 - Educa Borras<\/title>\n<meta name=\"robots\" content=\"index, follow, max-snippet:-1, max-image-preview:large, max-video-preview:-1\" \/>\n<link rel=\"canonical\" href=\"https:\/\/www.educaborras.com\/fr\/produit\/20266-fr\/\" \/>\n<meta name=\"twitter:label1\" content=\"Dur\u00e9e de lecture estim\u00e9e\" \/>\n\t<meta name=\"twitter:data1\" content=\"1 minute\" \/>\n<script type=\"application\/ld+json\" class=\"yoast-schema-graph\">{\"@context\":\"https:\/\/schema.org\",\"@graph\":[{\"@type\":\"WebPage\",\"@id\":\"https:\/\/www.educaborras.com\/fr\/produit\/20266-fr\/\",\"url\":\"https:\/\/www.educaborras.com\/fr\/produit\/20266-fr\/\",\"name\":\"1000 Inside Out 2 - Educa Borras\",\"isPartOf\":{\"@id\":\"https:\/\/www.educaborras.com\/fr\/#website\"},\"primaryImageOfPage\":{\"@id\":\"https:\/\/www.educaborras.com\/fr\/produit\/20266-fr\/#primaryimage\"},\"image\":{\"@id\":\"https:\/\/www.educaborras.com\/fr\/produit\/20266-fr\/#primaryimage\"},\"thumbnailUrl\":\"https:\/\/www.educaborras.com\/wp-content\/uploads\/20266_01_high.jpg\",\"datePublished\":\"2025-09-17T10:37:22+00:00\",\"dateModified\":\"2026-04-29T00:52:30+00:00\",\"breadcrumb\":{\"@id\":\"https:\/\/www.educaborras.com\/fr\/produit\/20266-fr\/#breadcrumb\"},\"inLanguage\":\"fr-FR\",\"potentialAction\":[{\"@type\":\"ReadAction\",\"target\":[\"https:\/\/www.educaborras.com\/fr\/produit\/20266-fr\/\"]}]},{\"@type\":\"ImageObject\",\"inLanguage\":\"fr-FR\",\"@id\":\"https:\/\/www.educaborras.com\/fr\/produit\/20266-fr\/#primaryimage\",\"url\":\"https:\/\/www.educaborras.com\/wp-content\/uploads\/20266_01_high.jpg\",\"contentUrl\":\"https:\/\/www.educaborras.com\/wp-content\/uploads\/20266_01_high.jpg\",\"width\":2400,\"height\":2400},{\"@type\":\"BreadcrumbList\",\"@id\":\"https:\/\/www.educaborras.com\/fr\/produit\/20266-fr\/#breadcrumb\",\"itemListElement\":[{\"@type\":\"ListItem\",\"position\":1,\"name\":\"Portada\",\"item\":\"https:\/\/www.educaborras.com\/fr\/\"},{\"@type\":\"ListItem\",\"position\":2,\"name\":\"Produits\",\"item\":\"https:\/\/www.educaborras.com\/fr\/shop\/\"},{\"@type\":\"ListItem\",\"position\":3,\"name\":\"1000 Inside Out 2\"}]},{\"@type\":\"WebSite\",\"@id\":\"https:\/\/www.educaborras.com\/fr\/#website\",\"url\":\"https:\/\/www.educaborras.com\/fr\/\",\"name\":\"Educa Borras\",\"description\":\"\",\"publisher\":{\"@id\":\"https:\/\/www.educaborras.com\/fr\/#organization\"},\"potentialAction\":[{\"@type\":\"SearchAction\",\"target\":{\"@type\":\"EntryPoint\",\"urlTemplate\":\"https:\/\/www.educaborras.com\/fr\/?s={search_term_string}\"},\"query-input\":{\"@type\":\"PropertyValueSpecification\",\"valueRequired\":true,\"valueName\":\"search_term_string\"}}],\"inLanguage\":\"fr-FR\"},{\"@type\":\"Organization\",\"@id\":\"https:\/\/www.educaborras.com\/fr\/#organization\",\"name\":\"Educa Borras\",\"url\":\"https:\/\/www.educaborras.com\/fr\/\",\"logo\":{\"@type\":\"ImageObject\",\"inLanguage\":\"fr-FR\",\"@id\":\"https:\/\/www.educaborras.com\/fr\/#\/schema\/logo\/image\/\",\"url\":\"https:\/\/www.educaborras.com\/wp-content\/uploads\/cropped-LOGOS-EDUCA-BORRAS_retina.png\",\"contentUrl\":\"https:\/\/www.educaborras.com\/wp-content\/uploads\/cropped-LOGOS-EDUCA-BORRAS_retina.png\",\"caption\":\"Educa Borras\"},\"image\":{\"@id\":\"https:\/\/www.educaborras.com\/fr\/#\/schema\/logo\/image\/\"}}]}<\/script>\n<!-- \/ Yoast SEO plugin. -->","yoast_head_json":{"title":"1000 Inside Out 2 - Educa Borras","robots":{"index":"index","follow":"follow","max-snippet":"max-snippet:-1","max-image-preview":"max-image-preview:large","max-video-preview":"max-video-preview:-1"},"canonical":"https:\/\/www.educaborras.com\/fr\/produit\/20266-fr\/","twitter_misc":{"Dur\u00e9e de lecture estim\u00e9e":"1 minute"},"schema":{"@context":"https:\/\/schema.org","@graph":[{"@type":"WebPage","@id":"https:\/\/www.educaborras.com\/fr\/produit\/20266-fr\/","url":"https:\/\/www.educaborras.com\/fr\/produit\/20266-fr\/","name":"1000 Inside Out 2 - Educa Borras","isPartOf":{"@id":"https:\/\/www.educaborras.com\/fr\/#website"},"primaryImageOfPage":{"@id":"https:\/\/www.educaborras.com\/fr\/produit\/20266-fr\/#primaryimage"},"image":{"@id":"https:\/\/www.educaborras.com\/fr\/produit\/20266-fr\/#primaryimage"},"thumbnailUrl":"https:\/\/www.educaborras.com\/wp-content\/uploads\/20266_01_high.jpg","datePublished":"2025-09-17T10:37:22+00:00","dateModified":"2026-04-29T00:52:30+00:00","breadcrumb":{"@id":"https:\/\/www.educaborras.com\/fr\/produit\/20266-fr\/#breadcrumb"},"inLanguage":"fr-FR","potentialAction":[{"@type":"ReadAction","target":["https:\/\/www.educaborras.com\/fr\/produit\/20266-fr\/"]}]},{"@type":"ImageObject","inLanguage":"fr-FR","@id":"https:\/\/www.educaborras.com\/fr\/produit\/20266-fr\/#primaryimage","url":"https:\/\/www.educaborras.com\/wp-content\/uploads\/20266_01_high.jpg","contentUrl":"https:\/\/www.educaborras.com\/wp-content\/uploads\/20266_01_high.jpg","width":2400,"height":2400},{"@type":"BreadcrumbList","@id":"https:\/\/www.educaborras.com\/fr\/produit\/20266-fr\/#breadcrumb","itemListElement":[{"@type":"ListItem","position":1,"name":"Portada","item":"https:\/\/www.educaborras.com\/fr\/"},{"@type":"ListItem","position":2,"name":"Produits","item":"https:\/\/www.educaborras.com\/fr\/shop\/"},{"@type":"ListItem","position":3,"name":"1000 Inside Out 2"}]},{"@type":"WebSite","@id":"https:\/\/www.educaborras.com\/fr\/#website","url":"https:\/\/www.educaborras.com\/fr\/","name":"Educa Borras","description":"","publisher":{"@id":"https:\/\/www.educaborras.com\/fr\/#organization"},"potentialAction":[{"@type":"SearchAction","target":{"@type":"EntryPoint","urlTemplate":"https:\/\/www.educaborras.com\/fr\/?s={search_term_string}"},"query-input":{"@type":"PropertyValueSpecification","valueRequired":true,"valueName":"search_term_string"}}],"inLanguage":"fr-FR"},{"@type":"Organization","@id":"https:\/\/www.educaborras.com\/fr\/#organization","name":"Educa Borras","url":"https:\/\/www.educaborras.com\/fr\/","logo":{"@type":"ImageObject","inLanguage":"fr-FR","@id":"https:\/\/www.educaborras.com\/fr\/#\/schema\/logo\/image\/","url":"https:\/\/www.educaborras.com\/wp-content\/uploads\/cropped-LOGOS-EDUCA-BORRAS_retina.png","contentUrl":"https:\/\/www.educaborras.com\/wp-content\/uploads\/cropped-LOGOS-EDUCA-BORRAS_retina.png","caption":"Educa Borras"},"image":{"@id":"https:\/\/www.educaborras.com\/fr\/#\/schema\/logo\/image\/"}}]}},"_links":{"self":[{"href":"https:\/\/www.educaborras.com\/fr\/wp-json\/wp\/v2\/product\/248461","targetHints":{"allow":["GET"]}}],"collection":[{"href":"https:\/\/www.educaborras.com\/fr\/wp-json\/wp\/v2\/product"}],"about":[{"href":"https:\/\/www.educaborras.com\/fr\/wp-json\/wp\/v2\/types\/product"}],"wp:featuredmedia":[{"embeddable":true,"href":"https:\/\/www.educaborras.com\/fr\/wp-json\/wp\/v2\/media\/124839"}],"wp:attachment":[{"href":"https:\/\/www.educaborras.com\/fr\/wp-json\/wp\/v2\/media?parent=248461"}],"wp:term":[{"taxonomy":"product_brand","embeddable":true,"href":"https:\/\/www.educaborras.com\/fr\/wp-json\/wp\/v2\/product_brand?post=248461"},{"taxonomy":"product_cat","embeddable":true,"href":"https:\/\/www.educaborras.com\/fr\/wp-json\/wp\/v2\/product_cat?post=248461"},{"taxonomy":"product_tag","embeddable":true,"href":"https:\/\/www.educaborras.com\/fr\/wp-json\/wp\/v2\/product_tag?post=248461"}],"curies":[{"name":"wp","href":"https:\/\/api.w.org\/{rel}","templated":true}]}}